{"id":37564,"date":"2025-10-07T10:47:24","date_gmt":"2025-10-07T10:47:24","guid":{"rendered":"https:\/\/socageraptor.com\/?post_type=product&#038;p=37564"},"modified":"2026-02-17T11:05:39","modified_gmt":"2026-02-17T11:05:39","slug":"piattaforma-cingolata-telescopica-raptor-18st","status":"publish","type":"product","link":"https:\/\/socageraptor.com\/it\/prodotto\/piattaforma-cingolata-telescopica-raptor-18st\/","title":{"rendered":"Piattaforma cingolata telescopica Raptor 18ST"},"content":{"rendered":"<p>Il Raptor 18ST rappresenta un perfetto equilibrio tra innovazione tecnologica e praticit\u00e0 d\u2019utilizzo, una soluzione affidabile, veloce e sicura in ogni situazione operativa. Uno dei suoi principali punti di forza \u00e8 la semplicit\u00e0 di utilizzo: l\u2019operatore \u00e8 in grado di iniziare il lavoro in pochi minuti, riducendo drasticamente i tempi di avviamento e aumentando la produttivit\u00e0 quotidiana.<\/p>\n<p>\u00c8 in grado di raggiungere un\u2019altezza massima di lavoro di 17,80 metri e uno sbraccio laterale fino a 10,50 metri, mantenendo sempre la massima stabilit\u00e0 e sicurezza. Il cesto, con una portata di 230 kg, consente di operare agevolmente con due operatori e attrezzatura e la sua possibilit\u00e0 di essere smontato aggiunge ulteriore flessibilit\u00e0 operativa. La rotazione torre di 190\u00b0+190\u00b0 e la rotazione del cestello di 60\u00b0+60\u00b0 permettono un posizionamento preciso e una libert\u00e0 di movimento ottimale anche negli spazi pi\u00f9 complessi.<\/p>\n<p>Ogni dettaglio \u00e8 progettato per garantire affidabilit\u00e0 e continuit\u00e0 di lavoro, dai cingoli anti traccia bianchi, che assicurano spostamenti senza danneggiare le superfici, alla pompa di emergenza manuale e all\u2019elettropompa ausiliaria, che offrono un livello superiore di sicurezza e indipendenza.<\/p>\n<p>Compatta nelle dimensioni ma estremamente performante nelle sue capacit\u00e0 operative, questa piattaforma \u00e8 la scelta ideale per chi desidera unire velocit\u00e0, facilit\u00e0 di utilizzo e performance di alto livello, senza compromessi sulla qualit\u00e0 e sulla sicurezza.<\/p>\n<p>Il Raptor 18ST \u00e8 una piattaforma cingolata pronta a rispondere alle esigenze di professionisti che cercano strumenti concreti per aumentare l\u2019efficienza e affrontare le sfide quotidiane con un vantaggio competitivo reale.<\/p>\n","protected":false},"excerpt":{"rendered":"<p>Il Raptor 18ST rappresenta un perfetto equilibrio tra innovazione tecnologica e praticit\u00e0 d\u2019utilizzo, una soluzione affidabile, veloce e sicura in ogni situazione operativa.<\/p>\n","protected":false},"featured_media":37555,"comment_status":"closed","ping_status":"closed","template":"","meta":{"_et_pb_use_builder":"","_et_pb_old_content":"","_et_gb_content_width":"","inline_featured_image":false,"ngg_post_thumbnail":0},"product_cat":[1505],"product_tag":[],"class_list":["post-37564","product","type-product","status-publish","has-post-thumbnail","hentry","product_cat-piattaforma-ragno-telescopiche"],"acf":[],"yoast_head":"<!-- This site is optimized with the Yoast SEO plugin v20.2.1 - https:\/\/yoast.com\/wordpress\/plugins\/seo\/ -->\n<title>Piattaforma cingolata telescopica Raptor 18ST<\/title>\n<meta name=\"description\" content=\"Il Raptor 18ST rappresenta un perfetto equilibrio tra innovazione tecnologica e praticit\u00e0 d\u2019utilizzo, una soluzione affidabile, veloce e sicura in ogni situazione operativa.\" \/>\n<meta name=\"robots\" content=\"index, follow, max-snippet:-1, max-image-preview:large, max-video-preview:-1\" \/>\n<link rel=\"canonical\" href=\"https:\/\/socageraptor.com\/it\/prodotto\/piattaforma-cingolata-telescopica-raptor-18st\/\" \/>\n<meta property=\"og:locale\" content=\"it_IT\" \/>\n<meta property=\"og:type\" content=\"article\" \/>\n<meta property=\"og:title\" content=\"Piattaforma cingolata telescopica Raptor 18ST\" \/>\n<meta property=\"og:description\" content=\"Il Raptor 18ST rappresenta un perfetto equilibrio tra innovazione tecnologica e praticit\u00e0 d\u2019utilizzo, una soluzione affidabile, veloce e sicura in ogni situazione operativa.\" \/>\n<meta property=\"og:url\" content=\"https:\/\/socageraptor.com\/it\/prodotto\/piattaforma-cingolata-telescopica-raptor-18st\/\" \/>\n<meta property=\"og:site_name\" content=\"Socage Raptor. Piattaforme aeree ragno.\" \/>\n<meta property=\"article:modified_time\" content=\"2026-02-17T11:05:39+00:00\" \/>\n<meta property=\"og:image\" content=\"https:\/\/socageraptor.com\/wp-content\/uploads\/2025\/10\/piattaforma-ragno-telescopica-18ST.jpg\" \/>\n\t<meta property=\"og:image:width\" content=\"1200\" \/>\n\t<meta property=\"og:image:height\" content=\"900\" \/>\n\t<meta property=\"og:image:type\" content=\"image\/jpeg\" \/>\n<meta name=\"twitter:card\" content=\"summary_large_image\" \/>\n<meta name=\"twitter:label1\" content=\"Tempo di lettura stimato\" \/>\n\t<meta name=\"twitter:data1\" content=\"2 minuti\" \/>\n<script type=\"application\/ld+json\" class=\"yoast-schema-graph\">{\"@context\":\"https:\/\/schema.org\",\"@graph\":[{\"@type\":\"WebPage\",\"@id\":\"https:\/\/socageraptor.com\/it\/prodotto\/piattaforma-cingolata-telescopica-raptor-18st\/\",\"url\":\"https:\/\/socageraptor.com\/it\/prodotto\/piattaforma-cingolata-telescopica-raptor-18st\/\",\"name\":\"Piattaforma cingolata telescopica Raptor 18ST\",\"isPartOf\":{\"@id\":\"https:\/\/socageraptor.com\/it\/#website\"},\"datePublished\":\"2025-10-07T10:47:24+00:00\",\"dateModified\":\"2026-02-17T11:05:39+00:00\",\"description\":\"Il Raptor 18ST rappresenta un perfetto equilibrio tra innovazione tecnologica e praticit\u00e0 d\u2019utilizzo, una soluzione affidabile, veloce e sicura in ogni situazione operativa.\",\"breadcrumb\":{\"@id\":\"https:\/\/socageraptor.com\/it\/prodotto\/piattaforma-cingolata-telescopica-raptor-18st\/#breadcrumb\"},\"inLanguage\":\"it-IT\",\"potentialAction\":[{\"@type\":\"ReadAction\",\"target\":[\"https:\/\/socageraptor.com\/it\/prodotto\/piattaforma-cingolata-telescopica-raptor-18st\/\"]}]},{\"@type\":\"BreadcrumbList\",\"@id\":\"https:\/\/socageraptor.com\/it\/prodotto\/piattaforma-cingolata-telescopica-raptor-18st\/#breadcrumb\",\"itemListElement\":[{\"@type\":\"ListItem\",\"position\":1,\"name\":\"Portada\",\"item\":\"https:\/\/socageraptor.com\/it\/\"},{\"@type\":\"ListItem\",\"position\":2,\"name\":\"Prodotti\",\"item\":\"https:\/\/socageraptor.com\/it\/piattaforma-aerea-cingolata-socage-raptor\/\"},{\"@type\":\"ListItem\",\"position\":3,\"name\":\"Piattaforma cingolata telescopica Raptor 18ST\"}]},{\"@type\":\"WebSite\",\"@id\":\"https:\/\/socageraptor.com\/it\/#website\",\"url\":\"https:\/\/socageraptor.com\/it\/\",\"name\":\"Socage Raptor. Piattaforme aeree ragno.\",\"description\":\"Socage Raptor. Piattaforme aeree ragno.\",\"publisher\":{\"@id\":\"https:\/\/socageraptor.com\/it\/#organization\"},\"potentialAction\":[{\"@type\":\"SearchAction\",\"target\":{\"@type\":\"EntryPoint\",\"urlTemplate\":\"https:\/\/socageraptor.com\/it\/?s={search_term_string}\"},\"query-input\":\"required name=search_term_string\"}],\"inLanguage\":\"it-IT\"},{\"@type\":\"Organization\",\"@id\":\"https:\/\/socageraptor.com\/it\/#organization\",\"name\":\"Socage Raptor\",\"url\":\"https:\/\/socageraptor.com\/it\/\",\"logo\":{\"@type\":\"ImageObject\",\"inLanguage\":\"it-IT\",\"@id\":\"https:\/\/socageraptor.com\/it\/#\/schema\/logo\/image\/\",\"url\":\"https:\/\/socageraptor.com\/wp-content\/uploads\/2019\/07\/socage-raptor.png\",\"contentUrl\":\"https:\/\/socageraptor.com\/wp-content\/uploads\/2019\/07\/socage-raptor.png\",\"width\":5000,\"height\":880,\"caption\":\"Socage Raptor\"},\"image\":{\"@id\":\"https:\/\/socageraptor.com\/it\/#\/schema\/logo\/image\/\"}}]}<\/script>\n<!-- \/ Yoast SEO plugin. -->","yoast_head_json":{"title":"Piattaforma cingolata telescopica Raptor 18ST","description":"Il Raptor 18ST rappresenta un perfetto equilibrio tra innovazione tecnologica e praticit\u00e0 d\u2019utilizzo, una soluzione affidabile, veloce e sicura in ogni situazione operativa.","robots":{"index":"index","follow":"follow","max-snippet":"max-snippet:-1","max-image-preview":"max-image-preview:large","max-video-preview":"max-video-preview:-1"},"canonical":"https:\/\/socageraptor.com\/it\/prodotto\/piattaforma-cingolata-telescopica-raptor-18st\/","og_locale":"it_IT","og_type":"article","og_title":"Piattaforma cingolata telescopica Raptor 18ST","og_description":"Il Raptor 18ST rappresenta un perfetto equilibrio tra innovazione tecnologica e praticit\u00e0 d\u2019utilizzo, una soluzione affidabile, veloce e sicura in ogni situazione operativa.","og_url":"https:\/\/socageraptor.com\/it\/prodotto\/piattaforma-cingolata-telescopica-raptor-18st\/","og_site_name":"Socage Raptor. Piattaforme aeree ragno.","article_modified_time":"2026-02-17T11:05:39+00:00","og_image":[{"width":1200,"height":900,"url":"https:\/\/socageraptor.com\/wp-content\/uploads\/2025\/10\/piattaforma-ragno-telescopica-18ST.jpg","type":"image\/jpeg"}],"twitter_card":"summary_large_image","twitter_misc":{"Tempo di lettura stimato":"2 minuti"},"schema":{"@context":"https:\/\/schema.org","@graph":[{"@type":"WebPage","@id":"https:\/\/socageraptor.com\/it\/prodotto\/piattaforma-cingolata-telescopica-raptor-18st\/","url":"https:\/\/socageraptor.com\/it\/prodotto\/piattaforma-cingolata-telescopica-raptor-18st\/","name":"Piattaforma cingolata telescopica Raptor 18ST","isPartOf":{"@id":"https:\/\/socageraptor.com\/it\/#website"},"datePublished":"2025-10-07T10:47:24+00:00","dateModified":"2026-02-17T11:05:39+00:00","description":"Il Raptor 18ST rappresenta un perfetto equilibrio tra innovazione tecnologica e praticit\u00e0 d\u2019utilizzo, una soluzione affidabile, veloce e sicura in ogni situazione operativa.","breadcrumb":{"@id":"https:\/\/socageraptor.com\/it\/prodotto\/piattaforma-cingolata-telescopica-raptor-18st\/#breadcrumb"},"inLanguage":"it-IT","potentialAction":[{"@type":"ReadAction","target":["https:\/\/socageraptor.com\/it\/prodotto\/piattaforma-cingolata-telescopica-raptor-18st\/"]}]},{"@type":"BreadcrumbList","@id":"https:\/\/socageraptor.com\/it\/prodotto\/piattaforma-cingolata-telescopica-raptor-18st\/#breadcrumb","itemListElement":[{"@type":"ListItem","position":1,"name":"Portada","item":"https:\/\/socageraptor.com\/it\/"},{"@type":"ListItem","position":2,"name":"Prodotti","item":"https:\/\/socageraptor.com\/it\/piattaforma-aerea-cingolata-socage-raptor\/"},{"@type":"ListItem","position":3,"name":"Piattaforma cingolata telescopica Raptor 18ST"}]},{"@type":"WebSite","@id":"https:\/\/socageraptor.com\/it\/#website","url":"https:\/\/socageraptor.com\/it\/","name":"Socage Raptor. Piattaforme aeree ragno.","description":"Socage Raptor. Piattaforme aeree ragno.","publisher":{"@id":"https:\/\/socageraptor.com\/it\/#organization"},"potentialAction":[{"@type":"SearchAction","target":{"@type":"EntryPoint","urlTemplate":"https:\/\/socageraptor.com\/it\/?s={search_term_string}"},"query-input":"required name=search_term_string"}],"inLanguage":"it-IT"},{"@type":"Organization","@id":"https:\/\/socageraptor.com\/it\/#organization","name":"Socage Raptor","url":"https:\/\/socageraptor.com\/it\/","logo":{"@type":"ImageObject","inLanguage":"it-IT","@id":"https:\/\/socageraptor.com\/it\/#\/schema\/logo\/image\/","url":"https:\/\/socageraptor.com\/wp-content\/uploads\/2019\/07\/socage-raptor.png","contentUrl":"https:\/\/socageraptor.com\/wp-content\/uploads\/2019\/07\/socage-raptor.png","width":5000,"height":880,"caption":"Socage Raptor"},"image":{"@id":"https:\/\/socageraptor.com\/it\/#\/schema\/logo\/image\/"}}]}},"_links":{"self":[{"href":"https:\/\/socageraptor.com\/it\/wp-json\/wp\/v2\/product\/37564","targetHints":{"allow":["GET"]}}],"collection":[{"href":"https:\/\/socageraptor.com\/it\/wp-json\/wp\/v2\/product"}],"about":[{"href":"https:\/\/socageraptor.com\/it\/wp-json\/wp\/v2\/types\/product"}],"replies":[{"embeddable":true,"href":"https:\/\/socageraptor.com\/it\/wp-json\/wp\/v2\/comments?post=37564"}],"wp:featuredmedia":[{"embeddable":true,"href":"https:\/\/socageraptor.com\/it\/wp-json\/wp\/v2\/media\/37555"}],"wp:attachment":[{"href":"https:\/\/socageraptor.com\/it\/wp-json\/wp\/v2\/media?parent=37564"}],"wp:term":[{"taxonomy":"product_cat","embeddable":true,"href":"https:\/\/socageraptor.com\/it\/wp-json\/wp\/v2\/product_cat?post=37564"},{"taxonomy":"product_tag","embeddable":true,"href":"https:\/\/socageraptor.com\/it\/wp-json\/wp\/v2\/product_tag?post=37564"}],"curies":[{"name":"wp","href":"https:\/\/api.w.org\/{rel}","templated":true}]}}