{"id":37549,"date":"2025-10-07T10:41:16","date_gmt":"2025-10-07T10:41:16","guid":{"rendered":"https:\/\/socageraptor.com\/?post_type=product&#038;p=37549"},"modified":"2026-02-17T11:05:02","modified_gmt":"2026-02-17T11:05:02","slug":"piattaforma-ragno-telescopica-raptor-15st","status":"publish","type":"product","link":"https:\/\/socageraptor.com\/it\/prodotto\/piattaforma-ragno-telescopica-raptor-15st\/","title":{"rendered":"Piattaforma ragno telescopica Raptor 15ST"},"content":{"rendered":"<p>Il Raptor 15ST \u00e8 la piattaforma cingolata che unisce dimensioni compatte e grandi prestazioni, pensata per chi cerca una macchina veloce da utilizzare e affidabile in ogni fase del lavoro.<\/p>\n<p>Con i suoi 14,90 metri di altezza di lavoro e uno sbraccio laterale massimo di 10,70 metri, il Raptor 15ST si distingue per la capacit\u00e0 di raggiungere punti difficili mantenendo sempre stabilit\u00e0 e precisione. Il cestello da 230 kg di portata permette di lavorare comodamente in due operatori con le attrezzature necessarie, offrendo sicurezza e praticit\u00e0 in ogni condizione.<\/p>\n<p>La sua agilit\u00e0 su terreni sconnessi \u00e8 garantita dai cingoli che offrono stabilit\u00e0 e aderenza in ogni condizione, senza compromettere la delicatezza su superfici sensibili. Grazie alla sua progettazione bilanciata, il Raptor 15ST si distingue come una piattaforma versatile, compatta e potente, ideale per lavori di manutenzione, edilizia, verde urbano o installazioni in spazi ristretti.<\/p>\n<p>Il risultato \u00e8 una macchina che unisce prestazioni professionali e facilit\u00e0 di utilizzo, pensata per chi cerca una soluzione veloce, sicura e in grado di adattarsi a molteplici scenari operativi.<\/p>\n","protected":false},"excerpt":{"rendered":"<p>Il Raptor 15ST \u00e8 la piattaforma cingolata che unisce dimensioni compatte e grandi prestazioni, pensata per chi cerca una macchina veloce da utilizzare e affidabile in ogni fase del lavoro.<\/p>\n","protected":false},"featured_media":37550,"comment_status":"closed","ping_status":"closed","template":"","meta":{"_et_pb_use_builder":"","_et_pb_old_content":"","_et_gb_content_width":"","inline_featured_image":false,"ngg_post_thumbnail":0},"product_cat":[1505],"product_tag":[],"class_list":["post-37549","product","type-product","status-publish","has-post-thumbnail","hentry","product_cat-piattaforma-ragno-telescopiche"],"acf":[],"yoast_head":"<!-- This site is optimized with the Yoast SEO plugin v20.2.1 - https:\/\/yoast.com\/wordpress\/plugins\/seo\/ -->\n<title>Piattaforma ragno telescopica Raptor 15ST<\/title>\n<meta name=\"description\" content=\"Il Raptor 15ST \u00e8 la piattaforma cingolata che unisce dimensioni compatte e grandi prestazioni, pensata per chi cerca una macchina veloce da utilizzare.\" \/>\n<meta name=\"robots\" content=\"index, follow, max-snippet:-1, max-image-preview:large, max-video-preview:-1\" \/>\n<link rel=\"canonical\" href=\"https:\/\/socageraptor.com\/it\/prodotto\/piattaforma-ragno-telescopica-raptor-15st\/\" \/>\n<meta property=\"og:locale\" content=\"it_IT\" \/>\n<meta property=\"og:type\" content=\"article\" \/>\n<meta property=\"og:title\" content=\"Piattaforma ragno telescopica Raptor 15ST\" \/>\n<meta property=\"og:description\" content=\"Il Raptor 15ST \u00e8 la piattaforma cingolata che unisce dimensioni compatte e grandi prestazioni, pensata per chi cerca una macchina veloce da utilizzare.\" \/>\n<meta property=\"og:url\" content=\"https:\/\/socageraptor.com\/it\/prodotto\/piattaforma-ragno-telescopica-raptor-15st\/\" \/>\n<meta property=\"og:site_name\" content=\"Socage Raptor. Piattaforme aeree ragno.\" \/>\n<meta property=\"article:modified_time\" content=\"2026-02-17T11:05:02+00:00\" \/>\n<meta property=\"og:image\" content=\"https:\/\/socageraptor.com\/wp-content\/uploads\/2025\/10\/piattaforma-ragno-15ST.jpg\" \/>\n\t<meta property=\"og:image:width\" content=\"1200\" \/>\n\t<meta property=\"og:image:height\" content=\"900\" \/>\n\t<meta property=\"og:image:type\" content=\"image\/jpeg\" \/>\n<meta name=\"twitter:card\" content=\"summary_large_image\" \/>\n<meta name=\"twitter:label1\" content=\"Tempo di lettura stimato\" \/>\n\t<meta name=\"twitter:data1\" content=\"1 minuto\" \/>\n<script type=\"application\/ld+json\" class=\"yoast-schema-graph\">{\"@context\":\"https:\/\/schema.org\",\"@graph\":[{\"@type\":\"WebPage\",\"@id\":\"https:\/\/socageraptor.com\/it\/prodotto\/piattaforma-ragno-telescopica-raptor-15st\/\",\"url\":\"https:\/\/socageraptor.com\/it\/prodotto\/piattaforma-ragno-telescopica-raptor-15st\/\",\"name\":\"Piattaforma ragno telescopica Raptor 15ST\",\"isPartOf\":{\"@id\":\"https:\/\/socageraptor.com\/it\/#website\"},\"datePublished\":\"2025-10-07T10:41:16+00:00\",\"dateModified\":\"2026-02-17T11:05:02+00:00\",\"description\":\"Il Raptor 15ST \u00e8 la piattaforma cingolata che unisce dimensioni compatte e grandi prestazioni, pensata per chi cerca una macchina veloce da utilizzare.\",\"breadcrumb\":{\"@id\":\"https:\/\/socageraptor.com\/it\/prodotto\/piattaforma-ragno-telescopica-raptor-15st\/#breadcrumb\"},\"inLanguage\":\"it-IT\",\"potentialAction\":[{\"@type\":\"ReadAction\",\"target\":[\"https:\/\/socageraptor.com\/it\/prodotto\/piattaforma-ragno-telescopica-raptor-15st\/\"]}]},{\"@type\":\"BreadcrumbList\",\"@id\":\"https:\/\/socageraptor.com\/it\/prodotto\/piattaforma-ragno-telescopica-raptor-15st\/#breadcrumb\",\"itemListElement\":[{\"@type\":\"ListItem\",\"position\":1,\"name\":\"Portada\",\"item\":\"https:\/\/socageraptor.com\/it\/\"},{\"@type\":\"ListItem\",\"position\":2,\"name\":\"Prodotti\",\"item\":\"https:\/\/socageraptor.com\/it\/piattaforma-aerea-cingolata-socage-raptor\/\"},{\"@type\":\"ListItem\",\"position\":3,\"name\":\"Piattaforma ragno telescopica Raptor 15ST\"}]},{\"@type\":\"WebSite\",\"@id\":\"https:\/\/socageraptor.com\/it\/#website\",\"url\":\"https:\/\/socageraptor.com\/it\/\",\"name\":\"Socage Raptor. Piattaforme aeree ragno.\",\"description\":\"Socage Raptor. Piattaforme aeree ragno.\",\"publisher\":{\"@id\":\"https:\/\/socageraptor.com\/it\/#organization\"},\"potentialAction\":[{\"@type\":\"SearchAction\",\"target\":{\"@type\":\"EntryPoint\",\"urlTemplate\":\"https:\/\/socageraptor.com\/it\/?s={search_term_string}\"},\"query-input\":\"required name=search_term_string\"}],\"inLanguage\":\"it-IT\"},{\"@type\":\"Organization\",\"@id\":\"https:\/\/socageraptor.com\/it\/#organization\",\"name\":\"Socage Raptor\",\"url\":\"https:\/\/socageraptor.com\/it\/\",\"logo\":{\"@type\":\"ImageObject\",\"inLanguage\":\"it-IT\",\"@id\":\"https:\/\/socageraptor.com\/it\/#\/schema\/logo\/image\/\",\"url\":\"https:\/\/socageraptor.com\/wp-content\/uploads\/2019\/07\/socage-raptor.png\",\"contentUrl\":\"https:\/\/socageraptor.com\/wp-content\/uploads\/2019\/07\/socage-raptor.png\",\"width\":5000,\"height\":880,\"caption\":\"Socage Raptor\"},\"image\":{\"@id\":\"https:\/\/socageraptor.com\/it\/#\/schema\/logo\/image\/\"}}]}<\/script>\n<!-- \/ Yoast SEO plugin. -->","yoast_head_json":{"title":"Piattaforma ragno telescopica Raptor 15ST","description":"Il Raptor 15ST \u00e8 la piattaforma cingolata che unisce dimensioni compatte e grandi prestazioni, pensata per chi cerca una macchina veloce da utilizzare.","robots":{"index":"index","follow":"follow","max-snippet":"max-snippet:-1","max-image-preview":"max-image-preview:large","max-video-preview":"max-video-preview:-1"},"canonical":"https:\/\/socageraptor.com\/it\/prodotto\/piattaforma-ragno-telescopica-raptor-15st\/","og_locale":"it_IT","og_type":"article","og_title":"Piattaforma ragno telescopica Raptor 15ST","og_description":"Il Raptor 15ST \u00e8 la piattaforma cingolata che unisce dimensioni compatte e grandi prestazioni, pensata per chi cerca una macchina veloce da utilizzare.","og_url":"https:\/\/socageraptor.com\/it\/prodotto\/piattaforma-ragno-telescopica-raptor-15st\/","og_site_name":"Socage Raptor. Piattaforme aeree ragno.","article_modified_time":"2026-02-17T11:05:02+00:00","og_image":[{"width":1200,"height":900,"url":"https:\/\/socageraptor.com\/wp-content\/uploads\/2025\/10\/piattaforma-ragno-15ST.jpg","type":"image\/jpeg"}],"twitter_card":"summary_large_image","twitter_misc":{"Tempo di lettura stimato":"1 minuto"},"schema":{"@context":"https:\/\/schema.org","@graph":[{"@type":"WebPage","@id":"https:\/\/socageraptor.com\/it\/prodotto\/piattaforma-ragno-telescopica-raptor-15st\/","url":"https:\/\/socageraptor.com\/it\/prodotto\/piattaforma-ragno-telescopica-raptor-15st\/","name":"Piattaforma ragno telescopica Raptor 15ST","isPartOf":{"@id":"https:\/\/socageraptor.com\/it\/#website"},"datePublished":"2025-10-07T10:41:16+00:00","dateModified":"2026-02-17T11:05:02+00:00","description":"Il Raptor 15ST \u00e8 la piattaforma cingolata che unisce dimensioni compatte e grandi prestazioni, pensata per chi cerca una macchina veloce da utilizzare.","breadcrumb":{"@id":"https:\/\/socageraptor.com\/it\/prodotto\/piattaforma-ragno-telescopica-raptor-15st\/#breadcrumb"},"inLanguage":"it-IT","potentialAction":[{"@type":"ReadAction","target":["https:\/\/socageraptor.com\/it\/prodotto\/piattaforma-ragno-telescopica-raptor-15st\/"]}]},{"@type":"BreadcrumbList","@id":"https:\/\/socageraptor.com\/it\/prodotto\/piattaforma-ragno-telescopica-raptor-15st\/#breadcrumb","itemListElement":[{"@type":"ListItem","position":1,"name":"Portada","item":"https:\/\/socageraptor.com\/it\/"},{"@type":"ListItem","position":2,"name":"Prodotti","item":"https:\/\/socageraptor.com\/it\/piattaforma-aerea-cingolata-socage-raptor\/"},{"@type":"ListItem","position":3,"name":"Piattaforma ragno telescopica Raptor 15ST"}]},{"@type":"WebSite","@id":"https:\/\/socageraptor.com\/it\/#website","url":"https:\/\/socageraptor.com\/it\/","name":"Socage Raptor. Piattaforme aeree ragno.","description":"Socage Raptor. Piattaforme aeree ragno.","publisher":{"@id":"https:\/\/socageraptor.com\/it\/#organization"},"potentialAction":[{"@type":"SearchAction","target":{"@type":"EntryPoint","urlTemplate":"https:\/\/socageraptor.com\/it\/?s={search_term_string}"},"query-input":"required name=search_term_string"}],"inLanguage":"it-IT"},{"@type":"Organization","@id":"https:\/\/socageraptor.com\/it\/#organization","name":"Socage Raptor","url":"https:\/\/socageraptor.com\/it\/","logo":{"@type":"ImageObject","inLanguage":"it-IT","@id":"https:\/\/socageraptor.com\/it\/#\/schema\/logo\/image\/","url":"https:\/\/socageraptor.com\/wp-content\/uploads\/2019\/07\/socage-raptor.png","contentUrl":"https:\/\/socageraptor.com\/wp-content\/uploads\/2019\/07\/socage-raptor.png","width":5000,"height":880,"caption":"Socage Raptor"},"image":{"@id":"https:\/\/socageraptor.com\/it\/#\/schema\/logo\/image\/"}}]}},"_links":{"self":[{"href":"https:\/\/socageraptor.com\/it\/wp-json\/wp\/v2\/product\/37549","targetHints":{"allow":["GET"]}}],"collection":[{"href":"https:\/\/socageraptor.com\/it\/wp-json\/wp\/v2\/product"}],"about":[{"href":"https:\/\/socageraptor.com\/it\/wp-json\/wp\/v2\/types\/product"}],"replies":[{"embeddable":true,"href":"https:\/\/socageraptor.com\/it\/wp-json\/wp\/v2\/comments?post=37549"}],"wp:featuredmedia":[{"embeddable":true,"href":"https:\/\/socageraptor.com\/it\/wp-json\/wp\/v2\/media\/37550"}],"wp:attachment":[{"href":"https:\/\/socageraptor.com\/it\/wp-json\/wp\/v2\/media?parent=37549"}],"wp:term":[{"taxonomy":"product_cat","embeddable":true,"href":"https:\/\/socageraptor.com\/it\/wp-json\/wp\/v2\/product_cat?post=37549"},{"taxonomy":"product_tag","embeddable":true,"href":"https:\/\/socageraptor.com\/it\/wp-json\/wp\/v2\/product_tag?post=37549"}],"curies":[{"name":"wp","href":"https:\/\/api.w.org\/{rel}","templated":true}]}}