{"id":36574,"date":"2025-01-29T07:21:42","date_gmt":"2025-01-29T07:21:42","guid":{"rendered":"https:\/\/socageraptor.com\/?post_type=product&#038;p=36574"},"modified":"2026-02-17T10:56:37","modified_gmt":"2026-02-17T10:56:37","slug":"piattaforma-elettrica-forste-21se-electric-series","status":"publish","type":"product","link":"https:\/\/socageraptor.com\/it\/prodotto\/piattaforma-elettrica-forste-21se-electric-series\/","title":{"rendered":"Piattaforma ragno elettrica ForSte 21SE"},"content":{"rendered":"<h2>Piattaforma elettrica ForSte 21SE ELECTRIC SERIES<\/h2>\n<p>Il Raptor 21SE \u00e8 il risultato dell\u2019evoluzione del modello 21S, arricchito da innovazioni tecnologiche sostenibili, pensato per garantire prestazioni straordinarie in totale silenzio e senza produrre emissioni.<\/p>\n<p>\u00c8 in grado di raggiungere un\u2019altezza di lavoro di 20,80 metri con uno sbraccio laterale di 11,30 metri e una portata nel cestello di 230kg.<\/p>\n<p>Il Raptor 21SE, completamente elettrico con batteria al litio, \u00e8 perfetto per l\u2019utilizzo in spazi interni o in aree con rigide limitazioni ambientali, come ospedali, aeroporti o centri commerciali. Una carica completa della batteria garantisce almeno 15 cicli di lavoro completi, consistenti in stabilizzazione, sviluppo completo e chiusura della parte aerea, destabilizzazione e ritorno alla modalit\u00e0 di spostamento.<\/p>\n<p>Grazie alla ricarica rapida, \u00e8 possibile raggiungere il 60% di carica in sole 4 ore, con una carica completa in 8 ore. C&#8217;\u00e8 inoltre la possibilit\u00e0 di lavorare anche mentre il cavo di alimentazione \u00e8 collegato.<\/p>\n","protected":false},"excerpt":{"rendered":"<p>Il Raptor 21SE \u00e8 il risultato dell\u2019evoluzione del modello 21S, arricchito da innovazioni tecnologiche sostenibili, pensato per garantire prestazioni straordinarie in totale silenzio e senza produrre emissioni.<\/p>\n","protected":false},"featured_media":36609,"comment_status":"open","ping_status":"closed","template":"","meta":{"_et_pb_use_builder":"","_et_pb_old_content":"","_et_gb_content_width":"","inline_featured_image":false,"ngg_post_thumbnail":0},"product_cat":[1490],"product_tag":[],"class_list":["post-36574","product","type-product","status-publish","has-post-thumbnail","hentry","product_cat-piattaforme-cingolate-elettriche-se"],"acf":[],"yoast_head":"<!-- This site is optimized with the Yoast SEO plugin v20.2.1 - https:\/\/yoast.com\/wordpress\/plugins\/seo\/ -->\n<title>Piattaforma ragno elettrica ForSte 21SE<\/title>\n<meta name=\"description\" content=\"La forSte 21SE \u00e8 una piattaforma cingolata versatile elettrica, che offre un&#039;eccezionale altezza di lavoro di 20,80m e una capacit\u00e0 di 230kg.\" \/>\n<meta name=\"robots\" content=\"index, follow, max-snippet:-1, max-image-preview:large, max-video-preview:-1\" \/>\n<link rel=\"canonical\" href=\"https:\/\/socageraptor.com\/it\/prodotto\/piattaforma-elettrica-forste-21se-electric-series\/\" \/>\n<meta property=\"og:locale\" content=\"it_IT\" \/>\n<meta property=\"og:type\" content=\"article\" \/>\n<meta property=\"og:title\" content=\"Piattaforma ragno elettrica ForSte 21SE\" \/>\n<meta property=\"og:description\" content=\"La forSte 21SE \u00e8 una piattaforma cingolata versatile elettrica, che offre un&#039;eccezionale altezza di lavoro di 20,80m e una capacit\u00e0 di 230kg.\" \/>\n<meta property=\"og:url\" content=\"https:\/\/socageraptor.com\/it\/prodotto\/piattaforma-elettrica-forste-21se-electric-series\/\" \/>\n<meta property=\"og:site_name\" content=\"Socage Raptor. Piattaforme aeree ragno.\" \/>\n<meta property=\"article:modified_time\" content=\"2026-02-17T10:56:37+00:00\" \/>\n<meta property=\"og:image\" content=\"https:\/\/socageraptor.com\/wp-content\/uploads\/2025\/01\/21SE_piattaforma-elettrica.png\" \/>\n\t<meta property=\"og:image:width\" content=\"1200\" \/>\n\t<meta property=\"og:image:height\" content=\"900\" \/>\n\t<meta property=\"og:image:type\" content=\"image\/png\" \/>\n<meta name=\"twitter:card\" content=\"summary_large_image\" \/>\n<meta name=\"twitter:label1\" content=\"Tempo di lettura stimato\" \/>\n\t<meta name=\"twitter:data1\" content=\"1 minuto\" \/>\n<script type=\"application\/ld+json\" class=\"yoast-schema-graph\">{\"@context\":\"https:\/\/schema.org\",\"@graph\":[{\"@type\":\"WebPage\",\"@id\":\"https:\/\/socageraptor.com\/it\/prodotto\/piattaforma-elettrica-forste-21se-electric-series\/\",\"url\":\"https:\/\/socageraptor.com\/it\/prodotto\/piattaforma-elettrica-forste-21se-electric-series\/\",\"name\":\"Piattaforma ragno elettrica ForSte 21SE\",\"isPartOf\":{\"@id\":\"https:\/\/socageraptor.com\/it\/#website\"},\"datePublished\":\"2025-01-29T07:21:42+00:00\",\"dateModified\":\"2026-02-17T10:56:37+00:00\",\"description\":\"La forSte 21SE \u00e8 una piattaforma cingolata versatile elettrica, che offre un'eccezionale altezza di lavoro di 20,80m e una capacit\u00e0 di 230kg.\",\"breadcrumb\":{\"@id\":\"https:\/\/socageraptor.com\/it\/prodotto\/piattaforma-elettrica-forste-21se-electric-series\/#breadcrumb\"},\"inLanguage\":\"it-IT\",\"potentialAction\":[{\"@type\":\"ReadAction\",\"target\":[\"https:\/\/socageraptor.com\/it\/prodotto\/piattaforma-elettrica-forste-21se-electric-series\/\"]}]},{\"@type\":\"BreadcrumbList\",\"@id\":\"https:\/\/socageraptor.com\/it\/prodotto\/piattaforma-elettrica-forste-21se-electric-series\/#breadcrumb\",\"itemListElement\":[{\"@type\":\"ListItem\",\"position\":1,\"name\":\"Portada\",\"item\":\"https:\/\/socageraptor.com\/it\/\"},{\"@type\":\"ListItem\",\"position\":2,\"name\":\"Prodotti\",\"item\":\"https:\/\/socageraptor.com\/it\/piattaforma-aerea-cingolata-socage-raptor\/\"},{\"@type\":\"ListItem\",\"position\":3,\"name\":\"Piattaforma ragno elettrica ForSte 21SE\"}]},{\"@type\":\"WebSite\",\"@id\":\"https:\/\/socageraptor.com\/it\/#website\",\"url\":\"https:\/\/socageraptor.com\/it\/\",\"name\":\"Socage Raptor. Piattaforme aeree ragno.\",\"description\":\"Socage Raptor. Piattaforme aeree ragno.\",\"publisher\":{\"@id\":\"https:\/\/socageraptor.com\/it\/#organization\"},\"potentialAction\":[{\"@type\":\"SearchAction\",\"target\":{\"@type\":\"EntryPoint\",\"urlTemplate\":\"https:\/\/socageraptor.com\/it\/?s={search_term_string}\"},\"query-input\":\"required name=search_term_string\"}],\"inLanguage\":\"it-IT\"},{\"@type\":\"Organization\",\"@id\":\"https:\/\/socageraptor.com\/it\/#organization\",\"name\":\"Socage Raptor\",\"url\":\"https:\/\/socageraptor.com\/it\/\",\"logo\":{\"@type\":\"ImageObject\",\"inLanguage\":\"it-IT\",\"@id\":\"https:\/\/socageraptor.com\/it\/#\/schema\/logo\/image\/\",\"url\":\"https:\/\/socageraptor.com\/wp-content\/uploads\/2019\/07\/socage-raptor.png\",\"contentUrl\":\"https:\/\/socageraptor.com\/wp-content\/uploads\/2019\/07\/socage-raptor.png\",\"width\":5000,\"height\":880,\"caption\":\"Socage Raptor\"},\"image\":{\"@id\":\"https:\/\/socageraptor.com\/it\/#\/schema\/logo\/image\/\"}}]}<\/script>\n<!-- \/ Yoast SEO plugin. -->","yoast_head_json":{"title":"Piattaforma ragno elettrica ForSte 21SE","description":"La forSte 21SE \u00e8 una piattaforma cingolata versatile elettrica, che offre un'eccezionale altezza di lavoro di 20,80m e una capacit\u00e0 di 230kg.","robots":{"index":"index","follow":"follow","max-snippet":"max-snippet:-1","max-image-preview":"max-image-preview:large","max-video-preview":"max-video-preview:-1"},"canonical":"https:\/\/socageraptor.com\/it\/prodotto\/piattaforma-elettrica-forste-21se-electric-series\/","og_locale":"it_IT","og_type":"article","og_title":"Piattaforma ragno elettrica ForSte 21SE","og_description":"La forSte 21SE \u00e8 una piattaforma cingolata versatile elettrica, che offre un'eccezionale altezza di lavoro di 20,80m e una capacit\u00e0 di 230kg.","og_url":"https:\/\/socageraptor.com\/it\/prodotto\/piattaforma-elettrica-forste-21se-electric-series\/","og_site_name":"Socage Raptor. Piattaforme aeree ragno.","article_modified_time":"2026-02-17T10:56:37+00:00","og_image":[{"width":1200,"height":900,"url":"https:\/\/socageraptor.com\/wp-content\/uploads\/2025\/01\/21SE_piattaforma-elettrica.png","type":"image\/png"}],"twitter_card":"summary_large_image","twitter_misc":{"Tempo di lettura stimato":"1 minuto"},"schema":{"@context":"https:\/\/schema.org","@graph":[{"@type":"WebPage","@id":"https:\/\/socageraptor.com\/it\/prodotto\/piattaforma-elettrica-forste-21se-electric-series\/","url":"https:\/\/socageraptor.com\/it\/prodotto\/piattaforma-elettrica-forste-21se-electric-series\/","name":"Piattaforma ragno elettrica ForSte 21SE","isPartOf":{"@id":"https:\/\/socageraptor.com\/it\/#website"},"datePublished":"2025-01-29T07:21:42+00:00","dateModified":"2026-02-17T10:56:37+00:00","description":"La forSte 21SE \u00e8 una piattaforma cingolata versatile elettrica, che offre un'eccezionale altezza di lavoro di 20,80m e una capacit\u00e0 di 230kg.","breadcrumb":{"@id":"https:\/\/socageraptor.com\/it\/prodotto\/piattaforma-elettrica-forste-21se-electric-series\/#breadcrumb"},"inLanguage":"it-IT","potentialAction":[{"@type":"ReadAction","target":["https:\/\/socageraptor.com\/it\/prodotto\/piattaforma-elettrica-forste-21se-electric-series\/"]}]},{"@type":"BreadcrumbList","@id":"https:\/\/socageraptor.com\/it\/prodotto\/piattaforma-elettrica-forste-21se-electric-series\/#breadcrumb","itemListElement":[{"@type":"ListItem","position":1,"name":"Portada","item":"https:\/\/socageraptor.com\/it\/"},{"@type":"ListItem","position":2,"name":"Prodotti","item":"https:\/\/socageraptor.com\/it\/piattaforma-aerea-cingolata-socage-raptor\/"},{"@type":"ListItem","position":3,"name":"Piattaforma ragno elettrica ForSte 21SE"}]},{"@type":"WebSite","@id":"https:\/\/socageraptor.com\/it\/#website","url":"https:\/\/socageraptor.com\/it\/","name":"Socage Raptor. Piattaforme aeree ragno.","description":"Socage Raptor. Piattaforme aeree ragno.","publisher":{"@id":"https:\/\/socageraptor.com\/it\/#organization"},"potentialAction":[{"@type":"SearchAction","target":{"@type":"EntryPoint","urlTemplate":"https:\/\/socageraptor.com\/it\/?s={search_term_string}"},"query-input":"required name=search_term_string"}],"inLanguage":"it-IT"},{"@type":"Organization","@id":"https:\/\/socageraptor.com\/it\/#organization","name":"Socage Raptor","url":"https:\/\/socageraptor.com\/it\/","logo":{"@type":"ImageObject","inLanguage":"it-IT","@id":"https:\/\/socageraptor.com\/it\/#\/schema\/logo\/image\/","url":"https:\/\/socageraptor.com\/wp-content\/uploads\/2019\/07\/socage-raptor.png","contentUrl":"https:\/\/socageraptor.com\/wp-content\/uploads\/2019\/07\/socage-raptor.png","width":5000,"height":880,"caption":"Socage Raptor"},"image":{"@id":"https:\/\/socageraptor.com\/it\/#\/schema\/logo\/image\/"}}]}},"_links":{"self":[{"href":"https:\/\/socageraptor.com\/it\/wp-json\/wp\/v2\/product\/36574","targetHints":{"allow":["GET"]}}],"collection":[{"href":"https:\/\/socageraptor.com\/it\/wp-json\/wp\/v2\/product"}],"about":[{"href":"https:\/\/socageraptor.com\/it\/wp-json\/wp\/v2\/types\/product"}],"replies":[{"embeddable":true,"href":"https:\/\/socageraptor.com\/it\/wp-json\/wp\/v2\/comments?post=36574"}],"wp:featuredmedia":[{"embeddable":true,"href":"https:\/\/socageraptor.com\/it\/wp-json\/wp\/v2\/media\/36609"}],"wp:attachment":[{"href":"https:\/\/socageraptor.com\/it\/wp-json\/wp\/v2\/media?parent=36574"}],"wp:term":[{"taxonomy":"product_cat","embeddable":true,"href":"https:\/\/socageraptor.com\/it\/wp-json\/wp\/v2\/product_cat?post=36574"},{"taxonomy":"product_tag","embeddable":true,"href":"https:\/\/socageraptor.com\/it\/wp-json\/wp\/v2\/product_tag?post=36574"}],"curies":[{"name":"wp","href":"https:\/\/api.w.org\/{rel}","templated":true}]}}