{"id":36460,"date":"2024-02-01T11:16:44","date_gmt":"2024-02-01T11:16:44","guid":{"rendered":"https:\/\/socageraptor.com\/?post_type=product&#038;p=36460"},"modified":"2026-02-17T11:02:10","modified_gmt":"2026-02-17T11:02:10","slug":"piattaforma-aerea-cingolata-raptor-24s","status":"publish","type":"product","link":"https:\/\/socageraptor.com\/it\/prodotto\/piattaforma-aerea-cingolata-raptor-24s\/","title":{"rendered":"Piattaforma aerea cingolata Raptor 24S"},"content":{"rendered":"<p>Il RAPTOR 24S \u00e8 una piattaforma aerea cingolata compatta di alta qualit\u00e0 ideale per i professionisti pi\u00f9 esigenti e per le societ\u00e0 di noleggio che cercano soluzioni affidabili anche nei luoghi di difficile accesso.<\/p>\n<p>\u00c8 in grado di raggiungere un\u2019altezza massima di lavoro di 23.80 metri e uno sbraccio laterale massimo di 11 metri con una capacit\u00e0 di carico di 230kg (2 operatori + materiale). La rotazione della parte area di 380\u00ba, il jib idraulico ed il braccio a doppia articolazione consentono una vasta manovrabilit\u00e0 di lavoro.<\/p>\n<p>Si contraddistingue per il peso, le sue dimensioni molto ridotte e gli stabilizzatori fissi, che lo rendono il pi\u00f9 semplice ed unico nel suo genere.<\/p>\n<p>Socage, costruttore del RAPTOR 24S, da sempre si pone l\u2019obiettivo di realizzare piattaforme di alta qualit\u00e0, dalle elevate prestazioni e facili da usare da parte dell\u2019operatore. A tale proposito, la stabilizzazione e la chiusura automatica di serie garantiscono massimo comfort e sicurezza in ogni momento del lavoro.<\/p>\n<p>Questa piattaforma cingolata \u00e8 dotata di serie di un telecomando multifunzione, che consente non solo il movimento della parte aerea, ma anche una maggiore sicurezza e comodit\u00e0 per l\u2019operatore.<\/p>\n<p>Il RAPTOR 24S \u00e8 inoltre dotato del cesto smontabile, in grado di ridurre gli ingombri in fase di trasporto permettendo il passaggio nei luoghi di difficile accesso. Questo consente inoltre di poter sostituire il cesto con il supporto per gancio di sollevamento (massimo 230 kg).<\/p>\n<p>I cingoli bianchi anti-traccia, progettati anche per l\u2019uso interno, sono estensibili per una migliore stabilit\u00e0 durante gli spostamenti. Essi dispongono inoltre di tre diverse velocit\u00e0 di traslazione per soddisfare le esigenze operative.<\/p>\n<p>Raptor Stab<\/p>\n<p>Il RAPTOR 24S pu\u00f2 disporre dell\u2019optional Raptor Stab, un kit composto da quattro prolunghe in grado di sollevare ancora di pi\u00f9 la piattaforma dal terreno. Questo consente di affrontare nuove sfide con maggiori pendenze ed ostacoli. Tale optional inoltre semplifica il carico e lo scarico del cingolo su qualsiasi tipologia di trailer.<\/p>\n","protected":false},"excerpt":{"rendered":"<p>Il RAPTOR 24S \u00e8 una piattaforma aerea cingolata compatta di alta qualit\u00e0 ideale per i professionisti pi\u00f9 esigenti e per le societ\u00e0 di noleggio che cercano soluzioni affidabili anche nei luoghi di difficile accesso.<\/p>\n","protected":false},"featured_media":36466,"comment_status":"open","ping_status":"closed","template":"","meta":{"_et_pb_use_builder":"","_et_pb_old_content":"","_et_gb_content_width":"","inline_featured_image":false,"ngg_post_thumbnail":0},"product_cat":[42,1507],"product_tag":[],"class_list":["post-36460","product","type-product","status-publish","has-post-thumbnail","hentry","product_cat-sin-categorizar","product_cat-piattaforme-aeree-ragno-articolate"],"acf":[],"yoast_head":"<!-- This site is optimized with the Yoast SEO plugin v20.2.1 - https:\/\/yoast.com\/wordpress\/plugins\/seo\/ -->\n<title>Piattaforma aerea cingolata Raptor 24S - Socage Raptor. Piattaforme aeree ragno.<\/title>\n<meta name=\"robots\" content=\"index, follow, max-snippet:-1, max-image-preview:large, max-video-preview:-1\" \/>\n<link rel=\"canonical\" href=\"https:\/\/socageraptor.com\/it\/prodotto\/piattaforma-aerea-cingolata-raptor-24s\/\" \/>\n<meta property=\"og:locale\" content=\"it_IT\" \/>\n<meta property=\"og:type\" content=\"article\" \/>\n<meta property=\"og:title\" content=\"Piattaforma aerea cingolata Raptor 24S - Socage Raptor. Piattaforme aeree ragno.\" \/>\n<meta property=\"og:description\" content=\"Il RAPTOR 24S \u00e8 una piattaforma aerea cingolata compatta di alta qualit\u00e0 ideale per i professionisti pi\u00f9 esigenti e per le societ\u00e0 di noleggio che cercano soluzioni affidabili anche nei luoghi di difficile accesso.\" \/>\n<meta property=\"og:url\" content=\"https:\/\/socageraptor.com\/it\/prodotto\/piattaforma-aerea-cingolata-raptor-24s\/\" \/>\n<meta property=\"og:site_name\" content=\"Socage Raptor. Piattaforme aeree ragno.\" \/>\n<meta property=\"article:modified_time\" content=\"2026-02-17T11:02:10+00:00\" \/>\n<meta property=\"og:image\" content=\"https:\/\/socageraptor.com\/wp-content\/uploads\/2024\/02\/24s-raptor.jpg\" \/>\n\t<meta property=\"og:image:width\" content=\"1200\" \/>\n\t<meta property=\"og:image:height\" content=\"900\" \/>\n\t<meta property=\"og:image:type\" content=\"image\/jpeg\" \/>\n<meta name=\"twitter:card\" content=\"summary_large_image\" \/>\n<meta name=\"twitter:label1\" content=\"Tempo di lettura stimato\" \/>\n\t<meta name=\"twitter:data1\" content=\"2 minuti\" \/>\n<script type=\"application\/ld+json\" class=\"yoast-schema-graph\">{\"@context\":\"https:\/\/schema.org\",\"@graph\":[{\"@type\":\"WebPage\",\"@id\":\"https:\/\/socageraptor.com\/it\/prodotto\/piattaforma-aerea-cingolata-raptor-24s\/\",\"url\":\"https:\/\/socageraptor.com\/it\/prodotto\/piattaforma-aerea-cingolata-raptor-24s\/\",\"name\":\"Piattaforma aerea cingolata Raptor 24S - Socage Raptor. Piattaforme aeree ragno.\",\"isPartOf\":{\"@id\":\"https:\/\/socageraptor.com\/it\/#website\"},\"datePublished\":\"2024-02-01T11:16:44+00:00\",\"dateModified\":\"2026-02-17T11:02:10+00:00\",\"breadcrumb\":{\"@id\":\"https:\/\/socageraptor.com\/it\/prodotto\/piattaforma-aerea-cingolata-raptor-24s\/#breadcrumb\"},\"inLanguage\":\"it-IT\",\"potentialAction\":[{\"@type\":\"ReadAction\",\"target\":[\"https:\/\/socageraptor.com\/it\/prodotto\/piattaforma-aerea-cingolata-raptor-24s\/\"]}]},{\"@type\":\"BreadcrumbList\",\"@id\":\"https:\/\/socageraptor.com\/it\/prodotto\/piattaforma-aerea-cingolata-raptor-24s\/#breadcrumb\",\"itemListElement\":[{\"@type\":\"ListItem\",\"position\":1,\"name\":\"Portada\",\"item\":\"https:\/\/socageraptor.com\/it\/\"},{\"@type\":\"ListItem\",\"position\":2,\"name\":\"Prodotti\",\"item\":\"https:\/\/socageraptor.com\/it\/piattaforma-aerea-cingolata-socage-raptor\/\"},{\"@type\":\"ListItem\",\"position\":3,\"name\":\"Piattaforma aerea cingolata Raptor 24S\"}]},{\"@type\":\"WebSite\",\"@id\":\"https:\/\/socageraptor.com\/it\/#website\",\"url\":\"https:\/\/socageraptor.com\/it\/\",\"name\":\"Socage Raptor. Piattaforme aeree ragno.\",\"description\":\"Socage Raptor. Piattaforme aeree ragno.\",\"publisher\":{\"@id\":\"https:\/\/socageraptor.com\/it\/#organization\"},\"potentialAction\":[{\"@type\":\"SearchAction\",\"target\":{\"@type\":\"EntryPoint\",\"urlTemplate\":\"https:\/\/socageraptor.com\/it\/?s={search_term_string}\"},\"query-input\":\"required name=search_term_string\"}],\"inLanguage\":\"it-IT\"},{\"@type\":\"Organization\",\"@id\":\"https:\/\/socageraptor.com\/it\/#organization\",\"name\":\"Socage Raptor\",\"url\":\"https:\/\/socageraptor.com\/it\/\",\"logo\":{\"@type\":\"ImageObject\",\"inLanguage\":\"it-IT\",\"@id\":\"https:\/\/socageraptor.com\/it\/#\/schema\/logo\/image\/\",\"url\":\"https:\/\/socageraptor.com\/wp-content\/uploads\/2019\/07\/socage-raptor.png\",\"contentUrl\":\"https:\/\/socageraptor.com\/wp-content\/uploads\/2019\/07\/socage-raptor.png\",\"width\":5000,\"height\":880,\"caption\":\"Socage Raptor\"},\"image\":{\"@id\":\"https:\/\/socageraptor.com\/it\/#\/schema\/logo\/image\/\"}}]}<\/script>\n<!-- \/ Yoast SEO plugin. -->","yoast_head_json":{"title":"Piattaforma aerea cingolata Raptor 24S - Socage Raptor. Piattaforme aeree ragno.","robots":{"index":"index","follow":"follow","max-snippet":"max-snippet:-1","max-image-preview":"max-image-preview:large","max-video-preview":"max-video-preview:-1"},"canonical":"https:\/\/socageraptor.com\/it\/prodotto\/piattaforma-aerea-cingolata-raptor-24s\/","og_locale":"it_IT","og_type":"article","og_title":"Piattaforma aerea cingolata Raptor 24S - Socage Raptor. Piattaforme aeree ragno.","og_description":"Il RAPTOR 24S \u00e8 una piattaforma aerea cingolata compatta di alta qualit\u00e0 ideale per i professionisti pi\u00f9 esigenti e per le societ\u00e0 di noleggio che cercano soluzioni affidabili anche nei luoghi di difficile accesso.","og_url":"https:\/\/socageraptor.com\/it\/prodotto\/piattaforma-aerea-cingolata-raptor-24s\/","og_site_name":"Socage Raptor. Piattaforme aeree ragno.","article_modified_time":"2026-02-17T11:02:10+00:00","og_image":[{"width":1200,"height":900,"url":"https:\/\/socageraptor.com\/wp-content\/uploads\/2024\/02\/24s-raptor.jpg","type":"image\/jpeg"}],"twitter_card":"summary_large_image","twitter_misc":{"Tempo di lettura stimato":"2 minuti"},"schema":{"@context":"https:\/\/schema.org","@graph":[{"@type":"WebPage","@id":"https:\/\/socageraptor.com\/it\/prodotto\/piattaforma-aerea-cingolata-raptor-24s\/","url":"https:\/\/socageraptor.com\/it\/prodotto\/piattaforma-aerea-cingolata-raptor-24s\/","name":"Piattaforma aerea cingolata Raptor 24S - Socage Raptor. Piattaforme aeree ragno.","isPartOf":{"@id":"https:\/\/socageraptor.com\/it\/#website"},"datePublished":"2024-02-01T11:16:44+00:00","dateModified":"2026-02-17T11:02:10+00:00","breadcrumb":{"@id":"https:\/\/socageraptor.com\/it\/prodotto\/piattaforma-aerea-cingolata-raptor-24s\/#breadcrumb"},"inLanguage":"it-IT","potentialAction":[{"@type":"ReadAction","target":["https:\/\/socageraptor.com\/it\/prodotto\/piattaforma-aerea-cingolata-raptor-24s\/"]}]},{"@type":"BreadcrumbList","@id":"https:\/\/socageraptor.com\/it\/prodotto\/piattaforma-aerea-cingolata-raptor-24s\/#breadcrumb","itemListElement":[{"@type":"ListItem","position":1,"name":"Portada","item":"https:\/\/socageraptor.com\/it\/"},{"@type":"ListItem","position":2,"name":"Prodotti","item":"https:\/\/socageraptor.com\/it\/piattaforma-aerea-cingolata-socage-raptor\/"},{"@type":"ListItem","position":3,"name":"Piattaforma aerea cingolata Raptor 24S"}]},{"@type":"WebSite","@id":"https:\/\/socageraptor.com\/it\/#website","url":"https:\/\/socageraptor.com\/it\/","name":"Socage Raptor. Piattaforme aeree ragno.","description":"Socage Raptor. Piattaforme aeree ragno.","publisher":{"@id":"https:\/\/socageraptor.com\/it\/#organization"},"potentialAction":[{"@type":"SearchAction","target":{"@type":"EntryPoint","urlTemplate":"https:\/\/socageraptor.com\/it\/?s={search_term_string}"},"query-input":"required name=search_term_string"}],"inLanguage":"it-IT"},{"@type":"Organization","@id":"https:\/\/socageraptor.com\/it\/#organization","name":"Socage Raptor","url":"https:\/\/socageraptor.com\/it\/","logo":{"@type":"ImageObject","inLanguage":"it-IT","@id":"https:\/\/socageraptor.com\/it\/#\/schema\/logo\/image\/","url":"https:\/\/socageraptor.com\/wp-content\/uploads\/2019\/07\/socage-raptor.png","contentUrl":"https:\/\/socageraptor.com\/wp-content\/uploads\/2019\/07\/socage-raptor.png","width":5000,"height":880,"caption":"Socage Raptor"},"image":{"@id":"https:\/\/socageraptor.com\/it\/#\/schema\/logo\/image\/"}}]}},"_links":{"self":[{"href":"https:\/\/socageraptor.com\/it\/wp-json\/wp\/v2\/product\/36460","targetHints":{"allow":["GET"]}}],"collection":[{"href":"https:\/\/socageraptor.com\/it\/wp-json\/wp\/v2\/product"}],"about":[{"href":"https:\/\/socageraptor.com\/it\/wp-json\/wp\/v2\/types\/product"}],"replies":[{"embeddable":true,"href":"https:\/\/socageraptor.com\/it\/wp-json\/wp\/v2\/comments?post=36460"}],"wp:featuredmedia":[{"embeddable":true,"href":"https:\/\/socageraptor.com\/it\/wp-json\/wp\/v2\/media\/36466"}],"wp:attachment":[{"href":"https:\/\/socageraptor.com\/it\/wp-json\/wp\/v2\/media?parent=36460"}],"wp:term":[{"taxonomy":"product_cat","embeddable":true,"href":"https:\/\/socageraptor.com\/it\/wp-json\/wp\/v2\/product_cat?post=36460"},{"taxonomy":"product_tag","embeddable":true,"href":"https:\/\/socageraptor.com\/it\/wp-json\/wp\/v2\/product_tag?post=36460"}],"curies":[{"name":"wp","href":"https:\/\/api.w.org\/{rel}","templated":true}]}}