{"id":36169,"date":"2024-04-11T16:31:33","date_gmt":"2024-04-11T16:31:33","guid":{"rendered":"https:\/\/socageraptor.com\/?post_type=product&#038;p=36169"},"modified":"2026-02-17T11:03:27","modified_gmt":"2026-02-17T11:03:27","slug":"piattaforma-cingolata-forste-35s","status":"publish","type":"product","link":"https:\/\/socageraptor.com\/it\/prodotto\/piattaforma-cingolata-forste-35s\/","title":{"rendered":"Piattaforma ragno forSte 35s"},"content":{"rendered":"<p>La piattaforma ragno Socage Raptor 35S rappresenta un&#8217;innovazione straordinaria nel mercato delle piattaforme aeree cingolate, combinando perfettamente versatilit\u00e0, facilit\u00e0 d&#8217;uso e alte prestazioni in un design estremamente compatto.<\/p>\n<p>Con un&#8217;altezza massima di lavoro di 35 m e una portata laterale di 21 m, il Raptor 35S offre un ampio raggio d&#8217;azione con una capacit\u00e0 del cestello di 300 kg (2 operatori + attrezzatura). \u00c8 anche in grado di lavorare in negativo fino a 11 m.<\/p>\n<p>I bracci sono realizzati con profili d&#8217;acciaio di alta qualit\u00e0 e alta resistenza. La loro costruzione robusta e il peso ridotto consentono all&#8217;operatore di lavorare con precisione e comfort.<\/p>\n<p>Uno dei punti chiave di questo modello \u00e8 senza dubbio la sua compattezza. Il Raptor 35S \u00e8 la piattaforma ragno pi\u00f9 compatta della sua categoria, con una lunghezza di soli 6195 mm, che lo rende facile da spostare e trasportare in spazi ristretti.<\/p>\n<p>Il cestello di 1800x700x1100 mm offre un maggiore comfort durante i lavori in quota e pu\u00f2 essere ristretto per adattarsi a piccoli spazi senza dover essere smontato. \u00c8 inoltre dotato di un supporto per gancio di sollevamento da 500 kg.<\/p>\n<p>Il Raptor 35S integra nella loro configurazione standard la stabilizzazione automatica e il ripiegamento automatico della parte aerea per un funzionamento semplice, rapido e sicuro.<br \/>\nUn altro vantaggio \u00e8 il punto di pivot elevato di 20 m (Up&amp;Over) che, associato alla portata laterale di 21 m, facilita l&#8217;accesso a zone difficilmente accessibili.<\/p>\n<p>Ideale per i noleggiatori e i professionisti alla ricerca di una piattaforma ragno efficiente e performante, il Raptor 35S \u00e8 la soluzione del mercato che combina innovazione tecnologica e funzionalit\u00e0 avanzate per rispondere alle esigenze degli utenti pi\u00f9 esigenti.<\/p>\n","protected":false},"excerpt":{"rendered":"<p>La forSte 35S \u00e8 una piattaforma cingolata versatile e sostenibile, che offre un&#8217;eccezionale altezza di lavoro di 35m<\/p>\n","protected":false},"featured_media":36291,"comment_status":"open","ping_status":"closed","template":"","meta":{"_et_pb_use_builder":"","_et_pb_old_content":"","_et_gb_content_width":"","inline_featured_image":false,"ngg_post_thumbnail":0},"product_cat":[42,1507],"product_tag":[],"class_list":["post-36169","product","type-product","status-publish","has-post-thumbnail","hentry","product_cat-sin-categorizar","product_cat-piattaforme-aeree-ragno-articolate"],"acf":[],"yoast_head":"<!-- This site is optimized with the Yoast SEO plugin v20.2.1 - https:\/\/yoast.com\/wordpress\/plugins\/seo\/ -->\n<title>Piattaforma ragno forSte 35s<\/title>\n<meta name=\"description\" content=\"La forSte 35S \u00e8 una piattaforma cingolata versatile e sostenibile, che offre un&#039;eccezionale altezza di lavoro di 35m\" \/>\n<meta name=\"robots\" content=\"index, follow, max-snippet:-1, max-image-preview:large, max-video-preview:-1\" \/>\n<link rel=\"canonical\" href=\"https:\/\/socageraptor.com\/it\/prodotto\/piattaforma-cingolata-forste-35s\/\" \/>\n<meta property=\"og:locale\" content=\"it_IT\" \/>\n<meta property=\"og:type\" content=\"article\" \/>\n<meta property=\"og:title\" content=\"Piattaforma ragno forSte 35s\" \/>\n<meta property=\"og:description\" content=\"La forSte 35S \u00e8 una piattaforma cingolata versatile e sostenibile, che offre un&#039;eccezionale altezza di lavoro di 35m\" \/>\n<meta property=\"og:url\" content=\"https:\/\/socageraptor.com\/it\/prodotto\/piattaforma-cingolata-forste-35s\/\" \/>\n<meta property=\"og:site_name\" content=\"Socage Raptor. Piattaforme aeree ragno.\" \/>\n<meta property=\"article:modified_time\" content=\"2026-02-17T11:03:27+00:00\" \/>\n<meta property=\"og:image\" content=\"https:\/\/socageraptor.com\/wp-content\/uploads\/2024\/04\/35s-raptor.jpg\" \/>\n\t<meta property=\"og:image:width\" content=\"1000\" \/>\n\t<meta property=\"og:image:height\" content=\"657\" \/>\n\t<meta property=\"og:image:type\" content=\"image\/jpeg\" \/>\n<meta name=\"twitter:card\" content=\"summary_large_image\" \/>\n<meta name=\"twitter:label1\" content=\"Tempo di lettura stimato\" \/>\n\t<meta name=\"twitter:data1\" content=\"2 minuti\" \/>\n<script type=\"application\/ld+json\" class=\"yoast-schema-graph\">{\"@context\":\"https:\/\/schema.org\",\"@graph\":[{\"@type\":\"WebPage\",\"@id\":\"https:\/\/socageraptor.com\/it\/prodotto\/piattaforma-cingolata-forste-35s\/\",\"url\":\"https:\/\/socageraptor.com\/it\/prodotto\/piattaforma-cingolata-forste-35s\/\",\"name\":\"Piattaforma ragno forSte 35s\",\"isPartOf\":{\"@id\":\"https:\/\/socageraptor.com\/it\/#website\"},\"datePublished\":\"2024-04-11T16:31:33+00:00\",\"dateModified\":\"2026-02-17T11:03:27+00:00\",\"description\":\"La forSte 35S \u00e8 una piattaforma cingolata versatile e sostenibile, che offre un'eccezionale altezza di lavoro di 35m\",\"breadcrumb\":{\"@id\":\"https:\/\/socageraptor.com\/it\/prodotto\/piattaforma-cingolata-forste-35s\/#breadcrumb\"},\"inLanguage\":\"it-IT\",\"potentialAction\":[{\"@type\":\"ReadAction\",\"target\":[\"https:\/\/socageraptor.com\/it\/prodotto\/piattaforma-cingolata-forste-35s\/\"]}]},{\"@type\":\"BreadcrumbList\",\"@id\":\"https:\/\/socageraptor.com\/it\/prodotto\/piattaforma-cingolata-forste-35s\/#breadcrumb\",\"itemListElement\":[{\"@type\":\"ListItem\",\"position\":1,\"name\":\"Portada\",\"item\":\"https:\/\/socageraptor.com\/it\/\"},{\"@type\":\"ListItem\",\"position\":2,\"name\":\"Prodotti\",\"item\":\"https:\/\/socageraptor.com\/it\/piattaforma-aerea-cingolata-socage-raptor\/\"},{\"@type\":\"ListItem\",\"position\":3,\"name\":\"Piattaforma ragno forSte 35s\"}]},{\"@type\":\"WebSite\",\"@id\":\"https:\/\/socageraptor.com\/it\/#website\",\"url\":\"https:\/\/socageraptor.com\/it\/\",\"name\":\"Socage Raptor. Piattaforme aeree ragno.\",\"description\":\"Socage Raptor. Piattaforme aeree ragno.\",\"publisher\":{\"@id\":\"https:\/\/socageraptor.com\/it\/#organization\"},\"potentialAction\":[{\"@type\":\"SearchAction\",\"target\":{\"@type\":\"EntryPoint\",\"urlTemplate\":\"https:\/\/socageraptor.com\/it\/?s={search_term_string}\"},\"query-input\":\"required name=search_term_string\"}],\"inLanguage\":\"it-IT\"},{\"@type\":\"Organization\",\"@id\":\"https:\/\/socageraptor.com\/it\/#organization\",\"name\":\"Socage Raptor\",\"url\":\"https:\/\/socageraptor.com\/it\/\",\"logo\":{\"@type\":\"ImageObject\",\"inLanguage\":\"it-IT\",\"@id\":\"https:\/\/socageraptor.com\/it\/#\/schema\/logo\/image\/\",\"url\":\"https:\/\/socageraptor.com\/wp-content\/uploads\/2019\/07\/socage-raptor.png\",\"contentUrl\":\"https:\/\/socageraptor.com\/wp-content\/uploads\/2019\/07\/socage-raptor.png\",\"width\":5000,\"height\":880,\"caption\":\"Socage Raptor\"},\"image\":{\"@id\":\"https:\/\/socageraptor.com\/it\/#\/schema\/logo\/image\/\"}}]}<\/script>\n<!-- \/ Yoast SEO plugin. -->","yoast_head_json":{"title":"Piattaforma ragno forSte 35s","description":"La forSte 35S \u00e8 una piattaforma cingolata versatile e sostenibile, che offre un'eccezionale altezza di lavoro di 35m","robots":{"index":"index","follow":"follow","max-snippet":"max-snippet:-1","max-image-preview":"max-image-preview:large","max-video-preview":"max-video-preview:-1"},"canonical":"https:\/\/socageraptor.com\/it\/prodotto\/piattaforma-cingolata-forste-35s\/","og_locale":"it_IT","og_type":"article","og_title":"Piattaforma ragno forSte 35s","og_description":"La forSte 35S \u00e8 una piattaforma cingolata versatile e sostenibile, che offre un'eccezionale altezza di lavoro di 35m","og_url":"https:\/\/socageraptor.com\/it\/prodotto\/piattaforma-cingolata-forste-35s\/","og_site_name":"Socage Raptor. Piattaforme aeree ragno.","article_modified_time":"2026-02-17T11:03:27+00:00","og_image":[{"width":1000,"height":657,"url":"https:\/\/socageraptor.com\/wp-content\/uploads\/2024\/04\/35s-raptor.jpg","type":"image\/jpeg"}],"twitter_card":"summary_large_image","twitter_misc":{"Tempo di lettura stimato":"2 minuti"},"schema":{"@context":"https:\/\/schema.org","@graph":[{"@type":"WebPage","@id":"https:\/\/socageraptor.com\/it\/prodotto\/piattaforma-cingolata-forste-35s\/","url":"https:\/\/socageraptor.com\/it\/prodotto\/piattaforma-cingolata-forste-35s\/","name":"Piattaforma ragno forSte 35s","isPartOf":{"@id":"https:\/\/socageraptor.com\/it\/#website"},"datePublished":"2024-04-11T16:31:33+00:00","dateModified":"2026-02-17T11:03:27+00:00","description":"La forSte 35S \u00e8 una piattaforma cingolata versatile e sostenibile, che offre un'eccezionale altezza di lavoro di 35m","breadcrumb":{"@id":"https:\/\/socageraptor.com\/it\/prodotto\/piattaforma-cingolata-forste-35s\/#breadcrumb"},"inLanguage":"it-IT","potentialAction":[{"@type":"ReadAction","target":["https:\/\/socageraptor.com\/it\/prodotto\/piattaforma-cingolata-forste-35s\/"]}]},{"@type":"BreadcrumbList","@id":"https:\/\/socageraptor.com\/it\/prodotto\/piattaforma-cingolata-forste-35s\/#breadcrumb","itemListElement":[{"@type":"ListItem","position":1,"name":"Portada","item":"https:\/\/socageraptor.com\/it\/"},{"@type":"ListItem","position":2,"name":"Prodotti","item":"https:\/\/socageraptor.com\/it\/piattaforma-aerea-cingolata-socage-raptor\/"},{"@type":"ListItem","position":3,"name":"Piattaforma ragno forSte 35s"}]},{"@type":"WebSite","@id":"https:\/\/socageraptor.com\/it\/#website","url":"https:\/\/socageraptor.com\/it\/","name":"Socage Raptor. Piattaforme aeree ragno.","description":"Socage Raptor. Piattaforme aeree ragno.","publisher":{"@id":"https:\/\/socageraptor.com\/it\/#organization"},"potentialAction":[{"@type":"SearchAction","target":{"@type":"EntryPoint","urlTemplate":"https:\/\/socageraptor.com\/it\/?s={search_term_string}"},"query-input":"required name=search_term_string"}],"inLanguage":"it-IT"},{"@type":"Organization","@id":"https:\/\/socageraptor.com\/it\/#organization","name":"Socage Raptor","url":"https:\/\/socageraptor.com\/it\/","logo":{"@type":"ImageObject","inLanguage":"it-IT","@id":"https:\/\/socageraptor.com\/it\/#\/schema\/logo\/image\/","url":"https:\/\/socageraptor.com\/wp-content\/uploads\/2019\/07\/socage-raptor.png","contentUrl":"https:\/\/socageraptor.com\/wp-content\/uploads\/2019\/07\/socage-raptor.png","width":5000,"height":880,"caption":"Socage Raptor"},"image":{"@id":"https:\/\/socageraptor.com\/it\/#\/schema\/logo\/image\/"}}]}},"_links":{"self":[{"href":"https:\/\/socageraptor.com\/it\/wp-json\/wp\/v2\/product\/36169","targetHints":{"allow":["GET"]}}],"collection":[{"href":"https:\/\/socageraptor.com\/it\/wp-json\/wp\/v2\/product"}],"about":[{"href":"https:\/\/socageraptor.com\/it\/wp-json\/wp\/v2\/types\/product"}],"replies":[{"embeddable":true,"href":"https:\/\/socageraptor.com\/it\/wp-json\/wp\/v2\/comments?post=36169"}],"wp:featuredmedia":[{"embeddable":true,"href":"https:\/\/socageraptor.com\/it\/wp-json\/wp\/v2\/media\/36291"}],"wp:attachment":[{"href":"https:\/\/socageraptor.com\/it\/wp-json\/wp\/v2\/media?parent=36169"}],"wp:term":[{"taxonomy":"product_cat","embeddable":true,"href":"https:\/\/socageraptor.com\/it\/wp-json\/wp\/v2\/product_cat?post=36169"},{"taxonomy":"product_tag","embeddable":true,"href":"https:\/\/socageraptor.com\/it\/wp-json\/wp\/v2\/product_tag?post=36169"}],"curies":[{"name":"wp","href":"https:\/\/api.w.org\/{rel}","templated":true}]}}