{"id":34518,"date":"2023-02-01T12:51:09","date_gmt":"2023-02-01T12:51:09","guid":{"rendered":"https:\/\/socageraptor.com\/?post_type=product&#038;p=34518"},"modified":"2026-02-17T09:05:40","modified_gmt":"2026-02-17T09:05:40","slug":"ragno-elevatore-forste-15s","status":"publish","type":"product","link":"https:\/\/socageraptor.com\/it\/prodotto\/ragno-elevatore-forste-15s\/","title":{"rendered":"Piattaforma ragno elevatore forSte 15S"},"content":{"rendered":"<p>Il RAPTOR 15S \u00e8 una piattaforma ragno elevatore che rappresenta una fusione ottimale tra potenza, versatilit\u00e0 e sostenibilit\u00e0. Con un&#8217;altezza di lavoro massima di 15 metri e uno sbraccio laterale massimo di 7 metri, questa piattaforma \u00e8 progettata per affrontare un&#8217;ampia variet\u00e0 di compiti. Grazie alla sua capacit\u00e0 di sollevare fino a 225 kg (2 operatori + materiale) <strong>senza limitazioni in tutta l&#8217;area di lavoro<\/strong>, il 15S offre una flessibilit\u00e0 senza precedenti in un pacchetto compatto e robusto.<\/p>\n<p>La versatilit\u00e0 \u00e8 ulteriormente potenziata dalla <strong>doppia articolazione aerea con jib idraulico<\/strong>. Questo consente una variet\u00e0 di movimenti che ne fanno la soluzione ideale per una serie di contesti di lavoro. Oltre a ci\u00f2, la piattaforma ragno \u00e8 <strong>dotata di comandi completamente idraulici di serie per i movimenti della parte aerea<\/strong>, assicurando un controllo preciso e affidabile.<\/p>\n<p>Per aggiungere alla comodit\u00e0 dell&#8217;operatore, il 15S \u00e8 dotata di un radiocomando. Questo consente all&#8217;operatore di mantenere un controllo sicuro e comodo sulla traslazione,<strong> la stabilizzazione e la velocit\u00e0 del motore Honda 13CV di serie<\/strong>. <a href=\"https:\/\/socage.it\/piattaforma-ragno\/\">C&#8217;\u00e8 anche l&#8217;opzione di montare un motore diesel, offrendo ulteriori opzioni per adattarsi a una variet\u00e0 di requisiti operativi.<\/a><\/p>\n<h2>Il pi\u00f9 compatto tra ragno elevatore.<\/h2>\n<p>Rispettando l&#8217;ambiente, il 15S <strong>\u00e8 una piattaforma a ragno a emissioni zero, bi-energia<\/strong>. Oltre al motore a benzina, incorpora un motore elettrico 230V che consente di lavorare senza emissioni. <strong>Questa caratteristica \u00e8 particolarmente utile in spazi chiusi come chiese, aeroporti o fabbriche<\/strong>, dove l&#8217;emissione di gas di scarico potrebbe causare problemi.<\/p>\n<p>Il RAPTOR 15S non \u00e8 solo potente e versatile, <strong>ma anche incredibilmente compatta<\/strong>. Con un peso e dimensioni molto ridotti, la larghezza in fase di traslazione \u00e8 di soli 78 cm (con il cestello smontato). Questa piattaforma a ragno \u00e8 dotata di cingoli estensibili per una maggiore stabilit\u00e0 durante la traslazione della macchina, <strong>rendendola facile da manovrare in una serie di contesti<\/strong>.<\/p>\n<p>La rotazione della parte aerea di 400\u00ba e il jib idraulico accanto al braccio a doppia articolazione consentono una vasta area di lavoro, <a href=\"https:\/\/socageraptor.com\/it\/negozio-piattaforme-aeree-ragno\/\"><strong>contribuendo a rendere la 15S uno dei cesti elevatori con il miglior rapporto tra dimensioni ridotte e prestazioni del mercato<\/strong><\/a>. Con tutte queste caratteristiche, la piattaforma ragno elevatore 15S rappresenta una scelta eccellente per chi cerca un sollevatore ad alte prestazioni, versatile e rispettoso dell&#8217;ambiente.<\/p>\n","protected":false},"excerpt":{"rendered":"<p>15S \u00e8 una piattaforma ragno elevatore con un\u2019altezza massima di lavoro di 15 m e uno sbraccio laterale di 7 m. \u00c8 in grado di sollevare fino a 225 kg (2 operatori + materiale) senza limitazioni in tutta l\u2019area di lavoro.<\/p>\n","protected":false},"featured_media":35526,"comment_status":"open","ping_status":"closed","template":"","meta":{"_et_pb_use_builder":"","_et_pb_old_content":"","_et_gb_content_width":"","inline_featured_image":false,"ngg_post_thumbnail":0},"product_cat":[42,1507],"product_tag":[],"class_list":["post-34518","product","type-product","status-publish","has-post-thumbnail","hentry","product_cat-sin-categorizar","product_cat-piattaforme-aeree-ragno-articolate"],"acf":[],"yoast_head":"<!-- This site is optimized with the Yoast SEO plugin v20.2.1 - https:\/\/yoast.com\/wordpress\/plugins\/seo\/ -->\n<title>Ragno elevatore forSte 15S<\/title>\n<meta name=\"description\" content=\"Scopri il ragno elevatore 15S: compatto, versatile, con portata di 225kg e altezza di 15m. Ideale per spazi ristretti, con opzione zero emissioni\" \/>\n<meta name=\"robots\" content=\"index, follow, max-snippet:-1, max-image-preview:large, max-video-preview:-1\" \/>\n<link rel=\"canonical\" href=\"https:\/\/socageraptor.com\/it\/prodotto\/ragno-elevatore-forste-15s\/\" \/>\n<meta property=\"og:locale\" content=\"it_IT\" \/>\n<meta property=\"og:type\" content=\"article\" \/>\n<meta property=\"og:title\" content=\"Ragno elevatore forSte 15S\" \/>\n<meta property=\"og:description\" content=\"Scopri il ragno elevatore 15S: compatto, versatile, con portata di 225kg e altezza di 15m. Ideale per spazi ristretti, con opzione zero emissioni\" \/>\n<meta property=\"og:url\" content=\"https:\/\/socageraptor.com\/it\/prodotto\/ragno-elevatore-forste-15s\/\" \/>\n<meta property=\"og:site_name\" content=\"Socage Raptor. Piattaforme aeree ragno.\" \/>\n<meta property=\"article:modified_time\" content=\"2026-02-17T09:05:40+00:00\" \/>\n<meta property=\"og:image\" content=\"https:\/\/socageraptor.com\/wp-content\/uploads\/2023\/02\/15S-1.jpg\" \/>\n\t<meta property=\"og:image:width\" content=\"1200\" \/>\n\t<meta property=\"og:image:height\" content=\"900\" \/>\n\t<meta property=\"og:image:type\" content=\"image\/jpeg\" \/>\n<meta name=\"twitter:card\" content=\"summary_large_image\" \/>\n<meta name=\"twitter:label1\" content=\"Tempo di lettura stimato\" \/>\n\t<meta name=\"twitter:data1\" content=\"2 minuti\" \/>\n<script type=\"application\/ld+json\" class=\"yoast-schema-graph\">{\"@context\":\"https:\/\/schema.org\",\"@graph\":[{\"@type\":\"WebPage\",\"@id\":\"https:\/\/socageraptor.com\/it\/prodotto\/ragno-elevatore-forste-15s\/\",\"url\":\"https:\/\/socageraptor.com\/it\/prodotto\/ragno-elevatore-forste-15s\/\",\"name\":\"Ragno elevatore forSte 15S\",\"isPartOf\":{\"@id\":\"https:\/\/socageraptor.com\/it\/#website\"},\"datePublished\":\"2023-02-01T12:51:09+00:00\",\"dateModified\":\"2026-02-17T09:05:40+00:00\",\"description\":\"Scopri il ragno elevatore 15S: compatto, versatile, con portata di 225kg e altezza di 15m. Ideale per spazi ristretti, con opzione zero emissioni\",\"breadcrumb\":{\"@id\":\"https:\/\/socageraptor.com\/it\/prodotto\/ragno-elevatore-forste-15s\/#breadcrumb\"},\"inLanguage\":\"it-IT\",\"potentialAction\":[{\"@type\":\"ReadAction\",\"target\":[\"https:\/\/socageraptor.com\/it\/prodotto\/ragno-elevatore-forste-15s\/\"]}]},{\"@type\":\"BreadcrumbList\",\"@id\":\"https:\/\/socageraptor.com\/it\/prodotto\/ragno-elevatore-forste-15s\/#breadcrumb\",\"itemListElement\":[{\"@type\":\"ListItem\",\"position\":1,\"name\":\"Portada\",\"item\":\"https:\/\/socageraptor.com\/it\/\"},{\"@type\":\"ListItem\",\"position\":2,\"name\":\"Prodotti\",\"item\":\"https:\/\/socageraptor.com\/it\/ragno-piattaforma-socage-raptor\/\"},{\"@type\":\"ListItem\",\"position\":3,\"name\":\"Piattaforma ragno elevatore forSte 15S\"}]},{\"@type\":\"WebSite\",\"@id\":\"https:\/\/socageraptor.com\/it\/#website\",\"url\":\"https:\/\/socageraptor.com\/it\/\",\"name\":\"Socage Raptor. Piattaforme aeree ragno.\",\"description\":\"Socage Raptor. Piattaforme aeree ragno.\",\"publisher\":{\"@id\":\"https:\/\/socageraptor.com\/it\/#organization\"},\"potentialAction\":[{\"@type\":\"SearchAction\",\"target\":{\"@type\":\"EntryPoint\",\"urlTemplate\":\"https:\/\/socageraptor.com\/it\/?s={search_term_string}\"},\"query-input\":\"required name=search_term_string\"}],\"inLanguage\":\"it-IT\"},{\"@type\":\"Organization\",\"@id\":\"https:\/\/socageraptor.com\/it\/#organization\",\"name\":\"Socage Raptor\",\"url\":\"https:\/\/socageraptor.com\/it\/\",\"logo\":{\"@type\":\"ImageObject\",\"inLanguage\":\"it-IT\",\"@id\":\"https:\/\/socageraptor.com\/it\/#\/schema\/logo\/image\/\",\"url\":\"https:\/\/socageraptor.com\/wp-content\/uploads\/2019\/07\/socage-raptor.png\",\"contentUrl\":\"https:\/\/socageraptor.com\/wp-content\/uploads\/2019\/07\/socage-raptor.png\",\"width\":5000,\"height\":880,\"caption\":\"Socage Raptor\"},\"image\":{\"@id\":\"https:\/\/socageraptor.com\/it\/#\/schema\/logo\/image\/\"}}]}<\/script>\n<!-- \/ Yoast SEO plugin. -->","yoast_head_json":{"title":"Ragno elevatore forSte 15S","description":"Scopri il ragno elevatore 15S: compatto, versatile, con portata di 225kg e altezza di 15m. Ideale per spazi ristretti, con opzione zero emissioni","robots":{"index":"index","follow":"follow","max-snippet":"max-snippet:-1","max-image-preview":"max-image-preview:large","max-video-preview":"max-video-preview:-1"},"canonical":"https:\/\/socageraptor.com\/it\/prodotto\/ragno-elevatore-forste-15s\/","og_locale":"it_IT","og_type":"article","og_title":"Ragno elevatore forSte 15S","og_description":"Scopri il ragno elevatore 15S: compatto, versatile, con portata di 225kg e altezza di 15m. Ideale per spazi ristretti, con opzione zero emissioni","og_url":"https:\/\/socageraptor.com\/it\/prodotto\/ragno-elevatore-forste-15s\/","og_site_name":"Socage Raptor. Piattaforme aeree ragno.","article_modified_time":"2026-02-17T09:05:40+00:00","og_image":[{"width":1200,"height":900,"url":"https:\/\/socageraptor.com\/wp-content\/uploads\/2023\/02\/15S-1.jpg","type":"image\/jpeg"}],"twitter_card":"summary_large_image","twitter_misc":{"Tempo di lettura stimato":"2 minuti"},"schema":{"@context":"https:\/\/schema.org","@graph":[{"@type":"WebPage","@id":"https:\/\/socageraptor.com\/it\/prodotto\/ragno-elevatore-forste-15s\/","url":"https:\/\/socageraptor.com\/it\/prodotto\/ragno-elevatore-forste-15s\/","name":"Ragno elevatore forSte 15S","isPartOf":{"@id":"https:\/\/socageraptor.com\/it\/#website"},"datePublished":"2023-02-01T12:51:09+00:00","dateModified":"2026-02-17T09:05:40+00:00","description":"Scopri il ragno elevatore 15S: compatto, versatile, con portata di 225kg e altezza di 15m. Ideale per spazi ristretti, con opzione zero emissioni","breadcrumb":{"@id":"https:\/\/socageraptor.com\/it\/prodotto\/ragno-elevatore-forste-15s\/#breadcrumb"},"inLanguage":"it-IT","potentialAction":[{"@type":"ReadAction","target":["https:\/\/socageraptor.com\/it\/prodotto\/ragno-elevatore-forste-15s\/"]}]},{"@type":"BreadcrumbList","@id":"https:\/\/socageraptor.com\/it\/prodotto\/ragno-elevatore-forste-15s\/#breadcrumb","itemListElement":[{"@type":"ListItem","position":1,"name":"Portada","item":"https:\/\/socageraptor.com\/it\/"},{"@type":"ListItem","position":2,"name":"Prodotti","item":"https:\/\/socageraptor.com\/it\/ragno-piattaforma-socage-raptor\/"},{"@type":"ListItem","position":3,"name":"Piattaforma ragno elevatore forSte 15S"}]},{"@type":"WebSite","@id":"https:\/\/socageraptor.com\/it\/#website","url":"https:\/\/socageraptor.com\/it\/","name":"Socage Raptor. Piattaforme aeree ragno.","description":"Socage Raptor. Piattaforme aeree ragno.","publisher":{"@id":"https:\/\/socageraptor.com\/it\/#organization"},"potentialAction":[{"@type":"SearchAction","target":{"@type":"EntryPoint","urlTemplate":"https:\/\/socageraptor.com\/it\/?s={search_term_string}"},"query-input":"required name=search_term_string"}],"inLanguage":"it-IT"},{"@type":"Organization","@id":"https:\/\/socageraptor.com\/it\/#organization","name":"Socage Raptor","url":"https:\/\/socageraptor.com\/it\/","logo":{"@type":"ImageObject","inLanguage":"it-IT","@id":"https:\/\/socageraptor.com\/it\/#\/schema\/logo\/image\/","url":"https:\/\/socageraptor.com\/wp-content\/uploads\/2019\/07\/socage-raptor.png","contentUrl":"https:\/\/socageraptor.com\/wp-content\/uploads\/2019\/07\/socage-raptor.png","width":5000,"height":880,"caption":"Socage Raptor"},"image":{"@id":"https:\/\/socageraptor.com\/it\/#\/schema\/logo\/image\/"}}]}},"_links":{"self":[{"href":"https:\/\/socageraptor.com\/it\/wp-json\/wp\/v2\/product\/34518","targetHints":{"allow":["GET"]}}],"collection":[{"href":"https:\/\/socageraptor.com\/it\/wp-json\/wp\/v2\/product"}],"about":[{"href":"https:\/\/socageraptor.com\/it\/wp-json\/wp\/v2\/types\/product"}],"replies":[{"embeddable":true,"href":"https:\/\/socageraptor.com\/it\/wp-json\/wp\/v2\/comments?post=34518"}],"wp:featuredmedia":[{"embeddable":true,"href":"https:\/\/socageraptor.com\/it\/wp-json\/wp\/v2\/media\/35526"}],"wp:attachment":[{"href":"https:\/\/socageraptor.com\/it\/wp-json\/wp\/v2\/media?parent=34518"}],"wp:term":[{"taxonomy":"product_cat","embeddable":true,"href":"https:\/\/socageraptor.com\/it\/wp-json\/wp\/v2\/product_cat?post=34518"},{"taxonomy":"product_tag","embeddable":true,"href":"https:\/\/socageraptor.com\/it\/wp-json\/wp\/v2\/product_tag?post=34518"}],"curies":[{"name":"wp","href":"https:\/\/api.w.org\/{rel}","templated":true}]}}