{"id":33851,"date":"2024-01-30T15:01:19","date_gmt":"2024-01-30T15:01:19","guid":{"rendered":"https:\/\/socageraptor.datacentersiur.com\/?post_type=product&#038;p=33851"},"modified":"2026-02-17T13:21:31","modified_gmt":"2026-02-17T13:21:31","slug":"piattaforma-cingolata-forste-21s","status":"publish","type":"product","link":"https:\/\/socageraptor.com\/it\/prodotto\/piattaforma-cingolata-forste-21s\/","title":{"rendered":"Piattaforma cingolata forSte 21S"},"content":{"rendered":"<h2>Prestazioni e Caratteristiche della Piattaforma Cingolata<\/h2>\n<p><strong>In cima alla nostra linea di piattaforma cingolata, il RAPTOR 21S \u00e8 una piattaforma aerea ragno elevatore che offre prestazioni eccezionali e una straordinaria versatilit\u00e0<\/strong>. Con un\u2019altezza massima di lavoro di 20,80 m e una portata laterale massima di 11.30 m, \u00e8 tra le piattaforme aeree pi\u00f9 capienti disponibili. Pu\u00f2 gestire facilmente un carico di 230 kg, il che significa che pu\u00f2 accomodare due operatori pi\u00f9 il loro materiale senza difficolt\u00e0. Ma le caratteristiche distintive del RAPTOR 21S non finiscono qui. <a href=\"https:\/\/socage.it\/piattaforma-ragno\/\">Oltre a queste capacit\u00e0 impressionanti, offre anche stabilizzazione e chiusura automatica di serie, rendendo il suo utilizzo pi\u00f9 semplice, sicuro e veloce<\/a>.<\/p>\n<p>Ogni RAPTOR 21S \u00e8 dotata di un telecomando multifunzione di serie. <strong>Questo dispositivo permette di gestire non solo i movimenti della parte aerea<\/strong>, ma fornisce anche un livello di sicurezza e comodit\u00e0 aggiuntivo per l&#8217;operatore. Questa attenzione alla sicurezza e alla facilit\u00e0 di utilizzo riflette l&#8217;impegno costante di fornire strumenti efficienti e user-friendly.<\/p>\n<h3>Bi-Energia: Un Impulso Verso la Sostenibilit\u00e0<\/h3>\n<p>Ma ci\u00f2 che veramente distingue l 21S \u00e8 il suo impegno verso la sostenibilit\u00e0. <strong>Questa piattaforma cingolata \u00e8 alimentata da un sistema di bi-energia<\/strong>: oltre al motore a diesel di serie, incorpora un motore elettrico 230V. Questo la rende una piattaforma aerea sostenibile con 0% emissioni, il che significa che pu\u00f2 lavorare senza produrre emissioni, una caratteristica essenziale quando si opera in spazi chiusi come chiese, aeroporti o fabbriche.<\/p>\n<p>Nonostante le sue prestazioni impressionanti, <strong>il RAPTOR 21S mantiene dimensioni molto compatte, facilitando il suo utilizzo anche in ambienti stretti o difficili da raggiungere<\/strong>. I suoi cingoli estensibili forniscono una stabilit\u00e0 extra durante il movimento della macchina, e i cingoli bianchi antitraccia sono pensati per l&#8217;uso in spazi chiusi, prevenendo danni al pavimento. Inoltre, la macchina offre tre diverse velocit\u00e0 di movimento, permettendo all&#8217;operatore di scegliere la velocit\u00e0 ottimale in base al bisogno.<\/p>\n<p>Il RAPTOR 21S offre anche una vasta gamma di movimento. <strong>Grazie alla rotazione della parte aerea di 380\u00ba e al braccio a doppia articolazione con jib idraulico<\/strong>, gli operatori possono raggiungere aree di lavoro difficili. Questa combinazione di prestazioni, versatilit\u00e0 e sostenibilit\u00e0 la rende una delle migliori piattaforme aeree cingolate sul mercato, con un rapporto <a href=\"https:\/\/socageraptor.com\/it\/negozio-piattaforme-aeree-ragno\/\">ineguagliabile tra dimensioni ridotte e prestazioni<\/a>.<\/p>\n","protected":false},"excerpt":{"rendered":"<p>La forSte 21S \u00e8 una piattaforma cingolata con un\u2019altezza massima di lavoro di 21 m e uno sbraccio laterale di 10.50 m. Si contraddistingue per la sua portata di 230 kg (2 operatori + materiale).<\/p>\n","protected":false},"featured_media":35536,"comment_status":"open","ping_status":"closed","template":"","meta":{"_et_pb_use_builder":"","_et_pb_old_content":"","_et_gb_content_width":"","inline_featured_image":false,"ngg_post_thumbnail":0},"product_cat":[42,1507],"product_tag":[],"class_list":["post-33851","product","type-product","status-publish","has-post-thumbnail","hentry","product_cat-sin-categorizar","product_cat-piattaforme-aeree-ragno-articolate"],"acf":[],"yoast_head":"<!-- This site is optimized with the Yoast SEO plugin v20.2.1 - https:\/\/yoast.com\/wordpress\/plugins\/seo\/ -->\n<title>Piattaforma cingolata forSte 21S<\/title>\n<meta name=\"description\" content=\"La forSte 21S \u00e8 una piattaforma cingolata versatile e sostenibile, che offre un&#039;eccezionale altezza di lavoro di 20,80m e una capacit\u00e0 di 230kg.\" \/>\n<meta name=\"robots\" content=\"index, follow, max-snippet:-1, max-image-preview:large, max-video-preview:-1\" \/>\n<link rel=\"canonical\" href=\"https:\/\/socageraptor.com\/it\/prodotto\/piattaforma-cingolata-forste-21s\/\" \/>\n<meta property=\"og:locale\" content=\"it_IT\" \/>\n<meta property=\"og:type\" content=\"article\" \/>\n<meta property=\"og:title\" content=\"Piattaforma cingolata forSte 21S\" \/>\n<meta property=\"og:description\" content=\"La forSte 21S \u00e8 una piattaforma cingolata versatile e sostenibile, che offre un&#039;eccezionale altezza di lavoro di 20,80m e una capacit\u00e0 di 230kg.\" \/>\n<meta property=\"og:url\" content=\"https:\/\/socageraptor.com\/it\/prodotto\/piattaforma-cingolata-forste-21s\/\" \/>\n<meta property=\"og:site_name\" content=\"Socage Raptor. Piattaforme aeree ragno.\" \/>\n<meta property=\"article:modified_time\" content=\"2026-02-17T13:21:31+00:00\" \/>\n<meta property=\"og:image\" content=\"https:\/\/socageraptor.com\/wp-content\/uploads\/2023\/02\/21S.jpg\" \/>\n\t<meta property=\"og:image:width\" content=\"1200\" \/>\n\t<meta property=\"og:image:height\" content=\"900\" \/>\n\t<meta property=\"og:image:type\" content=\"image\/jpeg\" \/>\n<meta name=\"twitter:card\" content=\"summary_large_image\" \/>\n<meta name=\"twitter:label1\" content=\"Tempo di lettura stimato\" \/>\n\t<meta name=\"twitter:data1\" content=\"2 minuti\" \/>\n<script type=\"application\/ld+json\" class=\"yoast-schema-graph\">{\"@context\":\"https:\/\/schema.org\",\"@graph\":[{\"@type\":\"WebPage\",\"@id\":\"https:\/\/socageraptor.com\/it\/prodotto\/piattaforma-cingolata-forste-21s\/\",\"url\":\"https:\/\/socageraptor.com\/it\/prodotto\/piattaforma-cingolata-forste-21s\/\",\"name\":\"Piattaforma cingolata forSte 21S\",\"isPartOf\":{\"@id\":\"https:\/\/socageraptor.com\/it\/#website\"},\"datePublished\":\"2024-01-30T15:01:19+00:00\",\"dateModified\":\"2026-02-17T13:21:31+00:00\",\"description\":\"La forSte 21S \u00e8 una piattaforma cingolata versatile e sostenibile, che offre un'eccezionale altezza di lavoro di 20,80m e una capacit\u00e0 di 230kg.\",\"breadcrumb\":{\"@id\":\"https:\/\/socageraptor.com\/it\/prodotto\/piattaforma-cingolata-forste-21s\/#breadcrumb\"},\"inLanguage\":\"it-IT\",\"potentialAction\":[{\"@type\":\"ReadAction\",\"target\":[\"https:\/\/socageraptor.com\/it\/prodotto\/piattaforma-cingolata-forste-21s\/\"]}]},{\"@type\":\"BreadcrumbList\",\"@id\":\"https:\/\/socageraptor.com\/it\/prodotto\/piattaforma-cingolata-forste-21s\/#breadcrumb\",\"itemListElement\":[{\"@type\":\"ListItem\",\"position\":1,\"name\":\"Portada\",\"item\":\"https:\/\/socageraptor.com\/it\/\"},{\"@type\":\"ListItem\",\"position\":2,\"name\":\"Prodotti\",\"item\":\"https:\/\/socageraptor.com\/it\/piattaforma-aerea-cingolata-socage-raptor\/\"},{\"@type\":\"ListItem\",\"position\":3,\"name\":\"Piattaforma cingolata forSte 21S\"}]},{\"@type\":\"WebSite\",\"@id\":\"https:\/\/socageraptor.com\/it\/#website\",\"url\":\"https:\/\/socageraptor.com\/it\/\",\"name\":\"Socage Raptor. Piattaforme aeree ragno.\",\"description\":\"Socage Raptor. Piattaforme aeree ragno.\",\"publisher\":{\"@id\":\"https:\/\/socageraptor.com\/it\/#organization\"},\"potentialAction\":[{\"@type\":\"SearchAction\",\"target\":{\"@type\":\"EntryPoint\",\"urlTemplate\":\"https:\/\/socageraptor.com\/it\/?s={search_term_string}\"},\"query-input\":\"required name=search_term_string\"}],\"inLanguage\":\"it-IT\"},{\"@type\":\"Organization\",\"@id\":\"https:\/\/socageraptor.com\/it\/#organization\",\"name\":\"Socage Raptor\",\"url\":\"https:\/\/socageraptor.com\/it\/\",\"logo\":{\"@type\":\"ImageObject\",\"inLanguage\":\"it-IT\",\"@id\":\"https:\/\/socageraptor.com\/it\/#\/schema\/logo\/image\/\",\"url\":\"https:\/\/socageraptor.com\/wp-content\/uploads\/2019\/07\/socage-raptor.png\",\"contentUrl\":\"https:\/\/socageraptor.com\/wp-content\/uploads\/2019\/07\/socage-raptor.png\",\"width\":5000,\"height\":880,\"caption\":\"Socage Raptor\"},\"image\":{\"@id\":\"https:\/\/socageraptor.com\/it\/#\/schema\/logo\/image\/\"}}]}<\/script>\n<!-- \/ Yoast SEO plugin. -->","yoast_head_json":{"title":"Piattaforma cingolata forSte 21S","description":"La forSte 21S \u00e8 una piattaforma cingolata versatile e sostenibile, che offre un'eccezionale altezza di lavoro di 20,80m e una capacit\u00e0 di 230kg.","robots":{"index":"index","follow":"follow","max-snippet":"max-snippet:-1","max-image-preview":"max-image-preview:large","max-video-preview":"max-video-preview:-1"},"canonical":"https:\/\/socageraptor.com\/it\/prodotto\/piattaforma-cingolata-forste-21s\/","og_locale":"it_IT","og_type":"article","og_title":"Piattaforma cingolata forSte 21S","og_description":"La forSte 21S \u00e8 una piattaforma cingolata versatile e sostenibile, che offre un'eccezionale altezza di lavoro di 20,80m e una capacit\u00e0 di 230kg.","og_url":"https:\/\/socageraptor.com\/it\/prodotto\/piattaforma-cingolata-forste-21s\/","og_site_name":"Socage Raptor. Piattaforme aeree ragno.","article_modified_time":"2026-02-17T13:21:31+00:00","og_image":[{"width":1200,"height":900,"url":"https:\/\/socageraptor.com\/wp-content\/uploads\/2023\/02\/21S.jpg","type":"image\/jpeg"}],"twitter_card":"summary_large_image","twitter_misc":{"Tempo di lettura stimato":"2 minuti"},"schema":{"@context":"https:\/\/schema.org","@graph":[{"@type":"WebPage","@id":"https:\/\/socageraptor.com\/it\/prodotto\/piattaforma-cingolata-forste-21s\/","url":"https:\/\/socageraptor.com\/it\/prodotto\/piattaforma-cingolata-forste-21s\/","name":"Piattaforma cingolata forSte 21S","isPartOf":{"@id":"https:\/\/socageraptor.com\/it\/#website"},"datePublished":"2024-01-30T15:01:19+00:00","dateModified":"2026-02-17T13:21:31+00:00","description":"La forSte 21S \u00e8 una piattaforma cingolata versatile e sostenibile, che offre un'eccezionale altezza di lavoro di 20,80m e una capacit\u00e0 di 230kg.","breadcrumb":{"@id":"https:\/\/socageraptor.com\/it\/prodotto\/piattaforma-cingolata-forste-21s\/#breadcrumb"},"inLanguage":"it-IT","potentialAction":[{"@type":"ReadAction","target":["https:\/\/socageraptor.com\/it\/prodotto\/piattaforma-cingolata-forste-21s\/"]}]},{"@type":"BreadcrumbList","@id":"https:\/\/socageraptor.com\/it\/prodotto\/piattaforma-cingolata-forste-21s\/#breadcrumb","itemListElement":[{"@type":"ListItem","position":1,"name":"Portada","item":"https:\/\/socageraptor.com\/it\/"},{"@type":"ListItem","position":2,"name":"Prodotti","item":"https:\/\/socageraptor.com\/it\/piattaforma-aerea-cingolata-socage-raptor\/"},{"@type":"ListItem","position":3,"name":"Piattaforma cingolata forSte 21S"}]},{"@type":"WebSite","@id":"https:\/\/socageraptor.com\/it\/#website","url":"https:\/\/socageraptor.com\/it\/","name":"Socage Raptor. Piattaforme aeree ragno.","description":"Socage Raptor. Piattaforme aeree ragno.","publisher":{"@id":"https:\/\/socageraptor.com\/it\/#organization"},"potentialAction":[{"@type":"SearchAction","target":{"@type":"EntryPoint","urlTemplate":"https:\/\/socageraptor.com\/it\/?s={search_term_string}"},"query-input":"required name=search_term_string"}],"inLanguage":"it-IT"},{"@type":"Organization","@id":"https:\/\/socageraptor.com\/it\/#organization","name":"Socage Raptor","url":"https:\/\/socageraptor.com\/it\/","logo":{"@type":"ImageObject","inLanguage":"it-IT","@id":"https:\/\/socageraptor.com\/it\/#\/schema\/logo\/image\/","url":"https:\/\/socageraptor.com\/wp-content\/uploads\/2019\/07\/socage-raptor.png","contentUrl":"https:\/\/socageraptor.com\/wp-content\/uploads\/2019\/07\/socage-raptor.png","width":5000,"height":880,"caption":"Socage Raptor"},"image":{"@id":"https:\/\/socageraptor.com\/it\/#\/schema\/logo\/image\/"}}]}},"_links":{"self":[{"href":"https:\/\/socageraptor.com\/it\/wp-json\/wp\/v2\/product\/33851","targetHints":{"allow":["GET"]}}],"collection":[{"href":"https:\/\/socageraptor.com\/it\/wp-json\/wp\/v2\/product"}],"about":[{"href":"https:\/\/socageraptor.com\/it\/wp-json\/wp\/v2\/types\/product"}],"replies":[{"embeddable":true,"href":"https:\/\/socageraptor.com\/it\/wp-json\/wp\/v2\/comments?post=33851"}],"wp:featuredmedia":[{"embeddable":true,"href":"https:\/\/socageraptor.com\/it\/wp-json\/wp\/v2\/media\/35536"}],"wp:attachment":[{"href":"https:\/\/socageraptor.com\/it\/wp-json\/wp\/v2\/media?parent=33851"}],"wp:term":[{"taxonomy":"product_cat","embeddable":true,"href":"https:\/\/socageraptor.com\/it\/wp-json\/wp\/v2\/product_cat?post=33851"},{"taxonomy":"product_tag","embeddable":true,"href":"https:\/\/socageraptor.com\/it\/wp-json\/wp\/v2\/product_tag?post=33851"}],"curies":[{"name":"wp","href":"https:\/\/api.w.org\/{rel}","templated":true}]}}