{"id":29354,"date":"2021-02-10T11:33:16","date_gmt":"2021-02-10T11:33:16","guid":{"rendered":"https:\/\/socage.it\/?page_id=29354"},"modified":"2024-07-24T11:39:45","modified_gmt":"2024-07-24T11:39:45","slug":"privacy-policy","status":"publish","type":"page","link":"https:\/\/socageraptor.com\/it\/privacy-policy\/","title":{"rendered":"Privacy Policy | INFORMATIVA PER IL TRATTAMENTO DEI DATI PERSONALI AI SENSI DEL GDPR 2016\/679"},"content":{"rendered":"\n<p>La presente informativa disciplina il trattamento dei dati personali effettuato dalla nostra societ\u00e0 all\u2019interno del presente sito web, in conformit\u00e0 alle vigenti norme in tema di protezione dei dati, in particolare, il Regolamento UE 2016\/679 (di seguito \u201cGDPR\u201d)<\/p>\n\n\n\n<p>Titolare del Trattamento: <strong>Socage S.r.l.<\/strong><\/p>\n\n\n\n<p>Sede: <strong>Via della Chimica, 23 \u2013 41012 Carpi (MO)<\/strong><\/p>\n\n\n\n<p>Contatti e recapiti: <strong>059 9121211 \u2013 info@socage.it<\/strong><\/p>\n\n\n\n<p>Il Titolare del Trattamento \u00e8 responsabile nei Suoi confronti del legittimo e corretto uso dei Suoi dati personali e potr\u00e0 essere contattato per qualsiasi informazione o richiesta in merito a tale trattamento.<\/p>\n\n\n\n<h2 class=\"wp-block-heading\">Informativa Privacy<\/h2>\n\n\n\n<p>In questa pagina si descrivono le modalit\u00e0 di gestione del sito in riferimento al trattamento dei dati personali degli utenti che lo consultano.<\/p>\n\n\n\n<p>Si tratta di un\u2019informativa resa ai sensi del nuovo GDPR 2016\/679 in materia di protezione dei dati personali a coloro che interagiscono con i servizi web accessibili per via telematica a partire dall\u2019indirizzo: <a href=\"https:\/\/socageraptor.com\/\">socage.it<\/a><\/p>\n\n\n\n<p>L\u2019informativa \u00e8 resa solo per il sito in oggetto e non anche per altri siti Web eventualmente consultati dall\u2019utente tramite link. Le indicazioni fornite di seguito riguardano in modo particolare la raccolta dei dati personali su Internet prefiggendosi di identificare le misure minime che dovranno essere attuate nei confronti delle persone interessate per garantire la lealt\u00e0 e liceit\u00e0 di tale pratiche.<\/p>\n\n\n\n<h2 class=\"wp-block-heading\">Luogo di trattamento dei dati<\/h2>\n\n\n\n<p>I trattamenti connessi ai servizi Web su questo sito hanno luogo presso la predetta sede e sono curati solo da dipendenti, collaboratori o incaricati al trattamento, oppure da eventuali incaricati di occasionali operazioni di manutenzione. Nessun dato derivante dal servizio Web viene comunicato o diffuso. I dati personali forniti dagli utenti che inoltrano richieste di invio di materiale informativo sono utilizzati al solo fine di eseguire il servizio o la prestazione richiesta e sono comunicati a terzi nel caso in cui ci\u00f2 sia a tal fine necessario.<\/p>\n\n\n\n<h2 class=\"wp-block-heading\">Dati, finalit\u00e0 e base giuridica<\/h2>\n\n\n\n<p>I sistemi informatici e i programmi informatici utilizzati per il funzionamento del sito raccolgono alcuni dati personali la cui trasmissione \u00e8 implicita nell&#8217;uso dei protocolli di comunicazione di Internet (es. indirizzi IP o nomi a dominio dei computer utilizzati dagli utenti che si connettono al sito, gli indirizzi URI -Uniform Resource Identifier- delle risorse richieste, orario della richiesta, metodo utilizzato nel sottoporre la richiesta al server, dimensione del file ottenuto in risposta, codice numerico circa lo stato della risposta resa dal server<\/p>\n\n\n\n<ul class=\"wp-block-list\">\n<li>buon fine, errore, ecc.- ed altri parametri relativi al sistema operativo e all&#8217;ambiente informatico dell&#8217;utente). Bench\u00e9 si tratti di informazioni che non sono raccolte per essere associate a interessati identificati, per loro natura potrebbero, attraverso elaborazioni ed associazioni con dati detenuti da terzi, consentire di identificare gli utenti.<\/li>\n<\/ul>\n\n\n\n<p>Tali dati sono utilizzati al solo fine di ricavare informazioni statistiche non associate ad alcun dato identificativo dell&#8217;utente sull&#8217;uso del sito e per controllarne il corretto funzionamento e vengono cancellati immediatamente dopo l&#8217;elaborazione. I dati potrebbero essere utilizzati per l&#8217;accertamento di responsabilit\u00e0 in caso di ipotetici reati informatici ai danni del Sito.<\/p>\n\n\n\n<p>L\u2019invio facoltativo, esplicito e volontario, dei suoi dati personali (nome, cognome, indirizzo email, dati anagrafici, appoggi bancari) all\u2019indirizzo indicato su questo sito o compilando il form per la richiesta di un preventivo o per maggiori informazioni sulla nostra attivit\u00e0, comporta la successiva acquisizione dell\u2019indirizzo del mittente, necessario per rispondere alle richieste, nonch\u00e9 degli eventuali altri dati personali inseriti nella missiva.<\/p>\n\n\n\n<h3 class=\"wp-block-heading\">1. Newsletter e trattamento dei suoi dati<\/h3>\n\n\n\n<p>Qualora lei abbia fornito il proprio consenso mediante \u201cflag\u201d a ricevere comunicazioni commerciali, il trattamento dei suoi dati potr\u00e0 essere effettuato per inviare comunicazioni di marketing diretto, newsletter, attivit\u00e0 di invio di materiale pubblicitario, di compimento di ricerche di mercato, per mezzo di sistemi tradizionali di contatto e sistemi informatici automatizzati, ivi incluse comunicazioni commerciali o promozionali a mezzo email o SMS; questo costituisce il consenso dell\u2019interessato, espresso in conformit\u00e0 alla presente informativa. In questo caso il consenso al trattamento dei dati personali non \u00e8 un obbligo di natura contrattuale. L\u2019interessato ha la facolt\u00e0 di fornire i dati personali; in caso di mancata comunicazione di tali dati, tuttavia, non sar\u00e0 possibile effettuare alcuna attivit\u00e0 di marketing. Il Titolare rende noto che, in relazione al diritto di opposizione al trattamento dati personali per finalit\u00e0 di marketing, resta salva la possibilit\u00e0 di esercitare tale diritto in parte, ossia opponendosi, ad esempio, al solo invio di comunicazioni promozionali effettuato tramite strumenti automatizzati e\/o digitali o, in alternativa, a quelli tradizionali.<\/p>\n\n\n\n<h3 class=\"wp-block-heading\">2. Richiesta informazioni<\/h3>\n\n\n\n<p>Qualora lei abbia fornito i propri dati nell\u2019apposito form di contatto presente nella sezione \u201cContattaci\u201d, la informiamo che tali dati saranno trattati per dare seguito alla richiesta da lei avanzata, anche tramite ricontatto telefonico o via email. La base giuridica del presente trattamento \u00e8 il consenso, da lei liberamente rilasciato mediante flag. In caso di errato conferimento dei dati potrebbe non essere possibile dare seguito alla richiesta avanzata, in caso di mancato rilascio del consenso il trattamento non avr\u00e0 luogo.<\/p>\n\n\n\n<h3 class=\"wp-block-heading\">3. Lavora con noi<\/h3>\n\n\n\n<p>Nella sezione \u201cLavora con noi\u201d \u00e8 possibile, dopo aver compilato l\u2019apposito form di raccolta dati e aver allegato il curriculum vitae, inviare la propria candidatura per eventuali campagne di recruitment. I dati inviati, compreso il CV, saranno trattati solo ed esclusivamente per il ricontatto del candidato (tramite email o telefonicamente) per fissare il colloquio e l\u2019eventuale successiva instaurazione del rapporto lavorativo. La base giuridica del presente trattamento \u00e8 il consenso, da lei liberamente rilasciato mediante flag. In caso di errato conferimento dei dati potrebbe non essere possibile dare seguito all\u2019iter su specificato, in caso di mancato rilascio del consenso il trattamento non avr\u00e0 luogo.<\/p>\n\n\n\n<h3 class=\"wp-block-heading\">4. Gestione dati per registrazione\/accesso area riservata<\/h3>\n\n\n\n<p>Socage tratter\u00e0 i dati personali dell\u2019utente per consentire la registrazione al Sito e l\u2019utilizzazione dei servizi riservati agli utenti registrati, ivi inclusa la possibilit\u00e0 di registrare i prodotti acquistati.<\/p>\n\n\n\n<p>La base giuridica per il suddetto trattamento \u00e8 l\u2019adempimento del contratto o, a seconda dei casi, l\u2019esecuzione di misure precontrattuali adottate su richiesta dell\u2019interessato. Per queste finalit\u00e0 i dati saranno trattati per il tempo strettamente necessario allo svolgimento delle singole attivit\u00e0 di trattamento. Socage potr\u00e0 tuttavia conservare i dati per le finalit\u00e0 e per i periodi massimi di conservazione indicati nella presente informativa o nei casi stabiliti dal Regolamento e\/o dalla legge.<\/p>\n\n\n\n<p>Per questa finalit\u00e0 Socage tratter\u00e0 i dati personali degli utenti per:<\/p>\n\n\n\n<ul class=\"wp-block-list\">\n<li>Consentire all\u2019utente di accedere al Sito e di navigare sullo stesso;<\/li>\n\n\n\n<li>Consentire all\u2019utente di registrarsi al Sito, creando un account, e di usufruire dei servizi riservati agli utenti registrati;<\/li>\n\n\n\n<li>Consentire all\u2019utente di accedere al Sito e di navigare come utente loggato, riconoscendo l\u2019utente indipendentemente dal dispositivo utilizzato;<\/li>\n\n\n\n<li>Mantenere e gestire l\u2019account dell\u2019utente;<\/li>\n\n\n\n<li>Memorizzare nell\u2019account dell\u2019utente dati e informazioni (dati anagrafici, storico dei suoi ordini e di eventuali resi, indirizzi e riferimenti; etc.);<\/li>\n\n\n\n<li>Consentire all\u2019utente di registrare i prodotti acquistati;<\/li>\n<\/ul>\n\n\n\n<p>Il conferimento dei dati per la finalit\u00e0 in oggetto \u00e8 facoltativo. Tuttavia, poich\u00e9 il trattamento \u00e8 necessario per consentire l\u2019accesso al Sito e\/o la navigazione e\/o la registrazione e\/o la prestazione dei servizi di gestione e manutenzione dell\u2019account ovvero per rispondere alle richieste precontrattuali effettuate dall\u2019utente, la mancata comunicazione dei dati comporter\u00e0 l\u2019impossibilit\u00e0 per l\u2019utente di accedere e\/o navigare sul Sito e\/ registrarsi al Sito e di usufruire dei servizi riservati agli utenti registrati e\/o concludere un contratto di acquisto tramite il Sito e\/o di ricevere risposta alle richieste effettuate.<\/p>\n\n\n\n<p>Contestualmente alla fase di prima registrazione l\u2019utente potr\u00e0 iscriversi alla <strong>newsletter <\/strong>di Socage, configurandosi come trattamento indipendente dalla registrazione all\u2019area riservata. Per maggiori informazioni consultare il punto 1 del presente documento.<\/p>\n\n\n\n<h2 class=\"wp-block-heading\">Destinatari e trasferimenti al di fuori dell&#8217;Unione Europea<\/h2>\n\n\n\n<p>I suoi dati non saranno cominciati a terzi o rivenduti per alcun motivo. I suoi dati personali non saranno trasferiti verso nessun paese extra UE o organizzazione internazionale. potranno essere trattati da responsabili esterni formalmente nominati (il cui elenco \u00e8 disponibile su vs. richiesta) che appartengono a categorie di soggetti che supportano il titolare nell\u2019erogazione dei servizi offerti tramite il presente sito (es: sviluppatori sw, gestori del sito web).<\/p>\n\n\n\n<h2 class=\"wp-block-heading\">Modalit\u00e0 di trattamento<\/h2>\n\n\n\n<p>I dati personali sono trattati con strumenti automatizzati per il tempo strettamente necessario a conseguire gli scopi per cui sono stati raccolti, salvo che le stesse informazioni formino oggetto di altri trattamenti da parte dello stesso Titolare. Specifiche misure di sicurezza sono osservate per prevenire la perdita dei dati, usi illeciti o non corretti in ottemperanza agli obblighi di adeguamento a misure minime di sicurezza.<\/p>\n\n\n\n<p>In ogni caso alla revoca del consenso i dati non verranno pi\u00f9 trattati.<\/p>\n\n\n\n<h2 class=\"wp-block-heading\">La informiamo inoltre dei seguenti diritti che pu\u00f2 vantare nei confronti del Titolare del trattamento:<\/h2>\n\n\n\n<p>Diritto di chiedere l\u2019accesso ai Suoi dati personali (art.15).<\/p>\n\n\n\n<p>Diritto di rettifica (art.16) o diritto di cancellazione dei dati personali (art.17). Diritto alla limitazione (art.18) o diritto all\u2019opposizione al trattamento (art.21). Diritto alla portabilit\u00e0 dei dati (art.20).<\/p>\n\n\n\n<p>Diritto di revocare il consenso fornito per una o pi\u00f9 finalit\u00e0 specifiche, in qualsiasi momento, restando impregiudicati i trattamenti effettuati prima della revoca del consenso (di cui eventualmente potr\u00e0 richiedere la cancellazione).<\/p>\n\n\n\n<p>Diritto di proporre reclamo al Garante per la protezione dei dati personali (art.77).<\/p>\n\n\n\n<p>Le istanze di esercizio dei diritti indicati nella presente informativa, ivi inclusi, in particolare, il diritto alla cancellazione ed il diritto alla revoca del consenso prestato dovranno essere indirizzate direttamente al Titolare all\u2019indirizzo email: info@socage.it <em>La presente informativa \u00e8 stata redatta in nome e per conto di Socage S.r.l. da 01 s.r.l. servizi privacy <\/em><a href=\"http:\/\/www.01privacy.it\/\"><em>www.01privacy.it<\/em><\/a><\/p>\n\n\n\n<p><\/p>\n\n\n\n<p><\/p>\n","protected":false},"excerpt":{"rendered":"<p>La presente informativa disciplina il trattamento dei dati personali effettuato dalla nostra societ\u00e0 all\u2019interno del presente sito web, in conformit\u00e0 alle vigenti norme in tema di protezione dei dati, in particolare, il Regolamento UE 2016\/679 (di seguito \u201cGDPR\u201d) Titolare del Trattamento: Socage S.r.l. Sede: Via della Chimica, 23 \u2013 41012 Carpi (MO) Contatti e recapiti: [&hellip;]<\/p>\n","protected":false},"author":3,"featured_media":0,"parent":0,"menu_order":0,"comment_status":"closed","ping_status":"closed","template":"","meta":{"_et_pb_use_builder":"off","_et_pb_old_content":"","_et_gb_content_width":"1300","inline_featured_image":false,"ngg_post_thumbnail":0,"footnotes":""},"class_list":["post-29354","page","type-page","status-publish","hentry"],"acf":[],"yoast_head":"<!-- This site is optimized with the Yoast SEO plugin v20.2.1 - https:\/\/yoast.com\/wordpress\/plugins\/seo\/ -->\n<title>Privacy Policy - Socage Raptor. Piattaforme aeree ragno.<\/title>\n<meta name=\"robots\" content=\"index, follow, max-snippet:-1, max-image-preview:large, max-video-preview:-1\" \/>\n<link rel=\"canonical\" href=\"https:\/\/socageraptor.com\/it\/privacy-policy\/\" \/>\n<meta property=\"og:locale\" content=\"it_IT\" \/>\n<meta property=\"og:type\" content=\"article\" \/>\n<meta property=\"og:title\" content=\"Privacy Policy - Socage Raptor. Piattaforme aeree ragno.\" \/>\n<meta property=\"og:description\" content=\"La presente informativa disciplina il trattamento dei dati personali effettuato dalla nostra societ\u00e0 all\u2019interno del presente sito web, in conformit\u00e0 alle vigenti norme in tema di protezione dei dati, in particolare, il Regolamento UE 2016\/679 (di seguito \u201cGDPR\u201d) Titolare del Trattamento: Socage S.r.l. Sede: Via della Chimica, 23 \u2013 41012 Carpi (MO) Contatti e recapiti: [&hellip;]\" \/>\n<meta property=\"og:url\" content=\"https:\/\/socageraptor.com\/it\/privacy-policy\/\" \/>\n<meta property=\"og:site_name\" content=\"Socage Raptor. Piattaforme aeree ragno.\" \/>\n<meta property=\"article:modified_time\" content=\"2024-07-24T11:39:45+00:00\" \/>\n<meta name=\"twitter:card\" content=\"summary_large_image\" \/>\n<meta name=\"twitter:label1\" content=\"Tempo di lettura stimato\" \/>\n\t<meta name=\"twitter:data1\" content=\"9 minuti\" \/>\n<script type=\"application\/ld+json\" class=\"yoast-schema-graph\">{\"@context\":\"https:\/\/schema.org\",\"@graph\":[{\"@type\":\"WebPage\",\"@id\":\"https:\/\/socageraptor.com\/it\/privacy-policy\/\",\"url\":\"https:\/\/socageraptor.com\/it\/privacy-policy\/\",\"name\":\"Privacy Policy - Socage Raptor. Piattaforme aeree ragno.\",\"isPartOf\":{\"@id\":\"https:\/\/socageraptor.com\/it\/#website\"},\"datePublished\":\"2021-02-10T11:33:16+00:00\",\"dateModified\":\"2024-07-24T11:39:45+00:00\",\"breadcrumb\":{\"@id\":\"https:\/\/socageraptor.com\/it\/privacy-policy\/#breadcrumb\"},\"inLanguage\":\"it-IT\",\"potentialAction\":[{\"@type\":\"ReadAction\",\"target\":[\"https:\/\/socageraptor.com\/it\/privacy-policy\/\"]}]},{\"@type\":\"BreadcrumbList\",\"@id\":\"https:\/\/socageraptor.com\/it\/privacy-policy\/#breadcrumb\",\"itemListElement\":[{\"@type\":\"ListItem\",\"position\":1,\"name\":\"Portada\",\"item\":\"https:\/\/socageraptor.com\/it\/\"},{\"@type\":\"ListItem\",\"position\":2,\"name\":\"Privacy Policy | INFORMATIVA PER IL TRATTAMENTO DEI DATI PERSONALI AI SENSI DEL GDPR 2016\/679\"}]},{\"@type\":\"WebSite\",\"@id\":\"https:\/\/socageraptor.com\/it\/#website\",\"url\":\"https:\/\/socageraptor.com\/it\/\",\"name\":\"Socage Raptor. Piattaforme aeree ragno.\",\"description\":\"Socage Raptor. Piattaforme aeree ragno.\",\"publisher\":{\"@id\":\"https:\/\/socageraptor.com\/it\/#organization\"},\"potentialAction\":[{\"@type\":\"SearchAction\",\"target\":{\"@type\":\"EntryPoint\",\"urlTemplate\":\"https:\/\/socageraptor.com\/it\/?s={search_term_string}\"},\"query-input\":\"required name=search_term_string\"}],\"inLanguage\":\"it-IT\"},{\"@type\":\"Organization\",\"@id\":\"https:\/\/socageraptor.com\/it\/#organization\",\"name\":\"Socage Raptor\",\"url\":\"https:\/\/socageraptor.com\/it\/\",\"logo\":{\"@type\":\"ImageObject\",\"inLanguage\":\"it-IT\",\"@id\":\"https:\/\/socageraptor.com\/it\/#\/schema\/logo\/image\/\",\"url\":\"https:\/\/socageraptor.com\/wp-content\/uploads\/2019\/07\/socage-raptor.png\",\"contentUrl\":\"https:\/\/socageraptor.com\/wp-content\/uploads\/2019\/07\/socage-raptor.png\",\"width\":5000,\"height\":880,\"caption\":\"Socage Raptor\"},\"image\":{\"@id\":\"https:\/\/socageraptor.com\/it\/#\/schema\/logo\/image\/\"}}]}<\/script>\n<!-- \/ Yoast SEO plugin. -->","yoast_head_json":{"title":"Privacy Policy - Socage Raptor. Piattaforme aeree ragno.","robots":{"index":"index","follow":"follow","max-snippet":"max-snippet:-1","max-image-preview":"max-image-preview:large","max-video-preview":"max-video-preview:-1"},"canonical":"https:\/\/socageraptor.com\/it\/privacy-policy\/","og_locale":"it_IT","og_type":"article","og_title":"Privacy Policy - Socage Raptor. Piattaforme aeree ragno.","og_description":"La presente informativa disciplina il trattamento dei dati personali effettuato dalla nostra societ\u00e0 all\u2019interno del presente sito web, in conformit\u00e0 alle vigenti norme in tema di protezione dei dati, in particolare, il Regolamento UE 2016\/679 (di seguito \u201cGDPR\u201d) Titolare del Trattamento: Socage S.r.l. Sede: Via della Chimica, 23 \u2013 41012 Carpi (MO) Contatti e recapiti: [&hellip;]","og_url":"https:\/\/socageraptor.com\/it\/privacy-policy\/","og_site_name":"Socage Raptor. Piattaforme aeree ragno.","article_modified_time":"2024-07-24T11:39:45+00:00","twitter_card":"summary_large_image","twitter_misc":{"Tempo di lettura stimato":"9 minuti"},"schema":{"@context":"https:\/\/schema.org","@graph":[{"@type":"WebPage","@id":"https:\/\/socageraptor.com\/it\/privacy-policy\/","url":"https:\/\/socageraptor.com\/it\/privacy-policy\/","name":"Privacy Policy - Socage Raptor. Piattaforme aeree ragno.","isPartOf":{"@id":"https:\/\/socageraptor.com\/it\/#website"},"datePublished":"2021-02-10T11:33:16+00:00","dateModified":"2024-07-24T11:39:45+00:00","breadcrumb":{"@id":"https:\/\/socageraptor.com\/it\/privacy-policy\/#breadcrumb"},"inLanguage":"it-IT","potentialAction":[{"@type":"ReadAction","target":["https:\/\/socageraptor.com\/it\/privacy-policy\/"]}]},{"@type":"BreadcrumbList","@id":"https:\/\/socageraptor.com\/it\/privacy-policy\/#breadcrumb","itemListElement":[{"@type":"ListItem","position":1,"name":"Portada","item":"https:\/\/socageraptor.com\/it\/"},{"@type":"ListItem","position":2,"name":"Privacy Policy | INFORMATIVA PER IL TRATTAMENTO DEI DATI PERSONALI AI SENSI DEL GDPR 2016\/679"}]},{"@type":"WebSite","@id":"https:\/\/socageraptor.com\/it\/#website","url":"https:\/\/socageraptor.com\/it\/","name":"Socage Raptor. Piattaforme aeree ragno.","description":"Socage Raptor. Piattaforme aeree ragno.","publisher":{"@id":"https:\/\/socageraptor.com\/it\/#organization"},"potentialAction":[{"@type":"SearchAction","target":{"@type":"EntryPoint","urlTemplate":"https:\/\/socageraptor.com\/it\/?s={search_term_string}"},"query-input":"required name=search_term_string"}],"inLanguage":"it-IT"},{"@type":"Organization","@id":"https:\/\/socageraptor.com\/it\/#organization","name":"Socage Raptor","url":"https:\/\/socageraptor.com\/it\/","logo":{"@type":"ImageObject","inLanguage":"it-IT","@id":"https:\/\/socageraptor.com\/it\/#\/schema\/logo\/image\/","url":"https:\/\/socageraptor.com\/wp-content\/uploads\/2019\/07\/socage-raptor.png","contentUrl":"https:\/\/socageraptor.com\/wp-content\/uploads\/2019\/07\/socage-raptor.png","width":5000,"height":880,"caption":"Socage Raptor"},"image":{"@id":"https:\/\/socageraptor.com\/it\/#\/schema\/logo\/image\/"}}]}},"_links":{"self":[{"href":"https:\/\/socageraptor.com\/it\/wp-json\/wp\/v2\/pages\/29354","targetHints":{"allow":["GET"]}}],"collection":[{"href":"https:\/\/socageraptor.com\/it\/wp-json\/wp\/v2\/pages"}],"about":[{"href":"https:\/\/socageraptor.com\/it\/wp-json\/wp\/v2\/types\/page"}],"author":[{"embeddable":true,"href":"https:\/\/socageraptor.com\/it\/wp-json\/wp\/v2\/users\/3"}],"replies":[{"embeddable":true,"href":"https:\/\/socageraptor.com\/it\/wp-json\/wp\/v2\/comments?post=29354"}],"version-history":[{"count":2,"href":"https:\/\/socageraptor.com\/it\/wp-json\/wp\/v2\/pages\/29354\/revisions"}],"predecessor-version":[{"id":36310,"href":"https:\/\/socageraptor.com\/it\/wp-json\/wp\/v2\/pages\/29354\/revisions\/36310"}],"wp:attachment":[{"href":"https:\/\/socageraptor.com\/it\/wp-json\/wp\/v2\/media?parent=29354"}],"curies":[{"name":"wp","href":"https:\/\/api.w.org\/{rel}","templated":true}]}}