{"id":37671,"date":"2025-10-07T11:25:14","date_gmt":"2025-10-07T11:25:14","guid":{"rendered":"https:\/\/socageraptor.com\/prodotto\/raptor-18ste\/"},"modified":"2026-02-17T13:37:10","modified_gmt":"2026-02-17T13:37:10","slug":"raptor-18ste","status":"publish","type":"product","link":"https:\/\/socageraptor.com\/fr\/nacelle\/raptor-18ste\/","title":{"rendered":"RAPTOR 18STE"},"content":{"rendered":"<p>Le Raptor 18STE est la plateforme \u00e0 chenilles 100 % \u00e9lectrique qui combine les performances professionnelles de la s\u00e9rie Raptor avec la technologie de batterie lithium la plus avanc\u00e9e. Id\u00e9al pour des utilisations en int\u00e9rieur comme en ext\u00e9rieur, il offre z\u00e9ro \u00e9mission, un fonctionnement silencieux et une grande autonomie.<\/p>\n<p>Avec une hauteur maximale de 17,80 m\u00e8tres et un d\u00e9port lat\u00e9ral jusqu\u2019\u00e0 10,50 m\u00e8tres, le 18STE garantit stabilit\u00e9, pr\u00e9cision et confort pour deux op\u00e9rateurs gr\u00e2ce au panier de 230 kg de capacit\u00e9. La batterie permet au moins 15 cycles de travail complets avec une seule charge, tandis que la recharge rapide permet d\u2019atteindre 60 % en 4 heures et 100 % en 8 heures. Il est \u00e9galement possible de travailler avec le c\u00e2ble d&rsquo;alimentation branch\u00e9 pour des op\u00e9rations continues.<\/p>\n<p>Le Raptor 18STE est la solution id\u00e9ale pour ceux qui recherchent des performances \u00e9lev\u00e9es, une fiabilit\u00e9 et un impact environnemental r\u00e9duit.<\/p>\n","protected":false},"excerpt":{"rendered":"<p>Le Raptor 18STE est la plateforme \u00e0 chenilles 100 % \u00e9lectrique qui combine les performances professionnelles de la s\u00e9rie Raptor avec la technologie de batterie lithium la plus avanc\u00e9e. Id\u00e9al pour des utilisations en int\u00e9rieur comme en ext\u00e9rieur, il offre z\u00e9ro \u00e9mission, un fonctionnement silencieux et une grande autonomie. Avec une hauteur maximale de 17,80 [&hellip;]<\/p>\n","protected":false},"featured_media":37622,"comment_status":"closed","ping_status":"closed","template":"","meta":{"_et_pb_use_builder":"","_et_pb_old_content":"","_et_gb_content_width":"","inline_featured_image":false,"ngg_post_thumbnail":0},"product_cat":[1514],"product_tag":[],"class_list":["post-37671","product","type-product","status-publish","has-post-thumbnail","hentry","product_cat-ste-electric-series-telescopiques"],"acf":[],"yoast_head":"<!-- This site is optimized with the Yoast SEO plugin v20.2.1 - https:\/\/yoast.com\/wordpress\/plugins\/seo\/ -->\n<title>RAPTOR 18STE - Socage Raptor. Piattaforme aeree ragno.<\/title>\n<meta name=\"robots\" content=\"index, follow, max-snippet:-1, max-image-preview:large, max-video-preview:-1\" \/>\n<link rel=\"canonical\" href=\"https:\/\/socageraptor.com\/fr\/nacelle\/raptor-18ste\/\" \/>\n<meta property=\"og:locale\" content=\"fr_FR\" \/>\n<meta property=\"og:type\" content=\"article\" \/>\n<meta property=\"og:title\" content=\"RAPTOR 18STE - Socage Raptor. Piattaforme aeree ragno.\" \/>\n<meta property=\"og:description\" content=\"Le Raptor 18STE est la plateforme \u00e0 chenilles 100 % \u00e9lectrique qui combine les performances professionnelles de la s\u00e9rie Raptor avec la technologie de batterie lithium la plus avanc\u00e9e. Id\u00e9al pour des utilisations en int\u00e9rieur comme en ext\u00e9rieur, il offre z\u00e9ro \u00e9mission, un fonctionnement silencieux et une grande autonomie. Avec une hauteur maximale de 17,80 [&hellip;]\" \/>\n<meta property=\"og:url\" content=\"https:\/\/socageraptor.com\/fr\/nacelle\/raptor-18ste\/\" \/>\n<meta property=\"og:site_name\" content=\"Socage Raptor. Piattaforme aeree ragno.\" \/>\n<meta property=\"article:modified_time\" content=\"2026-02-17T13:37:10+00:00\" \/>\n<meta property=\"og:image\" content=\"https:\/\/socageraptor.com\/wp-content\/uploads\/2025\/10\/Raptor-18STE.jpg\" \/>\n\t<meta property=\"og:image:width\" content=\"1200\" \/>\n\t<meta property=\"og:image:height\" content=\"900\" \/>\n\t<meta property=\"og:image:type\" content=\"image\/jpeg\" \/>\n<meta name=\"twitter:card\" content=\"summary_large_image\" \/>\n<meta name=\"twitter:label1\" content=\"Dur\u00e9e de lecture estim\u00e9e\" \/>\n\t<meta name=\"twitter:data1\" content=\"1 minute\" \/>\n<script type=\"application\/ld+json\" class=\"yoast-schema-graph\">{\"@context\":\"https:\/\/schema.org\",\"@graph\":[{\"@type\":\"WebPage\",\"@id\":\"https:\/\/socageraptor.com\/fr\/nacelle\/raptor-18ste\/\",\"url\":\"https:\/\/socageraptor.com\/fr\/nacelle\/raptor-18ste\/\",\"name\":\"RAPTOR 18STE - Socage Raptor. Piattaforme aeree ragno.\",\"isPartOf\":{\"@id\":\"https:\/\/socageraptor.com\/fr\/#website\"},\"datePublished\":\"2025-10-07T11:25:14+00:00\",\"dateModified\":\"2026-02-17T13:37:10+00:00\",\"breadcrumb\":{\"@id\":\"https:\/\/socageraptor.com\/fr\/nacelle\/raptor-18ste\/#breadcrumb\"},\"inLanguage\":\"fr-FR\",\"potentialAction\":[{\"@type\":\"ReadAction\",\"target\":[\"https:\/\/socageraptor.com\/fr\/nacelle\/raptor-18ste\/\"]}]},{\"@type\":\"BreadcrumbList\",\"@id\":\"https:\/\/socageraptor.com\/fr\/nacelle\/raptor-18ste\/#breadcrumb\",\"itemListElement\":[{\"@type\":\"ListItem\",\"position\":1,\"name\":\"Portada\",\"item\":\"https:\/\/socageraptor.com\/fr\/\"},{\"@type\":\"ListItem\",\"position\":2,\"name\":\"Des produits\",\"item\":\"https:\/\/socageraptor.com\/it\/negozio-piattaforme-aeree-ragno\/\"},{\"@type\":\"ListItem\",\"position\":3,\"name\":\"RAPTOR 18STE\"}]},{\"@type\":\"WebSite\",\"@id\":\"https:\/\/socageraptor.com\/fr\/#website\",\"url\":\"https:\/\/socageraptor.com\/fr\/\",\"name\":\"Socage Raptor. Piattaforme aeree ragno.\",\"description\":\"Socage Raptor. Piattaforme aeree ragno.\",\"publisher\":{\"@id\":\"https:\/\/socageraptor.com\/fr\/#organization\"},\"potentialAction\":[{\"@type\":\"SearchAction\",\"target\":{\"@type\":\"EntryPoint\",\"urlTemplate\":\"https:\/\/socageraptor.com\/fr\/?s={search_term_string}\"},\"query-input\":\"required name=search_term_string\"}],\"inLanguage\":\"fr-FR\"},{\"@type\":\"Organization\",\"@id\":\"https:\/\/socageraptor.com\/fr\/#organization\",\"name\":\"Socage Raptor\",\"url\":\"https:\/\/socageraptor.com\/fr\/\",\"logo\":{\"@type\":\"ImageObject\",\"inLanguage\":\"fr-FR\",\"@id\":\"https:\/\/socageraptor.com\/fr\/#\/schema\/logo\/image\/\",\"url\":\"https:\/\/socageraptor.com\/wp-content\/uploads\/2019\/07\/socage-raptor.png\",\"contentUrl\":\"https:\/\/socageraptor.com\/wp-content\/uploads\/2019\/07\/socage-raptor.png\",\"width\":5000,\"height\":880,\"caption\":\"Socage Raptor\"},\"image\":{\"@id\":\"https:\/\/socageraptor.com\/fr\/#\/schema\/logo\/image\/\"}}]}<\/script>\n<!-- \/ Yoast SEO plugin. -->","yoast_head_json":{"title":"RAPTOR 18STE - Socage Raptor. Piattaforme aeree ragno.","robots":{"index":"index","follow":"follow","max-snippet":"max-snippet:-1","max-image-preview":"max-image-preview:large","max-video-preview":"max-video-preview:-1"},"canonical":"https:\/\/socageraptor.com\/fr\/nacelle\/raptor-18ste\/","og_locale":"fr_FR","og_type":"article","og_title":"RAPTOR 18STE - Socage Raptor. Piattaforme aeree ragno.","og_description":"Le Raptor 18STE est la plateforme \u00e0 chenilles 100 % \u00e9lectrique qui combine les performances professionnelles de la s\u00e9rie Raptor avec la technologie de batterie lithium la plus avanc\u00e9e. Id\u00e9al pour des utilisations en int\u00e9rieur comme en ext\u00e9rieur, il offre z\u00e9ro \u00e9mission, un fonctionnement silencieux et une grande autonomie. Avec une hauteur maximale de 17,80 [&hellip;]","og_url":"https:\/\/socageraptor.com\/fr\/nacelle\/raptor-18ste\/","og_site_name":"Socage Raptor. Piattaforme aeree ragno.","article_modified_time":"2026-02-17T13:37:10+00:00","og_image":[{"width":1200,"height":900,"url":"https:\/\/socageraptor.com\/wp-content\/uploads\/2025\/10\/Raptor-18STE.jpg","type":"image\/jpeg"}],"twitter_card":"summary_large_image","twitter_misc":{"Dur\u00e9e de lecture estim\u00e9e":"1 minute"},"schema":{"@context":"https:\/\/schema.org","@graph":[{"@type":"WebPage","@id":"https:\/\/socageraptor.com\/fr\/nacelle\/raptor-18ste\/","url":"https:\/\/socageraptor.com\/fr\/nacelle\/raptor-18ste\/","name":"RAPTOR 18STE - Socage Raptor. Piattaforme aeree ragno.","isPartOf":{"@id":"https:\/\/socageraptor.com\/fr\/#website"},"datePublished":"2025-10-07T11:25:14+00:00","dateModified":"2026-02-17T13:37:10+00:00","breadcrumb":{"@id":"https:\/\/socageraptor.com\/fr\/nacelle\/raptor-18ste\/#breadcrumb"},"inLanguage":"fr-FR","potentialAction":[{"@type":"ReadAction","target":["https:\/\/socageraptor.com\/fr\/nacelle\/raptor-18ste\/"]}]},{"@type":"BreadcrumbList","@id":"https:\/\/socageraptor.com\/fr\/nacelle\/raptor-18ste\/#breadcrumb","itemListElement":[{"@type":"ListItem","position":1,"name":"Portada","item":"https:\/\/socageraptor.com\/fr\/"},{"@type":"ListItem","position":2,"name":"Des produits","item":"https:\/\/socageraptor.com\/it\/negozio-piattaforme-aeree-ragno\/"},{"@type":"ListItem","position":3,"name":"RAPTOR 18STE"}]},{"@type":"WebSite","@id":"https:\/\/socageraptor.com\/fr\/#website","url":"https:\/\/socageraptor.com\/fr\/","name":"Socage Raptor. Piattaforme aeree ragno.","description":"Socage Raptor. Piattaforme aeree ragno.","publisher":{"@id":"https:\/\/socageraptor.com\/fr\/#organization"},"potentialAction":[{"@type":"SearchAction","target":{"@type":"EntryPoint","urlTemplate":"https:\/\/socageraptor.com\/fr\/?s={search_term_string}"},"query-input":"required name=search_term_string"}],"inLanguage":"fr-FR"},{"@type":"Organization","@id":"https:\/\/socageraptor.com\/fr\/#organization","name":"Socage Raptor","url":"https:\/\/socageraptor.com\/fr\/","logo":{"@type":"ImageObject","inLanguage":"fr-FR","@id":"https:\/\/socageraptor.com\/fr\/#\/schema\/logo\/image\/","url":"https:\/\/socageraptor.com\/wp-content\/uploads\/2019\/07\/socage-raptor.png","contentUrl":"https:\/\/socageraptor.com\/wp-content\/uploads\/2019\/07\/socage-raptor.png","width":5000,"height":880,"caption":"Socage Raptor"},"image":{"@id":"https:\/\/socageraptor.com\/fr\/#\/schema\/logo\/image\/"}}]}},"_links":{"self":[{"href":"https:\/\/socageraptor.com\/fr\/wp-json\/wp\/v2\/product\/37671","targetHints":{"allow":["GET"]}}],"collection":[{"href":"https:\/\/socageraptor.com\/fr\/wp-json\/wp\/v2\/product"}],"about":[{"href":"https:\/\/socageraptor.com\/fr\/wp-json\/wp\/v2\/types\/product"}],"replies":[{"embeddable":true,"href":"https:\/\/socageraptor.com\/fr\/wp-json\/wp\/v2\/comments?post=37671"}],"wp:featuredmedia":[{"embeddable":true,"href":"https:\/\/socageraptor.com\/fr\/wp-json\/wp\/v2\/media\/37622"}],"wp:attachment":[{"href":"https:\/\/socageraptor.com\/fr\/wp-json\/wp\/v2\/media?parent=37671"}],"wp:term":[{"taxonomy":"product_cat","embeddable":true,"href":"https:\/\/socageraptor.com\/fr\/wp-json\/wp\/v2\/product_cat?post=37671"},{"taxonomy":"product_tag","embeddable":true,"href":"https:\/\/socageraptor.com\/fr\/wp-json\/wp\/v2\/product_tag?post=37671"}],"curies":[{"name":"wp","href":"https:\/\/api.w.org\/{rel}","templated":true}]}}