{"id":37669,"date":"2025-10-07T11:16:57","date_gmt":"2025-10-07T11:16:57","guid":{"rendered":"https:\/\/socageraptor.com\/prodotto\/raptor-12ste\/"},"modified":"2026-02-17T13:35:44","modified_gmt":"2026-02-17T13:35:44","slug":"raptor-12ste","status":"publish","type":"product","link":"https:\/\/socageraptor.com\/fr\/nacelle\/raptor-12ste\/","title":{"rendered":"RAPTOR 12STE"},"content":{"rendered":"<p>Le Raptor 12STE est la version enti\u00e8rement \u00e9lectrique du mod\u00e8le 12ST, id\u00e9al pour ceux qui ont besoin d\u2019une plateforme \u00e0 chenilles compacte, silencieuse et z\u00e9ro \u00e9mission. Gr\u00e2ce \u00e0 sa batterie lithium de derni\u00e8re g\u00e9n\u00e9ration, cette machine garantit de hautes performances et une efficacit\u00e9 maximale, tout en conservant la m\u00eame agilit\u00e9 et facilit\u00e9 d\u2019utilisation qui caract\u00e9risent la gamme Raptor.<\/p>\n<p>Parfait pour travailler en int\u00e9rieur ou dans des environnements soumis \u00e0 des restrictions environnementales comme les h\u00f4pitaux, les a\u00e9roports ou les centres commerciaux, le 12STE offre une hauteur de travail maximale de 12,20 m\u00e8tres et un d\u00e9port lat\u00e9ral allant jusqu\u2019\u00e0 8,30 m\u00e8tres. Une charge compl\u00e8te de la batterie permet d\u2019effectuer au moins 15 cycles de travail complets, \u00e0 savoir la stabilisation, le d\u00e9veloppement complet et la fermeture de la partie a\u00e9rienne, la d\u00e9stabilisation et le retour au mode de d\u00e9placement.<\/p>\n<p>La charge rapide permet d\u2019atteindre 60 % de charge en seulement 4 heures et 100 % en 8 heures, avec la possibilit\u00e9 de travailler m\u00eame avec le c\u00e2ble d\u2019alimentation branch\u00e9.<\/p>\n<p>Compacte et \u00e9cologique, la Raptor 12STE est le choix id\u00e9al pour ceux qui recherchent une productivit\u00e9 \u00e9lev\u00e9e tout en respectant l\u2019environnement.<\/p>\n","protected":false},"excerpt":{"rendered":"<p>Le Raptor 12STE est la version enti\u00e8rement \u00e9lectrique du mod\u00e8le 12ST, id\u00e9al pour ceux qui ont besoin d\u2019une plateforme \u00e0 chenilles compacte, silencieuse et z\u00e9ro \u00e9mission. Gr\u00e2ce \u00e0 sa batterie lithium de derni\u00e8re g\u00e9n\u00e9ration, cette machine garantit de hautes performances et une efficacit\u00e9 maximale, tout en conservant la m\u00eame agilit\u00e9 et facilit\u00e9 d\u2019utilisation qui caract\u00e9risent [&hellip;]<\/p>\n","protected":false},"featured_media":37612,"comment_status":"closed","ping_status":"closed","template":"","meta":{"_et_pb_use_builder":"","_et_pb_old_content":"","_et_gb_content_width":"","inline_featured_image":false,"ngg_post_thumbnail":0},"product_cat":[1514],"product_tag":[],"class_list":["post-37669","product","type-product","status-publish","has-post-thumbnail","hentry","product_cat-ste-electric-series-telescopiques"],"acf":[],"yoast_head":"<!-- This site is optimized with the Yoast SEO plugin v20.2.1 - https:\/\/yoast.com\/wordpress\/plugins\/seo\/ -->\n<title>RAPTOR 12STE - Socage Raptor. Piattaforme aeree ragno.<\/title>\n<meta name=\"robots\" content=\"index, follow, max-snippet:-1, max-image-preview:large, max-video-preview:-1\" \/>\n<link rel=\"canonical\" href=\"https:\/\/socageraptor.com\/fr\/nacelle\/raptor-12ste\/\" \/>\n<meta property=\"og:locale\" content=\"fr_FR\" \/>\n<meta property=\"og:type\" content=\"article\" \/>\n<meta property=\"og:title\" content=\"RAPTOR 12STE - Socage Raptor. Piattaforme aeree ragno.\" \/>\n<meta property=\"og:description\" content=\"Le Raptor 12STE est la version enti\u00e8rement \u00e9lectrique du mod\u00e8le 12ST, id\u00e9al pour ceux qui ont besoin d\u2019une plateforme \u00e0 chenilles compacte, silencieuse et z\u00e9ro \u00e9mission. Gr\u00e2ce \u00e0 sa batterie lithium de derni\u00e8re g\u00e9n\u00e9ration, cette machine garantit de hautes performances et une efficacit\u00e9 maximale, tout en conservant la m\u00eame agilit\u00e9 et facilit\u00e9 d\u2019utilisation qui caract\u00e9risent [&hellip;]\" \/>\n<meta property=\"og:url\" content=\"https:\/\/socageraptor.com\/fr\/nacelle\/raptor-12ste\/\" \/>\n<meta property=\"og:site_name\" content=\"Socage Raptor. Piattaforme aeree ragno.\" \/>\n<meta property=\"article:modified_time\" content=\"2026-02-17T13:35:44+00:00\" \/>\n<meta property=\"og:image\" content=\"https:\/\/socageraptor.com\/wp-content\/uploads\/2025\/10\/Raptor-12STE.jpg\" \/>\n\t<meta property=\"og:image:width\" content=\"1200\" \/>\n\t<meta property=\"og:image:height\" content=\"900\" \/>\n\t<meta property=\"og:image:type\" content=\"image\/jpeg\" \/>\n<meta name=\"twitter:card\" content=\"summary_large_image\" \/>\n<meta name=\"twitter:label1\" content=\"Dur\u00e9e de lecture estim\u00e9e\" \/>\n\t<meta name=\"twitter:data1\" content=\"2 minutes\" \/>\n<script type=\"application\/ld+json\" class=\"yoast-schema-graph\">{\"@context\":\"https:\/\/schema.org\",\"@graph\":[{\"@type\":\"WebPage\",\"@id\":\"https:\/\/socageraptor.com\/fr\/nacelle\/raptor-12ste\/\",\"url\":\"https:\/\/socageraptor.com\/fr\/nacelle\/raptor-12ste\/\",\"name\":\"RAPTOR 12STE - Socage Raptor. Piattaforme aeree ragno.\",\"isPartOf\":{\"@id\":\"https:\/\/socageraptor.com\/fr\/#website\"},\"datePublished\":\"2025-10-07T11:16:57+00:00\",\"dateModified\":\"2026-02-17T13:35:44+00:00\",\"breadcrumb\":{\"@id\":\"https:\/\/socageraptor.com\/fr\/nacelle\/raptor-12ste\/#breadcrumb\"},\"inLanguage\":\"fr-FR\",\"potentialAction\":[{\"@type\":\"ReadAction\",\"target\":[\"https:\/\/socageraptor.com\/fr\/nacelle\/raptor-12ste\/\"]}]},{\"@type\":\"BreadcrumbList\",\"@id\":\"https:\/\/socageraptor.com\/fr\/nacelle\/raptor-12ste\/#breadcrumb\",\"itemListElement\":[{\"@type\":\"ListItem\",\"position\":1,\"name\":\"Portada\",\"item\":\"https:\/\/socageraptor.com\/fr\/\"},{\"@type\":\"ListItem\",\"position\":2,\"name\":\"Des produits\",\"item\":\"https:\/\/socageraptor.com\/it\/negozio-piattaforme-aeree-ragno\/\"},{\"@type\":\"ListItem\",\"position\":3,\"name\":\"RAPTOR 12STE\"}]},{\"@type\":\"WebSite\",\"@id\":\"https:\/\/socageraptor.com\/fr\/#website\",\"url\":\"https:\/\/socageraptor.com\/fr\/\",\"name\":\"Socage Raptor. Piattaforme aeree ragno.\",\"description\":\"Socage Raptor. Piattaforme aeree ragno.\",\"publisher\":{\"@id\":\"https:\/\/socageraptor.com\/fr\/#organization\"},\"potentialAction\":[{\"@type\":\"SearchAction\",\"target\":{\"@type\":\"EntryPoint\",\"urlTemplate\":\"https:\/\/socageraptor.com\/fr\/?s={search_term_string}\"},\"query-input\":\"required name=search_term_string\"}],\"inLanguage\":\"fr-FR\"},{\"@type\":\"Organization\",\"@id\":\"https:\/\/socageraptor.com\/fr\/#organization\",\"name\":\"Socage Raptor\",\"url\":\"https:\/\/socageraptor.com\/fr\/\",\"logo\":{\"@type\":\"ImageObject\",\"inLanguage\":\"fr-FR\",\"@id\":\"https:\/\/socageraptor.com\/fr\/#\/schema\/logo\/image\/\",\"url\":\"https:\/\/socageraptor.com\/wp-content\/uploads\/2019\/07\/socage-raptor.png\",\"contentUrl\":\"https:\/\/socageraptor.com\/wp-content\/uploads\/2019\/07\/socage-raptor.png\",\"width\":5000,\"height\":880,\"caption\":\"Socage Raptor\"},\"image\":{\"@id\":\"https:\/\/socageraptor.com\/fr\/#\/schema\/logo\/image\/\"}}]}<\/script>\n<!-- \/ Yoast SEO plugin. -->","yoast_head_json":{"title":"RAPTOR 12STE - Socage Raptor. Piattaforme aeree ragno.","robots":{"index":"index","follow":"follow","max-snippet":"max-snippet:-1","max-image-preview":"max-image-preview:large","max-video-preview":"max-video-preview:-1"},"canonical":"https:\/\/socageraptor.com\/fr\/nacelle\/raptor-12ste\/","og_locale":"fr_FR","og_type":"article","og_title":"RAPTOR 12STE - Socage Raptor. Piattaforme aeree ragno.","og_description":"Le Raptor 12STE est la version enti\u00e8rement \u00e9lectrique du mod\u00e8le 12ST, id\u00e9al pour ceux qui ont besoin d\u2019une plateforme \u00e0 chenilles compacte, silencieuse et z\u00e9ro \u00e9mission. Gr\u00e2ce \u00e0 sa batterie lithium de derni\u00e8re g\u00e9n\u00e9ration, cette machine garantit de hautes performances et une efficacit\u00e9 maximale, tout en conservant la m\u00eame agilit\u00e9 et facilit\u00e9 d\u2019utilisation qui caract\u00e9risent [&hellip;]","og_url":"https:\/\/socageraptor.com\/fr\/nacelle\/raptor-12ste\/","og_site_name":"Socage Raptor. Piattaforme aeree ragno.","article_modified_time":"2026-02-17T13:35:44+00:00","og_image":[{"width":1200,"height":900,"url":"https:\/\/socageraptor.com\/wp-content\/uploads\/2025\/10\/Raptor-12STE.jpg","type":"image\/jpeg"}],"twitter_card":"summary_large_image","twitter_misc":{"Dur\u00e9e de lecture estim\u00e9e":"2 minutes"},"schema":{"@context":"https:\/\/schema.org","@graph":[{"@type":"WebPage","@id":"https:\/\/socageraptor.com\/fr\/nacelle\/raptor-12ste\/","url":"https:\/\/socageraptor.com\/fr\/nacelle\/raptor-12ste\/","name":"RAPTOR 12STE - Socage Raptor. Piattaforme aeree ragno.","isPartOf":{"@id":"https:\/\/socageraptor.com\/fr\/#website"},"datePublished":"2025-10-07T11:16:57+00:00","dateModified":"2026-02-17T13:35:44+00:00","breadcrumb":{"@id":"https:\/\/socageraptor.com\/fr\/nacelle\/raptor-12ste\/#breadcrumb"},"inLanguage":"fr-FR","potentialAction":[{"@type":"ReadAction","target":["https:\/\/socageraptor.com\/fr\/nacelle\/raptor-12ste\/"]}]},{"@type":"BreadcrumbList","@id":"https:\/\/socageraptor.com\/fr\/nacelle\/raptor-12ste\/#breadcrumb","itemListElement":[{"@type":"ListItem","position":1,"name":"Portada","item":"https:\/\/socageraptor.com\/fr\/"},{"@type":"ListItem","position":2,"name":"Des produits","item":"https:\/\/socageraptor.com\/it\/negozio-piattaforme-aeree-ragno\/"},{"@type":"ListItem","position":3,"name":"RAPTOR 12STE"}]},{"@type":"WebSite","@id":"https:\/\/socageraptor.com\/fr\/#website","url":"https:\/\/socageraptor.com\/fr\/","name":"Socage Raptor. Piattaforme aeree ragno.","description":"Socage Raptor. Piattaforme aeree ragno.","publisher":{"@id":"https:\/\/socageraptor.com\/fr\/#organization"},"potentialAction":[{"@type":"SearchAction","target":{"@type":"EntryPoint","urlTemplate":"https:\/\/socageraptor.com\/fr\/?s={search_term_string}"},"query-input":"required name=search_term_string"}],"inLanguage":"fr-FR"},{"@type":"Organization","@id":"https:\/\/socageraptor.com\/fr\/#organization","name":"Socage Raptor","url":"https:\/\/socageraptor.com\/fr\/","logo":{"@type":"ImageObject","inLanguage":"fr-FR","@id":"https:\/\/socageraptor.com\/fr\/#\/schema\/logo\/image\/","url":"https:\/\/socageraptor.com\/wp-content\/uploads\/2019\/07\/socage-raptor.png","contentUrl":"https:\/\/socageraptor.com\/wp-content\/uploads\/2019\/07\/socage-raptor.png","width":5000,"height":880,"caption":"Socage Raptor"},"image":{"@id":"https:\/\/socageraptor.com\/fr\/#\/schema\/logo\/image\/"}}]}},"_links":{"self":[{"href":"https:\/\/socageraptor.com\/fr\/wp-json\/wp\/v2\/product\/37669","targetHints":{"allow":["GET"]}}],"collection":[{"href":"https:\/\/socageraptor.com\/fr\/wp-json\/wp\/v2\/product"}],"about":[{"href":"https:\/\/socageraptor.com\/fr\/wp-json\/wp\/v2\/types\/product"}],"replies":[{"embeddable":true,"href":"https:\/\/socageraptor.com\/fr\/wp-json\/wp\/v2\/comments?post=37669"}],"wp:featuredmedia":[{"embeddable":true,"href":"https:\/\/socageraptor.com\/fr\/wp-json\/wp\/v2\/media\/37612"}],"wp:attachment":[{"href":"https:\/\/socageraptor.com\/fr\/wp-json\/wp\/v2\/media?parent=37669"}],"wp:term":[{"taxonomy":"product_cat","embeddable":true,"href":"https:\/\/socageraptor.com\/fr\/wp-json\/wp\/v2\/product_cat?post=37669"},{"taxonomy":"product_tag","embeddable":true,"href":"https:\/\/socageraptor.com\/fr\/wp-json\/wp\/v2\/product_tag?post=37669"}],"curies":[{"name":"wp","href":"https:\/\/api.w.org\/{rel}","templated":true}]}}