{"id":37659,"date":"2025-10-07T10:47:24","date_gmt":"2025-10-07T10:47:24","guid":{"rendered":"https:\/\/socageraptor.com\/prodotto\/raptor-18st\/"},"modified":"2026-02-17T13:30:42","modified_gmt":"2026-02-17T13:30:42","slug":"raptor-18st","status":"publish","type":"product","link":"https:\/\/socageraptor.com\/fr\/nacelle\/raptor-18st\/","title":{"rendered":"RAPTOR 18ST"},"content":{"rendered":"<p>Le Raptor 18ST repr\u00e9sente un \u00e9quilibre parfait entre innovation technologique et praticit\u00e9 d\u2019utilisation, une solution fiable, rapide et s\u00fbre dans toutes les situations op\u00e9rationnelles. L\u2019un de ses principaux atouts est sa simplicit\u00e9 d\u2019utilisation : l\u2019op\u00e9rateur peut commencer le travail en quelques minutes, r\u00e9duisant consid\u00e9rablement les temps de mise en route et augmentant la productivit\u00e9 quotidienne.<\/p>\n<p>Il peut atteindre une hauteur maximale de travail de 17,80 m\u00e8tres et une port\u00e9e lat\u00e9rale de 10,50 m\u00e8tres, en conservant toujours la stabilit\u00e9 et la s\u00e9curit\u00e9 maximales. La nacelle, d\u2019une capacit\u00e9 de 230 kg, permet de travailler confortablement \u00e0 deux op\u00e9rateurs avec leurs \u00e9quipements, et sa possibilit\u00e9 de d\u00e9montage ajoute une flexibilit\u00e9 op\u00e9rationnelle suppl\u00e9mentaire. La rotation de la tourette de 190\u00b0+190\u00b0 et la rotation de la nacelle de 60\u00b0+60\u00b0 permettent un positionnement pr\u00e9cis et une libert\u00e9 de mouvement optimale m\u00eame dans les espaces les plus complexes.<\/p>\n<p>Chaque d\u00e9tail est con\u00e7u pour garantir fiabilit\u00e9 et continuit\u00e9 de travail, des chenilles anti-traces blanches, qui permettent des d\u00e9placements sans endommager les surfaces, \u00e0 la pompe manuelle d\u2019urgence et \u00e0 l\u2019\u00e9lectropompe auxiliaire, offrant un niveau sup\u00e9rieur de s\u00e9curit\u00e9 et d\u2019ind\u00e9pendance.<\/p>\n<p>Compacte par ses dimensions mais extr\u00eamement performante dans ses capacit\u00e9s op\u00e9rationnelles, cette plateforme est le choix id\u00e9al pour ceux qui souhaitent allier rapidit\u00e9, facilit\u00e9 d\u2019utilisation et performances de haut niveau, sans compromis sur la qualit\u00e9 et la s\u00e9curit\u00e9.<\/p>\n<p>Le Raptor 18ST est une plateforme chenill\u00e9e pr\u00eate \u00e0 r\u00e9pondre aux besoins des professionnels qui recherchent des outils concrets pour augmenter l\u2019efficacit\u00e9 et relever les d\u00e9fis quotidiens avec un avantage comp\u00e9titif r\u00e9el.<\/p>\n","protected":false},"excerpt":{"rendered":"<p>Le Raptor 18ST repr\u00e9sente un \u00e9quilibre parfait entre innovation technologique et praticit\u00e9 d\u2019utilisation, une solution fiable, rapide et s\u00fbre dans toutes les situations op\u00e9rationnelles. L\u2019un de ses principaux atouts est sa simplicit\u00e9 d\u2019utilisation : l\u2019op\u00e9rateur peut commencer le travail en quelques minutes, r\u00e9duisant consid\u00e9rablement les temps de mise en route et augmentant la productivit\u00e9 quotidienne.<\/p>\n<p>Il peut atteindre une hauteur maximale de travail de 17,80 m\u00e8tres et une port\u00e9e lat\u00e9rale de 10,50 m\u00e8tres, en conservant toujours la stabilit\u00e9 et la s\u00e9curit\u00e9 maximales. La nacelle, d\u2019une capacit\u00e9 de 230 kg, permet de travailler confortablement \u00e0 deux op\u00e9rateurs avec leurs \u00e9quipements, et sa possibilit\u00e9 de d\u00e9montage ajoute une flexibilit\u00e9 op\u00e9rationnelle suppl\u00e9mentaire. La rotation de la tourette de 190\u00b0+190\u00b0 et la rotation de la nacelle de 60\u00b0+60\u00b0 permettent un positionnement pr\u00e9cis et une libert\u00e9 de mouvement optimale m\u00eame dans les espaces les plus complexes.<\/p>\n<p>Chaque d\u00e9tail est con\u00e7u pour garantir fiabilit\u00e9 et continuit\u00e9 de travail, des chenilles anti-traces blanches, qui permettent des d\u00e9placements sans endommager les surfaces, \u00e0 la pompe manuelle d\u2019urgence et \u00e0 l\u2019\u00e9lectropompe auxiliaire, offrant un niveau sup\u00e9rieur de s\u00e9curit\u00e9 et d\u2019ind\u00e9pendance.<\/p>\n<p>Compacte par ses dimensions mais extr\u00eamement performante dans ses capacit\u00e9s op\u00e9rationnelles, cette plateforme est le choix id\u00e9al pour ceux qui souhaitent allier rapidit\u00e9, facilit\u00e9 d\u2019utilisation et performances de haut niveau, sans compromis sur la qualit\u00e9 et la s\u00e9curit\u00e9.<\/p>\n<p>Le Raptor 18ST est une plateforme chenill\u00e9e pr\u00eate \u00e0 r\u00e9pondre aux besoins des professionnels qui recherchent des outils concrets pour augmenter l\u2019efficacit\u00e9 et relever les d\u00e9fis quotidiens avec un avantage comp\u00e9titif r\u00e9el.<\/p>\n","protected":false},"featured_media":37558,"comment_status":"closed","ping_status":"closed","template":"","meta":{"_et_pb_use_builder":"","_et_pb_old_content":"","_et_gb_content_width":"","inline_featured_image":false,"ngg_post_thumbnail":0},"product_cat":[1510],"product_tag":[],"class_list":["post-37659","product","type-product","status-publish","has-post-thumbnail","hentry","product_cat-st-telescopique"],"acf":[],"yoast_head":"<!-- This site is optimized with the Yoast SEO plugin v20.2.1 - https:\/\/yoast.com\/wordpress\/plugins\/seo\/ -->\n<title>RAPTOR 18ST<\/title>\n<meta name=\"robots\" content=\"index, follow, max-snippet:-1, max-image-preview:large, max-video-preview:-1\" \/>\n<link rel=\"canonical\" href=\"https:\/\/socageraptor.com\/fr\/nacelle\/raptor-18st\/\" \/>\n<meta property=\"og:locale\" content=\"fr_FR\" \/>\n<meta property=\"og:type\" content=\"article\" \/>\n<meta property=\"og:title\" content=\"RAPTOR 18ST\" \/>\n<meta property=\"og:description\" content=\"Le Raptor 18ST repr\u00e9sente un \u00e9quilibre parfait entre innovation technologique et praticit\u00e9 d\u2019utilisation, une solution fiable, rapide et s\u00fbre dans toutes les situations op\u00e9rationnelles. L\u2019un de ses principaux atouts est sa simplicit\u00e9 d\u2019utilisation : l\u2019op\u00e9rateur peut commencer le travail en quelques minutes, r\u00e9duisant consid\u00e9rablement les temps de mise en route et augmentant la productivit\u00e9 quotidienne.  Il peut atteindre une hauteur maximale de travail de 17,80 m\u00e8tres et une port\u00e9e lat\u00e9rale de 10,50 m\u00e8tres, en conservant toujours la stabilit\u00e9 et la s\u00e9curit\u00e9 maximales. La nacelle, d\u2019une capacit\u00e9 de 230 kg, permet de travailler confortablement \u00e0 deux op\u00e9rateurs avec leurs \u00e9quipements, et sa possibilit\u00e9 de d\u00e9montage ajoute une flexibilit\u00e9 op\u00e9rationnelle suppl\u00e9mentaire. La rotation de la tourette de 190\u00b0+190\u00b0 et la rotation de la nacelle de 60\u00b0+60\u00b0 permettent un positionnement pr\u00e9cis et une libert\u00e9 de mouvement optimale m\u00eame dans les espaces les plus complexes.  Chaque d\u00e9tail est con\u00e7u pour garantir fiabilit\u00e9 et continuit\u00e9 de travail, des chenilles anti-traces blanches, qui permettent des d\u00e9placements sans endommager les surfaces, \u00e0 la pompe manuelle d\u2019urgence et \u00e0 l\u2019\u00e9lectropompe auxiliaire, offrant un niveau sup\u00e9rieur de s\u00e9curit\u00e9 et d\u2019ind\u00e9pendance.  Compacte par ses dimensions mais extr\u00eamement performante dans ses capacit\u00e9s op\u00e9rationnelles, cette plateforme est le choix id\u00e9al pour ceux qui souhaitent allier rapidit\u00e9, facilit\u00e9 d\u2019utilisation et performances de haut niveau, sans compromis sur la qualit\u00e9 et la s\u00e9curit\u00e9.  Le Raptor 18ST est une plateforme chenill\u00e9e pr\u00eate \u00e0 r\u00e9pondre aux besoins des professionnels qui recherchent des outils concrets pour augmenter l\u2019efficacit\u00e9 et relever les d\u00e9fis quotidiens avec un avantage comp\u00e9titif r\u00e9el.\" \/>\n<meta property=\"og:url\" content=\"https:\/\/socageraptor.com\/fr\/nacelle\/raptor-18st\/\" \/>\n<meta property=\"og:site_name\" content=\"Socage Raptor. Piattaforme aeree ragno.\" \/>\n<meta property=\"article:modified_time\" content=\"2026-02-17T13:30:42+00:00\" \/>\n<meta property=\"og:image\" content=\"https:\/\/socageraptor.com\/wp-content\/uploads\/2025\/10\/piattaforma-ragno-telescopica-18ST.jpg\" \/>\n\t<meta property=\"og:image:width\" content=\"1200\" \/>\n\t<meta property=\"og:image:height\" content=\"900\" \/>\n\t<meta property=\"og:image:type\" content=\"image\/jpeg\" \/>\n<meta name=\"twitter:card\" content=\"summary_large_image\" \/>\n<meta name=\"twitter:label1\" content=\"Dur\u00e9e de lecture estim\u00e9e\" \/>\n\t<meta name=\"twitter:data1\" content=\"2 minutes\" \/>\n<script type=\"application\/ld+json\" class=\"yoast-schema-graph\">{\"@context\":\"https:\/\/schema.org\",\"@graph\":[{\"@type\":\"WebPage\",\"@id\":\"https:\/\/socageraptor.com\/fr\/nacelle\/raptor-18st\/\",\"url\":\"https:\/\/socageraptor.com\/fr\/nacelle\/raptor-18st\/\",\"name\":\"RAPTOR 18ST\",\"isPartOf\":{\"@id\":\"https:\/\/socageraptor.com\/fr\/#website\"},\"datePublished\":\"2025-10-07T10:47:24+00:00\",\"dateModified\":\"2026-02-17T13:30:42+00:00\",\"breadcrumb\":{\"@id\":\"https:\/\/socageraptor.com\/fr\/nacelle\/raptor-18st\/#breadcrumb\"},\"inLanguage\":\"fr-FR\",\"potentialAction\":[{\"@type\":\"ReadAction\",\"target\":[\"https:\/\/socageraptor.com\/fr\/nacelle\/raptor-18st\/\"]}]},{\"@type\":\"BreadcrumbList\",\"@id\":\"https:\/\/socageraptor.com\/fr\/nacelle\/raptor-18st\/#breadcrumb\",\"itemListElement\":[{\"@type\":\"ListItem\",\"position\":1,\"name\":\"Portada\",\"item\":\"https:\/\/socageraptor.com\/fr\/\"},{\"@type\":\"ListItem\",\"position\":2,\"name\":\"Des produits\",\"item\":\"https:\/\/socageraptor.com\/it\/negozio-piattaforme-aeree-ragno\/\"},{\"@type\":\"ListItem\",\"position\":3,\"name\":\"RAPTOR 18ST\"}]},{\"@type\":\"WebSite\",\"@id\":\"https:\/\/socageraptor.com\/fr\/#website\",\"url\":\"https:\/\/socageraptor.com\/fr\/\",\"name\":\"Socage Raptor. Piattaforme aeree ragno.\",\"description\":\"Socage Raptor. Piattaforme aeree ragno.\",\"publisher\":{\"@id\":\"https:\/\/socageraptor.com\/fr\/#organization\"},\"potentialAction\":[{\"@type\":\"SearchAction\",\"target\":{\"@type\":\"EntryPoint\",\"urlTemplate\":\"https:\/\/socageraptor.com\/fr\/?s={search_term_string}\"},\"query-input\":\"required name=search_term_string\"}],\"inLanguage\":\"fr-FR\"},{\"@type\":\"Organization\",\"@id\":\"https:\/\/socageraptor.com\/fr\/#organization\",\"name\":\"Socage Raptor\",\"url\":\"https:\/\/socageraptor.com\/fr\/\",\"logo\":{\"@type\":\"ImageObject\",\"inLanguage\":\"fr-FR\",\"@id\":\"https:\/\/socageraptor.com\/fr\/#\/schema\/logo\/image\/\",\"url\":\"https:\/\/socageraptor.com\/wp-content\/uploads\/2019\/07\/socage-raptor.png\",\"contentUrl\":\"https:\/\/socageraptor.com\/wp-content\/uploads\/2019\/07\/socage-raptor.png\",\"width\":5000,\"height\":880,\"caption\":\"Socage Raptor\"},\"image\":{\"@id\":\"https:\/\/socageraptor.com\/fr\/#\/schema\/logo\/image\/\"}}]}<\/script>\n<!-- \/ Yoast SEO plugin. -->","yoast_head_json":{"title":"RAPTOR 18ST","robots":{"index":"index","follow":"follow","max-snippet":"max-snippet:-1","max-image-preview":"max-image-preview:large","max-video-preview":"max-video-preview:-1"},"canonical":"https:\/\/socageraptor.com\/fr\/nacelle\/raptor-18st\/","og_locale":"fr_FR","og_type":"article","og_title":"RAPTOR 18ST","og_description":"Le Raptor 18ST repr\u00e9sente un \u00e9quilibre parfait entre innovation technologique et praticit\u00e9 d\u2019utilisation, une solution fiable, rapide et s\u00fbre dans toutes les situations op\u00e9rationnelles. L\u2019un de ses principaux atouts est sa simplicit\u00e9 d\u2019utilisation : l\u2019op\u00e9rateur peut commencer le travail en quelques minutes, r\u00e9duisant consid\u00e9rablement les temps de mise en route et augmentant la productivit\u00e9 quotidienne.  Il peut atteindre une hauteur maximale de travail de 17,80 m\u00e8tres et une port\u00e9e lat\u00e9rale de 10,50 m\u00e8tres, en conservant toujours la stabilit\u00e9 et la s\u00e9curit\u00e9 maximales. La nacelle, d\u2019une capacit\u00e9 de 230 kg, permet de travailler confortablement \u00e0 deux op\u00e9rateurs avec leurs \u00e9quipements, et sa possibilit\u00e9 de d\u00e9montage ajoute une flexibilit\u00e9 op\u00e9rationnelle suppl\u00e9mentaire. La rotation de la tourette de 190\u00b0+190\u00b0 et la rotation de la nacelle de 60\u00b0+60\u00b0 permettent un positionnement pr\u00e9cis et une libert\u00e9 de mouvement optimale m\u00eame dans les espaces les plus complexes.  Chaque d\u00e9tail est con\u00e7u pour garantir fiabilit\u00e9 et continuit\u00e9 de travail, des chenilles anti-traces blanches, qui permettent des d\u00e9placements sans endommager les surfaces, \u00e0 la pompe manuelle d\u2019urgence et \u00e0 l\u2019\u00e9lectropompe auxiliaire, offrant un niveau sup\u00e9rieur de s\u00e9curit\u00e9 et d\u2019ind\u00e9pendance.  Compacte par ses dimensions mais extr\u00eamement performante dans ses capacit\u00e9s op\u00e9rationnelles, cette plateforme est le choix id\u00e9al pour ceux qui souhaitent allier rapidit\u00e9, facilit\u00e9 d\u2019utilisation et performances de haut niveau, sans compromis sur la qualit\u00e9 et la s\u00e9curit\u00e9.  Le Raptor 18ST est une plateforme chenill\u00e9e pr\u00eate \u00e0 r\u00e9pondre aux besoins des professionnels qui recherchent des outils concrets pour augmenter l\u2019efficacit\u00e9 et relever les d\u00e9fis quotidiens avec un avantage comp\u00e9titif r\u00e9el.","og_url":"https:\/\/socageraptor.com\/fr\/nacelle\/raptor-18st\/","og_site_name":"Socage Raptor. Piattaforme aeree ragno.","article_modified_time":"2026-02-17T13:30:42+00:00","og_image":[{"width":1200,"height":900,"url":"https:\/\/socageraptor.com\/wp-content\/uploads\/2025\/10\/piattaforma-ragno-telescopica-18ST.jpg","type":"image\/jpeg"}],"twitter_card":"summary_large_image","twitter_misc":{"Dur\u00e9e de lecture estim\u00e9e":"2 minutes"},"schema":{"@context":"https:\/\/schema.org","@graph":[{"@type":"WebPage","@id":"https:\/\/socageraptor.com\/fr\/nacelle\/raptor-18st\/","url":"https:\/\/socageraptor.com\/fr\/nacelle\/raptor-18st\/","name":"RAPTOR 18ST","isPartOf":{"@id":"https:\/\/socageraptor.com\/fr\/#website"},"datePublished":"2025-10-07T10:47:24+00:00","dateModified":"2026-02-17T13:30:42+00:00","breadcrumb":{"@id":"https:\/\/socageraptor.com\/fr\/nacelle\/raptor-18st\/#breadcrumb"},"inLanguage":"fr-FR","potentialAction":[{"@type":"ReadAction","target":["https:\/\/socageraptor.com\/fr\/nacelle\/raptor-18st\/"]}]},{"@type":"BreadcrumbList","@id":"https:\/\/socageraptor.com\/fr\/nacelle\/raptor-18st\/#breadcrumb","itemListElement":[{"@type":"ListItem","position":1,"name":"Portada","item":"https:\/\/socageraptor.com\/fr\/"},{"@type":"ListItem","position":2,"name":"Des produits","item":"https:\/\/socageraptor.com\/it\/negozio-piattaforme-aeree-ragno\/"},{"@type":"ListItem","position":3,"name":"RAPTOR 18ST"}]},{"@type":"WebSite","@id":"https:\/\/socageraptor.com\/fr\/#website","url":"https:\/\/socageraptor.com\/fr\/","name":"Socage Raptor. Piattaforme aeree ragno.","description":"Socage Raptor. Piattaforme aeree ragno.","publisher":{"@id":"https:\/\/socageraptor.com\/fr\/#organization"},"potentialAction":[{"@type":"SearchAction","target":{"@type":"EntryPoint","urlTemplate":"https:\/\/socageraptor.com\/fr\/?s={search_term_string}"},"query-input":"required name=search_term_string"}],"inLanguage":"fr-FR"},{"@type":"Organization","@id":"https:\/\/socageraptor.com\/fr\/#organization","name":"Socage Raptor","url":"https:\/\/socageraptor.com\/fr\/","logo":{"@type":"ImageObject","inLanguage":"fr-FR","@id":"https:\/\/socageraptor.com\/fr\/#\/schema\/logo\/image\/","url":"https:\/\/socageraptor.com\/wp-content\/uploads\/2019\/07\/socage-raptor.png","contentUrl":"https:\/\/socageraptor.com\/wp-content\/uploads\/2019\/07\/socage-raptor.png","width":5000,"height":880,"caption":"Socage Raptor"},"image":{"@id":"https:\/\/socageraptor.com\/fr\/#\/schema\/logo\/image\/"}}]}},"_links":{"self":[{"href":"https:\/\/socageraptor.com\/fr\/wp-json\/wp\/v2\/product\/37659","targetHints":{"allow":["GET"]}}],"collection":[{"href":"https:\/\/socageraptor.com\/fr\/wp-json\/wp\/v2\/product"}],"about":[{"href":"https:\/\/socageraptor.com\/fr\/wp-json\/wp\/v2\/types\/product"}],"replies":[{"embeddable":true,"href":"https:\/\/socageraptor.com\/fr\/wp-json\/wp\/v2\/comments?post=37659"}],"wp:featuredmedia":[{"embeddable":true,"href":"https:\/\/socageraptor.com\/fr\/wp-json\/wp\/v2\/media\/37558"}],"wp:attachment":[{"href":"https:\/\/socageraptor.com\/fr\/wp-json\/wp\/v2\/media?parent=37659"}],"wp:term":[{"taxonomy":"product_cat","embeddable":true,"href":"https:\/\/socageraptor.com\/fr\/wp-json\/wp\/v2\/product_cat?post=37659"},{"taxonomy":"product_tag","embeddable":true,"href":"https:\/\/socageraptor.com\/fr\/wp-json\/wp\/v2\/product_tag?post=37659"}],"curies":[{"name":"wp","href":"https:\/\/api.w.org\/{rel}","templated":true}]}}