{"id":37658,"date":"2025-10-07T10:41:16","date_gmt":"2025-10-07T10:41:16","guid":{"rendered":"https:\/\/socageraptor.com\/prodotto\/raptor-15st\/"},"modified":"2026-02-17T13:30:10","modified_gmt":"2026-02-17T13:30:10","slug":"raptor-15st","status":"publish","type":"product","link":"https:\/\/socageraptor.com\/fr\/nacelle\/raptor-15st\/","title":{"rendered":"RAPTOR 15ST"},"content":{"rendered":"<p>Le Raptor 15ST est la nacelle araign\u00e9e avec dimensions compactes et grandes performances, con\u00e7ue pour ceux qui recherchent une machine rapide \u00e0 utiliser et fiable.<\/p>\n<p>Avec ses 14,90 m\u00e8tres de hauteur de travail et une port\u00e9e lat\u00e9rale maximale de 10,70 m\u00e8tres, le Raptor 15ST se distingue par sa capacit\u00e9 \u00e0 atteindre des points difficiles tout en maintenant stabilit\u00e9 et pr\u00e9cision. La nacelle avec une capacit\u00e9 de 230 kg permet de travailler confortablement \u00e0 deux op\u00e9rateurs avec leurs \u00e9quipements, offrant s\u00e9curit\u00e9 et praticit\u00e9 dans toutes les conditions.<\/p>\n<p>Son agilit\u00e9 sur les terrains accident\u00e9s est garantie par les chenilles, qui offrent stabilit\u00e9 et adh\u00e9rence en toute situation, sans compromettre la d\u00e9licatesse sur les surfaces sensibles. Le Raptor 15ST se distingue comme une plateforme polyvalente, compacte et puissante, id\u00e9ale pour les travaux de maintenance, le b\u00e2timent, les espaces verts urbains ou les installations dans des espaces restreints.<\/p>\n<p>Le r\u00e9sultat est une nacelle qui combine performances professionnelles et facilit\u00e9 d\u2019utilisation, pens\u00e9e pour ceux qui recherchent une solution rapide, s\u00fbre et capable de s\u2019adapter \u00e0 de multiples sc\u00e9narios op\u00e9rationnels.<\/p>\n","protected":false},"excerpt":{"rendered":"<p>Le Raptor 15ST est la nacelle araign\u00e9e avec dimensions compactes et grandes performances, con\u00e7ue pour ceux qui recherchent une machine rapide \u00e0 utiliser et fiable.<\/p>\n<p>Avec ses 14,90 m\u00e8tres de hauteur de travail et une port\u00e9e lat\u00e9rale maximale de 10,70 m\u00e8tres, le Raptor 15ST se distingue par sa capacit\u00e9 \u00e0 atteindre des points difficiles tout en maintenant stabilit\u00e9 et pr\u00e9cision. La nacelle avec une capacit\u00e9 de 230 kg permet de travailler confortablement \u00e0 deux op\u00e9rateurs avec leurs \u00e9quipements, offrant s\u00e9curit\u00e9 et praticit\u00e9 dans toutes les conditions.<\/p>\n<p>Son agilit\u00e9 sur les terrains accident\u00e9s est garantie par les chenilles, qui offrent stabilit\u00e9 et adh\u00e9rence en toute situation, sans compromettre la d\u00e9licatesse sur les surfaces sensibles. Le Raptor 15ST se distingue comme une plateforme polyvalente, compacte et puissante, id\u00e9ale pour les travaux de maintenance, le b\u00e2timent, les espaces verts urbains ou les installations dans des espaces restreints.<\/p>\n<p>Le r\u00e9sultat est une nacelle qui combine performances professionnelles et facilit\u00e9 d\u2019utilisation, pens\u00e9e pour ceux qui recherchent une solution rapide, s\u00fbre et capable de s\u2019adapter \u00e0 de multiples sc\u00e9narios op\u00e9rationnels.<\/p>\n","protected":false},"featured_media":37553,"comment_status":"closed","ping_status":"closed","template":"","meta":{"_et_pb_use_builder":"","_et_pb_old_content":"","_et_gb_content_width":"","inline_featured_image":false,"ngg_post_thumbnail":0},"product_cat":[1510],"product_tag":[],"class_list":["post-37658","product","type-product","status-publish","has-post-thumbnail","hentry","product_cat-st-telescopique"],"acf":[],"yoast_head":"<!-- This site is optimized with the Yoast SEO plugin v20.2.1 - https:\/\/yoast.com\/wordpress\/plugins\/seo\/ -->\n<title>RAPTOR 15ST<\/title>\n<meta name=\"robots\" content=\"index, follow, max-snippet:-1, max-image-preview:large, max-video-preview:-1\" \/>\n<link rel=\"canonical\" href=\"https:\/\/socageraptor.com\/fr\/nacelle\/raptor-15st\/\" \/>\n<meta property=\"og:locale\" content=\"fr_FR\" \/>\n<meta property=\"og:type\" content=\"article\" \/>\n<meta property=\"og:title\" content=\"RAPTOR 15ST\" \/>\n<meta property=\"og:description\" content=\"Le Raptor 15ST est la nacelle araign\u00e9e avec dimensions compactes et grandes performances, con\u00e7ue pour ceux qui recherchent une machine rapide \u00e0 utiliser et fiable.  Avec ses 14,90 m\u00e8tres de hauteur de travail et une port\u00e9e lat\u00e9rale maximale de 10,70 m\u00e8tres, le Raptor 15ST se distingue par sa capacit\u00e9 \u00e0 atteindre des points difficiles tout en maintenant stabilit\u00e9 et pr\u00e9cision. La nacelle avec une capacit\u00e9 de 230 kg permet de travailler confortablement \u00e0 deux op\u00e9rateurs avec leurs \u00e9quipements, offrant s\u00e9curit\u00e9 et praticit\u00e9 dans toutes les conditions.  Son agilit\u00e9 sur les terrains accident\u00e9s est garantie par les chenilles, qui offrent stabilit\u00e9 et adh\u00e9rence en toute situation, sans compromettre la d\u00e9licatesse sur les surfaces sensibles. Le Raptor 15ST se distingue comme une plateforme polyvalente, compacte et puissante, id\u00e9ale pour les travaux de maintenance, le b\u00e2timent, les espaces verts urbains ou les installations dans des espaces restreints.  Le r\u00e9sultat est une nacelle qui combine performances professionnelles et facilit\u00e9 d\u2019utilisation, pens\u00e9e pour ceux qui recherchent une solution rapide, s\u00fbre et capable de s\u2019adapter \u00e0 de multiples sc\u00e9narios op\u00e9rationnels.\" \/>\n<meta property=\"og:url\" content=\"https:\/\/socageraptor.com\/fr\/nacelle\/raptor-15st\/\" \/>\n<meta property=\"og:site_name\" content=\"Socage Raptor. Piattaforme aeree ragno.\" \/>\n<meta property=\"article:modified_time\" content=\"2026-02-17T13:30:10+00:00\" \/>\n<meta property=\"og:image\" content=\"https:\/\/socageraptor.com\/wp-content\/uploads\/2025\/10\/piattaforma-ragno-15ST.jpg\" \/>\n\t<meta property=\"og:image:width\" content=\"1200\" \/>\n\t<meta property=\"og:image:height\" content=\"900\" \/>\n\t<meta property=\"og:image:type\" content=\"image\/jpeg\" \/>\n<meta name=\"twitter:card\" content=\"summary_large_image\" \/>\n<meta name=\"twitter:label1\" content=\"Dur\u00e9e de lecture estim\u00e9e\" \/>\n\t<meta name=\"twitter:data1\" content=\"1 minute\" \/>\n<script type=\"application\/ld+json\" class=\"yoast-schema-graph\">{\"@context\":\"https:\/\/schema.org\",\"@graph\":[{\"@type\":\"WebPage\",\"@id\":\"https:\/\/socageraptor.com\/fr\/nacelle\/raptor-15st\/\",\"url\":\"https:\/\/socageraptor.com\/fr\/nacelle\/raptor-15st\/\",\"name\":\"RAPTOR 15ST\",\"isPartOf\":{\"@id\":\"https:\/\/socageraptor.com\/fr\/#website\"},\"datePublished\":\"2025-10-07T10:41:16+00:00\",\"dateModified\":\"2026-02-17T13:30:10+00:00\",\"breadcrumb\":{\"@id\":\"https:\/\/socageraptor.com\/fr\/nacelle\/raptor-15st\/#breadcrumb\"},\"inLanguage\":\"fr-FR\",\"potentialAction\":[{\"@type\":\"ReadAction\",\"target\":[\"https:\/\/socageraptor.com\/fr\/nacelle\/raptor-15st\/\"]}]},{\"@type\":\"BreadcrumbList\",\"@id\":\"https:\/\/socageraptor.com\/fr\/nacelle\/raptor-15st\/#breadcrumb\",\"itemListElement\":[{\"@type\":\"ListItem\",\"position\":1,\"name\":\"Portada\",\"item\":\"https:\/\/socageraptor.com\/fr\/\"},{\"@type\":\"ListItem\",\"position\":2,\"name\":\"Des produits\",\"item\":\"https:\/\/socageraptor.com\/it\/negozio-piattaforme-aeree-ragno\/\"},{\"@type\":\"ListItem\",\"position\":3,\"name\":\"RAPTOR 15ST\"}]},{\"@type\":\"WebSite\",\"@id\":\"https:\/\/socageraptor.com\/fr\/#website\",\"url\":\"https:\/\/socageraptor.com\/fr\/\",\"name\":\"Socage Raptor. Piattaforme aeree ragno.\",\"description\":\"Socage Raptor. Piattaforme aeree ragno.\",\"publisher\":{\"@id\":\"https:\/\/socageraptor.com\/fr\/#organization\"},\"potentialAction\":[{\"@type\":\"SearchAction\",\"target\":{\"@type\":\"EntryPoint\",\"urlTemplate\":\"https:\/\/socageraptor.com\/fr\/?s={search_term_string}\"},\"query-input\":\"required name=search_term_string\"}],\"inLanguage\":\"fr-FR\"},{\"@type\":\"Organization\",\"@id\":\"https:\/\/socageraptor.com\/fr\/#organization\",\"name\":\"Socage Raptor\",\"url\":\"https:\/\/socageraptor.com\/fr\/\",\"logo\":{\"@type\":\"ImageObject\",\"inLanguage\":\"fr-FR\",\"@id\":\"https:\/\/socageraptor.com\/fr\/#\/schema\/logo\/image\/\",\"url\":\"https:\/\/socageraptor.com\/wp-content\/uploads\/2019\/07\/socage-raptor.png\",\"contentUrl\":\"https:\/\/socageraptor.com\/wp-content\/uploads\/2019\/07\/socage-raptor.png\",\"width\":5000,\"height\":880,\"caption\":\"Socage Raptor\"},\"image\":{\"@id\":\"https:\/\/socageraptor.com\/fr\/#\/schema\/logo\/image\/\"}}]}<\/script>\n<!-- \/ Yoast SEO plugin. -->","yoast_head_json":{"title":"RAPTOR 15ST","robots":{"index":"index","follow":"follow","max-snippet":"max-snippet:-1","max-image-preview":"max-image-preview:large","max-video-preview":"max-video-preview:-1"},"canonical":"https:\/\/socageraptor.com\/fr\/nacelle\/raptor-15st\/","og_locale":"fr_FR","og_type":"article","og_title":"RAPTOR 15ST","og_description":"Le Raptor 15ST est la nacelle araign\u00e9e avec dimensions compactes et grandes performances, con\u00e7ue pour ceux qui recherchent une machine rapide \u00e0 utiliser et fiable.  Avec ses 14,90 m\u00e8tres de hauteur de travail et une port\u00e9e lat\u00e9rale maximale de 10,70 m\u00e8tres, le Raptor 15ST se distingue par sa capacit\u00e9 \u00e0 atteindre des points difficiles tout en maintenant stabilit\u00e9 et pr\u00e9cision. La nacelle avec une capacit\u00e9 de 230 kg permet de travailler confortablement \u00e0 deux op\u00e9rateurs avec leurs \u00e9quipements, offrant s\u00e9curit\u00e9 et praticit\u00e9 dans toutes les conditions.  Son agilit\u00e9 sur les terrains accident\u00e9s est garantie par les chenilles, qui offrent stabilit\u00e9 et adh\u00e9rence en toute situation, sans compromettre la d\u00e9licatesse sur les surfaces sensibles. Le Raptor 15ST se distingue comme une plateforme polyvalente, compacte et puissante, id\u00e9ale pour les travaux de maintenance, le b\u00e2timent, les espaces verts urbains ou les installations dans des espaces restreints.  Le r\u00e9sultat est une nacelle qui combine performances professionnelles et facilit\u00e9 d\u2019utilisation, pens\u00e9e pour ceux qui recherchent une solution rapide, s\u00fbre et capable de s\u2019adapter \u00e0 de multiples sc\u00e9narios op\u00e9rationnels.","og_url":"https:\/\/socageraptor.com\/fr\/nacelle\/raptor-15st\/","og_site_name":"Socage Raptor. Piattaforme aeree ragno.","article_modified_time":"2026-02-17T13:30:10+00:00","og_image":[{"width":1200,"height":900,"url":"https:\/\/socageraptor.com\/wp-content\/uploads\/2025\/10\/piattaforma-ragno-15ST.jpg","type":"image\/jpeg"}],"twitter_card":"summary_large_image","twitter_misc":{"Dur\u00e9e de lecture estim\u00e9e":"1 minute"},"schema":{"@context":"https:\/\/schema.org","@graph":[{"@type":"WebPage","@id":"https:\/\/socageraptor.com\/fr\/nacelle\/raptor-15st\/","url":"https:\/\/socageraptor.com\/fr\/nacelle\/raptor-15st\/","name":"RAPTOR 15ST","isPartOf":{"@id":"https:\/\/socageraptor.com\/fr\/#website"},"datePublished":"2025-10-07T10:41:16+00:00","dateModified":"2026-02-17T13:30:10+00:00","breadcrumb":{"@id":"https:\/\/socageraptor.com\/fr\/nacelle\/raptor-15st\/#breadcrumb"},"inLanguage":"fr-FR","potentialAction":[{"@type":"ReadAction","target":["https:\/\/socageraptor.com\/fr\/nacelle\/raptor-15st\/"]}]},{"@type":"BreadcrumbList","@id":"https:\/\/socageraptor.com\/fr\/nacelle\/raptor-15st\/#breadcrumb","itemListElement":[{"@type":"ListItem","position":1,"name":"Portada","item":"https:\/\/socageraptor.com\/fr\/"},{"@type":"ListItem","position":2,"name":"Des produits","item":"https:\/\/socageraptor.com\/it\/negozio-piattaforme-aeree-ragno\/"},{"@type":"ListItem","position":3,"name":"RAPTOR 15ST"}]},{"@type":"WebSite","@id":"https:\/\/socageraptor.com\/fr\/#website","url":"https:\/\/socageraptor.com\/fr\/","name":"Socage Raptor. Piattaforme aeree ragno.","description":"Socage Raptor. Piattaforme aeree ragno.","publisher":{"@id":"https:\/\/socageraptor.com\/fr\/#organization"},"potentialAction":[{"@type":"SearchAction","target":{"@type":"EntryPoint","urlTemplate":"https:\/\/socageraptor.com\/fr\/?s={search_term_string}"},"query-input":"required name=search_term_string"}],"inLanguage":"fr-FR"},{"@type":"Organization","@id":"https:\/\/socageraptor.com\/fr\/#organization","name":"Socage Raptor","url":"https:\/\/socageraptor.com\/fr\/","logo":{"@type":"ImageObject","inLanguage":"fr-FR","@id":"https:\/\/socageraptor.com\/fr\/#\/schema\/logo\/image\/","url":"https:\/\/socageraptor.com\/wp-content\/uploads\/2019\/07\/socage-raptor.png","contentUrl":"https:\/\/socageraptor.com\/wp-content\/uploads\/2019\/07\/socage-raptor.png","width":5000,"height":880,"caption":"Socage Raptor"},"image":{"@id":"https:\/\/socageraptor.com\/fr\/#\/schema\/logo\/image\/"}}]}},"_links":{"self":[{"href":"https:\/\/socageraptor.com\/fr\/wp-json\/wp\/v2\/product\/37658","targetHints":{"allow":["GET"]}}],"collection":[{"href":"https:\/\/socageraptor.com\/fr\/wp-json\/wp\/v2\/product"}],"about":[{"href":"https:\/\/socageraptor.com\/fr\/wp-json\/wp\/v2\/types\/product"}],"replies":[{"embeddable":true,"href":"https:\/\/socageraptor.com\/fr\/wp-json\/wp\/v2\/comments?post=37658"}],"wp:featuredmedia":[{"embeddable":true,"href":"https:\/\/socageraptor.com\/fr\/wp-json\/wp\/v2\/media\/37553"}],"wp:attachment":[{"href":"https:\/\/socageraptor.com\/fr\/wp-json\/wp\/v2\/media?parent=37658"}],"wp:term":[{"taxonomy":"product_cat","embeddable":true,"href":"https:\/\/socageraptor.com\/fr\/wp-json\/wp\/v2\/product_cat?post=37658"},{"taxonomy":"product_tag","embeddable":true,"href":"https:\/\/socageraptor.com\/fr\/wp-json\/wp\/v2\/product_tag?post=37658"}],"curies":[{"name":"wp","href":"https:\/\/api.w.org\/{rel}","templated":true}]}}