{"id":37657,"date":"2025-10-07T10:31:30","date_gmt":"2025-10-07T10:31:30","guid":{"rendered":"https:\/\/socageraptor.com\/prodotto\/raptor-12st\/"},"modified":"2026-02-17T13:29:30","modified_gmt":"2026-02-17T13:29:30","slug":"raptor-12st","status":"publish","type":"product","link":"https:\/\/socageraptor.com\/fr\/nacelle\/raptor-12st\/","title":{"rendered":"RAPTOR 12ST"},"content":{"rendered":"<p>Le Raptor 12ST est le mod\u00e8le le plus compact de la gamme t\u00e9lescopique et il offre des performances surprenantes qui en font une v\u00e9ritable r\u00e9f\u00e9rence parmi les plateformes chenill\u00e9es l\u00e9g\u00e8res. Con\u00e7u pour ceux qui ont besoin d\u2019une machine agile, rapide et facile \u00e0 transporter, le 12ST combine des dimensions r\u00e9duites avec des capacit\u00e9s op\u00e9rationnelles de haut niveau, garantissant toujours s\u00e9curit\u00e9 et fiabilit\u00e9.<\/p>\n<p>Avec une hauteur de travail maximale de 12,20 m\u00e8tres et une port\u00e9e lat\u00e9rale de 8,30 m\u00e8tres, le Raptor 12ST est parfait pour travailler dans des espaces \u00e9troits, des jardins ou des chantiers urbains o\u00f9 l\u2019acc\u00e8s est souvent compliqu\u00e9 pour des machines plus grandes.<\/p>\n<p>Le design essentiel et la structure l\u00e9g\u00e8re permettent au Raptor 12ST de se d\u00e9placer avec agilit\u00e9 m\u00eame sur des terrains sensibles ou difficiles, tandis que les syst\u00e8mes de stabilisation et les commandes intuitives le rendent imm\u00e9diatement pr\u00eat \u00e0 l\u2019emploi, r\u00e9duisant les temps d\u2019arr\u00eat et augmentant la productivit\u00e9 quotidienne.<\/p>\n<p>Pens\u00e9 pour ceux qui recherchent une solution concr\u00e8te et maniable sans renoncer au professionnalisme, le Raptor 12ST est la plateforme id\u00e9ale pour des interventions rapides, des travaux sur b\u00e2timents r\u00e9sidentiels, le jardinage ou des installations en milieu urbain. Petit par la taille mais grand par les performances, il est le choix parfait pour ceux qui souhaitent combiner praticit\u00e9, efficacit\u00e9 et s\u00e9curit\u00e9 dans une seule machine.<\/p>\n","protected":false},"excerpt":{"rendered":"<p>Le Raptor 12ST est le mod\u00e8le le plus compact de la gamme t\u00e9lescopique et il offre des performances surprenantes qui en font une v\u00e9ritable r\u00e9f\u00e9rence parmi les plateformes chenill\u00e9es l\u00e9g\u00e8res. Con\u00e7u pour ceux qui ont besoin d\u2019une machine agile, rapide et facile \u00e0 transporter, le 12ST combine des dimensions r\u00e9duites avec des capacit\u00e9s op\u00e9rationnelles de haut niveau, garantissant toujours s\u00e9curit\u00e9 et fiabilit\u00e9.<\/p>\n<p>Avec une hauteur de travail maximale de 12,20 m\u00e8tres et une port\u00e9e lat\u00e9rale de 8,30 m\u00e8tres, le Raptor 12ST est parfait pour travailler dans des espaces \u00e9troits, des jardins ou des chantiers urbains o\u00f9 l\u2019acc\u00e8s est souvent compliqu\u00e9 pour des machines plus grandes.<\/p>\n<p>Le design essentiel et la structure l\u00e9g\u00e8re permettent au Raptor 12ST de se d\u00e9placer avec agilit\u00e9 m\u00eame sur des terrains sensibles ou difficiles, tandis que les syst\u00e8mes de stabilisation et les commandes intuitives le rendent imm\u00e9diatement pr\u00eat \u00e0 l\u2019emploi, r\u00e9duisant les temps d\u2019arr\u00eat et augmentant la productivit\u00e9 quotidienne.<\/p>\n<p>Pens\u00e9 pour ceux qui recherchent une solution concr\u00e8te et maniable sans renoncer au professionnalisme, le Raptor 12ST est la plateforme id\u00e9ale pour des interventions rapides, des travaux sur b\u00e2timents r\u00e9sidentiels, le jardinage ou des installations en milieu urbain. Petit par la taille mais grand par les performances, il est le choix parfait pour ceux qui souhaitent combiner praticit\u00e9, efficacit\u00e9 et s\u00e9curit\u00e9 dans une seule machine.<\/p>\n","protected":false},"featured_media":37545,"comment_status":"closed","ping_status":"closed","template":"","meta":{"_et_pb_use_builder":"","_et_pb_old_content":"","_et_gb_content_width":"","inline_featured_image":false,"ngg_post_thumbnail":0},"product_cat":[1510],"product_tag":[],"class_list":["post-37657","product","type-product","status-publish","has-post-thumbnail","hentry","product_cat-st-telescopique"],"acf":[],"yoast_head":"<!-- This site is optimized with the Yoast SEO plugin v20.2.1 - https:\/\/yoast.com\/wordpress\/plugins\/seo\/ -->\n<title>RAPTOR 12ST<\/title>\n<meta name=\"robots\" content=\"index, follow, max-snippet:-1, max-image-preview:large, max-video-preview:-1\" \/>\n<link rel=\"canonical\" href=\"https:\/\/socageraptor.com\/fr\/nacelle\/raptor-12st\/\" \/>\n<meta property=\"og:locale\" content=\"fr_FR\" \/>\n<meta property=\"og:type\" content=\"article\" \/>\n<meta property=\"og:title\" content=\"RAPTOR 12ST\" \/>\n<meta property=\"og:description\" content=\"Le Raptor 12ST est le mod\u00e8le le plus compact de la gamme t\u00e9lescopique et il offre des performances surprenantes qui en font une v\u00e9ritable r\u00e9f\u00e9rence parmi les plateformes chenill\u00e9es l\u00e9g\u00e8res. Con\u00e7u pour ceux qui ont besoin d\u2019une machine agile, rapide et facile \u00e0 transporter, le 12ST combine des dimensions r\u00e9duites avec des capacit\u00e9s op\u00e9rationnelles de haut niveau, garantissant toujours s\u00e9curit\u00e9 et fiabilit\u00e9.  Avec une hauteur de travail maximale de 12,20 m\u00e8tres et une port\u00e9e lat\u00e9rale de 8,30 m\u00e8tres, le Raptor 12ST est parfait pour travailler dans des espaces \u00e9troits, des jardins ou des chantiers urbains o\u00f9 l\u2019acc\u00e8s est souvent compliqu\u00e9 pour des machines plus grandes.  Le design essentiel et la structure l\u00e9g\u00e8re permettent au Raptor 12ST de se d\u00e9placer avec agilit\u00e9 m\u00eame sur des terrains sensibles ou difficiles, tandis que les syst\u00e8mes de stabilisation et les commandes intuitives le rendent imm\u00e9diatement pr\u00eat \u00e0 l\u2019emploi, r\u00e9duisant les temps d\u2019arr\u00eat et augmentant la productivit\u00e9 quotidienne.  Pens\u00e9 pour ceux qui recherchent une solution concr\u00e8te et maniable sans renoncer au professionnalisme, le Raptor 12ST est la plateforme id\u00e9ale pour des interventions rapides, des travaux sur b\u00e2timents r\u00e9sidentiels, le jardinage ou des installations en milieu urbain. Petit par la taille mais grand par les performances, il est le choix parfait pour ceux qui souhaitent combiner praticit\u00e9, efficacit\u00e9 et s\u00e9curit\u00e9 dans une seule machine.\" \/>\n<meta property=\"og:url\" content=\"https:\/\/socageraptor.com\/fr\/nacelle\/raptor-12st\/\" \/>\n<meta property=\"og:site_name\" content=\"Socage Raptor. Piattaforme aeree ragno.\" \/>\n<meta property=\"article:modified_time\" content=\"2026-02-17T13:29:30+00:00\" \/>\n<meta property=\"og:image\" content=\"https:\/\/socageraptor.com\/wp-content\/uploads\/2025\/10\/piattaforma-ragno-telescopica-12ST.jpg\" \/>\n\t<meta property=\"og:image:width\" content=\"1200\" \/>\n\t<meta property=\"og:image:height\" content=\"900\" \/>\n\t<meta property=\"og:image:type\" content=\"image\/jpeg\" \/>\n<meta name=\"twitter:card\" content=\"summary_large_image\" \/>\n<meta name=\"twitter:label1\" content=\"Dur\u00e9e de lecture estim\u00e9e\" \/>\n\t<meta name=\"twitter:data1\" content=\"2 minutes\" \/>\n<script type=\"application\/ld+json\" class=\"yoast-schema-graph\">{\"@context\":\"https:\/\/schema.org\",\"@graph\":[{\"@type\":\"WebPage\",\"@id\":\"https:\/\/socageraptor.com\/fr\/nacelle\/raptor-12st\/\",\"url\":\"https:\/\/socageraptor.com\/fr\/nacelle\/raptor-12st\/\",\"name\":\"RAPTOR 12ST\",\"isPartOf\":{\"@id\":\"https:\/\/socageraptor.com\/fr\/#website\"},\"datePublished\":\"2025-10-07T10:31:30+00:00\",\"dateModified\":\"2026-02-17T13:29:30+00:00\",\"breadcrumb\":{\"@id\":\"https:\/\/socageraptor.com\/fr\/nacelle\/raptor-12st\/#breadcrumb\"},\"inLanguage\":\"fr-FR\",\"potentialAction\":[{\"@type\":\"ReadAction\",\"target\":[\"https:\/\/socageraptor.com\/fr\/nacelle\/raptor-12st\/\"]}]},{\"@type\":\"BreadcrumbList\",\"@id\":\"https:\/\/socageraptor.com\/fr\/nacelle\/raptor-12st\/#breadcrumb\",\"itemListElement\":[{\"@type\":\"ListItem\",\"position\":1,\"name\":\"Portada\",\"item\":\"https:\/\/socageraptor.com\/fr\/\"},{\"@type\":\"ListItem\",\"position\":2,\"name\":\"Des produits\",\"item\":\"https:\/\/socageraptor.com\/it\/negozio-piattaforme-aeree-ragno\/\"},{\"@type\":\"ListItem\",\"position\":3,\"name\":\"RAPTOR 12ST\"}]},{\"@type\":\"WebSite\",\"@id\":\"https:\/\/socageraptor.com\/fr\/#website\",\"url\":\"https:\/\/socageraptor.com\/fr\/\",\"name\":\"Socage Raptor. Piattaforme aeree ragno.\",\"description\":\"Socage Raptor. Piattaforme aeree ragno.\",\"publisher\":{\"@id\":\"https:\/\/socageraptor.com\/fr\/#organization\"},\"potentialAction\":[{\"@type\":\"SearchAction\",\"target\":{\"@type\":\"EntryPoint\",\"urlTemplate\":\"https:\/\/socageraptor.com\/fr\/?s={search_term_string}\"},\"query-input\":\"required name=search_term_string\"}],\"inLanguage\":\"fr-FR\"},{\"@type\":\"Organization\",\"@id\":\"https:\/\/socageraptor.com\/fr\/#organization\",\"name\":\"Socage Raptor\",\"url\":\"https:\/\/socageraptor.com\/fr\/\",\"logo\":{\"@type\":\"ImageObject\",\"inLanguage\":\"fr-FR\",\"@id\":\"https:\/\/socageraptor.com\/fr\/#\/schema\/logo\/image\/\",\"url\":\"https:\/\/socageraptor.com\/wp-content\/uploads\/2019\/07\/socage-raptor.png\",\"contentUrl\":\"https:\/\/socageraptor.com\/wp-content\/uploads\/2019\/07\/socage-raptor.png\",\"width\":5000,\"height\":880,\"caption\":\"Socage Raptor\"},\"image\":{\"@id\":\"https:\/\/socageraptor.com\/fr\/#\/schema\/logo\/image\/\"}}]}<\/script>\n<!-- \/ Yoast SEO plugin. -->","yoast_head_json":{"title":"RAPTOR 12ST","robots":{"index":"index","follow":"follow","max-snippet":"max-snippet:-1","max-image-preview":"max-image-preview:large","max-video-preview":"max-video-preview:-1"},"canonical":"https:\/\/socageraptor.com\/fr\/nacelle\/raptor-12st\/","og_locale":"fr_FR","og_type":"article","og_title":"RAPTOR 12ST","og_description":"Le Raptor 12ST est le mod\u00e8le le plus compact de la gamme t\u00e9lescopique et il offre des performances surprenantes qui en font une v\u00e9ritable r\u00e9f\u00e9rence parmi les plateformes chenill\u00e9es l\u00e9g\u00e8res. Con\u00e7u pour ceux qui ont besoin d\u2019une machine agile, rapide et facile \u00e0 transporter, le 12ST combine des dimensions r\u00e9duites avec des capacit\u00e9s op\u00e9rationnelles de haut niveau, garantissant toujours s\u00e9curit\u00e9 et fiabilit\u00e9.  Avec une hauteur de travail maximale de 12,20 m\u00e8tres et une port\u00e9e lat\u00e9rale de 8,30 m\u00e8tres, le Raptor 12ST est parfait pour travailler dans des espaces \u00e9troits, des jardins ou des chantiers urbains o\u00f9 l\u2019acc\u00e8s est souvent compliqu\u00e9 pour des machines plus grandes.  Le design essentiel et la structure l\u00e9g\u00e8re permettent au Raptor 12ST de se d\u00e9placer avec agilit\u00e9 m\u00eame sur des terrains sensibles ou difficiles, tandis que les syst\u00e8mes de stabilisation et les commandes intuitives le rendent imm\u00e9diatement pr\u00eat \u00e0 l\u2019emploi, r\u00e9duisant les temps d\u2019arr\u00eat et augmentant la productivit\u00e9 quotidienne.  Pens\u00e9 pour ceux qui recherchent une solution concr\u00e8te et maniable sans renoncer au professionnalisme, le Raptor 12ST est la plateforme id\u00e9ale pour des interventions rapides, des travaux sur b\u00e2timents r\u00e9sidentiels, le jardinage ou des installations en milieu urbain. Petit par la taille mais grand par les performances, il est le choix parfait pour ceux qui souhaitent combiner praticit\u00e9, efficacit\u00e9 et s\u00e9curit\u00e9 dans une seule machine.","og_url":"https:\/\/socageraptor.com\/fr\/nacelle\/raptor-12st\/","og_site_name":"Socage Raptor. Piattaforme aeree ragno.","article_modified_time":"2026-02-17T13:29:30+00:00","og_image":[{"width":1200,"height":900,"url":"https:\/\/socageraptor.com\/wp-content\/uploads\/2025\/10\/piattaforma-ragno-telescopica-12ST.jpg","type":"image\/jpeg"}],"twitter_card":"summary_large_image","twitter_misc":{"Dur\u00e9e de lecture estim\u00e9e":"2 minutes"},"schema":{"@context":"https:\/\/schema.org","@graph":[{"@type":"WebPage","@id":"https:\/\/socageraptor.com\/fr\/nacelle\/raptor-12st\/","url":"https:\/\/socageraptor.com\/fr\/nacelle\/raptor-12st\/","name":"RAPTOR 12ST","isPartOf":{"@id":"https:\/\/socageraptor.com\/fr\/#website"},"datePublished":"2025-10-07T10:31:30+00:00","dateModified":"2026-02-17T13:29:30+00:00","breadcrumb":{"@id":"https:\/\/socageraptor.com\/fr\/nacelle\/raptor-12st\/#breadcrumb"},"inLanguage":"fr-FR","potentialAction":[{"@type":"ReadAction","target":["https:\/\/socageraptor.com\/fr\/nacelle\/raptor-12st\/"]}]},{"@type":"BreadcrumbList","@id":"https:\/\/socageraptor.com\/fr\/nacelle\/raptor-12st\/#breadcrumb","itemListElement":[{"@type":"ListItem","position":1,"name":"Portada","item":"https:\/\/socageraptor.com\/fr\/"},{"@type":"ListItem","position":2,"name":"Des produits","item":"https:\/\/socageraptor.com\/it\/negozio-piattaforme-aeree-ragno\/"},{"@type":"ListItem","position":3,"name":"RAPTOR 12ST"}]},{"@type":"WebSite","@id":"https:\/\/socageraptor.com\/fr\/#website","url":"https:\/\/socageraptor.com\/fr\/","name":"Socage Raptor. Piattaforme aeree ragno.","description":"Socage Raptor. Piattaforme aeree ragno.","publisher":{"@id":"https:\/\/socageraptor.com\/fr\/#organization"},"potentialAction":[{"@type":"SearchAction","target":{"@type":"EntryPoint","urlTemplate":"https:\/\/socageraptor.com\/fr\/?s={search_term_string}"},"query-input":"required name=search_term_string"}],"inLanguage":"fr-FR"},{"@type":"Organization","@id":"https:\/\/socageraptor.com\/fr\/#organization","name":"Socage Raptor","url":"https:\/\/socageraptor.com\/fr\/","logo":{"@type":"ImageObject","inLanguage":"fr-FR","@id":"https:\/\/socageraptor.com\/fr\/#\/schema\/logo\/image\/","url":"https:\/\/socageraptor.com\/wp-content\/uploads\/2019\/07\/socage-raptor.png","contentUrl":"https:\/\/socageraptor.com\/wp-content\/uploads\/2019\/07\/socage-raptor.png","width":5000,"height":880,"caption":"Socage Raptor"},"image":{"@id":"https:\/\/socageraptor.com\/fr\/#\/schema\/logo\/image\/"}}]}},"_links":{"self":[{"href":"https:\/\/socageraptor.com\/fr\/wp-json\/wp\/v2\/product\/37657","targetHints":{"allow":["GET"]}}],"collection":[{"href":"https:\/\/socageraptor.com\/fr\/wp-json\/wp\/v2\/product"}],"about":[{"href":"https:\/\/socageraptor.com\/fr\/wp-json\/wp\/v2\/types\/product"}],"replies":[{"embeddable":true,"href":"https:\/\/socageraptor.com\/fr\/wp-json\/wp\/v2\/comments?post=37657"}],"wp:featuredmedia":[{"embeddable":true,"href":"https:\/\/socageraptor.com\/fr\/wp-json\/wp\/v2\/media\/37545"}],"wp:attachment":[{"href":"https:\/\/socageraptor.com\/fr\/wp-json\/wp\/v2\/media?parent=37657"}],"wp:term":[{"taxonomy":"product_cat","embeddable":true,"href":"https:\/\/socageraptor.com\/fr\/wp-json\/wp\/v2\/product_cat?post=37657"},{"taxonomy":"product_tag","embeddable":true,"href":"https:\/\/socageraptor.com\/fr\/wp-json\/wp\/v2\/product_tag?post=37657"}],"curies":[{"name":"wp","href":"https:\/\/api.w.org\/{rel}","templated":true}]}}