{"id":36873,"date":"2024-02-01T11:16:44","date_gmt":"2024-02-01T11:16:44","guid":{"rendered":"https:\/\/socageraptor.com\/prodotto\/nacelle-araignee-raptor-24s\/"},"modified":"2026-02-17T13:27:29","modified_gmt":"2026-02-17T13:27:29","slug":"nacelle-araignee-raptor-24s","status":"publish","type":"product","link":"https:\/\/socageraptor.com\/fr\/nacelle\/nacelle-araignee-raptor-24s\/","title":{"rendered":"Nacelle araign\u00e9e Raptor 24S"},"content":{"rendered":"<p>Le RAPTOR 24S est une nacelle araign\u00e9e compacte de haute qualit\u00e9, id\u00e9ale pour les professionnels les plus exigeants et les entreprises de location recherchant des solutions fiables, m\u00eame dans des lieux difficiles d\u2019acc\u00e8s.<\/p>\n<p>Il peut atteindre une hauteur de travail maximale de 23,80 m\u00e8tres et une port\u00e9e lat\u00e9rale de 11 m\u00e8tres avec une capacit\u00e9 de charge de 230 kg (2 op\u00e9rateurs + mat\u00e9riel). La rotation de la partie a\u00e9rienne \u00e0 380\u00ba, le bras hydraulique et le bras \u00e0 double articulation permettent une grande maniabilit\u00e9 de travail.<\/p>\n<p>Il se distingue par son poids, ses dimensions tr\u00e8s r\u00e9duites et ses stabilisateurs fixes, ce qui en fait le plus simple et unique en son genre.<\/p>\n<p>Socage, constructeur du RAPTOR 24S, a toujours pour objectif de r\u00e9aliser des plateformes de haute qualit\u00e9, \u00e0 hautes performances et faciles \u00e0 utiliser par l\u2019op\u00e9rateur. \u00c0 cet \u00e9gard, la stabilisation et la fermeture automatique de s\u00e9rie garantissent un confort et une s\u00e9curit\u00e9 maximum \u00e0 tout moment du travail.<\/p>\n<p>Cette plateforme \u00e0 chenilles est \u00e9quip\u00e9e en s\u00e9rie d\u2019une t\u00e9l\u00e9commande multifonction, permettant non seulement le mouvement de la partie a\u00e9rienne, mais aussi une s\u00e9curit\u00e9 et une commodit\u00e9 accrues pour l\u2019op\u00e9rateur.<\/p>\n<p>Le RAPTOR 24S est \u00e9galement \u00e9quip\u00e9 d\u2019un panier d\u00e9montable, capable de r\u00e9duire l\u2019encombrement pendant le transport, permettant ainsi le passage dans des endroits difficiles d\u2019acc\u00e8s. Cela permet \u00e9galement de remplacer le panier par un support pour crochet de levage (maximum 230 kg).<\/p>\n<p>Les chenilles blanches anti-trace, con\u00e7ues \u00e9galement pour une utilisation int\u00e9rieure, sont extensibles pour une meilleure stabilit\u00e9 lors des d\u00e9placements. Elles disposent \u00e9galement de trois vitesses de translation diff\u00e9rentes pour r\u00e9pondre aux besoins op\u00e9rationnels.<\/p>\n<p>Raptor Stab<\/p>\n<p>Le RAPTOR 24S peut \u00eatre \u00e9quip\u00e9 de l\u2019option Raptor Stab, un kit compos\u00e9 de quatre extensions permettant de sur\u00e9lever encore plus la plateforme du sol. Cela permet de relever de nouveaux d\u00e9fis avec des pentes et des obstacles plus importants. Cette option facilite \u00e9galement le chargement et le d\u00e9chargement des chenilles sur tous types de remorques.<\/p>\n","protected":false},"excerpt":{"rendered":"<p>Le RAPTOR 24S est une nacelle araign\u00e9e compacte de haute qualit\u00e9, id\u00e9ale pour les professionnels les plus exigeants et les entreprises de location recherchant des solutions fiables, m\u00eame dans des lieux difficiles d\u2019acc\u00e8s.<\/p>\n","protected":false},"featured_media":36469,"comment_status":"open","ping_status":"closed","template":"","meta":{"_et_pb_use_builder":"","_et_pb_old_content":"","_et_gb_content_width":"","inline_featured_image":false,"ngg_post_thumbnail":0},"product_cat":[1518,1394],"product_tag":[],"class_list":["post-36873","product","type-product","status-publish","has-post-thumbnail","hentry","product_cat-s-articulees","product_cat-sin-categorizar-fr"],"acf":[],"yoast_head":"<!-- This site is optimized with the Yoast SEO plugin v20.2.1 - https:\/\/yoast.com\/wordpress\/plugins\/seo\/ -->\n<title>Nacelle araign\u00e9e Raptor 24S - Socage Raptor. Piattaforme aeree ragno.<\/title>\n<meta name=\"robots\" content=\"index, follow, max-snippet:-1, max-image-preview:large, max-video-preview:-1\" \/>\n<link rel=\"canonical\" href=\"https:\/\/socageraptor.com\/fr\/nacelle\/nacelle-araignee-raptor-24s\/\" \/>\n<meta property=\"og:locale\" content=\"fr_FR\" \/>\n<meta property=\"og:type\" content=\"article\" \/>\n<meta property=\"og:title\" content=\"Nacelle araign\u00e9e Raptor 24S - Socage Raptor. Piattaforme aeree ragno.\" \/>\n<meta property=\"og:description\" content=\"Le RAPTOR 24S est une nacelle araign\u00e9e compacte de haute qualit\u00e9, id\u00e9ale pour les professionnels les plus exigeants et les entreprises de location recherchant des solutions fiables, m\u00eame dans des lieux difficiles d\u2019acc\u00e8s.\" \/>\n<meta property=\"og:url\" content=\"https:\/\/socageraptor.com\/fr\/nacelle\/nacelle-araignee-raptor-24s\/\" \/>\n<meta property=\"og:site_name\" content=\"Socage Raptor. Piattaforme aeree ragno.\" \/>\n<meta property=\"article:modified_time\" content=\"2026-02-17T13:27:29+00:00\" \/>\n<meta property=\"og:image\" content=\"https:\/\/socageraptor.com\/wp-content\/uploads\/2024\/02\/24s-raptor.jpg\" \/>\n\t<meta property=\"og:image:width\" content=\"1200\" \/>\n\t<meta property=\"og:image:height\" content=\"900\" \/>\n\t<meta property=\"og:image:type\" content=\"image\/jpeg\" \/>\n<meta name=\"twitter:card\" content=\"summary_large_image\" \/>\n<meta name=\"twitter:label1\" content=\"Dur\u00e9e de lecture estim\u00e9e\" \/>\n\t<meta name=\"twitter:data1\" content=\"2 minutes\" \/>\n<script type=\"application\/ld+json\" class=\"yoast-schema-graph\">{\"@context\":\"https:\/\/schema.org\",\"@graph\":[{\"@type\":\"WebPage\",\"@id\":\"https:\/\/socageraptor.com\/fr\/nacelle\/nacelle-araignee-raptor-24s\/\",\"url\":\"https:\/\/socageraptor.com\/fr\/nacelle\/nacelle-araignee-raptor-24s\/\",\"name\":\"Nacelle araign\u00e9e Raptor 24S - Socage Raptor. Piattaforme aeree ragno.\",\"isPartOf\":{\"@id\":\"https:\/\/socageraptor.com\/fr\/#website\"},\"datePublished\":\"2024-02-01T11:16:44+00:00\",\"dateModified\":\"2026-02-17T13:27:29+00:00\",\"breadcrumb\":{\"@id\":\"https:\/\/socageraptor.com\/fr\/nacelle\/nacelle-araignee-raptor-24s\/#breadcrumb\"},\"inLanguage\":\"fr-FR\",\"potentialAction\":[{\"@type\":\"ReadAction\",\"target\":[\"https:\/\/socageraptor.com\/fr\/nacelle\/nacelle-araignee-raptor-24s\/\"]}]},{\"@type\":\"BreadcrumbList\",\"@id\":\"https:\/\/socageraptor.com\/fr\/nacelle\/nacelle-araignee-raptor-24s\/#breadcrumb\",\"itemListElement\":[{\"@type\":\"ListItem\",\"position\":1,\"name\":\"Portada\",\"item\":\"https:\/\/socageraptor.com\/fr\/\"},{\"@type\":\"ListItem\",\"position\":2,\"name\":\"Des produits\",\"item\":\"https:\/\/socageraptor.com\/it\/negozio-piattaforme-aeree-ragno\/\"},{\"@type\":\"ListItem\",\"position\":3,\"name\":\"Nacelle araign\u00e9e Raptor 24S\"}]},{\"@type\":\"WebSite\",\"@id\":\"https:\/\/socageraptor.com\/fr\/#website\",\"url\":\"https:\/\/socageraptor.com\/fr\/\",\"name\":\"Socage Raptor. Piattaforme aeree ragno.\",\"description\":\"Socage Raptor. Piattaforme aeree ragno.\",\"publisher\":{\"@id\":\"https:\/\/socageraptor.com\/fr\/#organization\"},\"potentialAction\":[{\"@type\":\"SearchAction\",\"target\":{\"@type\":\"EntryPoint\",\"urlTemplate\":\"https:\/\/socageraptor.com\/fr\/?s={search_term_string}\"},\"query-input\":\"required name=search_term_string\"}],\"inLanguage\":\"fr-FR\"},{\"@type\":\"Organization\",\"@id\":\"https:\/\/socageraptor.com\/fr\/#organization\",\"name\":\"Socage Raptor\",\"url\":\"https:\/\/socageraptor.com\/fr\/\",\"logo\":{\"@type\":\"ImageObject\",\"inLanguage\":\"fr-FR\",\"@id\":\"https:\/\/socageraptor.com\/fr\/#\/schema\/logo\/image\/\",\"url\":\"https:\/\/socageraptor.com\/wp-content\/uploads\/2019\/07\/socage-raptor.png\",\"contentUrl\":\"https:\/\/socageraptor.com\/wp-content\/uploads\/2019\/07\/socage-raptor.png\",\"width\":5000,\"height\":880,\"caption\":\"Socage Raptor\"},\"image\":{\"@id\":\"https:\/\/socageraptor.com\/fr\/#\/schema\/logo\/image\/\"}}]}<\/script>\n<!-- \/ Yoast SEO plugin. -->","yoast_head_json":{"title":"Nacelle araign\u00e9e Raptor 24S - Socage Raptor. Piattaforme aeree ragno.","robots":{"index":"index","follow":"follow","max-snippet":"max-snippet:-1","max-image-preview":"max-image-preview:large","max-video-preview":"max-video-preview:-1"},"canonical":"https:\/\/socageraptor.com\/fr\/nacelle\/nacelle-araignee-raptor-24s\/","og_locale":"fr_FR","og_type":"article","og_title":"Nacelle araign\u00e9e Raptor 24S - Socage Raptor. Piattaforme aeree ragno.","og_description":"Le RAPTOR 24S est une nacelle araign\u00e9e compacte de haute qualit\u00e9, id\u00e9ale pour les professionnels les plus exigeants et les entreprises de location recherchant des solutions fiables, m\u00eame dans des lieux difficiles d\u2019acc\u00e8s.","og_url":"https:\/\/socageraptor.com\/fr\/nacelle\/nacelle-araignee-raptor-24s\/","og_site_name":"Socage Raptor. Piattaforme aeree ragno.","article_modified_time":"2026-02-17T13:27:29+00:00","og_image":[{"width":1200,"height":900,"url":"https:\/\/socageraptor.com\/wp-content\/uploads\/2024\/02\/24s-raptor.jpg","type":"image\/jpeg"}],"twitter_card":"summary_large_image","twitter_misc":{"Dur\u00e9e de lecture estim\u00e9e":"2 minutes"},"schema":{"@context":"https:\/\/schema.org","@graph":[{"@type":"WebPage","@id":"https:\/\/socageraptor.com\/fr\/nacelle\/nacelle-araignee-raptor-24s\/","url":"https:\/\/socageraptor.com\/fr\/nacelle\/nacelle-araignee-raptor-24s\/","name":"Nacelle araign\u00e9e Raptor 24S - Socage Raptor. Piattaforme aeree ragno.","isPartOf":{"@id":"https:\/\/socageraptor.com\/fr\/#website"},"datePublished":"2024-02-01T11:16:44+00:00","dateModified":"2026-02-17T13:27:29+00:00","breadcrumb":{"@id":"https:\/\/socageraptor.com\/fr\/nacelle\/nacelle-araignee-raptor-24s\/#breadcrumb"},"inLanguage":"fr-FR","potentialAction":[{"@type":"ReadAction","target":["https:\/\/socageraptor.com\/fr\/nacelle\/nacelle-araignee-raptor-24s\/"]}]},{"@type":"BreadcrumbList","@id":"https:\/\/socageraptor.com\/fr\/nacelle\/nacelle-araignee-raptor-24s\/#breadcrumb","itemListElement":[{"@type":"ListItem","position":1,"name":"Portada","item":"https:\/\/socageraptor.com\/fr\/"},{"@type":"ListItem","position":2,"name":"Des produits","item":"https:\/\/socageraptor.com\/it\/negozio-piattaforme-aeree-ragno\/"},{"@type":"ListItem","position":3,"name":"Nacelle araign\u00e9e Raptor 24S"}]},{"@type":"WebSite","@id":"https:\/\/socageraptor.com\/fr\/#website","url":"https:\/\/socageraptor.com\/fr\/","name":"Socage Raptor. Piattaforme aeree ragno.","description":"Socage Raptor. Piattaforme aeree ragno.","publisher":{"@id":"https:\/\/socageraptor.com\/fr\/#organization"},"potentialAction":[{"@type":"SearchAction","target":{"@type":"EntryPoint","urlTemplate":"https:\/\/socageraptor.com\/fr\/?s={search_term_string}"},"query-input":"required name=search_term_string"}],"inLanguage":"fr-FR"},{"@type":"Organization","@id":"https:\/\/socageraptor.com\/fr\/#organization","name":"Socage Raptor","url":"https:\/\/socageraptor.com\/fr\/","logo":{"@type":"ImageObject","inLanguage":"fr-FR","@id":"https:\/\/socageraptor.com\/fr\/#\/schema\/logo\/image\/","url":"https:\/\/socageraptor.com\/wp-content\/uploads\/2019\/07\/socage-raptor.png","contentUrl":"https:\/\/socageraptor.com\/wp-content\/uploads\/2019\/07\/socage-raptor.png","width":5000,"height":880,"caption":"Socage Raptor"},"image":{"@id":"https:\/\/socageraptor.com\/fr\/#\/schema\/logo\/image\/"}}]}},"_links":{"self":[{"href":"https:\/\/socageraptor.com\/fr\/wp-json\/wp\/v2\/product\/36873","targetHints":{"allow":["GET"]}}],"collection":[{"href":"https:\/\/socageraptor.com\/fr\/wp-json\/wp\/v2\/product"}],"about":[{"href":"https:\/\/socageraptor.com\/fr\/wp-json\/wp\/v2\/types\/product"}],"replies":[{"embeddable":true,"href":"https:\/\/socageraptor.com\/fr\/wp-json\/wp\/v2\/comments?post=36873"}],"wp:featuredmedia":[{"embeddable":true,"href":"https:\/\/socageraptor.com\/fr\/wp-json\/wp\/v2\/media\/36469"}],"wp:attachment":[{"href":"https:\/\/socageraptor.com\/fr\/wp-json\/wp\/v2\/media?parent=36873"}],"wp:term":[{"taxonomy":"product_cat","embeddable":true,"href":"https:\/\/socageraptor.com\/fr\/wp-json\/wp\/v2\/product_cat?post=36873"},{"taxonomy":"product_tag","embeddable":true,"href":"https:\/\/socageraptor.com\/fr\/wp-json\/wp\/v2\/product_tag?post=36873"}],"curies":[{"name":"wp","href":"https:\/\/api.w.org\/{rel}","templated":true}]}}