{"id":36688,"date":"2025-01-28T08:55:06","date_gmt":"2025-01-28T08:55:06","guid":{"rendered":"https:\/\/socageraptor.com\/?post_type=product&#038;p=36688"},"modified":"2026-02-17T13:33:51","modified_gmt":"2026-02-17T13:33:51","slug":"nacelle-araignee-forste-18se","status":"publish","type":"product","link":"https:\/\/socageraptor.com\/fr\/nacelle\/nacelle-araignee-forste-18se\/","title":{"rendered":"Nacelle araign\u00e9e ForSte 18SE"},"content":{"rendered":"<div class=\"et_pb_module et_pb_text et_pb_text_2 et_pb_text_align_left et_pb_bg_layout_light\">\n<div class=\"et_pb_text_inner\">\n<p>Le Raptor 18SE reprend l&rsquo;id\u00e9e gagnante du mod\u00e8le 18S avec une \u00e9volution technologique durable, con\u00e7ue pour offrir des performances exceptionnelles dans un silence total et sans \u00e9missions.<\/p>\n<p>Elle peut atteindre une hauteur de travail maximale de 18 m\u00e8tres et une port\u00e9e lat\u00e9rale de 8,20 m\u00e8tres avec une capacit\u00e9 de charge maximale dans le panier de 230 kg (2 op\u00e9rateurs + mat\u00e9riel).<\/p>\n<p>Les nacelles sur chenilles 100 % \u00e9lectriques avec batterie au lithium sont id\u00e9ales pour une utilisation en int\u00e9rieur ou dans des zones soumises \u00e0 de fortes contraintes environnementales, telles que les h\u00f4pitaux, les a\u00e9roports ou les centres commerciaux.<\/p>\n<p>Une charge compl\u00e8te de la batterie permet d&rsquo;effectuer au moins 15 cycles de travail complets, \u00e0 savoir la stabilisation, le d\u00e9veloppement complet et la fermeture de la partie a\u00e9rienne, la d\u00e9stabilisation et le retour au mode de d\u00e9placement.<\/p>\n<p>La charge rapide permet de charger la chenille \u00e0 60 % en seulement 4 heures, la charge compl\u00e8te \u00e9tant atteinte en 8 heures. Il est \u00e9galement possible de travailler avec le c\u00e2ble d&rsquo;alimentation branch\u00e9.<\/p>\n<\/div>\n<\/div>\n","protected":false},"excerpt":{"rendered":"<p>Le Raptor 18SE reprend l&rsquo;id\u00e9e gagnante du mod\u00e8le 18S avec une \u00e9volution technologique durable, con\u00e7ue pour offrir des performances exceptionnelles dans un silence total et sans \u00e9missions.<\/p>\n","protected":false},"featured_media":36692,"comment_status":"open","ping_status":"closed","template":"","meta":{"_et_pb_use_builder":"","_et_pb_old_content":"","_et_gb_content_width":"","inline_featured_image":false,"ngg_post_thumbnail":0},"product_cat":[1492],"product_tag":[],"class_list":["post-36688","product","type-product","status-publish","has-post-thumbnail","hentry","product_cat-se-electric-series-fr"],"acf":[],"yoast_head":"<!-- This site is optimized with the Yoast SEO plugin v20.2.1 - https:\/\/yoast.com\/wordpress\/plugins\/seo\/ -->\n<title>Nacelle araign\u00e9e ForSte 18S<\/title>\n<meta name=\"robots\" content=\"index, follow, max-snippet:-1, max-image-preview:large, max-video-preview:-1\" \/>\n<link rel=\"canonical\" href=\"https:\/\/socageraptor.com\/fr\/nacelle\/nacelle-araignee-forste-18se\/\" \/>\n<meta property=\"og:locale\" content=\"fr_FR\" \/>\n<meta property=\"og:type\" content=\"article\" \/>\n<meta property=\"og:title\" content=\"Nacelle araign\u00e9e ForSte 18S\" \/>\n<meta property=\"og:description\" content=\"Le Raptor 18SE reprend l&#039;id\u00e9e gagnante du mod\u00e8le 18S avec une \u00e9volution technologique durable, con\u00e7ue pour offrir des performances exceptionnelles dans un silence total et sans \u00e9missions.\" \/>\n<meta property=\"og:url\" content=\"https:\/\/socageraptor.com\/fr\/nacelle\/nacelle-araignee-forste-18se\/\" \/>\n<meta property=\"og:site_name\" content=\"Socage Raptor. Piattaforme aeree ragno.\" \/>\n<meta property=\"article:modified_time\" content=\"2026-02-17T13:33:51+00:00\" \/>\n<meta property=\"og:image\" content=\"https:\/\/socageraptor.com\/wp-content\/uploads\/2025\/01\/18SE_piattaforma-cingolata-elettrica.png\" \/>\n\t<meta property=\"og:image:width\" content=\"1200\" \/>\n\t<meta property=\"og:image:height\" content=\"900\" \/>\n\t<meta property=\"og:image:type\" content=\"image\/png\" \/>\n<meta name=\"twitter:card\" content=\"summary_large_image\" \/>\n<meta name=\"twitter:label1\" content=\"Dur\u00e9e de lecture estim\u00e9e\" \/>\n\t<meta name=\"twitter:data1\" content=\"1 minute\" \/>\n<script type=\"application\/ld+json\" class=\"yoast-schema-graph\">{\"@context\":\"https:\/\/schema.org\",\"@graph\":[{\"@type\":\"WebPage\",\"@id\":\"https:\/\/socageraptor.com\/fr\/nacelle\/nacelle-araignee-forste-18se\/\",\"url\":\"https:\/\/socageraptor.com\/fr\/nacelle\/nacelle-araignee-forste-18se\/\",\"name\":\"Nacelle araign\u00e9e ForSte 18S\",\"isPartOf\":{\"@id\":\"https:\/\/socageraptor.com\/fr\/#website\"},\"datePublished\":\"2025-01-28T08:55:06+00:00\",\"dateModified\":\"2026-02-17T13:33:51+00:00\",\"breadcrumb\":{\"@id\":\"https:\/\/socageraptor.com\/fr\/nacelle\/nacelle-araignee-forste-18se\/#breadcrumb\"},\"inLanguage\":\"fr-FR\",\"potentialAction\":[{\"@type\":\"ReadAction\",\"target\":[\"https:\/\/socageraptor.com\/fr\/nacelle\/nacelle-araignee-forste-18se\/\"]}]},{\"@type\":\"BreadcrumbList\",\"@id\":\"https:\/\/socageraptor.com\/fr\/nacelle\/nacelle-araignee-forste-18se\/#breadcrumb\",\"itemListElement\":[{\"@type\":\"ListItem\",\"position\":1,\"name\":\"Portada\",\"item\":\"https:\/\/socageraptor.com\/fr\/\"},{\"@type\":\"ListItem\",\"position\":2,\"name\":\"Des produits\",\"item\":\"https:\/\/socageraptor.com\/it\/negozio-piattaforme-aeree-ragno\/\"},{\"@type\":\"ListItem\",\"position\":3,\"name\":\"Nacelle araign\u00e9e ForSte 18SE\"}]},{\"@type\":\"WebSite\",\"@id\":\"https:\/\/socageraptor.com\/fr\/#website\",\"url\":\"https:\/\/socageraptor.com\/fr\/\",\"name\":\"Socage Raptor. Piattaforme aeree ragno.\",\"description\":\"Socage Raptor. Piattaforme aeree ragno.\",\"publisher\":{\"@id\":\"https:\/\/socageraptor.com\/fr\/#organization\"},\"potentialAction\":[{\"@type\":\"SearchAction\",\"target\":{\"@type\":\"EntryPoint\",\"urlTemplate\":\"https:\/\/socageraptor.com\/fr\/?s={search_term_string}\"},\"query-input\":\"required name=search_term_string\"}],\"inLanguage\":\"fr-FR\"},{\"@type\":\"Organization\",\"@id\":\"https:\/\/socageraptor.com\/fr\/#organization\",\"name\":\"Socage Raptor\",\"url\":\"https:\/\/socageraptor.com\/fr\/\",\"logo\":{\"@type\":\"ImageObject\",\"inLanguage\":\"fr-FR\",\"@id\":\"https:\/\/socageraptor.com\/fr\/#\/schema\/logo\/image\/\",\"url\":\"https:\/\/socageraptor.com\/wp-content\/uploads\/2019\/07\/socage-raptor.png\",\"contentUrl\":\"https:\/\/socageraptor.com\/wp-content\/uploads\/2019\/07\/socage-raptor.png\",\"width\":5000,\"height\":880,\"caption\":\"Socage Raptor\"},\"image\":{\"@id\":\"https:\/\/socageraptor.com\/fr\/#\/schema\/logo\/image\/\"}}]}<\/script>\n<!-- \/ Yoast SEO plugin. -->","yoast_head_json":{"title":"Nacelle araign\u00e9e ForSte 18S","robots":{"index":"index","follow":"follow","max-snippet":"max-snippet:-1","max-image-preview":"max-image-preview:large","max-video-preview":"max-video-preview:-1"},"canonical":"https:\/\/socageraptor.com\/fr\/nacelle\/nacelle-araignee-forste-18se\/","og_locale":"fr_FR","og_type":"article","og_title":"Nacelle araign\u00e9e ForSte 18S","og_description":"Le Raptor 18SE reprend l'id\u00e9e gagnante du mod\u00e8le 18S avec une \u00e9volution technologique durable, con\u00e7ue pour offrir des performances exceptionnelles dans un silence total et sans \u00e9missions.","og_url":"https:\/\/socageraptor.com\/fr\/nacelle\/nacelle-araignee-forste-18se\/","og_site_name":"Socage Raptor. Piattaforme aeree ragno.","article_modified_time":"2026-02-17T13:33:51+00:00","og_image":[{"width":1200,"height":900,"url":"https:\/\/socageraptor.com\/wp-content\/uploads\/2025\/01\/18SE_piattaforma-cingolata-elettrica.png","type":"image\/png"}],"twitter_card":"summary_large_image","twitter_misc":{"Dur\u00e9e de lecture estim\u00e9e":"1 minute"},"schema":{"@context":"https:\/\/schema.org","@graph":[{"@type":"WebPage","@id":"https:\/\/socageraptor.com\/fr\/nacelle\/nacelle-araignee-forste-18se\/","url":"https:\/\/socageraptor.com\/fr\/nacelle\/nacelle-araignee-forste-18se\/","name":"Nacelle araign\u00e9e ForSte 18S","isPartOf":{"@id":"https:\/\/socageraptor.com\/fr\/#website"},"datePublished":"2025-01-28T08:55:06+00:00","dateModified":"2026-02-17T13:33:51+00:00","breadcrumb":{"@id":"https:\/\/socageraptor.com\/fr\/nacelle\/nacelle-araignee-forste-18se\/#breadcrumb"},"inLanguage":"fr-FR","potentialAction":[{"@type":"ReadAction","target":["https:\/\/socageraptor.com\/fr\/nacelle\/nacelle-araignee-forste-18se\/"]}]},{"@type":"BreadcrumbList","@id":"https:\/\/socageraptor.com\/fr\/nacelle\/nacelle-araignee-forste-18se\/#breadcrumb","itemListElement":[{"@type":"ListItem","position":1,"name":"Portada","item":"https:\/\/socageraptor.com\/fr\/"},{"@type":"ListItem","position":2,"name":"Des produits","item":"https:\/\/socageraptor.com\/it\/negozio-piattaforme-aeree-ragno\/"},{"@type":"ListItem","position":3,"name":"Nacelle araign\u00e9e ForSte 18SE"}]},{"@type":"WebSite","@id":"https:\/\/socageraptor.com\/fr\/#website","url":"https:\/\/socageraptor.com\/fr\/","name":"Socage Raptor. Piattaforme aeree ragno.","description":"Socage Raptor. Piattaforme aeree ragno.","publisher":{"@id":"https:\/\/socageraptor.com\/fr\/#organization"},"potentialAction":[{"@type":"SearchAction","target":{"@type":"EntryPoint","urlTemplate":"https:\/\/socageraptor.com\/fr\/?s={search_term_string}"},"query-input":"required name=search_term_string"}],"inLanguage":"fr-FR"},{"@type":"Organization","@id":"https:\/\/socageraptor.com\/fr\/#organization","name":"Socage Raptor","url":"https:\/\/socageraptor.com\/fr\/","logo":{"@type":"ImageObject","inLanguage":"fr-FR","@id":"https:\/\/socageraptor.com\/fr\/#\/schema\/logo\/image\/","url":"https:\/\/socageraptor.com\/wp-content\/uploads\/2019\/07\/socage-raptor.png","contentUrl":"https:\/\/socageraptor.com\/wp-content\/uploads\/2019\/07\/socage-raptor.png","width":5000,"height":880,"caption":"Socage Raptor"},"image":{"@id":"https:\/\/socageraptor.com\/fr\/#\/schema\/logo\/image\/"}}]}},"_links":{"self":[{"href":"https:\/\/socageraptor.com\/fr\/wp-json\/wp\/v2\/product\/36688","targetHints":{"allow":["GET"]}}],"collection":[{"href":"https:\/\/socageraptor.com\/fr\/wp-json\/wp\/v2\/product"}],"about":[{"href":"https:\/\/socageraptor.com\/fr\/wp-json\/wp\/v2\/types\/product"}],"replies":[{"embeddable":true,"href":"https:\/\/socageraptor.com\/fr\/wp-json\/wp\/v2\/comments?post=36688"}],"wp:featuredmedia":[{"embeddable":true,"href":"https:\/\/socageraptor.com\/fr\/wp-json\/wp\/v2\/media\/36692"}],"wp:attachment":[{"href":"https:\/\/socageraptor.com\/fr\/wp-json\/wp\/v2\/media?parent=36688"}],"wp:term":[{"taxonomy":"product_cat","embeddable":true,"href":"https:\/\/socageraptor.com\/fr\/wp-json\/wp\/v2\/product_cat?post=36688"},{"taxonomy":"product_tag","embeddable":true,"href":"https:\/\/socageraptor.com\/fr\/wp-json\/wp\/v2\/product_tag?post=36688"}],"curies":[{"name":"wp","href":"https:\/\/api.w.org\/{rel}","templated":true}]}}