{"id":36578,"date":"2025-01-29T07:21:42","date_gmt":"2025-01-29T07:21:42","guid":{"rendered":"https:\/\/socageraptor.com\/?post_type=product&#038;p=36578"},"modified":"2026-02-17T13:34:29","modified_gmt":"2026-02-17T13:34:29","slug":"nacelle-araignee-electriques-forste-21se","status":"publish","type":"product","link":"https:\/\/socageraptor.com\/fr\/nacelle\/nacelle-araignee-electriques-forste-21se\/","title":{"rendered":"Nacelle araign\u00e9e \u00e9lectriques forSte 21SE"},"content":{"rendered":"<p>Le Raptor 21SE s&rsquo;inspire du concept gagnant du mod\u00e8le 18S, avec une \u00e9volution technologique durable, con\u00e7ue pour offrir des performances exceptionnelles dans un silence total et sans \u00e9missions.<\/p>\n<p>Il peut atteindre une hauteur de travail maximale de 20,80 m\u00e8tres et une port\u00e9e lat\u00e9rale de 11,30 m\u00e8tres avec une capacit\u00e9 de charge maximale dans le panier de 230 kg (2 op\u00e9rateurs + mat\u00e9riel).<\/p>\n<p>Les plateformes sur chenilles 100 % \u00e9lectriques, \u00e9quip\u00e9es d\u2019une batterie au lithium, sont id\u00e9ales pour une utilisation en int\u00e9rieur ou dans des zones pr\u00e9sentant des contraintes environnementales strictes, telles que les h\u00f4pitaux, les a\u00e9roports ou les centres commerciaux.<\/p>\n<p>Une charge compl\u00e8te de la batterie permet d\u2019effectuer au moins 15 cycles de travail complets, comprenant la stabilisation, le d\u00e9veloppement complet et la fermeture de la partie a\u00e9rienne, la d\u00e9stabilisation et le retour au mode de d\u00e9placement.<\/p>\n<p>Le syst\u00e8me de charge rapide permet de charger la chenille \u00e0 60 % en seulement 4 heures et la charge compl\u00e8te est atteinte en 8 heures. Il est \u00e9galement possible de travailler avec le c\u00e2ble d\u2019alimentation connect\u00e9.<\/p>\n","protected":false},"excerpt":{"rendered":"<p>Le Raptor 21SE s&rsquo;inspire du concept gagnant du mod\u00e8le 18S, avec une \u00e9volution technologique durable, con\u00e7ue pour offrir des performances exceptionnelles dans un silence total et sans \u00e9missions.<\/p>\n","protected":false},"featured_media":36612,"comment_status":"open","ping_status":"closed","template":"","meta":{"_et_pb_use_builder":"","_et_pb_old_content":"","_et_gb_content_width":"","inline_featured_image":false,"ngg_post_thumbnail":0},"product_cat":[1492],"product_tag":[],"class_list":["post-36578","product","type-product","status-publish","has-post-thumbnail","hentry","product_cat-se-electric-series-fr"],"acf":[],"yoast_head":"<!-- This site is optimized with the Yoast SEO plugin v20.2.1 - https:\/\/yoast.com\/wordpress\/plugins\/seo\/ -->\n<title>Nacelle araign\u00e9e \u00e9lectriques forSte 21SE - Socage Raptor. Piattaforme aeree ragno.<\/title>\n<meta name=\"robots\" content=\"index, follow, max-snippet:-1, max-image-preview:large, max-video-preview:-1\" \/>\n<link rel=\"canonical\" href=\"https:\/\/socageraptor.com\/fr\/nacelle\/nacelle-araignee-electriques-forste-21se\/\" \/>\n<meta property=\"og:locale\" content=\"fr_FR\" \/>\n<meta property=\"og:type\" content=\"article\" \/>\n<meta property=\"og:title\" content=\"Nacelle araign\u00e9e \u00e9lectriques forSte 21SE - Socage Raptor. Piattaforme aeree ragno.\" \/>\n<meta property=\"og:description\" content=\"Le Raptor 21SE s&#039;inspire du concept gagnant du mod\u00e8le 18S, avec une \u00e9volution technologique durable, con\u00e7ue pour offrir des performances exceptionnelles dans un silence total et sans \u00e9missions.\" \/>\n<meta property=\"og:url\" content=\"https:\/\/socageraptor.com\/fr\/nacelle\/nacelle-araignee-electriques-forste-21se\/\" \/>\n<meta property=\"og:site_name\" content=\"Socage Raptor. Piattaforme aeree ragno.\" \/>\n<meta property=\"article:modified_time\" content=\"2026-02-17T13:34:29+00:00\" \/>\n<meta property=\"og:image\" content=\"https:\/\/socageraptor.com\/wp-content\/uploads\/2025\/01\/21SE_piattaforma-elettrica.png\" \/>\n\t<meta property=\"og:image:width\" content=\"1200\" \/>\n\t<meta property=\"og:image:height\" content=\"900\" \/>\n\t<meta property=\"og:image:type\" content=\"image\/png\" \/>\n<meta name=\"twitter:card\" content=\"summary_large_image\" \/>\n<meta name=\"twitter:label1\" content=\"Dur\u00e9e de lecture estim\u00e9e\" \/>\n\t<meta name=\"twitter:data1\" content=\"1 minute\" \/>\n<script type=\"application\/ld+json\" class=\"yoast-schema-graph\">{\"@context\":\"https:\/\/schema.org\",\"@graph\":[{\"@type\":\"WebPage\",\"@id\":\"https:\/\/socageraptor.com\/fr\/nacelle\/nacelle-araignee-electriques-forste-21se\/\",\"url\":\"https:\/\/socageraptor.com\/fr\/nacelle\/nacelle-araignee-electriques-forste-21se\/\",\"name\":\"Nacelle araign\u00e9e \u00e9lectriques forSte 21SE - Socage Raptor. Piattaforme aeree ragno.\",\"isPartOf\":{\"@id\":\"https:\/\/socageraptor.com\/fr\/#website\"},\"datePublished\":\"2025-01-29T07:21:42+00:00\",\"dateModified\":\"2026-02-17T13:34:29+00:00\",\"breadcrumb\":{\"@id\":\"https:\/\/socageraptor.com\/fr\/nacelle\/nacelle-araignee-electriques-forste-21se\/#breadcrumb\"},\"inLanguage\":\"fr-FR\",\"potentialAction\":[{\"@type\":\"ReadAction\",\"target\":[\"https:\/\/socageraptor.com\/fr\/nacelle\/nacelle-araignee-electriques-forste-21se\/\"]}]},{\"@type\":\"BreadcrumbList\",\"@id\":\"https:\/\/socageraptor.com\/fr\/nacelle\/nacelle-araignee-electriques-forste-21se\/#breadcrumb\",\"itemListElement\":[{\"@type\":\"ListItem\",\"position\":1,\"name\":\"Portada\",\"item\":\"https:\/\/socageraptor.com\/fr\/\"},{\"@type\":\"ListItem\",\"position\":2,\"name\":\"Des produits\",\"item\":\"https:\/\/socageraptor.com\/it\/negozio-piattaforme-aeree-ragno\/\"},{\"@type\":\"ListItem\",\"position\":3,\"name\":\"Nacelle araign\u00e9e \u00e9lectriques forSte 21SE\"}]},{\"@type\":\"WebSite\",\"@id\":\"https:\/\/socageraptor.com\/fr\/#website\",\"url\":\"https:\/\/socageraptor.com\/fr\/\",\"name\":\"Socage Raptor. Piattaforme aeree ragno.\",\"description\":\"Socage Raptor. Piattaforme aeree ragno.\",\"publisher\":{\"@id\":\"https:\/\/socageraptor.com\/fr\/#organization\"},\"potentialAction\":[{\"@type\":\"SearchAction\",\"target\":{\"@type\":\"EntryPoint\",\"urlTemplate\":\"https:\/\/socageraptor.com\/fr\/?s={search_term_string}\"},\"query-input\":\"required name=search_term_string\"}],\"inLanguage\":\"fr-FR\"},{\"@type\":\"Organization\",\"@id\":\"https:\/\/socageraptor.com\/fr\/#organization\",\"name\":\"Socage Raptor\",\"url\":\"https:\/\/socageraptor.com\/fr\/\",\"logo\":{\"@type\":\"ImageObject\",\"inLanguage\":\"fr-FR\",\"@id\":\"https:\/\/socageraptor.com\/fr\/#\/schema\/logo\/image\/\",\"url\":\"https:\/\/socageraptor.com\/wp-content\/uploads\/2019\/07\/socage-raptor.png\",\"contentUrl\":\"https:\/\/socageraptor.com\/wp-content\/uploads\/2019\/07\/socage-raptor.png\",\"width\":5000,\"height\":880,\"caption\":\"Socage Raptor\"},\"image\":{\"@id\":\"https:\/\/socageraptor.com\/fr\/#\/schema\/logo\/image\/\"}}]}<\/script>\n<!-- \/ Yoast SEO plugin. -->","yoast_head_json":{"title":"Nacelle araign\u00e9e \u00e9lectriques forSte 21SE - Socage Raptor. Piattaforme aeree ragno.","robots":{"index":"index","follow":"follow","max-snippet":"max-snippet:-1","max-image-preview":"max-image-preview:large","max-video-preview":"max-video-preview:-1"},"canonical":"https:\/\/socageraptor.com\/fr\/nacelle\/nacelle-araignee-electriques-forste-21se\/","og_locale":"fr_FR","og_type":"article","og_title":"Nacelle araign\u00e9e \u00e9lectriques forSte 21SE - Socage Raptor. Piattaforme aeree ragno.","og_description":"Le Raptor 21SE s'inspire du concept gagnant du mod\u00e8le 18S, avec une \u00e9volution technologique durable, con\u00e7ue pour offrir des performances exceptionnelles dans un silence total et sans \u00e9missions.","og_url":"https:\/\/socageraptor.com\/fr\/nacelle\/nacelle-araignee-electriques-forste-21se\/","og_site_name":"Socage Raptor. Piattaforme aeree ragno.","article_modified_time":"2026-02-17T13:34:29+00:00","og_image":[{"width":1200,"height":900,"url":"https:\/\/socageraptor.com\/wp-content\/uploads\/2025\/01\/21SE_piattaforma-elettrica.png","type":"image\/png"}],"twitter_card":"summary_large_image","twitter_misc":{"Dur\u00e9e de lecture estim\u00e9e":"1 minute"},"schema":{"@context":"https:\/\/schema.org","@graph":[{"@type":"WebPage","@id":"https:\/\/socageraptor.com\/fr\/nacelle\/nacelle-araignee-electriques-forste-21se\/","url":"https:\/\/socageraptor.com\/fr\/nacelle\/nacelle-araignee-electriques-forste-21se\/","name":"Nacelle araign\u00e9e \u00e9lectriques forSte 21SE - Socage Raptor. Piattaforme aeree ragno.","isPartOf":{"@id":"https:\/\/socageraptor.com\/fr\/#website"},"datePublished":"2025-01-29T07:21:42+00:00","dateModified":"2026-02-17T13:34:29+00:00","breadcrumb":{"@id":"https:\/\/socageraptor.com\/fr\/nacelle\/nacelle-araignee-electriques-forste-21se\/#breadcrumb"},"inLanguage":"fr-FR","potentialAction":[{"@type":"ReadAction","target":["https:\/\/socageraptor.com\/fr\/nacelle\/nacelle-araignee-electriques-forste-21se\/"]}]},{"@type":"BreadcrumbList","@id":"https:\/\/socageraptor.com\/fr\/nacelle\/nacelle-araignee-electriques-forste-21se\/#breadcrumb","itemListElement":[{"@type":"ListItem","position":1,"name":"Portada","item":"https:\/\/socageraptor.com\/fr\/"},{"@type":"ListItem","position":2,"name":"Des produits","item":"https:\/\/socageraptor.com\/it\/negozio-piattaforme-aeree-ragno\/"},{"@type":"ListItem","position":3,"name":"Nacelle araign\u00e9e \u00e9lectriques forSte 21SE"}]},{"@type":"WebSite","@id":"https:\/\/socageraptor.com\/fr\/#website","url":"https:\/\/socageraptor.com\/fr\/","name":"Socage Raptor. Piattaforme aeree ragno.","description":"Socage Raptor. Piattaforme aeree ragno.","publisher":{"@id":"https:\/\/socageraptor.com\/fr\/#organization"},"potentialAction":[{"@type":"SearchAction","target":{"@type":"EntryPoint","urlTemplate":"https:\/\/socageraptor.com\/fr\/?s={search_term_string}"},"query-input":"required name=search_term_string"}],"inLanguage":"fr-FR"},{"@type":"Organization","@id":"https:\/\/socageraptor.com\/fr\/#organization","name":"Socage Raptor","url":"https:\/\/socageraptor.com\/fr\/","logo":{"@type":"ImageObject","inLanguage":"fr-FR","@id":"https:\/\/socageraptor.com\/fr\/#\/schema\/logo\/image\/","url":"https:\/\/socageraptor.com\/wp-content\/uploads\/2019\/07\/socage-raptor.png","contentUrl":"https:\/\/socageraptor.com\/wp-content\/uploads\/2019\/07\/socage-raptor.png","width":5000,"height":880,"caption":"Socage Raptor"},"image":{"@id":"https:\/\/socageraptor.com\/fr\/#\/schema\/logo\/image\/"}}]}},"_links":{"self":[{"href":"https:\/\/socageraptor.com\/fr\/wp-json\/wp\/v2\/product\/36578","targetHints":{"allow":["GET"]}}],"collection":[{"href":"https:\/\/socageraptor.com\/fr\/wp-json\/wp\/v2\/product"}],"about":[{"href":"https:\/\/socageraptor.com\/fr\/wp-json\/wp\/v2\/types\/product"}],"replies":[{"embeddable":true,"href":"https:\/\/socageraptor.com\/fr\/wp-json\/wp\/v2\/comments?post=36578"}],"wp:featuredmedia":[{"embeddable":true,"href":"https:\/\/socageraptor.com\/fr\/wp-json\/wp\/v2\/media\/36612"}],"wp:attachment":[{"href":"https:\/\/socageraptor.com\/fr\/wp-json\/wp\/v2\/media?parent=36578"}],"wp:term":[{"taxonomy":"product_cat","embeddable":true,"href":"https:\/\/socageraptor.com\/fr\/wp-json\/wp\/v2\/product_cat?post=36578"},{"taxonomy":"product_tag","embeddable":true,"href":"https:\/\/socageraptor.com\/fr\/wp-json\/wp\/v2\/product_tag?post=36578"}],"curies":[{"name":"wp","href":"https:\/\/api.w.org\/{rel}","templated":true}]}}