{"id":36173,"date":"2024-04-11T16:31:33","date_gmt":"2024-04-11T16:31:33","guid":{"rendered":"https:\/\/socageraptor.com\/?post_type=product&#038;p=36173"},"modified":"2026-02-17T13:28:18","modified_gmt":"2026-02-17T13:28:18","slug":"nacelle-araignee-forste-35s","status":"publish","type":"product","link":"https:\/\/socageraptor.com\/fr\/nacelle\/nacelle-araignee-forste-35s\/","title":{"rendered":"Nacelle araign\u00e9e forSte 35s"},"content":{"rendered":"<p>Le Socage Raptor 35S repr\u00e9sente une innovation extraordinaire sur le march\u00e9 des nacelles sur chenilles, combinant parfaitement la polyvalence, la facilit\u00e9 d&rsquo;utilisation et les hautes performances dans un design extr\u00eamement compact.<\/p>\n<p>Avec une hauteur de travail maximale de 35 m et une port\u00e9e lat\u00e9rale de 21 m, la Raptor 35S offre un grand rayon d&rsquo;action avec une capacit\u00e9 du panier de 300 kg (2 op\u00e9rateurs + mat\u00e9riel). Il est \u00e9galement capable de travailler en n\u00e9gatif jusqu&rsquo;\u00e0 11 m.<\/p>\n<p>Les bras sont fabriqu\u00e9s \u00e0 partir de profil\u00e9s d&rsquo;acier de haute qualit\u00e9 et \u00e0 haute r\u00e9sistance. Leur construction robuste et leur poids r\u00e9duit permettent \u00e0 l&rsquo;op\u00e9rateur de travailler avec pr\u00e9cision et confort.<\/p>\n<p>L&rsquo;un des mots-cl\u00e9s de ce mod\u00e8le est sans aucun doute sa compacit\u00e9.&nbsp; Le Raptor 35S est la nacelle araign\u00e9e la plus compacte de sa cat\u00e9gorie, avec une longueur de seulement 6195 mm, ce qui la rend facile \u00e0 d\u00e9placer et \u00e0 transporter dans les espaces restreints.<\/p>\n<p>Le panier de 1800x700x1100 mm offre un plus grand confort lors des travaux en hauteur et il peut \u00eatre r\u00e9tr\u00e9cie pour s&rsquo;adapter aux petits espaces sans avoir \u00e0 \u00eatre d\u00e9mont\u00e9. Il est \u00e9galement \u00e9quip\u00e9 d&rsquo;un support pour crochet de levage de 500 kg.<\/p>\n<p>Le Raptor 35S int\u00e8gre dans leur configuration de s\u00e9rie la stabilisation automatique et le repli automatique de la partie a\u00e9rienne&nbsp;pour un fonctionnement simple, rapide et s\u00fbr.<\/p>\n<p>Un autre avantage est le point de pivot \u00e9lev\u00e9 de 20 m (Up&amp;Over) qui, associ\u00e9 \u00e0 la port\u00e9e lat\u00e9rale de 21 m, facilite l&rsquo;acc\u00e8s \u00e0 des zones difficilement accessibles.<\/p>\n<p>Id\u00e9al pour les loueurs et les professionnels \u00e0 la recherche d&rsquo;une nacelle araign\u00e9e efficace et performante, le Raptor 35S est la solution du march\u00e9 qui combine innovation technologique et fonctionnalit\u00e9s avanc\u00e9es pour r\u00e9pondre aux demandes des utilisateurs les plus exigeants.<\/p>\n","protected":false},"excerpt":{"rendered":"<p>Le Socage Raptor 35S repr\u00e9sente une innovation extraordinaire sur le march\u00e9 des nacelles sur chenilles, combinant parfaitement la polyvalence, la facilit\u00e9 d&rsquo;utilisation et les hautes performances dans un design extr\u00eamement compact.<\/p>\n","protected":false},"featured_media":36294,"comment_status":"open","ping_status":"closed","template":"","meta":{"_et_pb_use_builder":"","_et_pb_old_content":"","_et_gb_content_width":"","inline_featured_image":false,"ngg_post_thumbnail":0},"product_cat":[1518,1394],"product_tag":[],"class_list":["post-36173","product","type-product","status-publish","has-post-thumbnail","hentry","product_cat-s-articulees","product_cat-sin-categorizar-fr"],"acf":[],"yoast_head":"<!-- This site is optimized with the Yoast SEO plugin v20.2.1 - https:\/\/yoast.com\/wordpress\/plugins\/seo\/ -->\n<title>Nacelle araign\u00e9e forSte 35s - Socage Raptor. Piattaforme aeree ragno.<\/title>\n<meta name=\"robots\" content=\"index, follow, max-snippet:-1, max-image-preview:large, max-video-preview:-1\" \/>\n<link rel=\"canonical\" href=\"https:\/\/socageraptor.com\/fr\/nacelle\/nacelle-araignee-forste-35s\/\" \/>\n<meta property=\"og:locale\" content=\"fr_FR\" \/>\n<meta property=\"og:type\" content=\"article\" \/>\n<meta property=\"og:title\" content=\"Nacelle araign\u00e9e forSte 35s - Socage Raptor. Piattaforme aeree ragno.\" \/>\n<meta property=\"og:description\" content=\"Le Socage Raptor 35S repr\u00e9sente une innovation extraordinaire sur le march\u00e9 des nacelles sur chenilles, combinant parfaitement la polyvalence, la facilit\u00e9 d&#039;utilisation et les hautes performances dans un design extr\u00eamement compact.\" \/>\n<meta property=\"og:url\" content=\"https:\/\/socageraptor.com\/fr\/nacelle\/nacelle-araignee-forste-35s\/\" \/>\n<meta property=\"og:site_name\" content=\"Socage Raptor. Piattaforme aeree ragno.\" \/>\n<meta property=\"article:modified_time\" content=\"2026-02-17T13:28:18+00:00\" \/>\n<meta property=\"og:image\" content=\"https:\/\/socageraptor.com\/wp-content\/uploads\/2024\/04\/35s-raptor.jpg\" \/>\n\t<meta property=\"og:image:width\" content=\"1000\" \/>\n\t<meta property=\"og:image:height\" content=\"657\" \/>\n\t<meta property=\"og:image:type\" content=\"image\/jpeg\" \/>\n<meta name=\"twitter:card\" content=\"summary_large_image\" \/>\n<meta name=\"twitter:label1\" content=\"Dur\u00e9e de lecture estim\u00e9e\" \/>\n\t<meta name=\"twitter:data1\" content=\"2 minutes\" \/>\n<script type=\"application\/ld+json\" class=\"yoast-schema-graph\">{\"@context\":\"https:\/\/schema.org\",\"@graph\":[{\"@type\":\"WebPage\",\"@id\":\"https:\/\/socageraptor.com\/fr\/nacelle\/nacelle-araignee-forste-35s\/\",\"url\":\"https:\/\/socageraptor.com\/fr\/nacelle\/nacelle-araignee-forste-35s\/\",\"name\":\"Nacelle araign\u00e9e forSte 35s - Socage Raptor. Piattaforme aeree ragno.\",\"isPartOf\":{\"@id\":\"https:\/\/socageraptor.com\/fr\/#website\"},\"datePublished\":\"2024-04-11T16:31:33+00:00\",\"dateModified\":\"2026-02-17T13:28:18+00:00\",\"breadcrumb\":{\"@id\":\"https:\/\/socageraptor.com\/fr\/nacelle\/nacelle-araignee-forste-35s\/#breadcrumb\"},\"inLanguage\":\"fr-FR\",\"potentialAction\":[{\"@type\":\"ReadAction\",\"target\":[\"https:\/\/socageraptor.com\/fr\/nacelle\/nacelle-araignee-forste-35s\/\"]}]},{\"@type\":\"BreadcrumbList\",\"@id\":\"https:\/\/socageraptor.com\/fr\/nacelle\/nacelle-araignee-forste-35s\/#breadcrumb\",\"itemListElement\":[{\"@type\":\"ListItem\",\"position\":1,\"name\":\"Portada\",\"item\":\"https:\/\/socageraptor.com\/fr\/\"},{\"@type\":\"ListItem\",\"position\":2,\"name\":\"Des produits\",\"item\":\"https:\/\/socageraptor.com\/it\/negozio-piattaforme-aeree-ragno\/\"},{\"@type\":\"ListItem\",\"position\":3,\"name\":\"Nacelle araign\u00e9e forSte 35s\"}]},{\"@type\":\"WebSite\",\"@id\":\"https:\/\/socageraptor.com\/fr\/#website\",\"url\":\"https:\/\/socageraptor.com\/fr\/\",\"name\":\"Socage Raptor. Piattaforme aeree ragno.\",\"description\":\"Socage Raptor. Piattaforme aeree ragno.\",\"publisher\":{\"@id\":\"https:\/\/socageraptor.com\/fr\/#organization\"},\"potentialAction\":[{\"@type\":\"SearchAction\",\"target\":{\"@type\":\"EntryPoint\",\"urlTemplate\":\"https:\/\/socageraptor.com\/fr\/?s={search_term_string}\"},\"query-input\":\"required name=search_term_string\"}],\"inLanguage\":\"fr-FR\"},{\"@type\":\"Organization\",\"@id\":\"https:\/\/socageraptor.com\/fr\/#organization\",\"name\":\"Socage Raptor\",\"url\":\"https:\/\/socageraptor.com\/fr\/\",\"logo\":{\"@type\":\"ImageObject\",\"inLanguage\":\"fr-FR\",\"@id\":\"https:\/\/socageraptor.com\/fr\/#\/schema\/logo\/image\/\",\"url\":\"https:\/\/socageraptor.com\/wp-content\/uploads\/2019\/07\/socage-raptor.png\",\"contentUrl\":\"https:\/\/socageraptor.com\/wp-content\/uploads\/2019\/07\/socage-raptor.png\",\"width\":5000,\"height\":880,\"caption\":\"Socage Raptor\"},\"image\":{\"@id\":\"https:\/\/socageraptor.com\/fr\/#\/schema\/logo\/image\/\"}}]}<\/script>\n<!-- \/ Yoast SEO plugin. -->","yoast_head_json":{"title":"Nacelle araign\u00e9e forSte 35s - Socage Raptor. Piattaforme aeree ragno.","robots":{"index":"index","follow":"follow","max-snippet":"max-snippet:-1","max-image-preview":"max-image-preview:large","max-video-preview":"max-video-preview:-1"},"canonical":"https:\/\/socageraptor.com\/fr\/nacelle\/nacelle-araignee-forste-35s\/","og_locale":"fr_FR","og_type":"article","og_title":"Nacelle araign\u00e9e forSte 35s - Socage Raptor. Piattaforme aeree ragno.","og_description":"Le Socage Raptor 35S repr\u00e9sente une innovation extraordinaire sur le march\u00e9 des nacelles sur chenilles, combinant parfaitement la polyvalence, la facilit\u00e9 d'utilisation et les hautes performances dans un design extr\u00eamement compact.","og_url":"https:\/\/socageraptor.com\/fr\/nacelle\/nacelle-araignee-forste-35s\/","og_site_name":"Socage Raptor. Piattaforme aeree ragno.","article_modified_time":"2026-02-17T13:28:18+00:00","og_image":[{"width":1000,"height":657,"url":"https:\/\/socageraptor.com\/wp-content\/uploads\/2024\/04\/35s-raptor.jpg","type":"image\/jpeg"}],"twitter_card":"summary_large_image","twitter_misc":{"Dur\u00e9e de lecture estim\u00e9e":"2 minutes"},"schema":{"@context":"https:\/\/schema.org","@graph":[{"@type":"WebPage","@id":"https:\/\/socageraptor.com\/fr\/nacelle\/nacelle-araignee-forste-35s\/","url":"https:\/\/socageraptor.com\/fr\/nacelle\/nacelle-araignee-forste-35s\/","name":"Nacelle araign\u00e9e forSte 35s - Socage Raptor. Piattaforme aeree ragno.","isPartOf":{"@id":"https:\/\/socageraptor.com\/fr\/#website"},"datePublished":"2024-04-11T16:31:33+00:00","dateModified":"2026-02-17T13:28:18+00:00","breadcrumb":{"@id":"https:\/\/socageraptor.com\/fr\/nacelle\/nacelle-araignee-forste-35s\/#breadcrumb"},"inLanguage":"fr-FR","potentialAction":[{"@type":"ReadAction","target":["https:\/\/socageraptor.com\/fr\/nacelle\/nacelle-araignee-forste-35s\/"]}]},{"@type":"BreadcrumbList","@id":"https:\/\/socageraptor.com\/fr\/nacelle\/nacelle-araignee-forste-35s\/#breadcrumb","itemListElement":[{"@type":"ListItem","position":1,"name":"Portada","item":"https:\/\/socageraptor.com\/fr\/"},{"@type":"ListItem","position":2,"name":"Des produits","item":"https:\/\/socageraptor.com\/it\/negozio-piattaforme-aeree-ragno\/"},{"@type":"ListItem","position":3,"name":"Nacelle araign\u00e9e forSte 35s"}]},{"@type":"WebSite","@id":"https:\/\/socageraptor.com\/fr\/#website","url":"https:\/\/socageraptor.com\/fr\/","name":"Socage Raptor. Piattaforme aeree ragno.","description":"Socage Raptor. Piattaforme aeree ragno.","publisher":{"@id":"https:\/\/socageraptor.com\/fr\/#organization"},"potentialAction":[{"@type":"SearchAction","target":{"@type":"EntryPoint","urlTemplate":"https:\/\/socageraptor.com\/fr\/?s={search_term_string}"},"query-input":"required name=search_term_string"}],"inLanguage":"fr-FR"},{"@type":"Organization","@id":"https:\/\/socageraptor.com\/fr\/#organization","name":"Socage Raptor","url":"https:\/\/socageraptor.com\/fr\/","logo":{"@type":"ImageObject","inLanguage":"fr-FR","@id":"https:\/\/socageraptor.com\/fr\/#\/schema\/logo\/image\/","url":"https:\/\/socageraptor.com\/wp-content\/uploads\/2019\/07\/socage-raptor.png","contentUrl":"https:\/\/socageraptor.com\/wp-content\/uploads\/2019\/07\/socage-raptor.png","width":5000,"height":880,"caption":"Socage Raptor"},"image":{"@id":"https:\/\/socageraptor.com\/fr\/#\/schema\/logo\/image\/"}}]}},"_links":{"self":[{"href":"https:\/\/socageraptor.com\/fr\/wp-json\/wp\/v2\/product\/36173","targetHints":{"allow":["GET"]}}],"collection":[{"href":"https:\/\/socageraptor.com\/fr\/wp-json\/wp\/v2\/product"}],"about":[{"href":"https:\/\/socageraptor.com\/fr\/wp-json\/wp\/v2\/types\/product"}],"replies":[{"embeddable":true,"href":"https:\/\/socageraptor.com\/fr\/wp-json\/wp\/v2\/comments?post=36173"}],"wp:featuredmedia":[{"embeddable":true,"href":"https:\/\/socageraptor.com\/fr\/wp-json\/wp\/v2\/media\/36294"}],"wp:attachment":[{"href":"https:\/\/socageraptor.com\/fr\/wp-json\/wp\/v2\/media?parent=36173"}],"wp:term":[{"taxonomy":"product_cat","embeddable":true,"href":"https:\/\/socageraptor.com\/fr\/wp-json\/wp\/v2\/product_cat?post=36173"},{"taxonomy":"product_tag","embeddable":true,"href":"https:\/\/socageraptor.com\/fr\/wp-json\/wp\/v2\/product_tag?post=36173"}],"curies":[{"name":"wp","href":"https:\/\/api.w.org\/{rel}","templated":true}]}}