{"id":35234,"date":"2023-11-01T12:50:42","date_gmt":"2023-11-01T12:50:42","guid":{"rendered":"https:\/\/socageraptor.com\/producto\/nacelle-araignee-forste-18s\/"},"modified":"2026-02-17T13:26:00","modified_gmt":"2026-02-17T13:26:00","slug":"nacelle-araignee-forste-18s","status":"publish","type":"product","link":"https:\/\/socageraptor.com\/fr\/nacelle\/nacelle-araignee-forste-18s\/","title":{"rendered":"Nacelle araign\u00e9e ForSte 18S"},"content":{"rendered":"<div class=\"et_pb_module et_pb_text et_pb_text_2 et_pb_text_align_left et_pb_bg_layout_light\">\n<div class=\"et_pb_text_inner\">Le RAPTOR 18S est une nacelle a chenille avec une hauteur de travail maximum de 18 m et une port\u00e9e lat\u00e9rale maximum de 8,20 m. Il se caract\u00e9rise par sa capacit\u00e9 \u00e0 soulever 230 kg (2 op\u00e9rateurs + mat\u00e9riel) sur toute la zone de travail sans limitation. Un autre avantage de cette plateforme \u00e9l\u00e9vatrice est&nbsp;<strong>la stabilisation et le repliage automatiques de s\u00e9rie<\/strong>&nbsp;pour une utilisation facile et secure. Cette plate-forme \u00e9l\u00e9vatrice sur chenilles est \u00e9quip\u00e9e de s\u00e9rie d\u2019une&nbsp;<strong>t\u00e9l\u00e9commande multifonctionnelle, qui permet non seulement le d\u00e9placement de la partie a\u00e9rienne, mais aussi une plus grande s\u00e9curit\u00e9 et un meilleur confort pour l\u2019op\u00e9rateur<\/strong>.. Plateforme sostenible avec 0% d\u2019\u00e9missions, bi-\u00e9nergie de s\u00e9rie, elle int\u00e8gre en plus du moteur diesel un moteur \u00e9lectrique 230V qui permet un fonctionnement sans \u00e9mission, indispensable dans certains espaces ferm\u00e9s comme les \u00e9glises, les a\u00e9roports ou les usines.<\/div>\n<\/div>\n<div class=\"et_pb_with_border et_pb_module et_pb_text et_pb_text_3 et_pb_text_align_left et_pb_bg_layout_light\">\n<div class=\"et_pb_text_inner\">\n<h2><strong>Nacelle a chenille haute performance<\/strong><\/h2>\n<\/div>\n<\/div>\n<div class=\"et_pb_module et_pb_text et_pb_text_4 et_pb_text_align_left et_pb_bg_layout_light\">\n<div class=\"et_pb_text_inner\">Le nacelle araign\u00e9e RAPTOR 18S a des dimensions et un poids tr\u00e8s r\u00e9duits. Elle est \u00e9quip\u00e9e de chenilles extensibles pour une meilleure <strong>stabilit\u00e9 lors de la transition de la machine<\/strong>. Les chenilles blanches sont non marquantes et sont con\u00e7ues pour \u00eatre utilis\u00e9es dans des espaces confin\u00e9s. Le transfert \u00e0 chenilles a trois vitesses diff\u00e9rentes selon les besoins. La rotation de la tourelle es de 380\u00b0 et le bras pendulaire hydraulique ainsi que le bras \u00e0 double articulation permettent une grande maniabilit\u00e9. <strong>Tout cela en fait l\u2019une des plateformes \u00e9l\u00e9vatrices sur chenilles de 18 m\u00e8tres pr\u00e9sentant le meilleur rapport entre dimensions r\u00e9duites et performances sur le march\u00e9<\/strong>.<\/div>\n<\/div>\n","protected":false},"excerpt":{"rendered":"<p>ForSte 18S est une nacelle a chenille avec une hauteur de travail maximum de 18,30 m et une port\u00e9e lat\u00e9rale maximum de 8,20 m. Il se caract\u00e9rise par sa capacit\u00e9 \u00e0 soulever 230 kg (2 op\u00e9rateurs + mat\u00e9riel) sur toute la zone de travail sans limitation.<\/p>\n","protected":false},"featured_media":35534,"comment_status":"open","ping_status":"closed","template":"","meta":{"_et_pb_use_builder":"","_et_pb_old_content":"","_et_gb_content_width":"","inline_featured_image":false,"ngg_post_thumbnail":0},"product_cat":[1518,1394],"product_tag":[],"class_list":["post-35234","product","type-product","status-publish","has-post-thumbnail","hentry","product_cat-s-articulees","product_cat-sin-categorizar-fr"],"acf":[],"yoast_head":"<!-- This site is optimized with the Yoast SEO plugin v20.2.1 - https:\/\/yoast.com\/wordpress\/plugins\/seo\/ -->\n<title>Nacelle araign\u00e9e ForSte 18S<\/title>\n<meta name=\"robots\" content=\"index, follow, max-snippet:-1, max-image-preview:large, max-video-preview:-1\" \/>\n<link rel=\"canonical\" href=\"https:\/\/socageraptor.com\/fr\/nacelle\/nacelle-araignee-forste-18s\/\" \/>\n<meta property=\"og:locale\" content=\"fr_FR\" \/>\n<meta property=\"og:type\" content=\"article\" \/>\n<meta property=\"og:title\" content=\"Nacelle araign\u00e9e ForSte 18S\" \/>\n<meta property=\"og:description\" content=\"ForSte 18S est une nacelle a chenille avec une hauteur de travail maximum de 18,30 m et une port\u00e9e lat\u00e9rale maximum de 8,20 m. Il se caract\u00e9rise par sa capacit\u00e9 \u00e0 soulever 230 kg (2 op\u00e9rateurs + mat\u00e9riel) sur toute la zone de travail sans limitation.\" \/>\n<meta property=\"og:url\" content=\"https:\/\/socageraptor.com\/fr\/nacelle\/nacelle-araignee-forste-18s\/\" \/>\n<meta property=\"og:site_name\" content=\"Socage Raptor. Piattaforme aeree ragno.\" \/>\n<meta property=\"article:modified_time\" content=\"2026-02-17T13:26:00+00:00\" \/>\n<meta property=\"og:image\" content=\"https:\/\/socageraptor.com\/wp-content\/uploads\/2023\/02\/18S.jpg\" \/>\n\t<meta property=\"og:image:width\" content=\"1200\" \/>\n\t<meta property=\"og:image:height\" content=\"900\" \/>\n\t<meta property=\"og:image:type\" content=\"image\/jpeg\" \/>\n<meta name=\"twitter:card\" content=\"summary_large_image\" \/>\n<meta name=\"twitter:label1\" content=\"Dur\u00e9e de lecture estim\u00e9e\" \/>\n\t<meta name=\"twitter:data1\" content=\"2 minutes\" \/>\n<script type=\"application\/ld+json\" class=\"yoast-schema-graph\">{\"@context\":\"https:\/\/schema.org\",\"@graph\":[{\"@type\":\"WebPage\",\"@id\":\"https:\/\/socageraptor.com\/fr\/nacelle\/nacelle-araignee-forste-18s\/\",\"url\":\"https:\/\/socageraptor.com\/fr\/nacelle\/nacelle-araignee-forste-18s\/\",\"name\":\"Nacelle araign\u00e9e ForSte 18S\",\"isPartOf\":{\"@id\":\"https:\/\/socageraptor.com\/fr\/#website\"},\"datePublished\":\"2023-11-01T12:50:42+00:00\",\"dateModified\":\"2026-02-17T13:26:00+00:00\",\"breadcrumb\":{\"@id\":\"https:\/\/socageraptor.com\/fr\/nacelle\/nacelle-araignee-forste-18s\/#breadcrumb\"},\"inLanguage\":\"fr-FR\",\"potentialAction\":[{\"@type\":\"ReadAction\",\"target\":[\"https:\/\/socageraptor.com\/fr\/nacelle\/nacelle-araignee-forste-18s\/\"]}]},{\"@type\":\"BreadcrumbList\",\"@id\":\"https:\/\/socageraptor.com\/fr\/nacelle\/nacelle-araignee-forste-18s\/#breadcrumb\",\"itemListElement\":[{\"@type\":\"ListItem\",\"position\":1,\"name\":\"Portada\",\"item\":\"https:\/\/socageraptor.com\/fr\/\"},{\"@type\":\"ListItem\",\"position\":2,\"name\":\"Des produits\",\"item\":\"https:\/\/socageraptor.com\/it\/negozio-piattaforme-aeree-ragno\/\"},{\"@type\":\"ListItem\",\"position\":3,\"name\":\"Nacelle araign\u00e9e ForSte 18S\"}]},{\"@type\":\"WebSite\",\"@id\":\"https:\/\/socageraptor.com\/fr\/#website\",\"url\":\"https:\/\/socageraptor.com\/fr\/\",\"name\":\"Socage Raptor. Piattaforme aeree ragno.\",\"description\":\"Socage Raptor. Piattaforme aeree ragno.\",\"publisher\":{\"@id\":\"https:\/\/socageraptor.com\/fr\/#organization\"},\"potentialAction\":[{\"@type\":\"SearchAction\",\"target\":{\"@type\":\"EntryPoint\",\"urlTemplate\":\"https:\/\/socageraptor.com\/fr\/?s={search_term_string}\"},\"query-input\":\"required name=search_term_string\"}],\"inLanguage\":\"fr-FR\"},{\"@type\":\"Organization\",\"@id\":\"https:\/\/socageraptor.com\/fr\/#organization\",\"name\":\"Socage Raptor\",\"url\":\"https:\/\/socageraptor.com\/fr\/\",\"logo\":{\"@type\":\"ImageObject\",\"inLanguage\":\"fr-FR\",\"@id\":\"https:\/\/socageraptor.com\/fr\/#\/schema\/logo\/image\/\",\"url\":\"https:\/\/socageraptor.com\/wp-content\/uploads\/2019\/07\/socage-raptor.png\",\"contentUrl\":\"https:\/\/socageraptor.com\/wp-content\/uploads\/2019\/07\/socage-raptor.png\",\"width\":5000,\"height\":880,\"caption\":\"Socage Raptor\"},\"image\":{\"@id\":\"https:\/\/socageraptor.com\/fr\/#\/schema\/logo\/image\/\"}}]}<\/script>\n<!-- \/ Yoast SEO plugin. -->","yoast_head_json":{"title":"Nacelle araign\u00e9e ForSte 18S","robots":{"index":"index","follow":"follow","max-snippet":"max-snippet:-1","max-image-preview":"max-image-preview:large","max-video-preview":"max-video-preview:-1"},"canonical":"https:\/\/socageraptor.com\/fr\/nacelle\/nacelle-araignee-forste-18s\/","og_locale":"fr_FR","og_type":"article","og_title":"Nacelle araign\u00e9e ForSte 18S","og_description":"ForSte 18S est une nacelle a chenille avec une hauteur de travail maximum de 18,30 m et une port\u00e9e lat\u00e9rale maximum de 8,20 m. Il se caract\u00e9rise par sa capacit\u00e9 \u00e0 soulever 230 kg (2 op\u00e9rateurs + mat\u00e9riel) sur toute la zone de travail sans limitation.","og_url":"https:\/\/socageraptor.com\/fr\/nacelle\/nacelle-araignee-forste-18s\/","og_site_name":"Socage Raptor. Piattaforme aeree ragno.","article_modified_time":"2026-02-17T13:26:00+00:00","og_image":[{"width":1200,"height":900,"url":"https:\/\/socageraptor.com\/wp-content\/uploads\/2023\/02\/18S.jpg","type":"image\/jpeg"}],"twitter_card":"summary_large_image","twitter_misc":{"Dur\u00e9e de lecture estim\u00e9e":"2 minutes"},"schema":{"@context":"https:\/\/schema.org","@graph":[{"@type":"WebPage","@id":"https:\/\/socageraptor.com\/fr\/nacelle\/nacelle-araignee-forste-18s\/","url":"https:\/\/socageraptor.com\/fr\/nacelle\/nacelle-araignee-forste-18s\/","name":"Nacelle araign\u00e9e ForSte 18S","isPartOf":{"@id":"https:\/\/socageraptor.com\/fr\/#website"},"datePublished":"2023-11-01T12:50:42+00:00","dateModified":"2026-02-17T13:26:00+00:00","breadcrumb":{"@id":"https:\/\/socageraptor.com\/fr\/nacelle\/nacelle-araignee-forste-18s\/#breadcrumb"},"inLanguage":"fr-FR","potentialAction":[{"@type":"ReadAction","target":["https:\/\/socageraptor.com\/fr\/nacelle\/nacelle-araignee-forste-18s\/"]}]},{"@type":"BreadcrumbList","@id":"https:\/\/socageraptor.com\/fr\/nacelle\/nacelle-araignee-forste-18s\/#breadcrumb","itemListElement":[{"@type":"ListItem","position":1,"name":"Portada","item":"https:\/\/socageraptor.com\/fr\/"},{"@type":"ListItem","position":2,"name":"Des produits","item":"https:\/\/socageraptor.com\/it\/negozio-piattaforme-aeree-ragno\/"},{"@type":"ListItem","position":3,"name":"Nacelle araign\u00e9e ForSte 18S"}]},{"@type":"WebSite","@id":"https:\/\/socageraptor.com\/fr\/#website","url":"https:\/\/socageraptor.com\/fr\/","name":"Socage Raptor. Piattaforme aeree ragno.","description":"Socage Raptor. Piattaforme aeree ragno.","publisher":{"@id":"https:\/\/socageraptor.com\/fr\/#organization"},"potentialAction":[{"@type":"SearchAction","target":{"@type":"EntryPoint","urlTemplate":"https:\/\/socageraptor.com\/fr\/?s={search_term_string}"},"query-input":"required name=search_term_string"}],"inLanguage":"fr-FR"},{"@type":"Organization","@id":"https:\/\/socageraptor.com\/fr\/#organization","name":"Socage Raptor","url":"https:\/\/socageraptor.com\/fr\/","logo":{"@type":"ImageObject","inLanguage":"fr-FR","@id":"https:\/\/socageraptor.com\/fr\/#\/schema\/logo\/image\/","url":"https:\/\/socageraptor.com\/wp-content\/uploads\/2019\/07\/socage-raptor.png","contentUrl":"https:\/\/socageraptor.com\/wp-content\/uploads\/2019\/07\/socage-raptor.png","width":5000,"height":880,"caption":"Socage Raptor"},"image":{"@id":"https:\/\/socageraptor.com\/fr\/#\/schema\/logo\/image\/"}}]}},"_links":{"self":[{"href":"https:\/\/socageraptor.com\/fr\/wp-json\/wp\/v2\/product\/35234","targetHints":{"allow":["GET"]}}],"collection":[{"href":"https:\/\/socageraptor.com\/fr\/wp-json\/wp\/v2\/product"}],"about":[{"href":"https:\/\/socageraptor.com\/fr\/wp-json\/wp\/v2\/types\/product"}],"replies":[{"embeddable":true,"href":"https:\/\/socageraptor.com\/fr\/wp-json\/wp\/v2\/comments?post=35234"}],"wp:featuredmedia":[{"embeddable":true,"href":"https:\/\/socageraptor.com\/fr\/wp-json\/wp\/v2\/media\/35534"}],"wp:attachment":[{"href":"https:\/\/socageraptor.com\/fr\/wp-json\/wp\/v2\/media?parent=35234"}],"wp:term":[{"taxonomy":"product_cat","embeddable":true,"href":"https:\/\/socageraptor.com\/fr\/wp-json\/wp\/v2\/product_cat?post=35234"},{"taxonomy":"product_tag","embeddable":true,"href":"https:\/\/socageraptor.com\/fr\/wp-json\/wp\/v2\/product_tag?post=35234"}],"curies":[{"name":"wp","href":"https:\/\/api.w.org\/{rel}","templated":true}]}}