{"id":35183,"date":"2023-02-01T12:51:09","date_gmt":"2023-02-01T12:51:09","guid":{"rendered":"https:\/\/socageraptor.com\/producto\/nacelle-araignee-forste-15s\/"},"modified":"2026-02-17T13:24:46","modified_gmt":"2026-02-17T13:24:46","slug":"nacelle-araignee-forste-15s","status":"publish","type":"product","link":"https:\/\/socageraptor.com\/fr\/nacelle\/nacelle-araignee-forste-15s\/","title":{"rendered":"Nacelle araign\u00e9e ForSte 15S"},"content":{"rendered":"<div class=\"et_pb_module et_pb_text et_pb_text_2 et_pb_text_align_left et_pb_bg_layout_light\">\n<div class=\"et_pb_text_inner\">\n<p>Le RAPTOR 15S est une nacelle araign\u00e9e avec une hauteur de travail maximum de 15 m, et une port\u00e9e lat\u00e9rale maximum de 7 m. Elle est en mesure de soulever 225 kg (2 op\u00e9rateurs + mat\u00e9riau) <strong>sans aucune limitation sur toute la zone de travail<\/strong>. Partie a\u00e9rienne \u00e0 double articulation avec Jib hydraulique pour une plus grande polyvalence.<\/p>\n<p>Cette plate-forme \u00e9l\u00e9vatrice sur chenille est dot\u00e9e&nbsp;<strong>de s\u00e9rie de<\/strong>&nbsp;<strong>commandes enti\u00e8rement hydrauliques<\/strong>&nbsp;pour les mouvements de la partie a\u00e9rienne et avec&nbsp;<strong>radio commande,&nbsp;<\/strong>pour&nbsp;<strong>plus de confort et de s\u00e9curit\u00e9 de l\u2019op\u00e9rateur&nbsp;<\/strong>dans le contr\u00f4le de la translation, la stabilisation et la vitesse du moteur Honda 13CV de s\u00e9rie. Possibilit\u00e9 de monter un moteur diesel.<\/p>\n<p><strong>Plate-forme Durable de 0% \u00e9missions, bi-\u00e9nerg\u00e9tique,&nbsp;<\/strong>en plus du moteur \u00e0 essence int\u00e8gre un moteur \u00e9lectrique 230V qui<strong>&nbsp;permet de travailler sans \u00e9missions, indispensable dans certains espaces clos comme par exemple des \u00e9glises, des a\u00e9roports ou des usines.<\/strong><\/p>\n<\/div>\n<\/div>\n<div class=\"et_pb_with_border et_pb_module et_pb_text et_pb_text_3 et_pb_text_align_left et_pb_bg_layout_light\">\n<div class=\"et_pb_text_inner\">\n<h2><strong>Le plus compact dans les paniers \u00e9l\u00e9vateurs<\/strong><\/h2>\n<\/div>\n<\/div>\n<div class=\"et_pb_module et_pb_text et_pb_text_4 et_pb_text_align_left et_pb_bg_layout_light\">\n<div class=\"et_pb_text_inner\">\n<p>La nacelle araign\u00e9e 15S a un poids et des dimensions tr\u00e8s r\u00e9duits, seulement 78 cm de largeur en phase de translation (avec le panier d\u00e9mont\u00e9), est \u00e9quip\u00e9<strong>&nbsp;de chenilles extensibles pour une plus grande stabilit\u00e9&nbsp;<\/strong>dans la translation de la machine<strong>.<\/strong><\/p>\n<p>La rotation de la partie a\u00e9rienne de 400\u00ba et le Jib hydraulique \u00e0 c\u00f4t\u00e9 du bras \u00e0 double articulation permet une vaste zone de travail. <strong>Tout cela en fait l\u2019un des paniers \u00e9l\u00e9vateurs avec le meilleur rapport entre les dimensions r\u00e9duites\/performances du march\u00e9.<\/strong><\/p>\n<\/div>\n<\/div>\n","protected":false},"excerpt":{"rendered":"<p>15S est une nacelle araign\u00e9e avec une hauteur de travail maximum de 15 m, et une port\u00e9e lat\u00e9rale maximum de 7 m. Elle est en mesure de soulever 225 kg (2 op\u00e9rateurs + mat\u00e9riau)&nbsp;sans aucune limitation sur toute la zone de travail. Partie a\u00e9rienne \u00e0 double articulation avec Jib hydraulique pour une plus grande polyvalence.<\/p>\n","protected":false},"featured_media":35529,"comment_status":"open","ping_status":"closed","template":"","meta":{"_et_pb_use_builder":"","_et_pb_old_content":"","_et_gb_content_width":"","inline_featured_image":false,"ngg_post_thumbnail":0},"product_cat":[1518,1394],"product_tag":[],"class_list":["post-35183","product","type-product","status-publish","has-post-thumbnail","hentry","product_cat-s-articulees","product_cat-sin-categorizar-fr"],"acf":[],"yoast_head":"<!-- This site is optimized with the Yoast SEO plugin v20.2.1 - https:\/\/yoast.com\/wordpress\/plugins\/seo\/ -->\n<title>Nacelle araign\u00e9e ForSte 15S - Socage Raptor. Piattaforme aeree ragno.<\/title>\n<meta name=\"robots\" content=\"index, follow, max-snippet:-1, max-image-preview:large, max-video-preview:-1\" \/>\n<link rel=\"canonical\" href=\"https:\/\/socageraptor.com\/fr\/nacelle\/nacelle-araignee-forste-15s\/\" \/>\n<meta property=\"og:locale\" content=\"fr_FR\" \/>\n<meta property=\"og:type\" content=\"article\" \/>\n<meta property=\"og:title\" content=\"Nacelle araign\u00e9e ForSte 15S - Socage Raptor. Piattaforme aeree ragno.\" \/>\n<meta property=\"og:description\" content=\"15S est une nacelle araign\u00e9e avec une hauteur de travail maximum de 15 m, et une port\u00e9e lat\u00e9rale maximum de 7 m. Elle est en mesure de soulever 225 kg (2 op\u00e9rateurs + mat\u00e9riau)&nbsp;sans aucune limitation sur toute la zone de travail. Partie a\u00e9rienne \u00e0 double articulation avec Jib hydraulique pour une plus grande polyvalence.\" \/>\n<meta property=\"og:url\" content=\"https:\/\/socageraptor.com\/fr\/nacelle\/nacelle-araignee-forste-15s\/\" \/>\n<meta property=\"og:site_name\" content=\"Socage Raptor. Piattaforme aeree ragno.\" \/>\n<meta property=\"article:modified_time\" content=\"2026-02-17T13:24:46+00:00\" \/>\n<meta property=\"og:image\" content=\"https:\/\/socageraptor.com\/wp-content\/uploads\/2023\/02\/15S-1.jpg\" \/>\n\t<meta property=\"og:image:width\" content=\"1200\" \/>\n\t<meta property=\"og:image:height\" content=\"900\" \/>\n\t<meta property=\"og:image:type\" content=\"image\/jpeg\" \/>\n<meta name=\"twitter:card\" content=\"summary_large_image\" \/>\n<meta name=\"twitter:label1\" content=\"Dur\u00e9e de lecture estim\u00e9e\" \/>\n\t<meta name=\"twitter:data1\" content=\"2 minutes\" \/>\n<script type=\"application\/ld+json\" class=\"yoast-schema-graph\">{\"@context\":\"https:\/\/schema.org\",\"@graph\":[{\"@type\":\"WebPage\",\"@id\":\"https:\/\/socageraptor.com\/fr\/nacelle\/nacelle-araignee-forste-15s\/\",\"url\":\"https:\/\/socageraptor.com\/fr\/nacelle\/nacelle-araignee-forste-15s\/\",\"name\":\"Nacelle araign\u00e9e ForSte 15S - Socage Raptor. Piattaforme aeree ragno.\",\"isPartOf\":{\"@id\":\"https:\/\/socageraptor.com\/fr\/#website\"},\"datePublished\":\"2023-02-01T12:51:09+00:00\",\"dateModified\":\"2026-02-17T13:24:46+00:00\",\"breadcrumb\":{\"@id\":\"https:\/\/socageraptor.com\/fr\/nacelle\/nacelle-araignee-forste-15s\/#breadcrumb\"},\"inLanguage\":\"fr-FR\",\"potentialAction\":[{\"@type\":\"ReadAction\",\"target\":[\"https:\/\/socageraptor.com\/fr\/nacelle\/nacelle-araignee-forste-15s\/\"]}]},{\"@type\":\"BreadcrumbList\",\"@id\":\"https:\/\/socageraptor.com\/fr\/nacelle\/nacelle-araignee-forste-15s\/#breadcrumb\",\"itemListElement\":[{\"@type\":\"ListItem\",\"position\":1,\"name\":\"Portada\",\"item\":\"https:\/\/socageraptor.com\/fr\/\"},{\"@type\":\"ListItem\",\"position\":2,\"name\":\"Des produits\",\"item\":\"https:\/\/socageraptor.com\/it\/negozio-piattaforme-aeree-ragno\/\"},{\"@type\":\"ListItem\",\"position\":3,\"name\":\"Nacelle araign\u00e9e ForSte 15S\"}]},{\"@type\":\"WebSite\",\"@id\":\"https:\/\/socageraptor.com\/fr\/#website\",\"url\":\"https:\/\/socageraptor.com\/fr\/\",\"name\":\"Socage Raptor. Piattaforme aeree ragno.\",\"description\":\"Socage Raptor. Piattaforme aeree ragno.\",\"publisher\":{\"@id\":\"https:\/\/socageraptor.com\/fr\/#organization\"},\"potentialAction\":[{\"@type\":\"SearchAction\",\"target\":{\"@type\":\"EntryPoint\",\"urlTemplate\":\"https:\/\/socageraptor.com\/fr\/?s={search_term_string}\"},\"query-input\":\"required name=search_term_string\"}],\"inLanguage\":\"fr-FR\"},{\"@type\":\"Organization\",\"@id\":\"https:\/\/socageraptor.com\/fr\/#organization\",\"name\":\"Socage Raptor\",\"url\":\"https:\/\/socageraptor.com\/fr\/\",\"logo\":{\"@type\":\"ImageObject\",\"inLanguage\":\"fr-FR\",\"@id\":\"https:\/\/socageraptor.com\/fr\/#\/schema\/logo\/image\/\",\"url\":\"https:\/\/socageraptor.com\/wp-content\/uploads\/2019\/07\/socage-raptor.png\",\"contentUrl\":\"https:\/\/socageraptor.com\/wp-content\/uploads\/2019\/07\/socage-raptor.png\",\"width\":5000,\"height\":880,\"caption\":\"Socage Raptor\"},\"image\":{\"@id\":\"https:\/\/socageraptor.com\/fr\/#\/schema\/logo\/image\/\"}}]}<\/script>\n<!-- \/ Yoast SEO plugin. -->","yoast_head_json":{"title":"Nacelle araign\u00e9e ForSte 15S - Socage Raptor. Piattaforme aeree ragno.","robots":{"index":"index","follow":"follow","max-snippet":"max-snippet:-1","max-image-preview":"max-image-preview:large","max-video-preview":"max-video-preview:-1"},"canonical":"https:\/\/socageraptor.com\/fr\/nacelle\/nacelle-araignee-forste-15s\/","og_locale":"fr_FR","og_type":"article","og_title":"Nacelle araign\u00e9e ForSte 15S - Socage Raptor. Piattaforme aeree ragno.","og_description":"15S est une nacelle araign\u00e9e avec une hauteur de travail maximum de 15 m, et une port\u00e9e lat\u00e9rale maximum de 7 m. Elle est en mesure de soulever 225 kg (2 op\u00e9rateurs + mat\u00e9riau)&nbsp;sans aucune limitation sur toute la zone de travail. Partie a\u00e9rienne \u00e0 double articulation avec Jib hydraulique pour une plus grande polyvalence.","og_url":"https:\/\/socageraptor.com\/fr\/nacelle\/nacelle-araignee-forste-15s\/","og_site_name":"Socage Raptor. Piattaforme aeree ragno.","article_modified_time":"2026-02-17T13:24:46+00:00","og_image":[{"width":1200,"height":900,"url":"https:\/\/socageraptor.com\/wp-content\/uploads\/2023\/02\/15S-1.jpg","type":"image\/jpeg"}],"twitter_card":"summary_large_image","twitter_misc":{"Dur\u00e9e de lecture estim\u00e9e":"2 minutes"},"schema":{"@context":"https:\/\/schema.org","@graph":[{"@type":"WebPage","@id":"https:\/\/socageraptor.com\/fr\/nacelle\/nacelle-araignee-forste-15s\/","url":"https:\/\/socageraptor.com\/fr\/nacelle\/nacelle-araignee-forste-15s\/","name":"Nacelle araign\u00e9e ForSte 15S - Socage Raptor. Piattaforme aeree ragno.","isPartOf":{"@id":"https:\/\/socageraptor.com\/fr\/#website"},"datePublished":"2023-02-01T12:51:09+00:00","dateModified":"2026-02-17T13:24:46+00:00","breadcrumb":{"@id":"https:\/\/socageraptor.com\/fr\/nacelle\/nacelle-araignee-forste-15s\/#breadcrumb"},"inLanguage":"fr-FR","potentialAction":[{"@type":"ReadAction","target":["https:\/\/socageraptor.com\/fr\/nacelle\/nacelle-araignee-forste-15s\/"]}]},{"@type":"BreadcrumbList","@id":"https:\/\/socageraptor.com\/fr\/nacelle\/nacelle-araignee-forste-15s\/#breadcrumb","itemListElement":[{"@type":"ListItem","position":1,"name":"Portada","item":"https:\/\/socageraptor.com\/fr\/"},{"@type":"ListItem","position":2,"name":"Des produits","item":"https:\/\/socageraptor.com\/it\/negozio-piattaforme-aeree-ragno\/"},{"@type":"ListItem","position":3,"name":"Nacelle araign\u00e9e ForSte 15S"}]},{"@type":"WebSite","@id":"https:\/\/socageraptor.com\/fr\/#website","url":"https:\/\/socageraptor.com\/fr\/","name":"Socage Raptor. Piattaforme aeree ragno.","description":"Socage Raptor. Piattaforme aeree ragno.","publisher":{"@id":"https:\/\/socageraptor.com\/fr\/#organization"},"potentialAction":[{"@type":"SearchAction","target":{"@type":"EntryPoint","urlTemplate":"https:\/\/socageraptor.com\/fr\/?s={search_term_string}"},"query-input":"required name=search_term_string"}],"inLanguage":"fr-FR"},{"@type":"Organization","@id":"https:\/\/socageraptor.com\/fr\/#organization","name":"Socage Raptor","url":"https:\/\/socageraptor.com\/fr\/","logo":{"@type":"ImageObject","inLanguage":"fr-FR","@id":"https:\/\/socageraptor.com\/fr\/#\/schema\/logo\/image\/","url":"https:\/\/socageraptor.com\/wp-content\/uploads\/2019\/07\/socage-raptor.png","contentUrl":"https:\/\/socageraptor.com\/wp-content\/uploads\/2019\/07\/socage-raptor.png","width":5000,"height":880,"caption":"Socage Raptor"},"image":{"@id":"https:\/\/socageraptor.com\/fr\/#\/schema\/logo\/image\/"}}]}},"_links":{"self":[{"href":"https:\/\/socageraptor.com\/fr\/wp-json\/wp\/v2\/product\/35183","targetHints":{"allow":["GET"]}}],"collection":[{"href":"https:\/\/socageraptor.com\/fr\/wp-json\/wp\/v2\/product"}],"about":[{"href":"https:\/\/socageraptor.com\/fr\/wp-json\/wp\/v2\/types\/product"}],"replies":[{"embeddable":true,"href":"https:\/\/socageraptor.com\/fr\/wp-json\/wp\/v2\/comments?post=35183"}],"wp:featuredmedia":[{"embeddable":true,"href":"https:\/\/socageraptor.com\/fr\/wp-json\/wp\/v2\/media\/35529"}],"wp:attachment":[{"href":"https:\/\/socageraptor.com\/fr\/wp-json\/wp\/v2\/media?parent=35183"}],"wp:term":[{"taxonomy":"product_cat","embeddable":true,"href":"https:\/\/socageraptor.com\/fr\/wp-json\/wp\/v2\/product_cat?post=35183"},{"taxonomy":"product_tag","embeddable":true,"href":"https:\/\/socageraptor.com\/fr\/wp-json\/wp\/v2\/product_tag?post=35183"}],"curies":[{"name":"wp","href":"https:\/\/api.w.org\/{rel}","templated":true}]}}