{"id":37668,"date":"2025-10-07T11:25:14","date_gmt":"2025-10-07T11:25:14","guid":{"rendered":"https:\/\/socageraptor.com\/prodotto\/raptor-18ste-2\/"},"modified":"2025-10-08T08:20:20","modified_gmt":"2025-10-08T08:20:20","slug":"raptor-18ste-2","status":"publish","type":"product","link":"https:\/\/socageraptor.com\/es\/oruga\/raptor-18ste-2\/","title":{"rendered":"RAPTOR 18STE"},"content":{"rendered":"<p>El Raptor 18STE es la plataforma sobre orugas 100 % el\u00e9ctrica que combina el rendimiento profesional de la serie Raptor con la tecnolog\u00eda de bater\u00eda de litio m\u00e1s avanzada. Ideal para usos tanto interiores como exteriores, ofrece cero emisiones, funcionamiento silencioso y gran autonom\u00eda.<br \/>Con una altura m\u00e1xima de 17,80 metros y un alcance lateral de hasta 10,50 metros, el 18STE garantiza estabilidad, precisi\u00f3n y confort para dos operarios gracias a la cesta de 230 kg de capacidad. La bater\u00eda permite al menos 15 ciclos completos de trabajo con una sola carga, mientras que la recarga r\u00e1pida permite alcanzar el 60 % en 4 horas y el 100 % en 8 horas. Tambi\u00e9n es posible trabajar con el cable de alimentaci\u00f3n conectado para operaciones continuas.<br \/>El Raptor 18STE es la soluci\u00f3n ideal para quienes buscan alto rendimiento, fiabilidad y un impacto ambiental reducido.<\/p>\n","protected":false},"excerpt":{"rendered":"<p>El Raptor 18STE es la plataforma sobre orugas 100 % el\u00e9ctrica que combina el rendimiento profesional de la serie Raptor con la tecnolog\u00eda de bater\u00eda de litio m\u00e1s avanzada. Ideal para usos tanto interiores como exteriores, ofrece cero emisiones, funcionamiento silencioso y gran autonom\u00eda.Con una altura m\u00e1xima de 17,80 metros y un alcance lateral de [&hellip;]<\/p>\n","protected":false},"featured_media":37623,"comment_status":"closed","ping_status":"closed","template":"","meta":{"_et_pb_use_builder":"","_et_pb_old_content":"","_et_gb_content_width":"","inline_featured_image":false,"ngg_post_thumbnail":0},"product_cat":[1515],"product_tag":[],"class_list":["post-37668","product","type-product","status-publish","has-post-thumbnail","hentry","product_cat-ste-electric-series-telescopicas"],"acf":[],"yoast_head":"<!-- This site is optimized with the Yoast SEO plugin v20.2.1 - https:\/\/yoast.com\/wordpress\/plugins\/seo\/ -->\n<title>RAPTOR 18STE - Socage Raptor. Piattaforme aeree ragno.<\/title>\n<meta name=\"robots\" content=\"index, follow, max-snippet:-1, max-image-preview:large, max-video-preview:-1\" \/>\n<link rel=\"canonical\" href=\"https:\/\/socageraptor.com\/es\/oruga\/raptor-18ste-2\/\" \/>\n<meta property=\"og:locale\" content=\"es_ES\" \/>\n<meta property=\"og:type\" content=\"article\" \/>\n<meta property=\"og:title\" content=\"RAPTOR 18STE - Socage Raptor. Piattaforme aeree ragno.\" \/>\n<meta property=\"og:description\" content=\"El Raptor 18STE es la plataforma sobre orugas 100 % el\u00e9ctrica que combina el rendimiento profesional de la serie Raptor con la tecnolog\u00eda de bater\u00eda de litio m\u00e1s avanzada. Ideal para usos tanto interiores como exteriores, ofrece cero emisiones, funcionamiento silencioso y gran autonom\u00eda.Con una altura m\u00e1xima de 17,80 metros y un alcance lateral de [&hellip;]\" \/>\n<meta property=\"og:url\" content=\"https:\/\/socageraptor.com\/es\/oruga\/raptor-18ste-2\/\" \/>\n<meta property=\"og:site_name\" content=\"Socage Raptor. Piattaforme aeree ragno.\" \/>\n<meta property=\"article:modified_time\" content=\"2025-10-08T08:20:20+00:00\" \/>\n<meta property=\"og:image\" content=\"https:\/\/socageraptor.com\/wp-content\/uploads\/2025\/10\/Raptor-18STE.jpg\" \/>\n\t<meta property=\"og:image:width\" content=\"1200\" \/>\n\t<meta property=\"og:image:height\" content=\"900\" \/>\n\t<meta property=\"og:image:type\" content=\"image\/jpeg\" \/>\n<meta name=\"twitter:card\" content=\"summary_large_image\" \/>\n<meta name=\"twitter:label1\" content=\"Tiempo de lectura\" \/>\n\t<meta name=\"twitter:data1\" content=\"1 minuto\" \/>\n<script type=\"application\/ld+json\" class=\"yoast-schema-graph\">{\"@context\":\"https:\/\/schema.org\",\"@graph\":[{\"@type\":\"WebPage\",\"@id\":\"https:\/\/socageraptor.com\/es\/oruga\/raptor-18ste-2\/\",\"url\":\"https:\/\/socageraptor.com\/es\/oruga\/raptor-18ste-2\/\",\"name\":\"RAPTOR 18STE - Socage Raptor. Piattaforme aeree ragno.\",\"isPartOf\":{\"@id\":\"https:\/\/socageraptor.com\/es\/#website\"},\"datePublished\":\"2025-10-07T11:25:14+00:00\",\"dateModified\":\"2025-10-08T08:20:20+00:00\",\"breadcrumb\":{\"@id\":\"https:\/\/socageraptor.com\/es\/oruga\/raptor-18ste-2\/#breadcrumb\"},\"inLanguage\":\"es\",\"potentialAction\":[{\"@type\":\"ReadAction\",\"target\":[\"https:\/\/socageraptor.com\/es\/oruga\/raptor-18ste-2\/\"]}]},{\"@type\":\"BreadcrumbList\",\"@id\":\"https:\/\/socageraptor.com\/es\/oruga\/raptor-18ste-2\/#breadcrumb\",\"itemListElement\":[{\"@type\":\"ListItem\",\"position\":1,\"name\":\"Portada\",\"item\":\"https:\/\/socageraptor.com\/es\/\"},{\"@type\":\"ListItem\",\"position\":2,\"name\":\"Productos\",\"item\":\"https:\/\/socageraptor.com\/it\/negozio-piattaforme-aeree-ragno\/\"},{\"@type\":\"ListItem\",\"position\":3,\"name\":\"RAPTOR 18STE\"}]},{\"@type\":\"WebSite\",\"@id\":\"https:\/\/socageraptor.com\/es\/#website\",\"url\":\"https:\/\/socageraptor.com\/es\/\",\"name\":\"Socage Raptor. Piattaforme aeree ragno.\",\"description\":\"Socage Raptor. Piattaforme aeree ragno.\",\"publisher\":{\"@id\":\"https:\/\/socageraptor.com\/es\/#organization\"},\"potentialAction\":[{\"@type\":\"SearchAction\",\"target\":{\"@type\":\"EntryPoint\",\"urlTemplate\":\"https:\/\/socageraptor.com\/es\/?s={search_term_string}\"},\"query-input\":\"required name=search_term_string\"}],\"inLanguage\":\"es\"},{\"@type\":\"Organization\",\"@id\":\"https:\/\/socageraptor.com\/es\/#organization\",\"name\":\"Socage Raptor\",\"url\":\"https:\/\/socageraptor.com\/es\/\",\"logo\":{\"@type\":\"ImageObject\",\"inLanguage\":\"es\",\"@id\":\"https:\/\/socageraptor.com\/es\/#\/schema\/logo\/image\/\",\"url\":\"https:\/\/socageraptor.com\/wp-content\/uploads\/2019\/07\/socage-raptor.png\",\"contentUrl\":\"https:\/\/socageraptor.com\/wp-content\/uploads\/2019\/07\/socage-raptor.png\",\"width\":5000,\"height\":880,\"caption\":\"Socage Raptor\"},\"image\":{\"@id\":\"https:\/\/socageraptor.com\/es\/#\/schema\/logo\/image\/\"}}]}<\/script>\n<!-- \/ Yoast SEO plugin. -->","yoast_head_json":{"title":"RAPTOR 18STE - Socage Raptor. Piattaforme aeree ragno.","robots":{"index":"index","follow":"follow","max-snippet":"max-snippet:-1","max-image-preview":"max-image-preview:large","max-video-preview":"max-video-preview:-1"},"canonical":"https:\/\/socageraptor.com\/es\/oruga\/raptor-18ste-2\/","og_locale":"es_ES","og_type":"article","og_title":"RAPTOR 18STE - Socage Raptor. Piattaforme aeree ragno.","og_description":"El Raptor 18STE es la plataforma sobre orugas 100 % el\u00e9ctrica que combina el rendimiento profesional de la serie Raptor con la tecnolog\u00eda de bater\u00eda de litio m\u00e1s avanzada. Ideal para usos tanto interiores como exteriores, ofrece cero emisiones, funcionamiento silencioso y gran autonom\u00eda.Con una altura m\u00e1xima de 17,80 metros y un alcance lateral de [&hellip;]","og_url":"https:\/\/socageraptor.com\/es\/oruga\/raptor-18ste-2\/","og_site_name":"Socage Raptor. Piattaforme aeree ragno.","article_modified_time":"2025-10-08T08:20:20+00:00","og_image":[{"width":1200,"height":900,"url":"https:\/\/socageraptor.com\/wp-content\/uploads\/2025\/10\/Raptor-18STE.jpg","type":"image\/jpeg"}],"twitter_card":"summary_large_image","twitter_misc":{"Tiempo de lectura":"1 minuto"},"schema":{"@context":"https:\/\/schema.org","@graph":[{"@type":"WebPage","@id":"https:\/\/socageraptor.com\/es\/oruga\/raptor-18ste-2\/","url":"https:\/\/socageraptor.com\/es\/oruga\/raptor-18ste-2\/","name":"RAPTOR 18STE - Socage Raptor. Piattaforme aeree ragno.","isPartOf":{"@id":"https:\/\/socageraptor.com\/es\/#website"},"datePublished":"2025-10-07T11:25:14+00:00","dateModified":"2025-10-08T08:20:20+00:00","breadcrumb":{"@id":"https:\/\/socageraptor.com\/es\/oruga\/raptor-18ste-2\/#breadcrumb"},"inLanguage":"es","potentialAction":[{"@type":"ReadAction","target":["https:\/\/socageraptor.com\/es\/oruga\/raptor-18ste-2\/"]}]},{"@type":"BreadcrumbList","@id":"https:\/\/socageraptor.com\/es\/oruga\/raptor-18ste-2\/#breadcrumb","itemListElement":[{"@type":"ListItem","position":1,"name":"Portada","item":"https:\/\/socageraptor.com\/es\/"},{"@type":"ListItem","position":2,"name":"Productos","item":"https:\/\/socageraptor.com\/it\/negozio-piattaforme-aeree-ragno\/"},{"@type":"ListItem","position":3,"name":"RAPTOR 18STE"}]},{"@type":"WebSite","@id":"https:\/\/socageraptor.com\/es\/#website","url":"https:\/\/socageraptor.com\/es\/","name":"Socage Raptor. Piattaforme aeree ragno.","description":"Socage Raptor. Piattaforme aeree ragno.","publisher":{"@id":"https:\/\/socageraptor.com\/es\/#organization"},"potentialAction":[{"@type":"SearchAction","target":{"@type":"EntryPoint","urlTemplate":"https:\/\/socageraptor.com\/es\/?s={search_term_string}"},"query-input":"required name=search_term_string"}],"inLanguage":"es"},{"@type":"Organization","@id":"https:\/\/socageraptor.com\/es\/#organization","name":"Socage Raptor","url":"https:\/\/socageraptor.com\/es\/","logo":{"@type":"ImageObject","inLanguage":"es","@id":"https:\/\/socageraptor.com\/es\/#\/schema\/logo\/image\/","url":"https:\/\/socageraptor.com\/wp-content\/uploads\/2019\/07\/socage-raptor.png","contentUrl":"https:\/\/socageraptor.com\/wp-content\/uploads\/2019\/07\/socage-raptor.png","width":5000,"height":880,"caption":"Socage Raptor"},"image":{"@id":"https:\/\/socageraptor.com\/es\/#\/schema\/logo\/image\/"}}]}},"_links":{"self":[{"href":"https:\/\/socageraptor.com\/es\/wp-json\/wp\/v2\/product\/37668","targetHints":{"allow":["GET"]}}],"collection":[{"href":"https:\/\/socageraptor.com\/es\/wp-json\/wp\/v2\/product"}],"about":[{"href":"https:\/\/socageraptor.com\/es\/wp-json\/wp\/v2\/types\/product"}],"replies":[{"embeddable":true,"href":"https:\/\/socageraptor.com\/es\/wp-json\/wp\/v2\/comments?post=37668"}],"wp:featuredmedia":[{"embeddable":true,"href":"https:\/\/socageraptor.com\/es\/wp-json\/wp\/v2\/media\/37623"}],"wp:attachment":[{"href":"https:\/\/socageraptor.com\/es\/wp-json\/wp\/v2\/media?parent=37668"}],"wp:term":[{"taxonomy":"product_cat","embeddable":true,"href":"https:\/\/socageraptor.com\/es\/wp-json\/wp\/v2\/product_cat?post=37668"},{"taxonomy":"product_tag","embeddable":true,"href":"https:\/\/socageraptor.com\/es\/wp-json\/wp\/v2\/product_tag?post=37668"}],"curies":[{"name":"wp","href":"https:\/\/api.w.org\/{rel}","templated":true}]}}