{"id":37656,"date":"2025-10-07T10:47:24","date_gmt":"2025-10-07T10:47:24","guid":{"rendered":"https:\/\/socageraptor.com\/prodotto\/raptor-18ste\/"},"modified":"2025-10-07T13:26:23","modified_gmt":"2025-10-07T13:26:23","slug":"raptor-18st","status":"publish","type":"product","link":"https:\/\/socageraptor.com\/es\/oruga\/raptor-18st\/","title":{"rendered":"RAPTOR 18ST"},"content":{"rendered":"<p>El Raptor 18ST representa un equilibrio perfecto entre innovaci\u00f3n tecnol\u00f3gica y practicidad de uso, una soluci\u00f3n fiable, r\u00e1pida y segura en cualquier situaci\u00f3n operativa. Uno de sus principales puntos fuertes es la simplicidad de manejo: el operador puede comenzar el trabajo en pocos minutos, reduciendo dr\u00e1sticamente los tiempos de arranque y aumentando la productividad diaria.<\/p>\n<p>Alcanza una altura m\u00e1xima de trabajo de 17,80 metros y un alcance lateral de hasta 10,50 metros, manteniendo siempre la m\u00e1xima estabilidad y seguridad. La cesta, con una capacidad de 230 kg, permite trabajar c\u00f3modamente con dos operadores y sus equipos; adem\u00e1s, su posibilidad de desmontaje a\u00f1ade una mayor flexibilidad operativa. La rotaci\u00f3n de la torreta de 190\u00b0+190\u00b0 y la rotaci\u00f3n de la cesta de 60\u00b0+60\u00b0 permiten un posicionamiento preciso y una libertad de movimiento \u00f3ptima incluso en espacios complejos.<\/p>\n<p>Cada detalle est\u00e1 dise\u00f1ado para garantizar fiabilidad y continuidad de trabajo: desde las orugas blancas anti-marca, que permiten desplazamientos sin da\u00f1ar las superficies, hasta la bomba de emergencia manual y la electrobomba auxiliar, que proporcionan un nivel superior de seguridad e independencia.<\/p>\n<p>Compacta en dimensiones pero extremadamente eficiente en capacidades operativas, esta plataforma es la elecci\u00f3n ideal para quienes desean unir rapidez, facilidad de uso y alto rendimiento, sin comprometer la calidad ni la seguridad.<\/p>\n<p>El Raptor 18ST es una plataforma sobre orugas lista para responder a las necesidades de los profesionales que buscan herramientas concretas para aumentar la eficiencia y afrontar los retos diarios con una ventaja competitiva real.<\/p>\n","protected":false},"excerpt":{"rendered":"<p>El Raptor 18ST representa un equilibrio perfecto entre innovaci\u00f3n tecnol\u00f3gica y practicidad de uso, una soluci\u00f3n fiable, r\u00e1pida y segura en cualquier situaci\u00f3n operativa. Uno de sus principales puntos fuertes es la simplicidad de manejo: el operador puede comenzar el trabajo en pocos minutos, reduciendo dr\u00e1sticamente los tiempos de arranque y aumentando la productividad diaria.<\/p>\n<p>Alcanza una altura m\u00e1xima de trabajo de 17,80 metros y un alcance lateral de hasta 10,50 metros, manteniendo siempre la m\u00e1xima estabilidad y seguridad. La cesta, con una capacidad de 230 kg, permite trabajar c\u00f3modamente con dos operadores y sus equipos; adem\u00e1s, su posibilidad de desmontaje a\u00f1ade una mayor flexibilidad operativa. La rotaci\u00f3n de la torreta de 190\u00b0+190\u00b0 y la rotaci\u00f3n de la cesta de 60\u00b0+60\u00b0 permiten un posicionamiento preciso y una libertad de movimiento \u00f3ptima incluso en espacios complejos.<\/p>\n<p>Cada detalle est\u00e1 dise\u00f1ado para garantizar fiabilidad y continuidad de trabajo: desde las orugas blancas anti-marca, que permiten desplazamientos sin da\u00f1ar las superficies, hasta la bomba de emergencia manual y la electrobomba auxiliar, que proporcionan un nivel superior de seguridad e independencia.<\/p>\n<p>Compacta en dimensiones pero extremadamente eficiente en capacidades operativas, esta plataforma es la elecci\u00f3n ideal para quienes desean unir rapidez, facilidad de uso y alto rendimiento, sin comprometer la calidad ni la seguridad.<\/p>\n<p>El Raptor 18ST es una plataforma sobre orugas lista para responder a las necesidades de los profesionales que buscan herramientas concretas para aumentar la eficiencia y afrontar los retos diarios con una ventaja competitiva real.<\/p>\n","protected":false},"featured_media":37559,"comment_status":"closed","ping_status":"closed","template":"","meta":{"_et_pb_use_builder":"","_et_pb_old_content":"","_et_gb_content_width":"","inline_featured_image":false,"ngg_post_thumbnail":0},"product_cat":[1511],"product_tag":[],"class_list":["post-37656","product","type-product","status-publish","has-post-thumbnail","hentry","product_cat-st-telescopicas"],"acf":[],"yoast_head":"<!-- This site is optimized with the Yoast SEO plugin v20.2.1 - https:\/\/yoast.com\/wordpress\/plugins\/seo\/ -->\n<title>RAPTOR 18ST<\/title>\n<meta name=\"robots\" content=\"index, follow, max-snippet:-1, max-image-preview:large, max-video-preview:-1\" \/>\n<link rel=\"canonical\" href=\"https:\/\/socageraptor.com\/es\/oruga\/raptor-18st\/\" \/>\n<meta property=\"og:locale\" content=\"es_ES\" \/>\n<meta property=\"og:type\" content=\"article\" \/>\n<meta property=\"og:title\" content=\"RAPTOR 18ST\" \/>\n<meta property=\"og:description\" content=\"El Raptor 18ST representa un equilibrio perfecto entre innovaci\u00f3n tecnol\u00f3gica y practicidad de uso, una soluci\u00f3n fiable, r\u00e1pida y segura en cualquier situaci\u00f3n operativa. Uno de sus principales puntos fuertes es la simplicidad de manejo: el operador puede comenzar el trabajo en pocos minutos, reduciendo dr\u00e1sticamente los tiempos de arranque y aumentando la productividad diaria. Alcanza una altura m\u00e1xima de trabajo de 17,80 metros y un alcance lateral de hasta 10,50 metros, manteniendo siempre la m\u00e1xima estabilidad y seguridad. La cesta, con una capacidad de 230 kg, permite trabajar c\u00f3modamente con dos operadores y sus equipos; adem\u00e1s, su posibilidad de desmontaje a\u00f1ade una mayor flexibilidad operativa. La rotaci\u00f3n de la torreta de 190\u00b0+190\u00b0 y la rotaci\u00f3n de la cesta de 60\u00b0+60\u00b0 permiten un posicionamiento preciso y una libertad de movimiento \u00f3ptima incluso en espacios complejos. Cada detalle est\u00e1 dise\u00f1ado para garantizar fiabilidad y continuidad de trabajo: desde las orugas blancas anti-marca, que permiten desplazamientos sin da\u00f1ar las superficies, hasta la bomba de emergencia manual y la electrobomba auxiliar, que proporcionan un nivel superior de seguridad e independencia. Compacta en dimensiones pero extremadamente eficiente en capacidades operativas, esta plataforma es la elecci\u00f3n ideal para quienes desean unir rapidez, facilidad de uso y alto rendimiento, sin comprometer la calidad ni la seguridad. El Raptor 18ST es una plataforma sobre orugas lista para responder a las necesidades de los profesionales que buscan herramientas concretas para aumentar la eficiencia y afrontar los retos diarios con una ventaja competitiva real.\" \/>\n<meta property=\"og:url\" content=\"https:\/\/socageraptor.com\/es\/oruga\/raptor-18st\/\" \/>\n<meta property=\"og:site_name\" content=\"Socage Raptor. Piattaforme aeree ragno.\" \/>\n<meta property=\"article:modified_time\" content=\"2025-10-07T13:26:23+00:00\" \/>\n<meta property=\"og:image\" content=\"https:\/\/socageraptor.com\/wp-content\/uploads\/2025\/10\/piattaforma-ragno-telescopica-18ST.jpg\" \/>\n\t<meta property=\"og:image:width\" content=\"1200\" \/>\n\t<meta property=\"og:image:height\" content=\"900\" \/>\n\t<meta property=\"og:image:type\" content=\"image\/jpeg\" \/>\n<meta name=\"twitter:card\" content=\"summary_large_image\" \/>\n<meta name=\"twitter:label1\" content=\"Tiempo de lectura\" \/>\n\t<meta name=\"twitter:data1\" content=\"1 minuto\" \/>\n<script type=\"application\/ld+json\" class=\"yoast-schema-graph\">{\"@context\":\"https:\/\/schema.org\",\"@graph\":[{\"@type\":\"WebPage\",\"@id\":\"https:\/\/socageraptor.com\/es\/oruga\/raptor-18st\/\",\"url\":\"https:\/\/socageraptor.com\/es\/oruga\/raptor-18st\/\",\"name\":\"RAPTOR 18ST\",\"isPartOf\":{\"@id\":\"https:\/\/socageraptor.com\/es\/#website\"},\"datePublished\":\"2025-10-07T10:47:24+00:00\",\"dateModified\":\"2025-10-07T13:26:23+00:00\",\"breadcrumb\":{\"@id\":\"https:\/\/socageraptor.com\/es\/oruga\/raptor-18st\/#breadcrumb\"},\"inLanguage\":\"es\",\"potentialAction\":[{\"@type\":\"ReadAction\",\"target\":[\"https:\/\/socageraptor.com\/es\/oruga\/raptor-18st\/\"]}]},{\"@type\":\"BreadcrumbList\",\"@id\":\"https:\/\/socageraptor.com\/es\/oruga\/raptor-18st\/#breadcrumb\",\"itemListElement\":[{\"@type\":\"ListItem\",\"position\":1,\"name\":\"Portada\",\"item\":\"https:\/\/socageraptor.com\/es\/\"},{\"@type\":\"ListItem\",\"position\":2,\"name\":\"Productos\",\"item\":\"https:\/\/socageraptor.com\/it\/negozio-piattaforme-aeree-ragno\/\"},{\"@type\":\"ListItem\",\"position\":3,\"name\":\"RAPTOR 18ST\"}]},{\"@type\":\"WebSite\",\"@id\":\"https:\/\/socageraptor.com\/es\/#website\",\"url\":\"https:\/\/socageraptor.com\/es\/\",\"name\":\"Socage Raptor. Piattaforme aeree ragno.\",\"description\":\"Socage Raptor. Piattaforme aeree ragno.\",\"publisher\":{\"@id\":\"https:\/\/socageraptor.com\/es\/#organization\"},\"potentialAction\":[{\"@type\":\"SearchAction\",\"target\":{\"@type\":\"EntryPoint\",\"urlTemplate\":\"https:\/\/socageraptor.com\/es\/?s={search_term_string}\"},\"query-input\":\"required name=search_term_string\"}],\"inLanguage\":\"es\"},{\"@type\":\"Organization\",\"@id\":\"https:\/\/socageraptor.com\/es\/#organization\",\"name\":\"Socage Raptor\",\"url\":\"https:\/\/socageraptor.com\/es\/\",\"logo\":{\"@type\":\"ImageObject\",\"inLanguage\":\"es\",\"@id\":\"https:\/\/socageraptor.com\/es\/#\/schema\/logo\/image\/\",\"url\":\"https:\/\/socageraptor.com\/wp-content\/uploads\/2019\/07\/socage-raptor.png\",\"contentUrl\":\"https:\/\/socageraptor.com\/wp-content\/uploads\/2019\/07\/socage-raptor.png\",\"width\":5000,\"height\":880,\"caption\":\"Socage Raptor\"},\"image\":{\"@id\":\"https:\/\/socageraptor.com\/es\/#\/schema\/logo\/image\/\"}}]}<\/script>\n<!-- \/ Yoast SEO plugin. -->","yoast_head_json":{"title":"RAPTOR 18ST","robots":{"index":"index","follow":"follow","max-snippet":"max-snippet:-1","max-image-preview":"max-image-preview:large","max-video-preview":"max-video-preview:-1"},"canonical":"https:\/\/socageraptor.com\/es\/oruga\/raptor-18st\/","og_locale":"es_ES","og_type":"article","og_title":"RAPTOR 18ST","og_description":"El Raptor 18ST representa un equilibrio perfecto entre innovaci\u00f3n tecnol\u00f3gica y practicidad de uso, una soluci\u00f3n fiable, r\u00e1pida y segura en cualquier situaci\u00f3n operativa. Uno de sus principales puntos fuertes es la simplicidad de manejo: el operador puede comenzar el trabajo en pocos minutos, reduciendo dr\u00e1sticamente los tiempos de arranque y aumentando la productividad diaria. Alcanza una altura m\u00e1xima de trabajo de 17,80 metros y un alcance lateral de hasta 10,50 metros, manteniendo siempre la m\u00e1xima estabilidad y seguridad. La cesta, con una capacidad de 230 kg, permite trabajar c\u00f3modamente con dos operadores y sus equipos; adem\u00e1s, su posibilidad de desmontaje a\u00f1ade una mayor flexibilidad operativa. La rotaci\u00f3n de la torreta de 190\u00b0+190\u00b0 y la rotaci\u00f3n de la cesta de 60\u00b0+60\u00b0 permiten un posicionamiento preciso y una libertad de movimiento \u00f3ptima incluso en espacios complejos. Cada detalle est\u00e1 dise\u00f1ado para garantizar fiabilidad y continuidad de trabajo: desde las orugas blancas anti-marca, que permiten desplazamientos sin da\u00f1ar las superficies, hasta la bomba de emergencia manual y la electrobomba auxiliar, que proporcionan un nivel superior de seguridad e independencia. Compacta en dimensiones pero extremadamente eficiente en capacidades operativas, esta plataforma es la elecci\u00f3n ideal para quienes desean unir rapidez, facilidad de uso y alto rendimiento, sin comprometer la calidad ni la seguridad. El Raptor 18ST es una plataforma sobre orugas lista para responder a las necesidades de los profesionales que buscan herramientas concretas para aumentar la eficiencia y afrontar los retos diarios con una ventaja competitiva real.","og_url":"https:\/\/socageraptor.com\/es\/oruga\/raptor-18st\/","og_site_name":"Socage Raptor. Piattaforme aeree ragno.","article_modified_time":"2025-10-07T13:26:23+00:00","og_image":[{"width":1200,"height":900,"url":"https:\/\/socageraptor.com\/wp-content\/uploads\/2025\/10\/piattaforma-ragno-telescopica-18ST.jpg","type":"image\/jpeg"}],"twitter_card":"summary_large_image","twitter_misc":{"Tiempo de lectura":"1 minuto"},"schema":{"@context":"https:\/\/schema.org","@graph":[{"@type":"WebPage","@id":"https:\/\/socageraptor.com\/es\/oruga\/raptor-18st\/","url":"https:\/\/socageraptor.com\/es\/oruga\/raptor-18st\/","name":"RAPTOR 18ST","isPartOf":{"@id":"https:\/\/socageraptor.com\/es\/#website"},"datePublished":"2025-10-07T10:47:24+00:00","dateModified":"2025-10-07T13:26:23+00:00","breadcrumb":{"@id":"https:\/\/socageraptor.com\/es\/oruga\/raptor-18st\/#breadcrumb"},"inLanguage":"es","potentialAction":[{"@type":"ReadAction","target":["https:\/\/socageraptor.com\/es\/oruga\/raptor-18st\/"]}]},{"@type":"BreadcrumbList","@id":"https:\/\/socageraptor.com\/es\/oruga\/raptor-18st\/#breadcrumb","itemListElement":[{"@type":"ListItem","position":1,"name":"Portada","item":"https:\/\/socageraptor.com\/es\/"},{"@type":"ListItem","position":2,"name":"Productos","item":"https:\/\/socageraptor.com\/it\/negozio-piattaforme-aeree-ragno\/"},{"@type":"ListItem","position":3,"name":"RAPTOR 18ST"}]},{"@type":"WebSite","@id":"https:\/\/socageraptor.com\/es\/#website","url":"https:\/\/socageraptor.com\/es\/","name":"Socage Raptor. Piattaforme aeree ragno.","description":"Socage Raptor. Piattaforme aeree ragno.","publisher":{"@id":"https:\/\/socageraptor.com\/es\/#organization"},"potentialAction":[{"@type":"SearchAction","target":{"@type":"EntryPoint","urlTemplate":"https:\/\/socageraptor.com\/es\/?s={search_term_string}"},"query-input":"required name=search_term_string"}],"inLanguage":"es"},{"@type":"Organization","@id":"https:\/\/socageraptor.com\/es\/#organization","name":"Socage Raptor","url":"https:\/\/socageraptor.com\/es\/","logo":{"@type":"ImageObject","inLanguage":"es","@id":"https:\/\/socageraptor.com\/es\/#\/schema\/logo\/image\/","url":"https:\/\/socageraptor.com\/wp-content\/uploads\/2019\/07\/socage-raptor.png","contentUrl":"https:\/\/socageraptor.com\/wp-content\/uploads\/2019\/07\/socage-raptor.png","width":5000,"height":880,"caption":"Socage Raptor"},"image":{"@id":"https:\/\/socageraptor.com\/es\/#\/schema\/logo\/image\/"}}]}},"_links":{"self":[{"href":"https:\/\/socageraptor.com\/es\/wp-json\/wp\/v2\/product\/37656","targetHints":{"allow":["GET"]}}],"collection":[{"href":"https:\/\/socageraptor.com\/es\/wp-json\/wp\/v2\/product"}],"about":[{"href":"https:\/\/socageraptor.com\/es\/wp-json\/wp\/v2\/types\/product"}],"replies":[{"embeddable":true,"href":"https:\/\/socageraptor.com\/es\/wp-json\/wp\/v2\/comments?post=37656"}],"wp:featuredmedia":[{"embeddable":true,"href":"https:\/\/socageraptor.com\/es\/wp-json\/wp\/v2\/media\/37559"}],"wp:attachment":[{"href":"https:\/\/socageraptor.com\/es\/wp-json\/wp\/v2\/media?parent=37656"}],"wp:term":[{"taxonomy":"product_cat","embeddable":true,"href":"https:\/\/socageraptor.com\/es\/wp-json\/wp\/v2\/product_cat?post=37656"},{"taxonomy":"product_tag","embeddable":true,"href":"https:\/\/socageraptor.com\/es\/wp-json\/wp\/v2\/product_tag?post=37656"}],"curies":[{"name":"wp","href":"https:\/\/api.w.org\/{rel}","templated":true}]}}