{"id":37655,"date":"2025-10-07T10:41:16","date_gmt":"2025-10-07T10:41:16","guid":{"rendered":"https:\/\/socageraptor.com\/prodotto\/raptor-15ste\/"},"modified":"2025-10-07T13:26:23","modified_gmt":"2025-10-07T13:26:23","slug":"raptor-15st","status":"publish","type":"product","link":"https:\/\/socageraptor.com\/es\/oruga\/raptor-15st\/","title":{"rendered":"RAPTOR 15ST"},"content":{"rendered":"<p>El Raptor 15ST es la plataforma sobre orugas que combina dimensiones compactas y grandes prestaciones, concebida para quienes necesitan una m\u00e1quina r\u00e1pida de utilizar y fiable en cada fase del trabajo.<\/p>\n<p>Con sus 14,90 metros de altura de trabajo y un alcance lateral m\u00e1ximo de 10,70 metros, el Raptor 15ST destaca por su capacidad de acceder a puntos dif\u00edciles manteniendo siempre estabilidad y precisi\u00f3n. La cesta con capacidad de 230 kg permite trabajar c\u00f3modamente dos operadores con sus herramientas, ofreciendo seguridad y practicidad en cualquier condici\u00f3n.<\/p>\n<p>Su agilidad en terrenos irregulares est\u00e1 garantizada por las orugas, que aportan estabilidad y adherencia en todo momento, sin comprometer la delicadeza sobre superficies sensibles. Gracias a su dise\u00f1o equilibrado, el Raptor 15ST se distingue como una plataforma vers\u00e1til, compacta y potente, ideal para trabajos de mantenimiento, construcci\u00f3n, \u00e1reas verdes urbanas o instalaciones en espacios reducidos.<\/p>\n<p>El resultado es una m\u00e1quina que combina prestaciones profesionales y facilidad de uso, pensada para quienes buscan una soluci\u00f3n r\u00e1pida, segura y capaz de adaptarse a m\u00faltiples escenarios operativos.<\/p>\n","protected":false},"excerpt":{"rendered":"<p>El Raptor 15ST es la plataforma sobre orugas que combina dimensiones compactas y grandes prestaciones, concebida para quienes necesitan una m\u00e1quina r\u00e1pida de utilizar y fiable en cada fase del trabajo.<\/p>\n<p>Con sus 14,90 metros de altura de trabajo y un alcance lateral m\u00e1ximo de 10,70 metros, el Raptor 15ST destaca por su capacidad de acceder a puntos dif\u00edciles manteniendo siempre estabilidad y precisi\u00f3n. La cesta con capacidad de 230 kg permite trabajar c\u00f3modamente dos operadores con sus herramientas, ofreciendo seguridad y practicidad en cualquier condici\u00f3n.<\/p>\n<p>Su agilidad en terrenos irregulares est\u00e1 garantizada por las orugas, que aportan estabilidad y adherencia en todo momento, sin comprometer la delicadeza sobre superficies sensibles. Gracias a su dise\u00f1o equilibrado, el Raptor 15ST se distingue como una plataforma vers\u00e1til, compacta y potente, ideal para trabajos de mantenimiento, construcci\u00f3n, \u00e1reas verdes urbanas o instalaciones en espacios reducidos.<\/p>\n<p>El resultado es una m\u00e1quina que combina prestaciones profesionales y facilidad de uso, pensada para quienes buscan una soluci\u00f3n r\u00e1pida, segura y capaz de adaptarse a m\u00faltiples escenarios operativos.<\/p>\n","protected":false},"featured_media":37554,"comment_status":"closed","ping_status":"closed","template":"","meta":{"_et_pb_use_builder":"","_et_pb_old_content":"","_et_gb_content_width":"","inline_featured_image":false,"ngg_post_thumbnail":0},"product_cat":[1511],"product_tag":[],"class_list":["post-37655","product","type-product","status-publish","has-post-thumbnail","hentry","product_cat-st-telescopicas"],"acf":[],"yoast_head":"<!-- This site is optimized with the Yoast SEO plugin v20.2.1 - https:\/\/yoast.com\/wordpress\/plugins\/seo\/ -->\n<title>RAPTOR 15ST<\/title>\n<meta name=\"robots\" content=\"index, follow, max-snippet:-1, max-image-preview:large, max-video-preview:-1\" \/>\n<link rel=\"canonical\" href=\"https:\/\/socageraptor.com\/es\/oruga\/raptor-15st\/\" \/>\n<meta property=\"og:locale\" content=\"es_ES\" \/>\n<meta property=\"og:type\" content=\"article\" \/>\n<meta property=\"og:title\" content=\"RAPTOR 15ST\" \/>\n<meta property=\"og:description\" content=\"El Raptor 15ST es la plataforma sobre orugas que combina dimensiones compactas y grandes prestaciones, concebida para quienes necesitan una m\u00e1quina r\u00e1pida de utilizar y fiable en cada fase del trabajo. Con sus 14,90 metros de altura de trabajo y un alcance lateral m\u00e1ximo de 10,70 metros, el Raptor 15ST destaca por su capacidad de acceder a puntos dif\u00edciles manteniendo siempre estabilidad y precisi\u00f3n. La cesta con capacidad de 230 kg permite trabajar c\u00f3modamente dos operadores con sus herramientas, ofreciendo seguridad y practicidad en cualquier condici\u00f3n. Su agilidad en terrenos irregulares est\u00e1 garantizada por las orugas, que aportan estabilidad y adherencia en todo momento, sin comprometer la delicadeza sobre superficies sensibles. Gracias a su dise\u00f1o equilibrado, el Raptor 15ST se distingue como una plataforma vers\u00e1til, compacta y potente, ideal para trabajos de mantenimiento, construcci\u00f3n, \u00e1reas verdes urbanas o instalaciones en espacios reducidos. El resultado es una m\u00e1quina que combina prestaciones profesionales y facilidad de uso, pensada para quienes buscan una soluci\u00f3n r\u00e1pida, segura y capaz de adaptarse a m\u00faltiples escenarios operativos.\" \/>\n<meta property=\"og:url\" content=\"https:\/\/socageraptor.com\/es\/oruga\/raptor-15st\/\" \/>\n<meta property=\"og:site_name\" content=\"Socage Raptor. Piattaforme aeree ragno.\" \/>\n<meta property=\"article:modified_time\" content=\"2025-10-07T13:26:23+00:00\" \/>\n<meta property=\"og:image\" content=\"https:\/\/socageraptor.com\/wp-content\/uploads\/2025\/10\/piattaforma-ragno-15ST.jpg\" \/>\n\t<meta property=\"og:image:width\" content=\"1200\" \/>\n\t<meta property=\"og:image:height\" content=\"900\" \/>\n\t<meta property=\"og:image:type\" content=\"image\/jpeg\" \/>\n<meta name=\"twitter:card\" content=\"summary_large_image\" \/>\n<meta name=\"twitter:label1\" content=\"Tiempo de lectura\" \/>\n\t<meta name=\"twitter:data1\" content=\"1 minuto\" \/>\n<script type=\"application\/ld+json\" class=\"yoast-schema-graph\">{\"@context\":\"https:\/\/schema.org\",\"@graph\":[{\"@type\":\"WebPage\",\"@id\":\"https:\/\/socageraptor.com\/es\/oruga\/raptor-15st\/\",\"url\":\"https:\/\/socageraptor.com\/es\/oruga\/raptor-15st\/\",\"name\":\"RAPTOR 15ST\",\"isPartOf\":{\"@id\":\"https:\/\/socageraptor.com\/es\/#website\"},\"datePublished\":\"2025-10-07T10:41:16+00:00\",\"dateModified\":\"2025-10-07T13:26:23+00:00\",\"breadcrumb\":{\"@id\":\"https:\/\/socageraptor.com\/es\/oruga\/raptor-15st\/#breadcrumb\"},\"inLanguage\":\"es\",\"potentialAction\":[{\"@type\":\"ReadAction\",\"target\":[\"https:\/\/socageraptor.com\/es\/oruga\/raptor-15st\/\"]}]},{\"@type\":\"BreadcrumbList\",\"@id\":\"https:\/\/socageraptor.com\/es\/oruga\/raptor-15st\/#breadcrumb\",\"itemListElement\":[{\"@type\":\"ListItem\",\"position\":1,\"name\":\"Portada\",\"item\":\"https:\/\/socageraptor.com\/es\/\"},{\"@type\":\"ListItem\",\"position\":2,\"name\":\"Productos\",\"item\":\"https:\/\/socageraptor.com\/it\/negozio-piattaforme-aeree-ragno\/\"},{\"@type\":\"ListItem\",\"position\":3,\"name\":\"RAPTOR 15ST\"}]},{\"@type\":\"WebSite\",\"@id\":\"https:\/\/socageraptor.com\/es\/#website\",\"url\":\"https:\/\/socageraptor.com\/es\/\",\"name\":\"Socage Raptor. Piattaforme aeree ragno.\",\"description\":\"Socage Raptor. Piattaforme aeree ragno.\",\"publisher\":{\"@id\":\"https:\/\/socageraptor.com\/es\/#organization\"},\"potentialAction\":[{\"@type\":\"SearchAction\",\"target\":{\"@type\":\"EntryPoint\",\"urlTemplate\":\"https:\/\/socageraptor.com\/es\/?s={search_term_string}\"},\"query-input\":\"required name=search_term_string\"}],\"inLanguage\":\"es\"},{\"@type\":\"Organization\",\"@id\":\"https:\/\/socageraptor.com\/es\/#organization\",\"name\":\"Socage Raptor\",\"url\":\"https:\/\/socageraptor.com\/es\/\",\"logo\":{\"@type\":\"ImageObject\",\"inLanguage\":\"es\",\"@id\":\"https:\/\/socageraptor.com\/es\/#\/schema\/logo\/image\/\",\"url\":\"https:\/\/socageraptor.com\/wp-content\/uploads\/2019\/07\/socage-raptor.png\",\"contentUrl\":\"https:\/\/socageraptor.com\/wp-content\/uploads\/2019\/07\/socage-raptor.png\",\"width\":5000,\"height\":880,\"caption\":\"Socage Raptor\"},\"image\":{\"@id\":\"https:\/\/socageraptor.com\/es\/#\/schema\/logo\/image\/\"}}]}<\/script>\n<!-- \/ Yoast SEO plugin. -->","yoast_head_json":{"title":"RAPTOR 15ST","robots":{"index":"index","follow":"follow","max-snippet":"max-snippet:-1","max-image-preview":"max-image-preview:large","max-video-preview":"max-video-preview:-1"},"canonical":"https:\/\/socageraptor.com\/es\/oruga\/raptor-15st\/","og_locale":"es_ES","og_type":"article","og_title":"RAPTOR 15ST","og_description":"El Raptor 15ST es la plataforma sobre orugas que combina dimensiones compactas y grandes prestaciones, concebida para quienes necesitan una m\u00e1quina r\u00e1pida de utilizar y fiable en cada fase del trabajo. Con sus 14,90 metros de altura de trabajo y un alcance lateral m\u00e1ximo de 10,70 metros, el Raptor 15ST destaca por su capacidad de acceder a puntos dif\u00edciles manteniendo siempre estabilidad y precisi\u00f3n. La cesta con capacidad de 230 kg permite trabajar c\u00f3modamente dos operadores con sus herramientas, ofreciendo seguridad y practicidad en cualquier condici\u00f3n. Su agilidad en terrenos irregulares est\u00e1 garantizada por las orugas, que aportan estabilidad y adherencia en todo momento, sin comprometer la delicadeza sobre superficies sensibles. Gracias a su dise\u00f1o equilibrado, el Raptor 15ST se distingue como una plataforma vers\u00e1til, compacta y potente, ideal para trabajos de mantenimiento, construcci\u00f3n, \u00e1reas verdes urbanas o instalaciones en espacios reducidos. El resultado es una m\u00e1quina que combina prestaciones profesionales y facilidad de uso, pensada para quienes buscan una soluci\u00f3n r\u00e1pida, segura y capaz de adaptarse a m\u00faltiples escenarios operativos.","og_url":"https:\/\/socageraptor.com\/es\/oruga\/raptor-15st\/","og_site_name":"Socage Raptor. Piattaforme aeree ragno.","article_modified_time":"2025-10-07T13:26:23+00:00","og_image":[{"width":1200,"height":900,"url":"https:\/\/socageraptor.com\/wp-content\/uploads\/2025\/10\/piattaforma-ragno-15ST.jpg","type":"image\/jpeg"}],"twitter_card":"summary_large_image","twitter_misc":{"Tiempo de lectura":"1 minuto"},"schema":{"@context":"https:\/\/schema.org","@graph":[{"@type":"WebPage","@id":"https:\/\/socageraptor.com\/es\/oruga\/raptor-15st\/","url":"https:\/\/socageraptor.com\/es\/oruga\/raptor-15st\/","name":"RAPTOR 15ST","isPartOf":{"@id":"https:\/\/socageraptor.com\/es\/#website"},"datePublished":"2025-10-07T10:41:16+00:00","dateModified":"2025-10-07T13:26:23+00:00","breadcrumb":{"@id":"https:\/\/socageraptor.com\/es\/oruga\/raptor-15st\/#breadcrumb"},"inLanguage":"es","potentialAction":[{"@type":"ReadAction","target":["https:\/\/socageraptor.com\/es\/oruga\/raptor-15st\/"]}]},{"@type":"BreadcrumbList","@id":"https:\/\/socageraptor.com\/es\/oruga\/raptor-15st\/#breadcrumb","itemListElement":[{"@type":"ListItem","position":1,"name":"Portada","item":"https:\/\/socageraptor.com\/es\/"},{"@type":"ListItem","position":2,"name":"Productos","item":"https:\/\/socageraptor.com\/it\/negozio-piattaforme-aeree-ragno\/"},{"@type":"ListItem","position":3,"name":"RAPTOR 15ST"}]},{"@type":"WebSite","@id":"https:\/\/socageraptor.com\/es\/#website","url":"https:\/\/socageraptor.com\/es\/","name":"Socage Raptor. Piattaforme aeree ragno.","description":"Socage Raptor. Piattaforme aeree ragno.","publisher":{"@id":"https:\/\/socageraptor.com\/es\/#organization"},"potentialAction":[{"@type":"SearchAction","target":{"@type":"EntryPoint","urlTemplate":"https:\/\/socageraptor.com\/es\/?s={search_term_string}"},"query-input":"required name=search_term_string"}],"inLanguage":"es"},{"@type":"Organization","@id":"https:\/\/socageraptor.com\/es\/#organization","name":"Socage Raptor","url":"https:\/\/socageraptor.com\/es\/","logo":{"@type":"ImageObject","inLanguage":"es","@id":"https:\/\/socageraptor.com\/es\/#\/schema\/logo\/image\/","url":"https:\/\/socageraptor.com\/wp-content\/uploads\/2019\/07\/socage-raptor.png","contentUrl":"https:\/\/socageraptor.com\/wp-content\/uploads\/2019\/07\/socage-raptor.png","width":5000,"height":880,"caption":"Socage Raptor"},"image":{"@id":"https:\/\/socageraptor.com\/es\/#\/schema\/logo\/image\/"}}]}},"_links":{"self":[{"href":"https:\/\/socageraptor.com\/es\/wp-json\/wp\/v2\/product\/37655","targetHints":{"allow":["GET"]}}],"collection":[{"href":"https:\/\/socageraptor.com\/es\/wp-json\/wp\/v2\/product"}],"about":[{"href":"https:\/\/socageraptor.com\/es\/wp-json\/wp\/v2\/types\/product"}],"replies":[{"embeddable":true,"href":"https:\/\/socageraptor.com\/es\/wp-json\/wp\/v2\/comments?post=37655"}],"wp:featuredmedia":[{"embeddable":true,"href":"https:\/\/socageraptor.com\/es\/wp-json\/wp\/v2\/media\/37554"}],"wp:attachment":[{"href":"https:\/\/socageraptor.com\/es\/wp-json\/wp\/v2\/media?parent=37655"}],"wp:term":[{"taxonomy":"product_cat","embeddable":true,"href":"https:\/\/socageraptor.com\/es\/wp-json\/wp\/v2\/product_cat?post=37655"},{"taxonomy":"product_tag","embeddable":true,"href":"https:\/\/socageraptor.com\/es\/wp-json\/wp\/v2\/product_tag?post=37655"}],"curies":[{"name":"wp","href":"https:\/\/api.w.org\/{rel}","templated":true}]}}