{"id":36874,"date":"2024-02-01T11:16:44","date_gmt":"2024-02-01T11:16:44","guid":{"rendered":"https:\/\/socageraptor.com\/prodotto\/plataforma-elevadora-de-oruga-24s\/"},"modified":"2025-10-07T13:26:43","modified_gmt":"2025-10-07T13:26:43","slug":"plataforma-elevadora-de-oruga-24s","status":"publish","type":"product","link":"https:\/\/socageraptor.com\/es\/oruga\/plataforma-elevadora-de-oruga-24s\/","title":{"rendered":"Plataforma elevadora de oruga Raptor 24S"},"content":{"rendered":"<p>El RAPTOR 24S es una plataforma a\u00e9rea sobre orugas compacta de alta calidad, ideal para los profesionales m\u00e1s exigentes y para las empresas de alquiler que buscan soluciones en lugares de dif\u00edcil acceso.<\/p>\n<p>Se caracteriza por su capacidad de elevar 230kg (2 operadores + material) con una altura m\u00e1xima de trabajo de 23,80 metros y un alcance lateral m\u00e1ximo de 11 metros. La rotaci\u00f3n de la parte a\u00e9rea de 380\u00ba, el brazo hidr\u00e1ulico y el brazo doble articulado permiten una gran maniobrabilidad en el trabajo.<\/p>\n<p>Se distingue por su peso, sus dimensiones muy reducidas y los estabilizadores fijos, que lo convierten en el m\u00e1s sencillo y \u00fanico en su g\u00e9nero.<\/p>\n<p>Socage siempre se ha propuesto el objetivo de fabricar plataformas de alta calidad, con alto rendimiento y f\u00e1ciles de usar por el operador. A tal fin, la estabilizaci\u00f3n y el cierre autom\u00e1tico de serie garantizan el m\u00e1ximo confort y seguridad durante el trabajo.<\/p>\n<p>Esta plataforma sobre orugas viene de serie con un telemando multifunci\u00f3n, que permite no solo el movimiento de la parte a\u00e9rea, sino tambi\u00e9n una mayor seguridad y comodidad para el operador.<\/p>\n<p>El RAPTOR 24S tambi\u00e9n est\u00e1 equipado con una cesta desmontable, que permite reducir el volumen durante el transporte, facilitando el paso por lugares de dif\u00edcil acceso. Esto tambi\u00e9n permite reemplazar la cesta por un soporte para gancho con capacidad de carga de 230 kg.<\/p>\n<p>Las orugas blancas anti huella, dise\u00f1adas tambi\u00e9n para su uso en interiores, son extensibles para una mejor estabilidad. Adem\u00e1s, disponen de tres velocidades de traslaci\u00f3n diferentes para satisfacer las necesidades operativas.<\/p>\n<h2>Raptor Stab<\/h2>\n<p>El RAPTOR 24S puede disponer de la opci\u00f3n Raptor Stab, un kit compuesto por cuatro extensiones que permiten elevar a\u00fan m\u00e1s la plataforma del suelo. Esto permite afrontar nuevos desaf\u00edos con pendientes y obst\u00e1culos mayores. Adem\u00e1s, esta opci\u00f3n facilita la carga y descarga de las orugas en cualquier tipo de remolque.<\/p>\n","protected":false},"excerpt":{"rendered":"<p>El RAPTOR 24S es una plataforma a\u00e9rea sobre orugas compacta de alta calidad, ideal para los profesionales m\u00e1s exigentes y para las empresas de alquiler que buscan soluciones en lugares de dif\u00edcil acceso.<\/p>\n","protected":false},"featured_media":36470,"comment_status":"open","ping_status":"closed","template":"","meta":{"_et_pb_use_builder":"","_et_pb_old_content":"","_et_gb_content_width":"","inline_featured_image":false,"ngg_post_thumbnail":0},"product_cat":[1519,1392],"product_tag":[],"class_list":["post-36874","product","type-product","status-publish","has-post-thumbnail","hentry","product_cat-s-articuladas","product_cat-sin-categorizar-es"],"acf":[],"yoast_head":"<!-- This site is optimized with the Yoast SEO plugin v20.2.1 - https:\/\/yoast.com\/wordpress\/plugins\/seo\/ -->\n<title>Plataforma elevadora de oruga Raptor 24S - Socage Raptor. Piattaforme aeree ragno.<\/title>\n<meta name=\"robots\" content=\"index, follow, max-snippet:-1, max-image-preview:large, max-video-preview:-1\" \/>\n<link rel=\"canonical\" href=\"https:\/\/socageraptor.com\/es\/oruga\/plataforma-elevadora-de-oruga-24s\/\" \/>\n<meta property=\"og:locale\" content=\"es_ES\" \/>\n<meta property=\"og:type\" content=\"article\" \/>\n<meta property=\"og:title\" content=\"Plataforma elevadora de oruga Raptor 24S - Socage Raptor. Piattaforme aeree ragno.\" \/>\n<meta property=\"og:description\" content=\"El RAPTOR 24S es una plataforma a\u00e9rea sobre orugas compacta de alta calidad, ideal para los profesionales m\u00e1s exigentes y para las empresas de alquiler que buscan soluciones en lugares de dif\u00edcil acceso.\" \/>\n<meta property=\"og:url\" content=\"https:\/\/socageraptor.com\/es\/oruga\/plataforma-elevadora-de-oruga-24s\/\" \/>\n<meta property=\"og:site_name\" content=\"Socage Raptor. Piattaforme aeree ragno.\" \/>\n<meta property=\"article:modified_time\" content=\"2025-10-07T13:26:43+00:00\" \/>\n<meta property=\"og:image\" content=\"https:\/\/socageraptor.com\/wp-content\/uploads\/2024\/02\/24s-raptor.jpg\" \/>\n\t<meta property=\"og:image:width\" content=\"1200\" \/>\n\t<meta property=\"og:image:height\" content=\"900\" \/>\n\t<meta property=\"og:image:type\" content=\"image\/jpeg\" \/>\n<meta name=\"twitter:card\" content=\"summary_large_image\" \/>\n<meta name=\"twitter:label1\" content=\"Tiempo de lectura\" \/>\n\t<meta name=\"twitter:data1\" content=\"2 minutos\" \/>\n<script type=\"application\/ld+json\" class=\"yoast-schema-graph\">{\"@context\":\"https:\/\/schema.org\",\"@graph\":[{\"@type\":\"WebPage\",\"@id\":\"https:\/\/socageraptor.com\/es\/oruga\/plataforma-elevadora-de-oruga-24s\/\",\"url\":\"https:\/\/socageraptor.com\/es\/oruga\/plataforma-elevadora-de-oruga-24s\/\",\"name\":\"Plataforma elevadora de oruga Raptor 24S - Socage Raptor. Piattaforme aeree ragno.\",\"isPartOf\":{\"@id\":\"https:\/\/socageraptor.com\/es\/#website\"},\"datePublished\":\"2024-02-01T11:16:44+00:00\",\"dateModified\":\"2025-10-07T13:26:43+00:00\",\"breadcrumb\":{\"@id\":\"https:\/\/socageraptor.com\/es\/oruga\/plataforma-elevadora-de-oruga-24s\/#breadcrumb\"},\"inLanguage\":\"es\",\"potentialAction\":[{\"@type\":\"ReadAction\",\"target\":[\"https:\/\/socageraptor.com\/es\/oruga\/plataforma-elevadora-de-oruga-24s\/\"]}]},{\"@type\":\"BreadcrumbList\",\"@id\":\"https:\/\/socageraptor.com\/es\/oruga\/plataforma-elevadora-de-oruga-24s\/#breadcrumb\",\"itemListElement\":[{\"@type\":\"ListItem\",\"position\":1,\"name\":\"Portada\",\"item\":\"https:\/\/socageraptor.com\/es\/\"},{\"@type\":\"ListItem\",\"position\":2,\"name\":\"Productos\",\"item\":\"https:\/\/socageraptor.com\/it\/negozio-piattaforme-aeree-ragno\/\"},{\"@type\":\"ListItem\",\"position\":3,\"name\":\"Plataforma elevadora de oruga Raptor 24S\"}]},{\"@type\":\"WebSite\",\"@id\":\"https:\/\/socageraptor.com\/es\/#website\",\"url\":\"https:\/\/socageraptor.com\/es\/\",\"name\":\"Socage Raptor. Piattaforme aeree ragno.\",\"description\":\"Socage Raptor. Piattaforme aeree ragno.\",\"publisher\":{\"@id\":\"https:\/\/socageraptor.com\/es\/#organization\"},\"potentialAction\":[{\"@type\":\"SearchAction\",\"target\":{\"@type\":\"EntryPoint\",\"urlTemplate\":\"https:\/\/socageraptor.com\/es\/?s={search_term_string}\"},\"query-input\":\"required name=search_term_string\"}],\"inLanguage\":\"es\"},{\"@type\":\"Organization\",\"@id\":\"https:\/\/socageraptor.com\/es\/#organization\",\"name\":\"Socage Raptor\",\"url\":\"https:\/\/socageraptor.com\/es\/\",\"logo\":{\"@type\":\"ImageObject\",\"inLanguage\":\"es\",\"@id\":\"https:\/\/socageraptor.com\/es\/#\/schema\/logo\/image\/\",\"url\":\"https:\/\/socageraptor.com\/wp-content\/uploads\/2019\/07\/socage-raptor.png\",\"contentUrl\":\"https:\/\/socageraptor.com\/wp-content\/uploads\/2019\/07\/socage-raptor.png\",\"width\":5000,\"height\":880,\"caption\":\"Socage Raptor\"},\"image\":{\"@id\":\"https:\/\/socageraptor.com\/es\/#\/schema\/logo\/image\/\"}}]}<\/script>\n<!-- \/ Yoast SEO plugin. -->","yoast_head_json":{"title":"Plataforma elevadora de oruga Raptor 24S - Socage Raptor. Piattaforme aeree ragno.","robots":{"index":"index","follow":"follow","max-snippet":"max-snippet:-1","max-image-preview":"max-image-preview:large","max-video-preview":"max-video-preview:-1"},"canonical":"https:\/\/socageraptor.com\/es\/oruga\/plataforma-elevadora-de-oruga-24s\/","og_locale":"es_ES","og_type":"article","og_title":"Plataforma elevadora de oruga Raptor 24S - Socage Raptor. Piattaforme aeree ragno.","og_description":"El RAPTOR 24S es una plataforma a\u00e9rea sobre orugas compacta de alta calidad, ideal para los profesionales m\u00e1s exigentes y para las empresas de alquiler que buscan soluciones en lugares de dif\u00edcil acceso.","og_url":"https:\/\/socageraptor.com\/es\/oruga\/plataforma-elevadora-de-oruga-24s\/","og_site_name":"Socage Raptor. Piattaforme aeree ragno.","article_modified_time":"2025-10-07T13:26:43+00:00","og_image":[{"width":1200,"height":900,"url":"https:\/\/socageraptor.com\/wp-content\/uploads\/2024\/02\/24s-raptor.jpg","type":"image\/jpeg"}],"twitter_card":"summary_large_image","twitter_misc":{"Tiempo de lectura":"2 minutos"},"schema":{"@context":"https:\/\/schema.org","@graph":[{"@type":"WebPage","@id":"https:\/\/socageraptor.com\/es\/oruga\/plataforma-elevadora-de-oruga-24s\/","url":"https:\/\/socageraptor.com\/es\/oruga\/plataforma-elevadora-de-oruga-24s\/","name":"Plataforma elevadora de oruga Raptor 24S - Socage Raptor. Piattaforme aeree ragno.","isPartOf":{"@id":"https:\/\/socageraptor.com\/es\/#website"},"datePublished":"2024-02-01T11:16:44+00:00","dateModified":"2025-10-07T13:26:43+00:00","breadcrumb":{"@id":"https:\/\/socageraptor.com\/es\/oruga\/plataforma-elevadora-de-oruga-24s\/#breadcrumb"},"inLanguage":"es","potentialAction":[{"@type":"ReadAction","target":["https:\/\/socageraptor.com\/es\/oruga\/plataforma-elevadora-de-oruga-24s\/"]}]},{"@type":"BreadcrumbList","@id":"https:\/\/socageraptor.com\/es\/oruga\/plataforma-elevadora-de-oruga-24s\/#breadcrumb","itemListElement":[{"@type":"ListItem","position":1,"name":"Portada","item":"https:\/\/socageraptor.com\/es\/"},{"@type":"ListItem","position":2,"name":"Productos","item":"https:\/\/socageraptor.com\/it\/negozio-piattaforme-aeree-ragno\/"},{"@type":"ListItem","position":3,"name":"Plataforma elevadora de oruga Raptor 24S"}]},{"@type":"WebSite","@id":"https:\/\/socageraptor.com\/es\/#website","url":"https:\/\/socageraptor.com\/es\/","name":"Socage Raptor. Piattaforme aeree ragno.","description":"Socage Raptor. Piattaforme aeree ragno.","publisher":{"@id":"https:\/\/socageraptor.com\/es\/#organization"},"potentialAction":[{"@type":"SearchAction","target":{"@type":"EntryPoint","urlTemplate":"https:\/\/socageraptor.com\/es\/?s={search_term_string}"},"query-input":"required name=search_term_string"}],"inLanguage":"es"},{"@type":"Organization","@id":"https:\/\/socageraptor.com\/es\/#organization","name":"Socage Raptor","url":"https:\/\/socageraptor.com\/es\/","logo":{"@type":"ImageObject","inLanguage":"es","@id":"https:\/\/socageraptor.com\/es\/#\/schema\/logo\/image\/","url":"https:\/\/socageraptor.com\/wp-content\/uploads\/2019\/07\/socage-raptor.png","contentUrl":"https:\/\/socageraptor.com\/wp-content\/uploads\/2019\/07\/socage-raptor.png","width":5000,"height":880,"caption":"Socage Raptor"},"image":{"@id":"https:\/\/socageraptor.com\/es\/#\/schema\/logo\/image\/"}}]}},"_links":{"self":[{"href":"https:\/\/socageraptor.com\/es\/wp-json\/wp\/v2\/product\/36874","targetHints":{"allow":["GET"]}}],"collection":[{"href":"https:\/\/socageraptor.com\/es\/wp-json\/wp\/v2\/product"}],"about":[{"href":"https:\/\/socageraptor.com\/es\/wp-json\/wp\/v2\/types\/product"}],"replies":[{"embeddable":true,"href":"https:\/\/socageraptor.com\/es\/wp-json\/wp\/v2\/comments?post=36874"}],"wp:featuredmedia":[{"embeddable":true,"href":"https:\/\/socageraptor.com\/es\/wp-json\/wp\/v2\/media\/36470"}],"wp:attachment":[{"href":"https:\/\/socageraptor.com\/es\/wp-json\/wp\/v2\/media?parent=36874"}],"wp:term":[{"taxonomy":"product_cat","embeddable":true,"href":"https:\/\/socageraptor.com\/es\/wp-json\/wp\/v2\/product_cat?post=36874"},{"taxonomy":"product_tag","embeddable":true,"href":"https:\/\/socageraptor.com\/es\/wp-json\/wp\/v2\/product_tag?post=36874"}],"curies":[{"name":"wp","href":"https:\/\/api.w.org\/{rel}","templated":true}]}}