{"id":36740,"date":"2025-01-29T08:50:13","date_gmt":"2025-01-29T08:50:13","guid":{"rendered":"https:\/\/socageraptor.com\/prodotto\/plataforma-electrica-forste-24se-electric-series\/"},"modified":"2026-02-18T14:19:05","modified_gmt":"2026-02-18T14:19:05","slug":"plataforma-electrica-forste-24se-electric-series","status":"publish","type":"product","link":"https:\/\/socageraptor.com\/es\/oruga\/plataforma-electrica-forste-24se-electric-series\/","title":{"rendered":"Plataforma el\u00e9ctrica ForSte 24SE ELECTRIC SERIES"},"content":{"rendered":"<p>El Raptor 24SE nace de la exitosa concepci\u00f3n del modelo 18S, con una evoluci\u00f3n tecnol\u00f3gica sostenible, dise\u00f1ada para ofrecer un rendimiento excepcional en total silencio y sin emisiones.<\/p>\n<p>Destaca por su capacidad de elevar hasta 230 kg, con una altura m\u00e1xima de trabajo de 21,80 metros y un alcance lateral de 11metros.<\/p>\n<p>Las plataformas a\u00e9reas sobre orugas 100% el\u00e9ctricas con bater\u00eda de litio son ideales para trabajar en espacios interiores o en \u00e1reas con estrictas restricciones medioambientales, como hospitales, aeropuertos o centros comerciales.<\/p>\n<p>Una carga completa de la bater\u00eda permite realizar al menos 15 ciclos de trabajo completos, que incluyen estabilizaci\u00f3n, extensi\u00f3n completa de la maquina, cierre de la parte a\u00e9rea, cierre de los estabilizadores y vuelta al punto de inicio de trabajo.<\/p>\n<p>El sistema de carga r\u00e1pida permite cargar la oruga hasta un 60% en solo 4 horas, alcanzando la carga completa en 8 horas. Tambi\u00e9n es posible trabajar mientras el cable de alimentaci\u00f3n est\u00e1 conectado.<\/p>\n","protected":false},"excerpt":{"rendered":"<p>El Raptor 24SE nace de la exitosa concepci\u00f3n del modelo 18S, con una evoluci\u00f3n tecnol\u00f3gica sostenible, dise\u00f1ada para ofrecer un rendimiento excepcional en total silencio y sin emisiones.<\/p>\n","protected":false},"featured_media":36681,"comment_status":"open","ping_status":"closed","template":"","meta":{"_et_pb_use_builder":"","_et_pb_old_content":"","_et_gb_content_width":"","inline_featured_image":false,"ngg_post_thumbnail":0},"product_cat":[1491],"product_tag":[],"class_list":["post-36740","product","type-product","status-publish","has-post-thumbnail","hentry","product_cat-se-electric-series"],"acf":[],"yoast_head":"<!-- This site is optimized with the Yoast SEO plugin v20.2.1 - https:\/\/yoast.com\/wordpress\/plugins\/seo\/ -->\n<title>Plataforma el\u00e9ctrica ForSte 24SE ELECTRIC SERIES - Socage Raptor. Piattaforme aeree ragno.<\/title>\n<meta name=\"robots\" content=\"index, follow, max-snippet:-1, max-image-preview:large, max-video-preview:-1\" \/>\n<link rel=\"canonical\" href=\"https:\/\/socageraptor.com\/es\/oruga\/plataforma-electrica-forste-24se-electric-series\/\" \/>\n<meta property=\"og:locale\" content=\"es_ES\" \/>\n<meta property=\"og:type\" content=\"article\" \/>\n<meta property=\"og:title\" content=\"Plataforma el\u00e9ctrica ForSte 24SE ELECTRIC SERIES - Socage Raptor. Piattaforme aeree ragno.\" \/>\n<meta property=\"og:description\" content=\"El Raptor 24SE nace de la exitosa concepci\u00f3n del modelo 18S, con una evoluci\u00f3n tecnol\u00f3gica sostenible, dise\u00f1ada para ofrecer un rendimiento excepcional en total silencio y sin emisiones.\" \/>\n<meta property=\"og:url\" content=\"https:\/\/socageraptor.com\/es\/oruga\/plataforma-electrica-forste-24se-electric-series\/\" \/>\n<meta property=\"og:site_name\" content=\"Socage Raptor. Piattaforme aeree ragno.\" \/>\n<meta property=\"article:modified_time\" content=\"2026-02-18T14:19:05+00:00\" \/>\n<meta property=\"og:image\" content=\"https:\/\/socageraptor.com\/wp-content\/uploads\/2025\/01\/24SE_piattaforma-cingolata-elettrica.png\" \/>\n\t<meta property=\"og:image:width\" content=\"1200\" \/>\n\t<meta property=\"og:image:height\" content=\"900\" \/>\n\t<meta property=\"og:image:type\" content=\"image\/png\" \/>\n<meta name=\"twitter:card\" content=\"summary_large_image\" \/>\n<meta name=\"twitter:label1\" content=\"Tiempo de lectura\" \/>\n\t<meta name=\"twitter:data1\" content=\"1 minuto\" \/>\n<script type=\"application\/ld+json\" class=\"yoast-schema-graph\">{\"@context\":\"https:\/\/schema.org\",\"@graph\":[{\"@type\":\"WebPage\",\"@id\":\"https:\/\/socageraptor.com\/es\/oruga\/plataforma-electrica-forste-24se-electric-series\/\",\"url\":\"https:\/\/socageraptor.com\/es\/oruga\/plataforma-electrica-forste-24se-electric-series\/\",\"name\":\"Plataforma el\u00e9ctrica ForSte 24SE ELECTRIC SERIES - Socage Raptor. Piattaforme aeree ragno.\",\"isPartOf\":{\"@id\":\"https:\/\/socageraptor.com\/es\/#website\"},\"datePublished\":\"2025-01-29T08:50:13+00:00\",\"dateModified\":\"2026-02-18T14:19:05+00:00\",\"breadcrumb\":{\"@id\":\"https:\/\/socageraptor.com\/es\/oruga\/plataforma-electrica-forste-24se-electric-series\/#breadcrumb\"},\"inLanguage\":\"es\",\"potentialAction\":[{\"@type\":\"ReadAction\",\"target\":[\"https:\/\/socageraptor.com\/es\/oruga\/plataforma-electrica-forste-24se-electric-series\/\"]}]},{\"@type\":\"BreadcrumbList\",\"@id\":\"https:\/\/socageraptor.com\/es\/oruga\/plataforma-electrica-forste-24se-electric-series\/#breadcrumb\",\"itemListElement\":[{\"@type\":\"ListItem\",\"position\":1,\"name\":\"Portada\",\"item\":\"https:\/\/socageraptor.com\/es\/\"},{\"@type\":\"ListItem\",\"position\":2,\"name\":\"Productos\",\"item\":\"https:\/\/socageraptor.com\/it\/negozio-piattaforme-aeree-ragno\/\"},{\"@type\":\"ListItem\",\"position\":3,\"name\":\"Plataforma el\u00e9ctrica ForSte 24SE ELECTRIC SERIES\"}]},{\"@type\":\"WebSite\",\"@id\":\"https:\/\/socageraptor.com\/es\/#website\",\"url\":\"https:\/\/socageraptor.com\/es\/\",\"name\":\"Socage Raptor. Piattaforme aeree ragno.\",\"description\":\"Socage Raptor. Piattaforme aeree ragno.\",\"publisher\":{\"@id\":\"https:\/\/socageraptor.com\/es\/#organization\"},\"potentialAction\":[{\"@type\":\"SearchAction\",\"target\":{\"@type\":\"EntryPoint\",\"urlTemplate\":\"https:\/\/socageraptor.com\/es\/?s={search_term_string}\"},\"query-input\":\"required name=search_term_string\"}],\"inLanguage\":\"es\"},{\"@type\":\"Organization\",\"@id\":\"https:\/\/socageraptor.com\/es\/#organization\",\"name\":\"Socage Raptor\",\"url\":\"https:\/\/socageraptor.com\/es\/\",\"logo\":{\"@type\":\"ImageObject\",\"inLanguage\":\"es\",\"@id\":\"https:\/\/socageraptor.com\/es\/#\/schema\/logo\/image\/\",\"url\":\"https:\/\/socageraptor.com\/wp-content\/uploads\/2019\/07\/socage-raptor.png\",\"contentUrl\":\"https:\/\/socageraptor.com\/wp-content\/uploads\/2019\/07\/socage-raptor.png\",\"width\":5000,\"height\":880,\"caption\":\"Socage Raptor\"},\"image\":{\"@id\":\"https:\/\/socageraptor.com\/es\/#\/schema\/logo\/image\/\"}}]}<\/script>\n<!-- \/ Yoast SEO plugin. -->","yoast_head_json":{"title":"Plataforma el\u00e9ctrica ForSte 24SE ELECTRIC SERIES - Socage Raptor. Piattaforme aeree ragno.","robots":{"index":"index","follow":"follow","max-snippet":"max-snippet:-1","max-image-preview":"max-image-preview:large","max-video-preview":"max-video-preview:-1"},"canonical":"https:\/\/socageraptor.com\/es\/oruga\/plataforma-electrica-forste-24se-electric-series\/","og_locale":"es_ES","og_type":"article","og_title":"Plataforma el\u00e9ctrica ForSte 24SE ELECTRIC SERIES - Socage Raptor. Piattaforme aeree ragno.","og_description":"El Raptor 24SE nace de la exitosa concepci\u00f3n del modelo 18S, con una evoluci\u00f3n tecnol\u00f3gica sostenible, dise\u00f1ada para ofrecer un rendimiento excepcional en total silencio y sin emisiones.","og_url":"https:\/\/socageraptor.com\/es\/oruga\/plataforma-electrica-forste-24se-electric-series\/","og_site_name":"Socage Raptor. Piattaforme aeree ragno.","article_modified_time":"2026-02-18T14:19:05+00:00","og_image":[{"width":1200,"height":900,"url":"https:\/\/socageraptor.com\/wp-content\/uploads\/2025\/01\/24SE_piattaforma-cingolata-elettrica.png","type":"image\/png"}],"twitter_card":"summary_large_image","twitter_misc":{"Tiempo de lectura":"1 minuto"},"schema":{"@context":"https:\/\/schema.org","@graph":[{"@type":"WebPage","@id":"https:\/\/socageraptor.com\/es\/oruga\/plataforma-electrica-forste-24se-electric-series\/","url":"https:\/\/socageraptor.com\/es\/oruga\/plataforma-electrica-forste-24se-electric-series\/","name":"Plataforma el\u00e9ctrica ForSte 24SE ELECTRIC SERIES - Socage Raptor. Piattaforme aeree ragno.","isPartOf":{"@id":"https:\/\/socageraptor.com\/es\/#website"},"datePublished":"2025-01-29T08:50:13+00:00","dateModified":"2026-02-18T14:19:05+00:00","breadcrumb":{"@id":"https:\/\/socageraptor.com\/es\/oruga\/plataforma-electrica-forste-24se-electric-series\/#breadcrumb"},"inLanguage":"es","potentialAction":[{"@type":"ReadAction","target":["https:\/\/socageraptor.com\/es\/oruga\/plataforma-electrica-forste-24se-electric-series\/"]}]},{"@type":"BreadcrumbList","@id":"https:\/\/socageraptor.com\/es\/oruga\/plataforma-electrica-forste-24se-electric-series\/#breadcrumb","itemListElement":[{"@type":"ListItem","position":1,"name":"Portada","item":"https:\/\/socageraptor.com\/es\/"},{"@type":"ListItem","position":2,"name":"Productos","item":"https:\/\/socageraptor.com\/it\/negozio-piattaforme-aeree-ragno\/"},{"@type":"ListItem","position":3,"name":"Plataforma el\u00e9ctrica ForSte 24SE ELECTRIC SERIES"}]},{"@type":"WebSite","@id":"https:\/\/socageraptor.com\/es\/#website","url":"https:\/\/socageraptor.com\/es\/","name":"Socage Raptor. Piattaforme aeree ragno.","description":"Socage Raptor. Piattaforme aeree ragno.","publisher":{"@id":"https:\/\/socageraptor.com\/es\/#organization"},"potentialAction":[{"@type":"SearchAction","target":{"@type":"EntryPoint","urlTemplate":"https:\/\/socageraptor.com\/es\/?s={search_term_string}"},"query-input":"required name=search_term_string"}],"inLanguage":"es"},{"@type":"Organization","@id":"https:\/\/socageraptor.com\/es\/#organization","name":"Socage Raptor","url":"https:\/\/socageraptor.com\/es\/","logo":{"@type":"ImageObject","inLanguage":"es","@id":"https:\/\/socageraptor.com\/es\/#\/schema\/logo\/image\/","url":"https:\/\/socageraptor.com\/wp-content\/uploads\/2019\/07\/socage-raptor.png","contentUrl":"https:\/\/socageraptor.com\/wp-content\/uploads\/2019\/07\/socage-raptor.png","width":5000,"height":880,"caption":"Socage Raptor"},"image":{"@id":"https:\/\/socageraptor.com\/es\/#\/schema\/logo\/image\/"}}]}},"_links":{"self":[{"href":"https:\/\/socageraptor.com\/es\/wp-json\/wp\/v2\/product\/36740","targetHints":{"allow":["GET"]}}],"collection":[{"href":"https:\/\/socageraptor.com\/es\/wp-json\/wp\/v2\/product"}],"about":[{"href":"https:\/\/socageraptor.com\/es\/wp-json\/wp\/v2\/types\/product"}],"replies":[{"embeddable":true,"href":"https:\/\/socageraptor.com\/es\/wp-json\/wp\/v2\/comments?post=36740"}],"wp:featuredmedia":[{"embeddable":true,"href":"https:\/\/socageraptor.com\/es\/wp-json\/wp\/v2\/media\/36681"}],"wp:attachment":[{"href":"https:\/\/socageraptor.com\/es\/wp-json\/wp\/v2\/media?parent=36740"}],"wp:term":[{"taxonomy":"product_cat","embeddable":true,"href":"https:\/\/socageraptor.com\/es\/wp-json\/wp\/v2\/product_cat?post=36740"},{"taxonomy":"product_tag","embeddable":true,"href":"https:\/\/socageraptor.com\/es\/wp-json\/wp\/v2\/product_tag?post=36740"}],"curies":[{"name":"wp","href":"https:\/\/api.w.org\/{rel}","templated":true}]}}