{"id":36687,"date":"2025-01-28T08:55:06","date_gmt":"2025-01-28T08:55:06","guid":{"rendered":"https:\/\/socageraptor.com\/?post_type=product&#038;p=36687"},"modified":"2026-02-18T14:20:26","modified_gmt":"2026-02-18T14:20:26","slug":"oruga-elevadora-socage-raptor-18se","status":"publish","type":"product","link":"https:\/\/socageraptor.com\/es\/oruga\/oruga-elevadora-socage-raptor-18se\/","title":{"rendered":"Oruga elevadora Socage Raptor 18se"},"content":{"rendered":"<div class=\"et_pb_module et_pb_text et_pb_text_2 et_pb_text_align_left et_pb_bg_layout_light\">\n<div class=\"et_pb_text_inner\">\n<p>El Raptor 18SE parte de la idea ganadora del modelo 18S con una evoluci\u00f3n tecnol\u00f3gica sostenible dise\u00f1ada para ofrecer prestaciones excepcionales en total silencio y sin emisiones.<\/p>\n<p>Las plataformas a\u00e9reas sobre orugas 100% el\u00e9ctricas con bater\u00eda de litio son ideales para su uso en interiores o en zonas con grandes restricciones medioambientales, como hospitales, aeropuertos o centros comerciales.<\/p>\n<p>Una carga completa de la bater\u00eda permite al menos 15 ciclos de trabajo completos, es decir, estabilizaci\u00f3n, extensi\u00f3n completa de la maquina, cierre de la parte a\u00e9rea, cierre de los estabilizadores y vuelta al punto de inicio de trabajo.<\/p>\n<p>La carga r\u00e1pida permite cargar la oruga al 60% en s\u00f3lo 4 horas y la carga completa se consigue en 8 horas. Existe tambi\u00e9n la posibilidad de trabajar con el cable de alimentaci\u00f3n conectado.<\/p>\n<\/div>\n<\/div>\n","protected":false},"excerpt":{"rendered":"<p>El Raptor 18SE parte de la idea ganadora del modelo 18S con una evoluci\u00f3n tecnol\u00f3gica sostenible dise\u00f1ada para ofrecer prestaciones excepcionales en total silencio y sin emisiones.<\/p>\n","protected":false},"featured_media":36693,"comment_status":"open","ping_status":"closed","template":"","meta":{"_et_pb_use_builder":"","_et_pb_old_content":"","_et_gb_content_width":"","inline_featured_image":false,"ngg_post_thumbnail":0},"product_cat":[1491],"product_tag":[],"class_list":["post-36687","product","type-product","status-publish","has-post-thumbnail","hentry","product_cat-se-electric-series"],"acf":[],"yoast_head":"<!-- This site is optimized with the Yoast SEO plugin v20.2.1 - https:\/\/yoast.com\/wordpress\/plugins\/seo\/ -->\n<title>Plataforma elevadora sobre orugas forSte 18SE<\/title>\n<meta name=\"robots\" content=\"index, follow, max-snippet:-1, max-image-preview:large, max-video-preview:-1\" \/>\n<link rel=\"canonical\" href=\"https:\/\/socageraptor.com\/es\/oruga\/oruga-elevadora-socage-raptor-18se\/\" \/>\n<meta property=\"og:locale\" content=\"es_ES\" \/>\n<meta property=\"og:type\" content=\"article\" \/>\n<meta property=\"og:title\" content=\"Plataforma elevadora sobre orugas forSte 18SE\" \/>\n<meta property=\"og:description\" content=\"El Raptor 18SE parte de la idea ganadora del modelo 18S con una evoluci\u00f3n tecnol\u00f3gica sostenible dise\u00f1ada para ofrecer prestaciones excepcionales en total silencio y sin emisiones.\" \/>\n<meta property=\"og:url\" content=\"https:\/\/socageraptor.com\/es\/oruga\/oruga-elevadora-socage-raptor-18se\/\" \/>\n<meta property=\"og:site_name\" content=\"Socage Raptor. Piattaforme aeree ragno.\" \/>\n<meta property=\"article:modified_time\" content=\"2026-02-18T14:20:26+00:00\" \/>\n<meta property=\"og:image\" content=\"https:\/\/socageraptor.com\/wp-content\/uploads\/2025\/01\/18SE_piattaforma-cingolata-elettrica.png\" \/>\n\t<meta property=\"og:image:width\" content=\"1200\" \/>\n\t<meta property=\"og:image:height\" content=\"900\" \/>\n\t<meta property=\"og:image:type\" content=\"image\/png\" \/>\n<meta name=\"twitter:card\" content=\"summary_large_image\" \/>\n<meta name=\"twitter:label1\" content=\"Tiempo de lectura\" \/>\n\t<meta name=\"twitter:data1\" content=\"2 minutos\" \/>\n<script type=\"application\/ld+json\" class=\"yoast-schema-graph\">{\"@context\":\"https:\/\/schema.org\",\"@graph\":[{\"@type\":\"WebPage\",\"@id\":\"https:\/\/socageraptor.com\/es\/oruga\/oruga-elevadora-socage-raptor-18se\/\",\"url\":\"https:\/\/socageraptor.com\/es\/oruga\/oruga-elevadora-socage-raptor-18se\/\",\"name\":\"Plataforma elevadora sobre orugas forSte 18SE\",\"isPartOf\":{\"@id\":\"https:\/\/socageraptor.com\/es\/#website\"},\"datePublished\":\"2025-01-28T08:55:06+00:00\",\"dateModified\":\"2026-02-18T14:20:26+00:00\",\"breadcrumb\":{\"@id\":\"https:\/\/socageraptor.com\/es\/oruga\/oruga-elevadora-socage-raptor-18se\/#breadcrumb\"},\"inLanguage\":\"es\",\"potentialAction\":[{\"@type\":\"ReadAction\",\"target\":[\"https:\/\/socageraptor.com\/es\/oruga\/oruga-elevadora-socage-raptor-18se\/\"]}]},{\"@type\":\"BreadcrumbList\",\"@id\":\"https:\/\/socageraptor.com\/es\/oruga\/oruga-elevadora-socage-raptor-18se\/#breadcrumb\",\"itemListElement\":[{\"@type\":\"ListItem\",\"position\":1,\"name\":\"Portada\",\"item\":\"https:\/\/socageraptor.com\/es\/\"},{\"@type\":\"ListItem\",\"position\":2,\"name\":\"Productos\",\"item\":\"https:\/\/socageraptor.com\/it\/negozio-piattaforme-aeree-ragno\/\"},{\"@type\":\"ListItem\",\"position\":3,\"name\":\"Oruga elevadora Socage Raptor 18se\"}]},{\"@type\":\"WebSite\",\"@id\":\"https:\/\/socageraptor.com\/es\/#website\",\"url\":\"https:\/\/socageraptor.com\/es\/\",\"name\":\"Socage Raptor. Piattaforme aeree ragno.\",\"description\":\"Socage Raptor. Piattaforme aeree ragno.\",\"publisher\":{\"@id\":\"https:\/\/socageraptor.com\/es\/#organization\"},\"potentialAction\":[{\"@type\":\"SearchAction\",\"target\":{\"@type\":\"EntryPoint\",\"urlTemplate\":\"https:\/\/socageraptor.com\/es\/?s={search_term_string}\"},\"query-input\":\"required name=search_term_string\"}],\"inLanguage\":\"es\"},{\"@type\":\"Organization\",\"@id\":\"https:\/\/socageraptor.com\/es\/#organization\",\"name\":\"Socage Raptor\",\"url\":\"https:\/\/socageraptor.com\/es\/\",\"logo\":{\"@type\":\"ImageObject\",\"inLanguage\":\"es\",\"@id\":\"https:\/\/socageraptor.com\/es\/#\/schema\/logo\/image\/\",\"url\":\"https:\/\/socageraptor.com\/wp-content\/uploads\/2019\/07\/socage-raptor.png\",\"contentUrl\":\"https:\/\/socageraptor.com\/wp-content\/uploads\/2019\/07\/socage-raptor.png\",\"width\":5000,\"height\":880,\"caption\":\"Socage Raptor\"},\"image\":{\"@id\":\"https:\/\/socageraptor.com\/es\/#\/schema\/logo\/image\/\"}}]}<\/script>\n<!-- \/ Yoast SEO plugin. -->","yoast_head_json":{"title":"Plataforma elevadora sobre orugas forSte 18SE","robots":{"index":"index","follow":"follow","max-snippet":"max-snippet:-1","max-image-preview":"max-image-preview:large","max-video-preview":"max-video-preview:-1"},"canonical":"https:\/\/socageraptor.com\/es\/oruga\/oruga-elevadora-socage-raptor-18se\/","og_locale":"es_ES","og_type":"article","og_title":"Plataforma elevadora sobre orugas forSte 18SE","og_description":"El Raptor 18SE parte de la idea ganadora del modelo 18S con una evoluci\u00f3n tecnol\u00f3gica sostenible dise\u00f1ada para ofrecer prestaciones excepcionales en total silencio y sin emisiones.","og_url":"https:\/\/socageraptor.com\/es\/oruga\/oruga-elevadora-socage-raptor-18se\/","og_site_name":"Socage Raptor. Piattaforme aeree ragno.","article_modified_time":"2026-02-18T14:20:26+00:00","og_image":[{"width":1200,"height":900,"url":"https:\/\/socageraptor.com\/wp-content\/uploads\/2025\/01\/18SE_piattaforma-cingolata-elettrica.png","type":"image\/png"}],"twitter_card":"summary_large_image","twitter_misc":{"Tiempo de lectura":"2 minutos"},"schema":{"@context":"https:\/\/schema.org","@graph":[{"@type":"WebPage","@id":"https:\/\/socageraptor.com\/es\/oruga\/oruga-elevadora-socage-raptor-18se\/","url":"https:\/\/socageraptor.com\/es\/oruga\/oruga-elevadora-socage-raptor-18se\/","name":"Plataforma elevadora sobre orugas forSte 18SE","isPartOf":{"@id":"https:\/\/socageraptor.com\/es\/#website"},"datePublished":"2025-01-28T08:55:06+00:00","dateModified":"2026-02-18T14:20:26+00:00","breadcrumb":{"@id":"https:\/\/socageraptor.com\/es\/oruga\/oruga-elevadora-socage-raptor-18se\/#breadcrumb"},"inLanguage":"es","potentialAction":[{"@type":"ReadAction","target":["https:\/\/socageraptor.com\/es\/oruga\/oruga-elevadora-socage-raptor-18se\/"]}]},{"@type":"BreadcrumbList","@id":"https:\/\/socageraptor.com\/es\/oruga\/oruga-elevadora-socage-raptor-18se\/#breadcrumb","itemListElement":[{"@type":"ListItem","position":1,"name":"Portada","item":"https:\/\/socageraptor.com\/es\/"},{"@type":"ListItem","position":2,"name":"Productos","item":"https:\/\/socageraptor.com\/it\/negozio-piattaforme-aeree-ragno\/"},{"@type":"ListItem","position":3,"name":"Oruga elevadora Socage Raptor 18se"}]},{"@type":"WebSite","@id":"https:\/\/socageraptor.com\/es\/#website","url":"https:\/\/socageraptor.com\/es\/","name":"Socage Raptor. Piattaforme aeree ragno.","description":"Socage Raptor. Piattaforme aeree ragno.","publisher":{"@id":"https:\/\/socageraptor.com\/es\/#organization"},"potentialAction":[{"@type":"SearchAction","target":{"@type":"EntryPoint","urlTemplate":"https:\/\/socageraptor.com\/es\/?s={search_term_string}"},"query-input":"required name=search_term_string"}],"inLanguage":"es"},{"@type":"Organization","@id":"https:\/\/socageraptor.com\/es\/#organization","name":"Socage Raptor","url":"https:\/\/socageraptor.com\/es\/","logo":{"@type":"ImageObject","inLanguage":"es","@id":"https:\/\/socageraptor.com\/es\/#\/schema\/logo\/image\/","url":"https:\/\/socageraptor.com\/wp-content\/uploads\/2019\/07\/socage-raptor.png","contentUrl":"https:\/\/socageraptor.com\/wp-content\/uploads\/2019\/07\/socage-raptor.png","width":5000,"height":880,"caption":"Socage Raptor"},"image":{"@id":"https:\/\/socageraptor.com\/es\/#\/schema\/logo\/image\/"}}]}},"_links":{"self":[{"href":"https:\/\/socageraptor.com\/es\/wp-json\/wp\/v2\/product\/36687","targetHints":{"allow":["GET"]}}],"collection":[{"href":"https:\/\/socageraptor.com\/es\/wp-json\/wp\/v2\/product"}],"about":[{"href":"https:\/\/socageraptor.com\/es\/wp-json\/wp\/v2\/types\/product"}],"replies":[{"embeddable":true,"href":"https:\/\/socageraptor.com\/es\/wp-json\/wp\/v2\/comments?post=36687"}],"wp:featuredmedia":[{"embeddable":true,"href":"https:\/\/socageraptor.com\/es\/wp-json\/wp\/v2\/media\/36693"}],"wp:attachment":[{"href":"https:\/\/socageraptor.com\/es\/wp-json\/wp\/v2\/media?parent=36687"}],"wp:term":[{"taxonomy":"product_cat","embeddable":true,"href":"https:\/\/socageraptor.com\/es\/wp-json\/wp\/v2\/product_cat?post=36687"},{"taxonomy":"product_tag","embeddable":true,"href":"https:\/\/socageraptor.com\/es\/wp-json\/wp\/v2\/product_tag?post=36687"}],"curies":[{"name":"wp","href":"https:\/\/api.w.org\/{rel}","templated":true}]}}