{"id":36172,"date":"2024-04-11T16:31:33","date_gmt":"2024-04-11T16:31:33","guid":{"rendered":"https:\/\/socageraptor.com\/?post_type=product&#038;p=36172"},"modified":"2025-10-07T13:26:42","modified_gmt":"2025-10-07T13:26:42","slug":"plataforma-elevadora-de-oruga-raptor-35s","status":"publish","type":"product","link":"https:\/\/socageraptor.com\/es\/oruga\/plataforma-elevadora-de-oruga-raptor-35s\/","title":{"rendered":"Plataforma elevadora de oruga Raptor 35S"},"content":{"rendered":"<p>El Raptor 35S de Socage representa una innovaci\u00f3n destacada en el sector de plataformas elevadoras sobre orugas, combina perfectamente versatilidad, facilidad de uso y altas prestaciones en un dise\u00f1o extremadamente compacto.<\/p>\n<p>Capaz de conseguir una altura m\u00e1xima de trabajo de 35 m y un alcance lateral de 21 m. Garantiza un amplio rango de trabajo con capacidad de carga en la cesta de 300 kg (2 operarios + material). Incluso 11m de trabajo en negativo.<\/p>\n<p>La fabricaci\u00f3n de los brazos con perfiles de acero avanzado de alta resistencia (SPP) permiten conseguir las altas prestaciones con una estructura robusta y estable que permite al operador un uso preciso y confortable.<\/p>\n<p>Una de las palabras clave de este modelo es sin duda \u00abcompactibilidad\u00bb. La Raptor 35S es la oruga m\u00e1s compacta de su categor\u00eda con solo 6195 mm de largo, facilita su movilidad en espacios reducidos y su transporte.<\/p>\n<p>La cesta extensible es tambi\u00e9n de grandes dimensiones (1800x700x1100 mm) para mayor comodidad durante el trabajo en altura y extensible para pasar por espacios reducidos sin necesidad de desmontarla. Dispone tambi\u00e9n de un desenganche de la cesta r\u00e1pido y funcional para montar un cabrestante de 500kg.<\/p>\n<p>El Raptor 35S de Socage est\u00e1 dotado de serie con un mando a distancia multifuncional que permite no s\u00f3lo los movimientos de la parte a\u00e9rea, sino tambi\u00e9n una mayor seguridad y comodidad del operador. El distribuidor multifuncional permite maniobras milim\u00e9tricas dif\u00edciles de conseguir con cualquier otro medio.<\/p>\n<p>La estabilizaci\u00f3n y cierre autom\u00e1tica de serie aseguran un funcionamiento r\u00e1pido, f\u00e1cil y seguro.<\/p>\n<p>En cuanto a sus prestaciones especiales, otro aspecto a destacar es el alto punto de articulaci\u00f3n de 20m (Up&amp;Over) que junto al importante alcance lateral de 21 m facilita el acceso a \u00e1reas dif\u00edciles de alcanzar.<\/p>\n<p>Ideal tanto para el sector del alquiler como para profesionales que buscan una plataforma sobre oruga eficiente y de alto rendimiento. El Raptor 35S se posiciona como una soluci\u00f3n l\u00edder en el mercado combinando innovaci\u00f3n tecnol\u00f3gica con funcionalidad avanzada para satisfacer las demandas m\u00e1s exigentes de los usuarios.<\/p>\n","protected":false},"excerpt":{"rendered":"<p>La plataforma elevadora 35S es una plataforma a\u00e9rea sobre oruga con una altura m\u00e1xima de trabajo de 35 m y un alcance lateral m\u00e1ximo de 21 m con una capacidad de 300 kg<\/p>\n","protected":false},"featured_media":36295,"comment_status":"open","ping_status":"closed","template":"","meta":{"_et_pb_use_builder":"","_et_pb_old_content":"","_et_gb_content_width":"","inline_featured_image":false,"ngg_post_thumbnail":0},"product_cat":[1519,1392],"product_tag":[],"class_list":["post-36172","product","type-product","status-publish","has-post-thumbnail","hentry","product_cat-s-articuladas","product_cat-sin-categorizar-es"],"acf":[],"yoast_head":"<!-- This site is optimized with the Yoast SEO plugin v20.2.1 - https:\/\/yoast.com\/wordpress\/plugins\/seo\/ -->\n<title>Plataforma elevadora de oruga Raptor 35S - Socage Raptor. Piattaforme aeree ragno.<\/title>\n<meta name=\"robots\" content=\"index, follow, max-snippet:-1, max-image-preview:large, max-video-preview:-1\" \/>\n<link rel=\"canonical\" href=\"https:\/\/socageraptor.com\/es\/oruga\/plataforma-elevadora-de-oruga-raptor-35s\/\" \/>\n<meta property=\"og:locale\" content=\"es_ES\" \/>\n<meta property=\"og:type\" content=\"article\" \/>\n<meta property=\"og:title\" content=\"Plataforma elevadora de oruga Raptor 35S - Socage Raptor. Piattaforme aeree ragno.\" \/>\n<meta property=\"og:description\" content=\"La plataforma elevadora 35S es una plataforma a\u00e9rea sobre oruga con una altura m\u00e1xima de trabajo de 35 m y un alcance lateral m\u00e1ximo de 21 m con una capacidad de 300 kg\" \/>\n<meta property=\"og:url\" content=\"https:\/\/socageraptor.com\/es\/oruga\/plataforma-elevadora-de-oruga-raptor-35s\/\" \/>\n<meta property=\"og:site_name\" content=\"Socage Raptor. Piattaforme aeree ragno.\" \/>\n<meta property=\"article:modified_time\" content=\"2025-10-07T13:26:42+00:00\" \/>\n<meta property=\"og:image\" content=\"https:\/\/socageraptor.com\/wp-content\/uploads\/2024\/04\/35s-raptor.jpg\" \/>\n\t<meta property=\"og:image:width\" content=\"1000\" \/>\n\t<meta property=\"og:image:height\" content=\"657\" \/>\n\t<meta property=\"og:image:type\" content=\"image\/jpeg\" \/>\n<meta name=\"twitter:card\" content=\"summary_large_image\" \/>\n<meta name=\"twitter:label1\" content=\"Tiempo de lectura\" \/>\n\t<meta name=\"twitter:data1\" content=\"2 minutos\" \/>\n<script type=\"application\/ld+json\" class=\"yoast-schema-graph\">{\"@context\":\"https:\/\/schema.org\",\"@graph\":[{\"@type\":\"WebPage\",\"@id\":\"https:\/\/socageraptor.com\/es\/oruga\/plataforma-elevadora-de-oruga-raptor-35s\/\",\"url\":\"https:\/\/socageraptor.com\/es\/oruga\/plataforma-elevadora-de-oruga-raptor-35s\/\",\"name\":\"Plataforma elevadora de oruga Raptor 35S - Socage Raptor. Piattaforme aeree ragno.\",\"isPartOf\":{\"@id\":\"https:\/\/socageraptor.com\/es\/#website\"},\"datePublished\":\"2024-04-11T16:31:33+00:00\",\"dateModified\":\"2025-10-07T13:26:42+00:00\",\"breadcrumb\":{\"@id\":\"https:\/\/socageraptor.com\/es\/oruga\/plataforma-elevadora-de-oruga-raptor-35s\/#breadcrumb\"},\"inLanguage\":\"es\",\"potentialAction\":[{\"@type\":\"ReadAction\",\"target\":[\"https:\/\/socageraptor.com\/es\/oruga\/plataforma-elevadora-de-oruga-raptor-35s\/\"]}]},{\"@type\":\"BreadcrumbList\",\"@id\":\"https:\/\/socageraptor.com\/es\/oruga\/plataforma-elevadora-de-oruga-raptor-35s\/#breadcrumb\",\"itemListElement\":[{\"@type\":\"ListItem\",\"position\":1,\"name\":\"Portada\",\"item\":\"https:\/\/socageraptor.com\/es\/\"},{\"@type\":\"ListItem\",\"position\":2,\"name\":\"Productos\",\"item\":\"https:\/\/socageraptor.com\/it\/negozio-piattaforme-aeree-ragno\/\"},{\"@type\":\"ListItem\",\"position\":3,\"name\":\"Plataforma elevadora de oruga Raptor 35S\"}]},{\"@type\":\"WebSite\",\"@id\":\"https:\/\/socageraptor.com\/es\/#website\",\"url\":\"https:\/\/socageraptor.com\/es\/\",\"name\":\"Socage Raptor. Piattaforme aeree ragno.\",\"description\":\"Socage Raptor. Piattaforme aeree ragno.\",\"publisher\":{\"@id\":\"https:\/\/socageraptor.com\/es\/#organization\"},\"potentialAction\":[{\"@type\":\"SearchAction\",\"target\":{\"@type\":\"EntryPoint\",\"urlTemplate\":\"https:\/\/socageraptor.com\/es\/?s={search_term_string}\"},\"query-input\":\"required name=search_term_string\"}],\"inLanguage\":\"es\"},{\"@type\":\"Organization\",\"@id\":\"https:\/\/socageraptor.com\/es\/#organization\",\"name\":\"Socage Raptor\",\"url\":\"https:\/\/socageraptor.com\/es\/\",\"logo\":{\"@type\":\"ImageObject\",\"inLanguage\":\"es\",\"@id\":\"https:\/\/socageraptor.com\/es\/#\/schema\/logo\/image\/\",\"url\":\"https:\/\/socageraptor.com\/wp-content\/uploads\/2019\/07\/socage-raptor.png\",\"contentUrl\":\"https:\/\/socageraptor.com\/wp-content\/uploads\/2019\/07\/socage-raptor.png\",\"width\":5000,\"height\":880,\"caption\":\"Socage Raptor\"},\"image\":{\"@id\":\"https:\/\/socageraptor.com\/es\/#\/schema\/logo\/image\/\"}}]}<\/script>\n<!-- \/ Yoast SEO plugin. -->","yoast_head_json":{"title":"Plataforma elevadora de oruga Raptor 35S - Socage Raptor. Piattaforme aeree ragno.","robots":{"index":"index","follow":"follow","max-snippet":"max-snippet:-1","max-image-preview":"max-image-preview:large","max-video-preview":"max-video-preview:-1"},"canonical":"https:\/\/socageraptor.com\/es\/oruga\/plataforma-elevadora-de-oruga-raptor-35s\/","og_locale":"es_ES","og_type":"article","og_title":"Plataforma elevadora de oruga Raptor 35S - Socage Raptor. Piattaforme aeree ragno.","og_description":"La plataforma elevadora 35S es una plataforma a\u00e9rea sobre oruga con una altura m\u00e1xima de trabajo de 35 m y un alcance lateral m\u00e1ximo de 21 m con una capacidad de 300 kg","og_url":"https:\/\/socageraptor.com\/es\/oruga\/plataforma-elevadora-de-oruga-raptor-35s\/","og_site_name":"Socage Raptor. Piattaforme aeree ragno.","article_modified_time":"2025-10-07T13:26:42+00:00","og_image":[{"width":1000,"height":657,"url":"https:\/\/socageraptor.com\/wp-content\/uploads\/2024\/04\/35s-raptor.jpg","type":"image\/jpeg"}],"twitter_card":"summary_large_image","twitter_misc":{"Tiempo de lectura":"2 minutos"},"schema":{"@context":"https:\/\/schema.org","@graph":[{"@type":"WebPage","@id":"https:\/\/socageraptor.com\/es\/oruga\/plataforma-elevadora-de-oruga-raptor-35s\/","url":"https:\/\/socageraptor.com\/es\/oruga\/plataforma-elevadora-de-oruga-raptor-35s\/","name":"Plataforma elevadora de oruga Raptor 35S - Socage Raptor. Piattaforme aeree ragno.","isPartOf":{"@id":"https:\/\/socageraptor.com\/es\/#website"},"datePublished":"2024-04-11T16:31:33+00:00","dateModified":"2025-10-07T13:26:42+00:00","breadcrumb":{"@id":"https:\/\/socageraptor.com\/es\/oruga\/plataforma-elevadora-de-oruga-raptor-35s\/#breadcrumb"},"inLanguage":"es","potentialAction":[{"@type":"ReadAction","target":["https:\/\/socageraptor.com\/es\/oruga\/plataforma-elevadora-de-oruga-raptor-35s\/"]}]},{"@type":"BreadcrumbList","@id":"https:\/\/socageraptor.com\/es\/oruga\/plataforma-elevadora-de-oruga-raptor-35s\/#breadcrumb","itemListElement":[{"@type":"ListItem","position":1,"name":"Portada","item":"https:\/\/socageraptor.com\/es\/"},{"@type":"ListItem","position":2,"name":"Productos","item":"https:\/\/socageraptor.com\/it\/negozio-piattaforme-aeree-ragno\/"},{"@type":"ListItem","position":3,"name":"Plataforma elevadora de oruga Raptor 35S"}]},{"@type":"WebSite","@id":"https:\/\/socageraptor.com\/es\/#website","url":"https:\/\/socageraptor.com\/es\/","name":"Socage Raptor. Piattaforme aeree ragno.","description":"Socage Raptor. Piattaforme aeree ragno.","publisher":{"@id":"https:\/\/socageraptor.com\/es\/#organization"},"potentialAction":[{"@type":"SearchAction","target":{"@type":"EntryPoint","urlTemplate":"https:\/\/socageraptor.com\/es\/?s={search_term_string}"},"query-input":"required name=search_term_string"}],"inLanguage":"es"},{"@type":"Organization","@id":"https:\/\/socageraptor.com\/es\/#organization","name":"Socage Raptor","url":"https:\/\/socageraptor.com\/es\/","logo":{"@type":"ImageObject","inLanguage":"es","@id":"https:\/\/socageraptor.com\/es\/#\/schema\/logo\/image\/","url":"https:\/\/socageraptor.com\/wp-content\/uploads\/2019\/07\/socage-raptor.png","contentUrl":"https:\/\/socageraptor.com\/wp-content\/uploads\/2019\/07\/socage-raptor.png","width":5000,"height":880,"caption":"Socage Raptor"},"image":{"@id":"https:\/\/socageraptor.com\/es\/#\/schema\/logo\/image\/"}}]}},"_links":{"self":[{"href":"https:\/\/socageraptor.com\/es\/wp-json\/wp\/v2\/product\/36172","targetHints":{"allow":["GET"]}}],"collection":[{"href":"https:\/\/socageraptor.com\/es\/wp-json\/wp\/v2\/product"}],"about":[{"href":"https:\/\/socageraptor.com\/es\/wp-json\/wp\/v2\/types\/product"}],"replies":[{"embeddable":true,"href":"https:\/\/socageraptor.com\/es\/wp-json\/wp\/v2\/comments?post=36172"}],"wp:featuredmedia":[{"embeddable":true,"href":"https:\/\/socageraptor.com\/es\/wp-json\/wp\/v2\/media\/36295"}],"wp:attachment":[{"href":"https:\/\/socageraptor.com\/es\/wp-json\/wp\/v2\/media?parent=36172"}],"wp:term":[{"taxonomy":"product_cat","embeddable":true,"href":"https:\/\/socageraptor.com\/es\/wp-json\/wp\/v2\/product_cat?post=36172"},{"taxonomy":"product_tag","embeddable":true,"href":"https:\/\/socageraptor.com\/es\/wp-json\/wp\/v2\/product_tag?post=36172"}],"curies":[{"name":"wp","href":"https:\/\/api.w.org\/{rel}","templated":true}]}}