{"id":34519,"date":"2023-02-01T12:51:09","date_gmt":"2023-02-01T12:51:09","guid":{"rendered":"https:\/\/socageraptor.com\/?post_type=product&#038;p=34519"},"modified":"2025-10-07T13:26:44","modified_gmt":"2025-10-07T13:26:44","slug":"oruga-elevadora-socage-raptor-15s","status":"publish","type":"product","link":"https:\/\/socageraptor.com\/es\/oruga\/oruga-elevadora-socage-raptor-15s\/","title":{"rendered":"Oruga elevadora Socage Raptor 15S"},"content":{"rendered":"<div class=\"et_pb_module et_pb_text et_pb_text_2 et_pb_text_align_left et_pb_bg_layout_light\">\n<div class=\"et_pb_text_inner\">\n<p>&nbsp;El RAPTOR 15S es una <span data-sheets-value=\"{&quot;1&quot;:2,&quot;2&quot;:&quot;plataforma elevadora de oruga&quot;}\" data-sheets-userformat=\"{&quot;2&quot;:15359,&quot;3&quot;:{&quot;1&quot;:0},&quot;4&quot;:{&quot;1&quot;:2,&quot;2&quot;:14281427},&quot;5&quot;:{&quot;1&quot;:[{&quot;1&quot;:2,&quot;2&quot;:0,&quot;5&quot;:{&quot;1&quot;:2,&quot;2&quot;:0}},{&quot;1&quot;:0,&quot;2&quot;:0,&quot;3&quot;:3},{&quot;1&quot;:1,&quot;2&quot;:0,&quot;4&quot;:1}]},&quot;6&quot;:{&quot;1&quot;:[{&quot;1&quot;:2,&quot;2&quot;:0,&quot;5&quot;:{&quot;1&quot;:2,&quot;2&quot;:0}},{&quot;1&quot;:0,&quot;2&quot;:0,&quot;3&quot;:3},{&quot;1&quot;:1,&quot;2&quot;:0,&quot;4&quot;:1}]},&quot;7&quot;:{&quot;1&quot;:[{&quot;1&quot;:2,&quot;2&quot;:0,&quot;5&quot;:{&quot;1&quot;:2,&quot;2&quot;:0}},{&quot;1&quot;:0,&quot;2&quot;:0,&quot;3&quot;:3},{&quot;1&quot;:1,&quot;2&quot;:0,&quot;4&quot;:1}]},&quot;8&quot;:{&quot;1&quot;:[{&quot;1&quot;:2,&quot;2&quot;:0,&quot;5&quot;:{&quot;1&quot;:2,&quot;2&quot;:0}},{&quot;1&quot;:0,&quot;2&quot;:0,&quot;3&quot;:3},{&quot;1&quot;:1,&quot;2&quot;:0,&quot;4&quot;:1}]},&quot;9&quot;:1,&quot;10&quot;:1,&quot;11&quot;:4,&quot;12&quot;:0,&quot;14&quot;:{&quot;1&quot;:2,&quot;2&quot;:0},&quot;15&quot;:&quot;Roboto&quot;,&quot;16&quot;:9}\">plataforma elevadora de oruga<\/span>&nbsp;con una altura m\u00e1xima de trabajo de 15 m, y un alcance lateral m\u00e1ximo de 7 m. Es capaz de elevar 225 kg (2 operadores + material)&nbsp;<strong>sin limitaciones en toda el \u00e1rea de trabajo<\/strong>. Parte a\u00e9rea de doble articulaci\u00f3n con jib hidr\u00e1ulico para mayor versatilidad.<\/p>\n<p>Esta plataforma sobre oruga est\u00e1 dotada&nbsp;<strong>de serie con mandos completamente hidr\u00e1ulicos<\/strong>&nbsp;para los movimientos de la parte a\u00e9rea y con&nbsp;<strong>radio mando<\/strong>, para&nbsp;<strong>mayor comodidad y seguridad del operador<\/strong>&nbsp;en el control de la traslaci\u00f3n, la estabilizaci\u00f3n y la velocidad del motor Honda 13CV de serie. Posibilidad de montar motor di\u00e9sel.<\/p>\n<p><strong>Plataforma Sostenible de 0% emisiones, bi-energ\u00e9tica,<\/strong>&nbsp;adem\u00e1s del motor a gasolina incorpora un motor el\u00e9ctrico 230V que&nbsp;<strong>permite trabajar sin emisiones<\/strong>,&nbsp;<strong>indispensable en ciertos espacios cerrados como por ejemplo Iglesias, aeropuertos o f\u00e1bricas<\/strong>.<\/p>\n<\/div>\n<\/div>\n<div class=\"et_pb_with_border et_pb_module et_pb_text et_pb_text_3 et_pb_text_align_left et_pb_bg_layout_light\">\n<div class=\"et_pb_text_inner\">\n<h2><strong>Lo m\u00e1s compacto en cestas elevadoras<\/strong><\/h2>\n<\/div>\n<\/div>\n<div class=\"et_pb_module et_pb_text et_pb_text_4 et_pb_text_align_left et_pb_bg_layout_light\">\n<div class=\"et_pb_text_inner\">\n<p>El RAPTOR 15S posee peso y dimensiones muy reducidas, s\u00f3lo 78 cm de ancho en fase de translaci\u00f3n (con la cesta desmontada), est\u00e1 equipada con <strong>orugas extensibles para mayor estabilidad<\/strong>&nbsp;en la translaci\u00f3n de la m\u00e1quina.<\/p>\n<p>La rotaci\u00f3n de la parte \u00e1rea de 400\u00ba y el jib hidr\u00e1ulico junto al brazo de doble articulaci\u00f3n permite un \u00e1rea de trabajo extensa. <strong>Todo esto la convierte en una de las plataformas elevadora de oruga con mejor relaci\u00f3n entre dimensiones reducidas\/prestaciones del mercado.<\/strong><\/p>\n<\/div>\n<\/div>\n","protected":false},"excerpt":{"rendered":"<p>La 15S es una&nbsp;plataforma elevadora de oruga&nbsp;con una altura m\u00e1xima de trabajo de 15 m, y un alcance lateral m\u00e1ximo de 7 m. Es capaz de elevar 225 kg (2 operadores + material)&nbsp;sin limitaciones en toda el \u00e1rea de trabajo. Parte a\u00e9rea de doble articulaci\u00f3n con jib hidr\u00e1ulico para mayor versatilidad.<\/p>\n","protected":false},"featured_media":35530,"comment_status":"open","ping_status":"closed","template":"","meta":{"_et_pb_use_builder":"","_et_pb_old_content":"","_et_gb_content_width":"","inline_featured_image":false,"ngg_post_thumbnail":0},"product_cat":[1519,1392],"product_tag":[],"class_list":["post-34519","product","type-product","status-publish","has-post-thumbnail","hentry","product_cat-s-articuladas","product_cat-sin-categorizar-es"],"acf":[],"yoast_head":"<!-- This site is optimized with the Yoast SEO plugin v20.2.1 - https:\/\/yoast.com\/wordpress\/plugins\/seo\/ -->\n<title>Oruga elevadora Socage Raptor 15S - Socage Raptor. Piattaforme aeree ragno.<\/title>\n<meta name=\"robots\" content=\"index, follow, max-snippet:-1, max-image-preview:large, max-video-preview:-1\" \/>\n<link rel=\"canonical\" href=\"https:\/\/socageraptor.com\/es\/oruga\/oruga-elevadora-socage-raptor-15s\/\" \/>\n<meta property=\"og:locale\" content=\"es_ES\" \/>\n<meta property=\"og:type\" content=\"article\" \/>\n<meta property=\"og:title\" content=\"Oruga elevadora Socage Raptor 15S - Socage Raptor. Piattaforme aeree ragno.\" \/>\n<meta property=\"og:description\" content=\"La 15S es una&nbsp;plataforma elevadora de oruga&nbsp;con una altura m\u00e1xima de trabajo de 15 m, y un alcance lateral m\u00e1ximo de 7 m. Es capaz de elevar 225 kg (2 operadores + material)&nbsp;sin limitaciones en toda el \u00e1rea de trabajo. Parte a\u00e9rea de doble articulaci\u00f3n con jib hidr\u00e1ulico para mayor versatilidad.\" \/>\n<meta property=\"og:url\" content=\"https:\/\/socageraptor.com\/es\/oruga\/oruga-elevadora-socage-raptor-15s\/\" \/>\n<meta property=\"og:site_name\" content=\"Socage Raptor. Piattaforme aeree ragno.\" \/>\n<meta property=\"article:modified_time\" content=\"2025-10-07T13:26:44+00:00\" \/>\n<meta property=\"og:image\" content=\"https:\/\/socageraptor.com\/wp-content\/uploads\/2023\/02\/15S-1.jpg\" \/>\n\t<meta property=\"og:image:width\" content=\"1200\" \/>\n\t<meta property=\"og:image:height\" content=\"900\" \/>\n\t<meta property=\"og:image:type\" content=\"image\/jpeg\" \/>\n<meta name=\"twitter:card\" content=\"summary_large_image\" \/>\n<meta name=\"twitter:label1\" content=\"Tiempo de lectura\" \/>\n\t<meta name=\"twitter:data1\" content=\"2 minutos\" \/>\n<script type=\"application\/ld+json\" class=\"yoast-schema-graph\">{\"@context\":\"https:\/\/schema.org\",\"@graph\":[{\"@type\":\"WebPage\",\"@id\":\"https:\/\/socageraptor.com\/es\/oruga\/oruga-elevadora-socage-raptor-15s\/\",\"url\":\"https:\/\/socageraptor.com\/es\/oruga\/oruga-elevadora-socage-raptor-15s\/\",\"name\":\"Oruga elevadora Socage Raptor 15S - Socage Raptor. Piattaforme aeree ragno.\",\"isPartOf\":{\"@id\":\"https:\/\/socageraptor.com\/es\/#website\"},\"datePublished\":\"2023-02-01T12:51:09+00:00\",\"dateModified\":\"2025-10-07T13:26:44+00:00\",\"breadcrumb\":{\"@id\":\"https:\/\/socageraptor.com\/es\/oruga\/oruga-elevadora-socage-raptor-15s\/#breadcrumb\"},\"inLanguage\":\"es\",\"potentialAction\":[{\"@type\":\"ReadAction\",\"target\":[\"https:\/\/socageraptor.com\/es\/oruga\/oruga-elevadora-socage-raptor-15s\/\"]}]},{\"@type\":\"BreadcrumbList\",\"@id\":\"https:\/\/socageraptor.com\/es\/oruga\/oruga-elevadora-socage-raptor-15s\/#breadcrumb\",\"itemListElement\":[{\"@type\":\"ListItem\",\"position\":1,\"name\":\"Portada\",\"item\":\"https:\/\/socageraptor.com\/es\/\"},{\"@type\":\"ListItem\",\"position\":2,\"name\":\"Productos\",\"item\":\"https:\/\/socageraptor.com\/it\/negozio-piattaforme-aeree-ragno\/\"},{\"@type\":\"ListItem\",\"position\":3,\"name\":\"Oruga elevadora Socage Raptor 15S\"}]},{\"@type\":\"WebSite\",\"@id\":\"https:\/\/socageraptor.com\/es\/#website\",\"url\":\"https:\/\/socageraptor.com\/es\/\",\"name\":\"Socage Raptor. Piattaforme aeree ragno.\",\"description\":\"Socage Raptor. Piattaforme aeree ragno.\",\"publisher\":{\"@id\":\"https:\/\/socageraptor.com\/es\/#organization\"},\"potentialAction\":[{\"@type\":\"SearchAction\",\"target\":{\"@type\":\"EntryPoint\",\"urlTemplate\":\"https:\/\/socageraptor.com\/es\/?s={search_term_string}\"},\"query-input\":\"required name=search_term_string\"}],\"inLanguage\":\"es\"},{\"@type\":\"Organization\",\"@id\":\"https:\/\/socageraptor.com\/es\/#organization\",\"name\":\"Socage Raptor\",\"url\":\"https:\/\/socageraptor.com\/es\/\",\"logo\":{\"@type\":\"ImageObject\",\"inLanguage\":\"es\",\"@id\":\"https:\/\/socageraptor.com\/es\/#\/schema\/logo\/image\/\",\"url\":\"https:\/\/socageraptor.com\/wp-content\/uploads\/2019\/07\/socage-raptor.png\",\"contentUrl\":\"https:\/\/socageraptor.com\/wp-content\/uploads\/2019\/07\/socage-raptor.png\",\"width\":5000,\"height\":880,\"caption\":\"Socage Raptor\"},\"image\":{\"@id\":\"https:\/\/socageraptor.com\/es\/#\/schema\/logo\/image\/\"}}]}<\/script>\n<!-- \/ Yoast SEO plugin. -->","yoast_head_json":{"title":"Oruga elevadora Socage Raptor 15S - Socage Raptor. Piattaforme aeree ragno.","robots":{"index":"index","follow":"follow","max-snippet":"max-snippet:-1","max-image-preview":"max-image-preview:large","max-video-preview":"max-video-preview:-1"},"canonical":"https:\/\/socageraptor.com\/es\/oruga\/oruga-elevadora-socage-raptor-15s\/","og_locale":"es_ES","og_type":"article","og_title":"Oruga elevadora Socage Raptor 15S - Socage Raptor. Piattaforme aeree ragno.","og_description":"La 15S es una&nbsp;plataforma elevadora de oruga&nbsp;con una altura m\u00e1xima de trabajo de 15 m, y un alcance lateral m\u00e1ximo de 7 m. Es capaz de elevar 225 kg (2 operadores + material)&nbsp;sin limitaciones en toda el \u00e1rea de trabajo. Parte a\u00e9rea de doble articulaci\u00f3n con jib hidr\u00e1ulico para mayor versatilidad.","og_url":"https:\/\/socageraptor.com\/es\/oruga\/oruga-elevadora-socage-raptor-15s\/","og_site_name":"Socage Raptor. Piattaforme aeree ragno.","article_modified_time":"2025-10-07T13:26:44+00:00","og_image":[{"width":1200,"height":900,"url":"https:\/\/socageraptor.com\/wp-content\/uploads\/2023\/02\/15S-1.jpg","type":"image\/jpeg"}],"twitter_card":"summary_large_image","twitter_misc":{"Tiempo de lectura":"2 minutos"},"schema":{"@context":"https:\/\/schema.org","@graph":[{"@type":"WebPage","@id":"https:\/\/socageraptor.com\/es\/oruga\/oruga-elevadora-socage-raptor-15s\/","url":"https:\/\/socageraptor.com\/es\/oruga\/oruga-elevadora-socage-raptor-15s\/","name":"Oruga elevadora Socage Raptor 15S - Socage Raptor. Piattaforme aeree ragno.","isPartOf":{"@id":"https:\/\/socageraptor.com\/es\/#website"},"datePublished":"2023-02-01T12:51:09+00:00","dateModified":"2025-10-07T13:26:44+00:00","breadcrumb":{"@id":"https:\/\/socageraptor.com\/es\/oruga\/oruga-elevadora-socage-raptor-15s\/#breadcrumb"},"inLanguage":"es","potentialAction":[{"@type":"ReadAction","target":["https:\/\/socageraptor.com\/es\/oruga\/oruga-elevadora-socage-raptor-15s\/"]}]},{"@type":"BreadcrumbList","@id":"https:\/\/socageraptor.com\/es\/oruga\/oruga-elevadora-socage-raptor-15s\/#breadcrumb","itemListElement":[{"@type":"ListItem","position":1,"name":"Portada","item":"https:\/\/socageraptor.com\/es\/"},{"@type":"ListItem","position":2,"name":"Productos","item":"https:\/\/socageraptor.com\/it\/negozio-piattaforme-aeree-ragno\/"},{"@type":"ListItem","position":3,"name":"Oruga elevadora Socage Raptor 15S"}]},{"@type":"WebSite","@id":"https:\/\/socageraptor.com\/es\/#website","url":"https:\/\/socageraptor.com\/es\/","name":"Socage Raptor. Piattaforme aeree ragno.","description":"Socage Raptor. Piattaforme aeree ragno.","publisher":{"@id":"https:\/\/socageraptor.com\/es\/#organization"},"potentialAction":[{"@type":"SearchAction","target":{"@type":"EntryPoint","urlTemplate":"https:\/\/socageraptor.com\/es\/?s={search_term_string}"},"query-input":"required name=search_term_string"}],"inLanguage":"es"},{"@type":"Organization","@id":"https:\/\/socageraptor.com\/es\/#organization","name":"Socage Raptor","url":"https:\/\/socageraptor.com\/es\/","logo":{"@type":"ImageObject","inLanguage":"es","@id":"https:\/\/socageraptor.com\/es\/#\/schema\/logo\/image\/","url":"https:\/\/socageraptor.com\/wp-content\/uploads\/2019\/07\/socage-raptor.png","contentUrl":"https:\/\/socageraptor.com\/wp-content\/uploads\/2019\/07\/socage-raptor.png","width":5000,"height":880,"caption":"Socage Raptor"},"image":{"@id":"https:\/\/socageraptor.com\/es\/#\/schema\/logo\/image\/"}}]}},"_links":{"self":[{"href":"https:\/\/socageraptor.com\/es\/wp-json\/wp\/v2\/product\/34519","targetHints":{"allow":["GET"]}}],"collection":[{"href":"https:\/\/socageraptor.com\/es\/wp-json\/wp\/v2\/product"}],"about":[{"href":"https:\/\/socageraptor.com\/es\/wp-json\/wp\/v2\/types\/product"}],"replies":[{"embeddable":true,"href":"https:\/\/socageraptor.com\/es\/wp-json\/wp\/v2\/comments?post=34519"}],"wp:featuredmedia":[{"embeddable":true,"href":"https:\/\/socageraptor.com\/es\/wp-json\/wp\/v2\/media\/35530"}],"wp:attachment":[{"href":"https:\/\/socageraptor.com\/es\/wp-json\/wp\/v2\/media?parent=34519"}],"wp:term":[{"taxonomy":"product_cat","embeddable":true,"href":"https:\/\/socageraptor.com\/es\/wp-json\/wp\/v2\/product_cat?post=34519"},{"taxonomy":"product_tag","embeddable":true,"href":"https:\/\/socageraptor.com\/es\/wp-json\/wp\/v2\/product_tag?post=34519"}],"curies":[{"name":"wp","href":"https:\/\/api.w.org\/{rel}","templated":true}]}}