{"id":34517,"date":"2023-11-01T12:50:42","date_gmt":"2023-11-01T12:50:42","guid":{"rendered":"https:\/\/socageraptor.com\/?post_type=product&#038;p=34517"},"modified":"2025-10-07T13:26:43","modified_gmt":"2025-10-07T13:26:43","slug":"plataforma-elevadora-sobre-orugas-forste-18s","status":"publish","type":"product","link":"https:\/\/socageraptor.com\/es\/oruga\/plataforma-elevadora-sobre-orugas-forste-18s\/","title":{"rendered":"Oruga elevadora Socage Raptor 18s"},"content":{"rendered":"<div class=\"et_pb_module et_pb_text et_pb_text_2 et_pb_text_align_left et_pb_bg_layout_light\">\n<div class=\"et_pb_text_inner\">\n<p>RAPTOR 18S es una plataforma elevadora sobre orugas con una altura m\u00e1xima de trabajo de 18 m y un alcance lateral m\u00e1ximo de 8,20 m.<\/p>\n<p>Se caracteriza por su capacidad de elevar 230 kg (2 operadores + material) en toda la zona de trabajo sin limitaciones. Otra ventaja de esta plataforma elevadora es&nbsp;<strong>la estabilizaci\u00f3n y el cierre autom\u00e1ticos de serie<\/strong>&nbsp;para un funcionamiento f\u00e1cil y seguro.<\/p>\n<p>Esta plataforma elevadora peque\u00f1a est\u00e1 dotada de serie con un&nbsp;<strong>mando a distancia multifuncional que permite no s\u00f3lo el movimiento de la parte a\u00e9rea; sino tambi\u00e9n una mayor seguridad y comodidad del operador<\/strong>. Plataforma sostenible con 0% de emisiones,&nbsp;bi-energ\u00e9tica de serie, adem\u00e1s del motor a diesel incorpora un motor el\u00e9ctrico de 230V. Permitiendo trabajar sin emisiones, indispensable en algunos espacios cerrados como por ejemplo iglesias, aeropuertos o f\u00e1bricas.<\/p>\n<\/div>\n<\/div>\n<div class=\"et_pb_with_border et_pb_module et_pb_text et_pb_text_3 et_pb_text_align_left et_pb_bg_layout_light\">\n<div class=\"et_pb_text_inner\">\n<h2><strong>Lo m\u00e1s compacto en cesta de alto rendimiento<\/strong><\/h2>\n<\/div>\n<\/div>\n<div class=\"et_pb_module et_pb_text et_pb_text_4 et_pb_text_align_left et_pb_bg_layout_light\">\n<div class=\"et_pb_text_inner\">\n<p>RAPTOR 18S tiene dimensiones y peso muy reducidos. Est\u00e1 equipada con orugas extensibles para mejorar la <strong>estabilidad en la transici\u00f3n de la m\u00e1quina<\/strong>. Las orugas blancas no dejan marca y est\u00e1n dise\u00f1adas para su uso en espacios cerrados. Traslado de orugas tiene tres velocidades diferentes en funci\u00f3n de las necesidades.<\/p>\n<p>La rotaci\u00f3n de la parte \u00e1rea de 380\u00ba y el jib hidr\u00e1ulico junto al brazo de doble articulaci\u00f3n permite una amplia maniobrabilidad. <strong>Todo esto la convierte en una de las plataformas elevadoras de orugas de 18 metros con la mejor relaci\u00f3n entre dimensiones reducidas y prestaciones del mercado<\/strong>.<\/p>\n<\/div>\n<\/div>\n","protected":false},"excerpt":{"rendered":"<p>ForSte 18S es una plataforma elevadora sobre orugas con una altura m\u00e1xima de trabajo de 18,30 m y un alcance lateral m\u00e1ximo de 8,20 m. Se caracteriza por su capacidad de elevar 230 kg (2 operadores + material) en toda la zona de trabajo sin limitaciones.<\/p>\n","protected":false},"featured_media":35535,"comment_status":"open","ping_status":"closed","template":"","meta":{"_et_pb_use_builder":"","_et_pb_old_content":"","_et_gb_content_width":"","inline_featured_image":false,"ngg_post_thumbnail":0},"product_cat":[1519,1392],"product_tag":[],"class_list":["post-34517","product","type-product","status-publish","has-post-thumbnail","hentry","product_cat-s-articuladas","product_cat-sin-categorizar-es"],"acf":[],"yoast_head":"<!-- This site is optimized with the Yoast SEO plugin v20.2.1 - https:\/\/yoast.com\/wordpress\/plugins\/seo\/ -->\n<title>Plataforma elevadora sobre orugas forSte 18S<\/title>\n<meta name=\"robots\" content=\"index, follow, max-snippet:-1, max-image-preview:large, max-video-preview:-1\" \/>\n<link rel=\"canonical\" href=\"https:\/\/socageraptor.com\/es\/oruga\/plataforma-elevadora-sobre-orugas-forste-18s\/\" \/>\n<meta property=\"og:locale\" content=\"es_ES\" \/>\n<meta property=\"og:type\" content=\"article\" \/>\n<meta property=\"og:title\" content=\"Plataforma elevadora sobre orugas forSte 18S\" \/>\n<meta property=\"og:description\" content=\"ForSte 18S es una plataforma elevadora sobre orugas con una altura m\u00e1xima de trabajo de 18,30 m y un alcance lateral m\u00e1ximo de 8,20 m. Se caracteriza por su capacidad de elevar 230 kg (2 operadores + material) en toda la zona de trabajo sin limitaciones.\" \/>\n<meta property=\"og:url\" content=\"https:\/\/socageraptor.com\/es\/oruga\/plataforma-elevadora-sobre-orugas-forste-18s\/\" \/>\n<meta property=\"og:site_name\" content=\"Socage Raptor. Piattaforme aeree ragno.\" \/>\n<meta property=\"article:modified_time\" content=\"2025-10-07T13:26:43+00:00\" \/>\n<meta property=\"og:image\" content=\"https:\/\/socageraptor.com\/wp-content\/uploads\/2023\/02\/18S.jpg\" \/>\n\t<meta property=\"og:image:width\" content=\"1200\" \/>\n\t<meta property=\"og:image:height\" content=\"900\" \/>\n\t<meta property=\"og:image:type\" content=\"image\/jpeg\" \/>\n<meta name=\"twitter:card\" content=\"summary_large_image\" \/>\n<meta name=\"twitter:label1\" content=\"Tiempo de lectura\" \/>\n\t<meta name=\"twitter:data1\" content=\"2 minutos\" \/>\n<script type=\"application\/ld+json\" class=\"yoast-schema-graph\">{\"@context\":\"https:\/\/schema.org\",\"@graph\":[{\"@type\":\"WebPage\",\"@id\":\"https:\/\/socageraptor.com\/es\/oruga\/plataforma-elevadora-sobre-orugas-forste-18s\/\",\"url\":\"https:\/\/socageraptor.com\/es\/oruga\/plataforma-elevadora-sobre-orugas-forste-18s\/\",\"name\":\"Plataforma elevadora sobre orugas forSte 18S\",\"isPartOf\":{\"@id\":\"https:\/\/socageraptor.com\/es\/#website\"},\"datePublished\":\"2023-11-01T12:50:42+00:00\",\"dateModified\":\"2025-10-07T13:26:43+00:00\",\"breadcrumb\":{\"@id\":\"https:\/\/socageraptor.com\/es\/oruga\/plataforma-elevadora-sobre-orugas-forste-18s\/#breadcrumb\"},\"inLanguage\":\"es\",\"potentialAction\":[{\"@type\":\"ReadAction\",\"target\":[\"https:\/\/socageraptor.com\/es\/oruga\/plataforma-elevadora-sobre-orugas-forste-18s\/\"]}]},{\"@type\":\"BreadcrumbList\",\"@id\":\"https:\/\/socageraptor.com\/es\/oruga\/plataforma-elevadora-sobre-orugas-forste-18s\/#breadcrumb\",\"itemListElement\":[{\"@type\":\"ListItem\",\"position\":1,\"name\":\"Portada\",\"item\":\"https:\/\/socageraptor.com\/es\/\"},{\"@type\":\"ListItem\",\"position\":2,\"name\":\"Productos\",\"item\":\"https:\/\/socageraptor.com\/it\/negozio-piattaforme-aeree-ragno\/\"},{\"@type\":\"ListItem\",\"position\":3,\"name\":\"Oruga elevadora Socage Raptor 18s\"}]},{\"@type\":\"WebSite\",\"@id\":\"https:\/\/socageraptor.com\/es\/#website\",\"url\":\"https:\/\/socageraptor.com\/es\/\",\"name\":\"Socage Raptor. Piattaforme aeree ragno.\",\"description\":\"Socage Raptor. Piattaforme aeree ragno.\",\"publisher\":{\"@id\":\"https:\/\/socageraptor.com\/es\/#organization\"},\"potentialAction\":[{\"@type\":\"SearchAction\",\"target\":{\"@type\":\"EntryPoint\",\"urlTemplate\":\"https:\/\/socageraptor.com\/es\/?s={search_term_string}\"},\"query-input\":\"required name=search_term_string\"}],\"inLanguage\":\"es\"},{\"@type\":\"Organization\",\"@id\":\"https:\/\/socageraptor.com\/es\/#organization\",\"name\":\"Socage Raptor\",\"url\":\"https:\/\/socageraptor.com\/es\/\",\"logo\":{\"@type\":\"ImageObject\",\"inLanguage\":\"es\",\"@id\":\"https:\/\/socageraptor.com\/es\/#\/schema\/logo\/image\/\",\"url\":\"https:\/\/socageraptor.com\/wp-content\/uploads\/2019\/07\/socage-raptor.png\",\"contentUrl\":\"https:\/\/socageraptor.com\/wp-content\/uploads\/2019\/07\/socage-raptor.png\",\"width\":5000,\"height\":880,\"caption\":\"Socage Raptor\"},\"image\":{\"@id\":\"https:\/\/socageraptor.com\/es\/#\/schema\/logo\/image\/\"}}]}<\/script>\n<!-- \/ Yoast SEO plugin. -->","yoast_head_json":{"title":"Plataforma elevadora sobre orugas forSte 18S","robots":{"index":"index","follow":"follow","max-snippet":"max-snippet:-1","max-image-preview":"max-image-preview:large","max-video-preview":"max-video-preview:-1"},"canonical":"https:\/\/socageraptor.com\/es\/oruga\/plataforma-elevadora-sobre-orugas-forste-18s\/","og_locale":"es_ES","og_type":"article","og_title":"Plataforma elevadora sobre orugas forSte 18S","og_description":"ForSte 18S es una plataforma elevadora sobre orugas con una altura m\u00e1xima de trabajo de 18,30 m y un alcance lateral m\u00e1ximo de 8,20 m. Se caracteriza por su capacidad de elevar 230 kg (2 operadores + material) en toda la zona de trabajo sin limitaciones.","og_url":"https:\/\/socageraptor.com\/es\/oruga\/plataforma-elevadora-sobre-orugas-forste-18s\/","og_site_name":"Socage Raptor. Piattaforme aeree ragno.","article_modified_time":"2025-10-07T13:26:43+00:00","og_image":[{"width":1200,"height":900,"url":"https:\/\/socageraptor.com\/wp-content\/uploads\/2023\/02\/18S.jpg","type":"image\/jpeg"}],"twitter_card":"summary_large_image","twitter_misc":{"Tiempo de lectura":"2 minutos"},"schema":{"@context":"https:\/\/schema.org","@graph":[{"@type":"WebPage","@id":"https:\/\/socageraptor.com\/es\/oruga\/plataforma-elevadora-sobre-orugas-forste-18s\/","url":"https:\/\/socageraptor.com\/es\/oruga\/plataforma-elevadora-sobre-orugas-forste-18s\/","name":"Plataforma elevadora sobre orugas forSte 18S","isPartOf":{"@id":"https:\/\/socageraptor.com\/es\/#website"},"datePublished":"2023-11-01T12:50:42+00:00","dateModified":"2025-10-07T13:26:43+00:00","breadcrumb":{"@id":"https:\/\/socageraptor.com\/es\/oruga\/plataforma-elevadora-sobre-orugas-forste-18s\/#breadcrumb"},"inLanguage":"es","potentialAction":[{"@type":"ReadAction","target":["https:\/\/socageraptor.com\/es\/oruga\/plataforma-elevadora-sobre-orugas-forste-18s\/"]}]},{"@type":"BreadcrumbList","@id":"https:\/\/socageraptor.com\/es\/oruga\/plataforma-elevadora-sobre-orugas-forste-18s\/#breadcrumb","itemListElement":[{"@type":"ListItem","position":1,"name":"Portada","item":"https:\/\/socageraptor.com\/es\/"},{"@type":"ListItem","position":2,"name":"Productos","item":"https:\/\/socageraptor.com\/it\/negozio-piattaforme-aeree-ragno\/"},{"@type":"ListItem","position":3,"name":"Oruga elevadora Socage Raptor 18s"}]},{"@type":"WebSite","@id":"https:\/\/socageraptor.com\/es\/#website","url":"https:\/\/socageraptor.com\/es\/","name":"Socage Raptor. Piattaforme aeree ragno.","description":"Socage Raptor. Piattaforme aeree ragno.","publisher":{"@id":"https:\/\/socageraptor.com\/es\/#organization"},"potentialAction":[{"@type":"SearchAction","target":{"@type":"EntryPoint","urlTemplate":"https:\/\/socageraptor.com\/es\/?s={search_term_string}"},"query-input":"required name=search_term_string"}],"inLanguage":"es"},{"@type":"Organization","@id":"https:\/\/socageraptor.com\/es\/#organization","name":"Socage Raptor","url":"https:\/\/socageraptor.com\/es\/","logo":{"@type":"ImageObject","inLanguage":"es","@id":"https:\/\/socageraptor.com\/es\/#\/schema\/logo\/image\/","url":"https:\/\/socageraptor.com\/wp-content\/uploads\/2019\/07\/socage-raptor.png","contentUrl":"https:\/\/socageraptor.com\/wp-content\/uploads\/2019\/07\/socage-raptor.png","width":5000,"height":880,"caption":"Socage Raptor"},"image":{"@id":"https:\/\/socageraptor.com\/es\/#\/schema\/logo\/image\/"}}]}},"_links":{"self":[{"href":"https:\/\/socageraptor.com\/es\/wp-json\/wp\/v2\/product\/34517","targetHints":{"allow":["GET"]}}],"collection":[{"href":"https:\/\/socageraptor.com\/es\/wp-json\/wp\/v2\/product"}],"about":[{"href":"https:\/\/socageraptor.com\/es\/wp-json\/wp\/v2\/types\/product"}],"replies":[{"embeddable":true,"href":"https:\/\/socageraptor.com\/es\/wp-json\/wp\/v2\/comments?post=34517"}],"wp:featuredmedia":[{"embeddable":true,"href":"https:\/\/socageraptor.com\/es\/wp-json\/wp\/v2\/media\/35535"}],"wp:attachment":[{"href":"https:\/\/socageraptor.com\/es\/wp-json\/wp\/v2\/media?parent=34517"}],"wp:term":[{"taxonomy":"product_cat","embeddable":true,"href":"https:\/\/socageraptor.com\/es\/wp-json\/wp\/v2\/product_cat?post=34517"},{"taxonomy":"product_tag","embeddable":true,"href":"https:\/\/socageraptor.com\/es\/wp-json\/wp\/v2\/product_tag?post=34517"}],"curies":[{"name":"wp","href":"https:\/\/api.w.org\/{rel}","templated":true}]}}