{"id":34475,"date":"2024-01-30T15:01:19","date_gmt":"2024-01-30T15:01:19","guid":{"rendered":"https:\/\/socageraptor.com\/producto\/oruga-elevadora-socage-21\/"},"modified":"2025-10-07T13:26:43","modified_gmt":"2025-10-07T13:26:43","slug":"oruga-elevadora-socage-raptor-21s","status":"publish","type":"product","link":"https:\/\/socageraptor.com\/es\/oruga\/oruga-elevadora-socage-raptor-21s\/","title":{"rendered":"Oruga elevadora Socage Raptor 21s"},"content":{"rendered":"<p>Le RAPTOR 21S es una oruga elevadora con una altura m\u00e1xima de trabajo de 20.80 m y un alcance lateral m\u00e1ximo de 10,30 m. Destaca por su capacidad de 230 kg (2 operarios + material). Otra ventaja de esta plataforma sobre orugas es la estabilizaci\u00f3n y el cierre autom\u00e1tico est\u00e1ndar, para un uso r\u00e1pido, simple y seguro. Esta plataforma elevadora sobre orugas est\u00e1 equipada de serie con un mando a distancia multifunci\u00f3n capaz de permitir no s\u00f3lo los movimientos de la parte a\u00e9rea, sino tambi\u00e9n una mayor seguridad y comodidad para el operario.<\/p>\n<h2>Versatilidad con Bienerg\u00eda<\/h2>\n<p>Plataforma sostenible con 0% emisiones, bi energ\u00eda de serie, adem\u00e1s del motor di\u00e9sel incorpora un motor el\u00e9ctrico de 230V que permite trabajar sin emisiones, imprescindible en algunos espacios cerrados como iglesias, aeropuertos o f\u00e1bricas. La oruga elevadora spider 21S tiene un peso y unas dimensiones muy reducidos. Est\u00e1 equipado con orugas extensibles para una mejor estabilidad en la translaci\u00f3n de la plataforma. Viene est\u00e1ndar con orugas que no dejan marcas, dise\u00f1adas para usar en espacios cerrados. La traslaci\u00f3n tiene tres velocidades diferentes seg\u00fan la necesidad. La rotaci\u00f3n de 380\u00ba de la parte a\u00e9rea y el brazo hidr\u00e1ulico junto a la pluma de doble articulaci\u00f3n permiten una amplia maniobrabilidad de trabajo. Todo ello la convierte en una de las plataformas elevadoras de m\u00e1s de 20 metros con mejor relaci\u00f3n tama\u00f1o\/rendimiento del mercado.<\/p>\n","protected":false},"excerpt":{"rendered":"<p>La forSte 21S es una oruga elevadora con una altura m\u00e1xima de trabajo de 21 m y un alcance lateral m\u00e1ximo de 10,50 m. Destaca por su capacidad de 230 kg (2 operarios + material). Otra ventaja de esta plataforma sobre orugas es la estabilizaci\u00f3n y el cierre autom\u00e1tico est\u00e1ndar, para un uso r\u00e1pido, simple y seguro.<\/p>\n","protected":false},"featured_media":35540,"comment_status":"open","ping_status":"closed","template":"","meta":{"_et_pb_use_builder":"","_et_pb_old_content":"","_et_gb_content_width":"","inline_featured_image":false,"ngg_post_thumbnail":0},"product_cat":[1519,1392],"product_tag":[],"class_list":["post-34475","product","type-product","status-publish","has-post-thumbnail","hentry","product_cat-s-articuladas","product_cat-sin-categorizar-es"],"acf":[],"yoast_head":"<!-- This site is optimized with the Yoast SEO plugin v20.2.1 - https:\/\/yoast.com\/wordpress\/plugins\/seo\/ -->\n<title>Oruga elevadora Socage Raptor 21s - Socage Raptor. Piattaforme aeree ragno.<\/title>\n<meta name=\"robots\" content=\"index, follow, max-snippet:-1, max-image-preview:large, max-video-preview:-1\" \/>\n<link rel=\"canonical\" href=\"https:\/\/socageraptor.com\/es\/oruga\/oruga-elevadora-socage-raptor-21s\/\" \/>\n<meta property=\"og:locale\" content=\"es_ES\" \/>\n<meta property=\"og:type\" content=\"article\" \/>\n<meta property=\"og:title\" content=\"Oruga elevadora Socage Raptor 21s - Socage Raptor. Piattaforme aeree ragno.\" \/>\n<meta property=\"og:description\" content=\"La forSte 21S es una oruga elevadora con una altura m\u00e1xima de trabajo de 21 m y un alcance lateral m\u00e1ximo de 10,50 m. Destaca por su capacidad de 230 kg (2 operarios + material). Otra ventaja de esta plataforma sobre orugas es la estabilizaci\u00f3n y el cierre autom\u00e1tico est\u00e1ndar, para un uso r\u00e1pido, simple y seguro.\" \/>\n<meta property=\"og:url\" content=\"https:\/\/socageraptor.com\/es\/oruga\/oruga-elevadora-socage-raptor-21s\/\" \/>\n<meta property=\"og:site_name\" content=\"Socage Raptor. Piattaforme aeree ragno.\" \/>\n<meta property=\"article:modified_time\" content=\"2025-10-07T13:26:43+00:00\" \/>\n<meta property=\"og:image\" content=\"https:\/\/socageraptor.com\/wp-content\/uploads\/2023\/02\/21S.jpg\" \/>\n\t<meta property=\"og:image:width\" content=\"1200\" \/>\n\t<meta property=\"og:image:height\" content=\"900\" \/>\n\t<meta property=\"og:image:type\" content=\"image\/jpeg\" \/>\n<meta name=\"twitter:card\" content=\"summary_large_image\" \/>\n<meta name=\"twitter:label1\" content=\"Tiempo de lectura\" \/>\n\t<meta name=\"twitter:data1\" content=\"2 minutos\" \/>\n<script type=\"application\/ld+json\" class=\"yoast-schema-graph\">{\"@context\":\"https:\/\/schema.org\",\"@graph\":[{\"@type\":\"WebPage\",\"@id\":\"https:\/\/socageraptor.com\/es\/oruga\/oruga-elevadora-socage-raptor-21s\/\",\"url\":\"https:\/\/socageraptor.com\/es\/oruga\/oruga-elevadora-socage-raptor-21s\/\",\"name\":\"Oruga elevadora Socage Raptor 21s - Socage Raptor. Piattaforme aeree ragno.\",\"isPartOf\":{\"@id\":\"https:\/\/socageraptor.com\/es\/#website\"},\"datePublished\":\"2024-01-30T15:01:19+00:00\",\"dateModified\":\"2025-10-07T13:26:43+00:00\",\"breadcrumb\":{\"@id\":\"https:\/\/socageraptor.com\/es\/oruga\/oruga-elevadora-socage-raptor-21s\/#breadcrumb\"},\"inLanguage\":\"es\",\"potentialAction\":[{\"@type\":\"ReadAction\",\"target\":[\"https:\/\/socageraptor.com\/es\/oruga\/oruga-elevadora-socage-raptor-21s\/\"]}]},{\"@type\":\"BreadcrumbList\",\"@id\":\"https:\/\/socageraptor.com\/es\/oruga\/oruga-elevadora-socage-raptor-21s\/#breadcrumb\",\"itemListElement\":[{\"@type\":\"ListItem\",\"position\":1,\"name\":\"Portada\",\"item\":\"https:\/\/socageraptor.com\/es\/\"},{\"@type\":\"ListItem\",\"position\":2,\"name\":\"Productos\",\"item\":\"https:\/\/socageraptor.com\/it\/negozio-piattaforme-aeree-ragno\/\"},{\"@type\":\"ListItem\",\"position\":3,\"name\":\"Oruga elevadora Socage Raptor 21s\"}]},{\"@type\":\"WebSite\",\"@id\":\"https:\/\/socageraptor.com\/es\/#website\",\"url\":\"https:\/\/socageraptor.com\/es\/\",\"name\":\"Socage Raptor. Piattaforme aeree ragno.\",\"description\":\"Socage Raptor. Piattaforme aeree ragno.\",\"publisher\":{\"@id\":\"https:\/\/socageraptor.com\/es\/#organization\"},\"potentialAction\":[{\"@type\":\"SearchAction\",\"target\":{\"@type\":\"EntryPoint\",\"urlTemplate\":\"https:\/\/socageraptor.com\/es\/?s={search_term_string}\"},\"query-input\":\"required name=search_term_string\"}],\"inLanguage\":\"es\"},{\"@type\":\"Organization\",\"@id\":\"https:\/\/socageraptor.com\/es\/#organization\",\"name\":\"Socage Raptor\",\"url\":\"https:\/\/socageraptor.com\/es\/\",\"logo\":{\"@type\":\"ImageObject\",\"inLanguage\":\"es\",\"@id\":\"https:\/\/socageraptor.com\/es\/#\/schema\/logo\/image\/\",\"url\":\"https:\/\/socageraptor.com\/wp-content\/uploads\/2019\/07\/socage-raptor.png\",\"contentUrl\":\"https:\/\/socageraptor.com\/wp-content\/uploads\/2019\/07\/socage-raptor.png\",\"width\":5000,\"height\":880,\"caption\":\"Socage Raptor\"},\"image\":{\"@id\":\"https:\/\/socageraptor.com\/es\/#\/schema\/logo\/image\/\"}}]}<\/script>\n<!-- \/ Yoast SEO plugin. -->","yoast_head_json":{"title":"Oruga elevadora Socage Raptor 21s - Socage Raptor. Piattaforme aeree ragno.","robots":{"index":"index","follow":"follow","max-snippet":"max-snippet:-1","max-image-preview":"max-image-preview:large","max-video-preview":"max-video-preview:-1"},"canonical":"https:\/\/socageraptor.com\/es\/oruga\/oruga-elevadora-socage-raptor-21s\/","og_locale":"es_ES","og_type":"article","og_title":"Oruga elevadora Socage Raptor 21s - Socage Raptor. Piattaforme aeree ragno.","og_description":"La forSte 21S es una oruga elevadora con una altura m\u00e1xima de trabajo de 21 m y un alcance lateral m\u00e1ximo de 10,50 m. Destaca por su capacidad de 230 kg (2 operarios + material). Otra ventaja de esta plataforma sobre orugas es la estabilizaci\u00f3n y el cierre autom\u00e1tico est\u00e1ndar, para un uso r\u00e1pido, simple y seguro.","og_url":"https:\/\/socageraptor.com\/es\/oruga\/oruga-elevadora-socage-raptor-21s\/","og_site_name":"Socage Raptor. Piattaforme aeree ragno.","article_modified_time":"2025-10-07T13:26:43+00:00","og_image":[{"width":1200,"height":900,"url":"https:\/\/socageraptor.com\/wp-content\/uploads\/2023\/02\/21S.jpg","type":"image\/jpeg"}],"twitter_card":"summary_large_image","twitter_misc":{"Tiempo de lectura":"2 minutos"},"schema":{"@context":"https:\/\/schema.org","@graph":[{"@type":"WebPage","@id":"https:\/\/socageraptor.com\/es\/oruga\/oruga-elevadora-socage-raptor-21s\/","url":"https:\/\/socageraptor.com\/es\/oruga\/oruga-elevadora-socage-raptor-21s\/","name":"Oruga elevadora Socage Raptor 21s - Socage Raptor. Piattaforme aeree ragno.","isPartOf":{"@id":"https:\/\/socageraptor.com\/es\/#website"},"datePublished":"2024-01-30T15:01:19+00:00","dateModified":"2025-10-07T13:26:43+00:00","breadcrumb":{"@id":"https:\/\/socageraptor.com\/es\/oruga\/oruga-elevadora-socage-raptor-21s\/#breadcrumb"},"inLanguage":"es","potentialAction":[{"@type":"ReadAction","target":["https:\/\/socageraptor.com\/es\/oruga\/oruga-elevadora-socage-raptor-21s\/"]}]},{"@type":"BreadcrumbList","@id":"https:\/\/socageraptor.com\/es\/oruga\/oruga-elevadora-socage-raptor-21s\/#breadcrumb","itemListElement":[{"@type":"ListItem","position":1,"name":"Portada","item":"https:\/\/socageraptor.com\/es\/"},{"@type":"ListItem","position":2,"name":"Productos","item":"https:\/\/socageraptor.com\/it\/negozio-piattaforme-aeree-ragno\/"},{"@type":"ListItem","position":3,"name":"Oruga elevadora Socage Raptor 21s"}]},{"@type":"WebSite","@id":"https:\/\/socageraptor.com\/es\/#website","url":"https:\/\/socageraptor.com\/es\/","name":"Socage Raptor. Piattaforme aeree ragno.","description":"Socage Raptor. Piattaforme aeree ragno.","publisher":{"@id":"https:\/\/socageraptor.com\/es\/#organization"},"potentialAction":[{"@type":"SearchAction","target":{"@type":"EntryPoint","urlTemplate":"https:\/\/socageraptor.com\/es\/?s={search_term_string}"},"query-input":"required name=search_term_string"}],"inLanguage":"es"},{"@type":"Organization","@id":"https:\/\/socageraptor.com\/es\/#organization","name":"Socage Raptor","url":"https:\/\/socageraptor.com\/es\/","logo":{"@type":"ImageObject","inLanguage":"es","@id":"https:\/\/socageraptor.com\/es\/#\/schema\/logo\/image\/","url":"https:\/\/socageraptor.com\/wp-content\/uploads\/2019\/07\/socage-raptor.png","contentUrl":"https:\/\/socageraptor.com\/wp-content\/uploads\/2019\/07\/socage-raptor.png","width":5000,"height":880,"caption":"Socage Raptor"},"image":{"@id":"https:\/\/socageraptor.com\/es\/#\/schema\/logo\/image\/"}}]}},"_links":{"self":[{"href":"https:\/\/socageraptor.com\/es\/wp-json\/wp\/v2\/product\/34475","targetHints":{"allow":["GET"]}}],"collection":[{"href":"https:\/\/socageraptor.com\/es\/wp-json\/wp\/v2\/product"}],"about":[{"href":"https:\/\/socageraptor.com\/es\/wp-json\/wp\/v2\/types\/product"}],"replies":[{"embeddable":true,"href":"https:\/\/socageraptor.com\/es\/wp-json\/wp\/v2\/comments?post=34475"}],"wp:featuredmedia":[{"embeddable":true,"href":"https:\/\/socageraptor.com\/es\/wp-json\/wp\/v2\/media\/35540"}],"wp:attachment":[{"href":"https:\/\/socageraptor.com\/es\/wp-json\/wp\/v2\/media?parent=34475"}],"wp:term":[{"taxonomy":"product_cat","embeddable":true,"href":"https:\/\/socageraptor.com\/es\/wp-json\/wp\/v2\/product_cat?post=34475"},{"taxonomy":"product_tag","embeddable":true,"href":"https:\/\/socageraptor.com\/es\/wp-json\/wp\/v2\/product_tag?post=34475"}],"curies":[{"name":"wp","href":"https:\/\/api.w.org\/{rel}","templated":true}]}}