{"id":35439,"date":"2023-02-21T11:33:26","date_gmt":"2023-02-21T11:33:26","guid":{"rendered":"https:\/\/socageraptor.com\/socage-raptor\/"},"modified":"2024-04-15T09:25:05","modified_gmt":"2024-04-15T09:25:05","slug":"socage-raptor","status":"publish","type":"page","link":"https:\/\/socageraptor.com\/es\/socage-raptor\/","title":{"rendered":"Socage Raptor"},"content":{"rendered":"<p>[et_pb_section fb_built=\u00bb1&#8243; _builder_version=\u00bb4.19.5&#8243; _module_preset=\u00bbdefault\u00bb background_color=\u00bb#f7f7f7&#8243; custom_padding=\u00bb0px||2px|||\u00bb da_disable_devices=\u00bboff|off|off\u00bb border_width_bottom=\u00bb5px\u00bb border_color_bottom=\u00bb#0A0A0A\u00bb global_colors_info=\u00bb{}\u00bb da_is_popup=\u00bboff\u00bb da_exit_intent=\u00bboff\u00bb da_has_close=\u00bbon\u00bb da_alt_close=\u00bboff\u00bb da_dark_close=\u00bboff\u00bb da_not_modal=\u00bbon\u00bb da_is_singular=\u00bboff\u00bb da_with_loader=\u00bboff\u00bb da_has_shadow=\u00bbon\u00bb][et_pb_row _builder_version=\u00bb4.19.5&#8243; _module_preset=\u00bbdefault\u00bb max_width=\u00bb1299px\u00bb custom_padding=\u00bb19px||21px|||\u00bb global_colors_info=\u00bb{}\u00bb][et_pb_column type=\u00bb4_4&#8243; _builder_version=\u00bb4.16&#8243; _module_preset=\u00bbdefault\u00bb global_colors_info=\u00bb{}\u00bb][et_pb_text _builder_version=\u00bb4.19.5&#8243; _module_preset=\u00bbdefault\u00bb text_font_size=\u00bb25px\u00bb global_colors_info=\u00bb{}\u00bb]<\/p>\n<p>SOCAGE RAPTOR<\/p>\n<p>[\/et_pb_text][\/et_pb_column][\/et_pb_row][\/et_pb_section][et_pb_section fb_built=\u00bb1&#8243; specialty=\u00bbon\u00bb _builder_version=\u00bb4.19.5&#8243; _module_preset=\u00bbdefault\u00bb inner_max_width=\u00bb1299px\u00bb custom_padding=\u00bb36px|||||\u00bb da_disable_devices=\u00bboff|off|off\u00bb global_colors_info=\u00bb{}\u00bb da_is_popup=\u00bboff\u00bb da_exit_intent=\u00bboff\u00bb da_has_close=\u00bbon\u00bb da_alt_close=\u00bboff\u00bb da_dark_close=\u00bboff\u00bb da_not_modal=\u00bbon\u00bb da_is_singular=\u00bboff\u00bb da_with_loader=\u00bboff\u00bb da_has_shadow=\u00bbon\u00bb][et_pb_column type=\u00bb1_2&#8243; _builder_version=\u00bb4.16&#8243; custom_padding=\u00bb|||\u00bb global_colors_info=\u00bb{}\u00bb custom_padding__hover=\u00bb|||\u00bb][et_pb_image src=\u00bbhttps:\/\/socageraptor.com\/wp-content\/uploads\/2023\/02\/socage-raptor-1.jpg\u00bb alt=\u00bbsocage per la qualita\u00bb title_text=\u00bbsocage raptor\u00bb _builder_version=\u00bb4.19.5&#8243; _module_preset=\u00bbdefault\u00bb module_alignment=\u00bbcenter\u00bb global_colors_info=\u00bb{}\u00bb][\/et_pb_image][\/et_pb_column][et_pb_column type=\u00bb1_2&#8243; specialty_columns=\u00bb2&#8243; _builder_version=\u00bb4.16&#8243; custom_padding=\u00bb|||\u00bb global_colors_info=\u00bb{}\u00bb custom_padding__hover=\u00bb|||\u00bb][et_pb_row_inner _builder_version=\u00bb4.16&#8243; _module_preset=\u00bbdefault\u00bb custom_padding=\u00bb||8px|||\u00bb global_colors_info=\u00bb{}\u00bb][et_pb_column_inner saved_specialty_column_type=\u00bb1_2&#8243; _builder_version=\u00bb4.16&#8243; _module_preset=\u00bbdefault\u00bb global_colors_info=\u00bb{}\u00bb][et_pb_text _builder_version=\u00bb4.19.5&#8243; _module_preset=\u00bbdefault\u00bb text_font_size=\u00bb22px\u00bb header_2_font=\u00bb||||on|||#63B9EA|\u00bb header_2_font_size=\u00bb40px\u00bb custom_margin=\u00bb||24px|||\u00bb global_colors_info=\u00bb{}\u00bb]<\/p>\n<h2 style=\"text-align: left;\">Socage Raptor<\/h2>\n<p>[\/et_pb_text][et_pb_text _builder_version=\u00bb4.19.5&#8243; _module_preset=\u00bbdefault\u00bb hover_enabled=\u00bb0&#8243; global_colors_info=\u00bb{}\u00bb sticky_enabled=\u00bb0&#8243;]<\/p>\n<p>Socage siempre est\u00e1 buscando la innovaci\u00f3n en su producto y el resultado es la introducci\u00f3n de una nueva marca. Socage Raptor: un nuevo objetivo para Socage.<\/p>\n<p>Se trata de una divisi\u00f3n del grupo Socage y se ocupa del dise\u00f1o y la producci\u00f3n de plataformas elevadoras sobre oruga de los 15 metros hasta m\u00e1s de 20 metros de altura. Es una creaci\u00f3n de Fiorenzo Flisi, el primer creador del mundo de plataformas a\u00e9reas sobre orugas junto con Fiorenzo Lodi Rizzini, un experto en el campo durante m\u00e1s de 30 a\u00f1os.<\/p>\n<p>Junto con la determinaci\u00f3n, la pasi\u00f3n y la experiencia de Alessandro Flisi, naci\u00f3 una nueva empresa que revolucionar\u00e1 el mundo de las plataformas a\u00e9reas sobre orugas.<\/p>\n<p>La nueva gama incluye actualmente tres productos: 15S, 18S y 21S. Socage Raptor exportar\u00e1 sus productos a m\u00e1s de 50 pa\u00edses de todo el mundo, donde Socage ya se encuentra entre los primeros distribuidores.<\/p>\n<p>[\/et_pb_text][\/et_pb_column_inner][\/et_pb_row_inner][et_pb_row_inner column_structure=\u00bb1_2,1_2&#8243; _builder_version=\u00bb4.19.5&#8243; _module_preset=\u00bbdefault\u00bb custom_margin=\u00bb1px|||||\u00bb custom_padding=\u00bb0px|||||\u00bb global_colors_info=\u00bb{}\u00bb][et_pb_column_inner type=\u00bb1_2&#8243; saved_specialty_column_type=\u00bb1_2&#8243; _builder_version=\u00bb4.16&#8243; _module_preset=\u00bbdefault\u00bb global_colors_info=\u00bb{}\u00bb][et_pb_image src=\u00bbhttps:\/\/socageraptor.com\/wp-content\/uploads\/2023\/02\/cropped-favicon.png\u00bb alt=\u00bbquality certification dnv gl\u00bb title_text=\u00bbcropped-favicon.png\u00bb url=\u00bb@ET-DC@eyJkeW5hbWljIjp0cnVlLCJjb250ZW50IjoicG9zdF9saW5rX3VybF9wYWdlIiwic2V0dGluZ3MiOnsicG9zdF9pZCI6IjM0NDU1In19@\u00bb _builder_version=\u00bb4.19.5&#8243; _dynamic_attributes=\u00bburl\u00bb _module_preset=\u00bbdefault\u00bb width=\u00bb70%\u00bb module_alignment=\u00bbleft\u00bb global_colors_info=\u00bb{}\u00bb][\/et_pb_image][\/et_pb_column_inner][et_pb_column_inner type=\u00bb1_2&#8243; saved_specialty_column_type=\u00bb1_2&#8243; _builder_version=\u00bb4.16&#8243; _module_preset=\u00bbdefault\u00bb global_colors_info=\u00bb{}\u00bb][\/et_pb_column_inner][\/et_pb_row_inner][\/et_pb_column][\/et_pb_section]<\/p>\n","protected":false},"excerpt":{"rendered":"<p>SOCAGE RAPTORSocage RaptorSocage siempre est\u00e1 buscando la innovaci\u00f3n en su producto y el resultado es la introducci\u00f3n de una nueva marca. Socage Raptor: un nuevo objetivo para Socage. Se trata de una divisi\u00f3n del grupo Socage y se ocupa del dise\u00f1o y la producci\u00f3n de plataformas elevadoras sobre oruga de los 15 metros hasta m\u00e1s [&hellip;]<\/p>\n","protected":false},"author":3,"featured_media":35396,"parent":0,"menu_order":0,"comment_status":"closed","ping_status":"closed","template":"","meta":{"_et_pb_use_builder":"on","_et_pb_old_content":"","_et_gb_content_width":"","inline_featured_image":false,"ngg_post_thumbnail":0,"footnotes":""},"class_list":["post-35439","page","type-page","status-publish","has-post-thumbnail","hentry"],"acf":[],"yoast_head":"<!-- This site is optimized with the Yoast SEO plugin v20.2.1 - https:\/\/yoast.com\/wordpress\/plugins\/seo\/ -->\n<title>Socage Raptor | Plataformas elevadoras sobre oruga<\/title>\n<meta name=\"description\" content=\"Socage Raptor: nueva era para Socage. Dise\u00f1o y producci\u00f3n de revolucionarias plataformas a\u00e9reas sobre orugas de 15 a m\u00e1s de 20 metros.\" \/>\n<meta name=\"robots\" content=\"index, follow, max-snippet:-1, max-image-preview:large, max-video-preview:-1\" \/>\n<link rel=\"canonical\" href=\"https:\/\/socageraptor.com\/es\/socage-raptor\/\" \/>\n<meta property=\"og:locale\" content=\"es_ES\" \/>\n<meta property=\"og:type\" content=\"article\" \/>\n<meta property=\"og:title\" content=\"Socage Raptor | Plataformas elevadoras sobre oruga\" \/>\n<meta property=\"og:description\" content=\"Socage Raptor: nueva era para Socage. Dise\u00f1o y producci\u00f3n de revolucionarias plataformas a\u00e9reas sobre orugas de 15 a m\u00e1s de 20 metros.\" \/>\n<meta property=\"og:url\" content=\"https:\/\/socageraptor.com\/es\/socage-raptor\/\" \/>\n<meta property=\"og:site_name\" content=\"Socage Raptor. Piattaforme aeree ragno.\" \/>\n<meta property=\"article:modified_time\" content=\"2024-04-15T09:25:05+00:00\" \/>\n<meta property=\"og:image\" content=\"https:\/\/socageraptor.com\/wp-content\/uploads\/2023\/02\/socage-raptor-1.jpg\" \/>\n\t<meta property=\"og:image:width\" content=\"1294\" \/>\n\t<meta property=\"og:image:height\" content=\"2200\" \/>\n\t<meta property=\"og:image:type\" content=\"image\/jpeg\" \/>\n<meta name=\"twitter:card\" content=\"summary_large_image\" \/>\n<meta name=\"twitter:label1\" content=\"Tiempo de lectura\" \/>\n\t<meta name=\"twitter:data1\" content=\"3 minutos\" \/>\n<script type=\"application\/ld+json\" class=\"yoast-schema-graph\">{\"@context\":\"https:\/\/schema.org\",\"@graph\":[{\"@type\":\"WebPage\",\"@id\":\"https:\/\/socageraptor.com\/es\/socage-raptor\/\",\"url\":\"https:\/\/socageraptor.com\/es\/socage-raptor\/\",\"name\":\"Socage Raptor | Plataformas elevadoras sobre oruga\",\"isPartOf\":{\"@id\":\"https:\/\/socageraptor.com\/es\/#website\"},\"datePublished\":\"2023-02-21T11:33:26+00:00\",\"dateModified\":\"2024-04-15T09:25:05+00:00\",\"description\":\"Socage Raptor: nueva era para Socage. Dise\u00f1o y producci\u00f3n de revolucionarias plataformas a\u00e9reas sobre orugas de 15 a m\u00e1s de 20 metros.\",\"breadcrumb\":{\"@id\":\"https:\/\/socageraptor.com\/es\/socage-raptor\/#breadcrumb\"},\"inLanguage\":\"es\",\"potentialAction\":[{\"@type\":\"ReadAction\",\"target\":[\"https:\/\/socageraptor.com\/es\/socage-raptor\/\"]}]},{\"@type\":\"BreadcrumbList\",\"@id\":\"https:\/\/socageraptor.com\/es\/socage-raptor\/#breadcrumb\",\"itemListElement\":[{\"@type\":\"ListItem\",\"position\":1,\"name\":\"Portada\",\"item\":\"https:\/\/socageraptor.com\/es\/\"},{\"@type\":\"ListItem\",\"position\":2,\"name\":\"Socage Raptor\"}]},{\"@type\":\"WebSite\",\"@id\":\"https:\/\/socageraptor.com\/es\/#website\",\"url\":\"https:\/\/socageraptor.com\/es\/\",\"name\":\"Socage Raptor. Piattaforme aeree ragno.\",\"description\":\"Socage Raptor. Piattaforme aeree ragno.\",\"publisher\":{\"@id\":\"https:\/\/socageraptor.com\/es\/#organization\"},\"potentialAction\":[{\"@type\":\"SearchAction\",\"target\":{\"@type\":\"EntryPoint\",\"urlTemplate\":\"https:\/\/socageraptor.com\/es\/?s={search_term_string}\"},\"query-input\":\"required name=search_term_string\"}],\"inLanguage\":\"es\"},{\"@type\":\"Organization\",\"@id\":\"https:\/\/socageraptor.com\/es\/#organization\",\"name\":\"Socage Raptor\",\"url\":\"https:\/\/socageraptor.com\/es\/\",\"logo\":{\"@type\":\"ImageObject\",\"inLanguage\":\"es\",\"@id\":\"https:\/\/socageraptor.com\/es\/#\/schema\/logo\/image\/\",\"url\":\"https:\/\/socageraptor.com\/wp-content\/uploads\/2019\/07\/socage-raptor.png\",\"contentUrl\":\"https:\/\/socageraptor.com\/wp-content\/uploads\/2019\/07\/socage-raptor.png\",\"width\":5000,\"height\":880,\"caption\":\"Socage Raptor\"},\"image\":{\"@id\":\"https:\/\/socageraptor.com\/es\/#\/schema\/logo\/image\/\"}}]}<\/script>\n<!-- \/ Yoast SEO plugin. -->","yoast_head_json":{"title":"Socage Raptor | Plataformas elevadoras sobre oruga","description":"Socage Raptor: nueva era para Socage. Dise\u00f1o y producci\u00f3n de revolucionarias plataformas a\u00e9reas sobre orugas de 15 a m\u00e1s de 20 metros.","robots":{"index":"index","follow":"follow","max-snippet":"max-snippet:-1","max-image-preview":"max-image-preview:large","max-video-preview":"max-video-preview:-1"},"canonical":"https:\/\/socageraptor.com\/es\/socage-raptor\/","og_locale":"es_ES","og_type":"article","og_title":"Socage Raptor | Plataformas elevadoras sobre oruga","og_description":"Socage Raptor: nueva era para Socage. Dise\u00f1o y producci\u00f3n de revolucionarias plataformas a\u00e9reas sobre orugas de 15 a m\u00e1s de 20 metros.","og_url":"https:\/\/socageraptor.com\/es\/socage-raptor\/","og_site_name":"Socage Raptor. Piattaforme aeree ragno.","article_modified_time":"2024-04-15T09:25:05+00:00","og_image":[{"width":1294,"height":2200,"url":"https:\/\/socageraptor.com\/wp-content\/uploads\/2023\/02\/socage-raptor-1.jpg","type":"image\/jpeg"}],"twitter_card":"summary_large_image","twitter_misc":{"Tiempo de lectura":"3 minutos"},"schema":{"@context":"https:\/\/schema.org","@graph":[{"@type":"WebPage","@id":"https:\/\/socageraptor.com\/es\/socage-raptor\/","url":"https:\/\/socageraptor.com\/es\/socage-raptor\/","name":"Socage Raptor | Plataformas elevadoras sobre oruga","isPartOf":{"@id":"https:\/\/socageraptor.com\/es\/#website"},"datePublished":"2023-02-21T11:33:26+00:00","dateModified":"2024-04-15T09:25:05+00:00","description":"Socage Raptor: nueva era para Socage. Dise\u00f1o y producci\u00f3n de revolucionarias plataformas a\u00e9reas sobre orugas de 15 a m\u00e1s de 20 metros.","breadcrumb":{"@id":"https:\/\/socageraptor.com\/es\/socage-raptor\/#breadcrumb"},"inLanguage":"es","potentialAction":[{"@type":"ReadAction","target":["https:\/\/socageraptor.com\/es\/socage-raptor\/"]}]},{"@type":"BreadcrumbList","@id":"https:\/\/socageraptor.com\/es\/socage-raptor\/#breadcrumb","itemListElement":[{"@type":"ListItem","position":1,"name":"Portada","item":"https:\/\/socageraptor.com\/es\/"},{"@type":"ListItem","position":2,"name":"Socage Raptor"}]},{"@type":"WebSite","@id":"https:\/\/socageraptor.com\/es\/#website","url":"https:\/\/socageraptor.com\/es\/","name":"Socage Raptor. Piattaforme aeree ragno.","description":"Socage Raptor. Piattaforme aeree ragno.","publisher":{"@id":"https:\/\/socageraptor.com\/es\/#organization"},"potentialAction":[{"@type":"SearchAction","target":{"@type":"EntryPoint","urlTemplate":"https:\/\/socageraptor.com\/es\/?s={search_term_string}"},"query-input":"required name=search_term_string"}],"inLanguage":"es"},{"@type":"Organization","@id":"https:\/\/socageraptor.com\/es\/#organization","name":"Socage Raptor","url":"https:\/\/socageraptor.com\/es\/","logo":{"@type":"ImageObject","inLanguage":"es","@id":"https:\/\/socageraptor.com\/es\/#\/schema\/logo\/image\/","url":"https:\/\/socageraptor.com\/wp-content\/uploads\/2019\/07\/socage-raptor.png","contentUrl":"https:\/\/socageraptor.com\/wp-content\/uploads\/2019\/07\/socage-raptor.png","width":5000,"height":880,"caption":"Socage Raptor"},"image":{"@id":"https:\/\/socageraptor.com\/es\/#\/schema\/logo\/image\/"}}]}},"_links":{"self":[{"href":"https:\/\/socageraptor.com\/es\/wp-json\/wp\/v2\/pages\/35439","targetHints":{"allow":["GET"]}}],"collection":[{"href":"https:\/\/socageraptor.com\/es\/wp-json\/wp\/v2\/pages"}],"about":[{"href":"https:\/\/socageraptor.com\/es\/wp-json\/wp\/v2\/types\/page"}],"author":[{"embeddable":true,"href":"https:\/\/socageraptor.com\/es\/wp-json\/wp\/v2\/users\/3"}],"replies":[{"embeddable":true,"href":"https:\/\/socageraptor.com\/es\/wp-json\/wp\/v2\/comments?post=35439"}],"version-history":[{"count":6,"href":"https:\/\/socageraptor.com\/es\/wp-json\/wp\/v2\/pages\/35439\/revisions"}],"predecessor-version":[{"id":36221,"href":"https:\/\/socageraptor.com\/es\/wp-json\/wp\/v2\/pages\/35439\/revisions\/36221"}],"wp:featuredmedia":[{"embeddable":true,"href":"https:\/\/socageraptor.com\/es\/wp-json\/wp\/v2\/media\/35396"}],"wp:attachment":[{"href":"https:\/\/socageraptor.com\/es\/wp-json\/wp\/v2\/media?parent=35439"}],"curies":[{"name":"wp","href":"https:\/\/api.w.org\/{rel}","templated":true}]}}