{"id":35284,"date":"2020-12-29T14:59:15","date_gmt":"2020-12-29T14:59:15","guid":{"rendered":"https:\/\/socageraptor.com\/novedades\/"},"modified":"2023-02-20T16:58:11","modified_gmt":"2023-02-20T16:58:11","slug":"novedades","status":"publish","type":"page","link":"https:\/\/socageraptor.com\/es\/novedades\/","title":{"rendered":"Novedades"},"content":{"rendered":"<p>[et_pb_section fb_built=\u00bb1&#8243; _builder_version=\u00bb4.19.5&#8243; _module_preset=\u00bbdefault\u00bb background_color=\u00bb#f7f7f7&#8243; custom_padding=\u00bb0px||1px|||\u00bb hover_enabled=\u00bb0&#8243; da_disable_devices=\u00bboff|off|off\u00bb border_width_bottom=\u00bb5px\u00bb border_color_bottom=\u00bb#0A0A0A\u00bb global_colors_info=\u00bb{}\u00bb sticky_enabled=\u00bb0&#8243; da_is_popup=\u00bboff\u00bb da_exit_intent=\u00bboff\u00bb da_has_close=\u00bbon\u00bb da_alt_close=\u00bboff\u00bb da_dark_close=\u00bboff\u00bb da_not_modal=\u00bbon\u00bb da_is_singular=\u00bboff\u00bb da_with_loader=\u00bboff\u00bb da_has_shadow=\u00bbon\u00bb][et_pb_row _builder_version=\u00bb4.16&#8243; _module_preset=\u00bbdefault\u00bb custom_padding=\u00bb19px||19px|||\u00bb global_colors_info=\u00bb{}\u00bb][et_pb_column type=\u00bb4_4&#8243; _builder_version=\u00bb4.16&#8243; _module_preset=\u00bbdefault\u00bb global_colors_info=\u00bb{}\u00bb][et_pb_text _builder_version=\u00bb4.16&#8243; _module_preset=\u00bbdefault\u00bb text_font_size=\u00bb25px\u00bb global_colors_info=\u00bb{}\u00bb]<\/p>\n<p>NOVEDADES<\/p>\n<p>[\/et_pb_text][\/et_pb_column][\/et_pb_row][\/et_pb_section][et_pb_section fb_built=\u00bb1&#8243; _builder_version=\u00bb4.19.5&#8243; _module_preset=\u00bbdefault\u00bb background_enable_color=\u00bboff\u00bb background_image=\u00bbhttps:\/\/socageraptor.com\/wp-content\/uploads\/2023\/02\/socage-carpi-azienda.jpg\u00bb custom_padding=\u00bb221px||100px||false|false\u00bb hover_enabled=\u00bb0&#8243; da_disable_devices=\u00bboff|off|off\u00bb global_colors_info=\u00bb{}\u00bb title_text=\u00bbsocage-carpi-azienda\u00bb sticky_enabled=\u00bb0&#8243; da_is_popup=\u00bboff\u00bb da_exit_intent=\u00bboff\u00bb da_has_close=\u00bbon\u00bb da_alt_close=\u00bboff\u00bb da_dark_close=\u00bboff\u00bb da_not_modal=\u00bbon\u00bb da_is_singular=\u00bboff\u00bb da_with_loader=\u00bboff\u00bb da_has_shadow=\u00bbon\u00bb][et_pb_row column_structure=\u00bb1_2,1_2&#8243; _builder_version=\u00bb4.16&#8243; _module_preset=\u00bbdefault\u00bb max_width=\u00bb1440px\u00bb custom_margin=\u00bb0px||0px||false|false\u00bb custom_padding=\u00bb0px||0px||false|false\u00bb global_colors_info=\u00bb{}\u00bb][et_pb_column type=\u00bb1_2&#8243; _builder_version=\u00bb4.16&#8243; _module_preset=\u00bbdefault\u00bb background_color=\u00bbrgba(10,10,10,0.65)\u00bb custom_padding=\u00bb50px|30px|50px|30px|false|false\u00bb global_colors_info=\u00bb{}\u00bb][et_pb_text _builder_version=\u00bb4.16&#8243; _module_preset=\u00bbdefault\u00bb text_font=\u00bb|700|||||||\u00bb text_text_color=\u00bb#ffffff\u00bb text_letter_spacing=\u00bb7px\u00bb custom_margin=\u00bb||-5px|||\u00bb global_colors_info=\u00bb{}\u00bb]<\/p>\n<p style=\"text-align: left;\">\u00daLTIMAS NOTICIAS<\/p>\n<p>[\/et_pb_text][et_pb_text _builder_version=\u00bb4.16&#8243; _module_preset=\u00bbdefault\u00bb text_font=\u00bb|700|||||||\u00bb text_text_color=\u00bb#ffffff\u00bb text_font_size=\u00bb70px\u00bb text_line_height=\u00bb1.2em\u00bb global_colors_info=\u00bb{}\u00bb]<\/p>\n<p style=\"text-align: left;\">SOCAGE NEWS<\/p>\n<p>[\/et_pb_text][\/et_pb_column][et_pb_column type=\u00bb1_2&#8243; _builder_version=\u00bb4.16&#8243; _module_preset=\u00bbdefault\u00bb background_enable_color=\u00bboff\u00bb custom_padding=\u00bb50px|30px|50px|30px|false|false\u00bb global_colors_info=\u00bb{}\u00bb][\/et_pb_column][\/et_pb_row][\/et_pb_section][et_pb_section fb_built=\u00bb1&#8243; admin_label=\u00bbBlog\u00bb _builder_version=\u00bb4.16&#8243; custom_padding=\u00bb123px|0px|28px|0px||\u00bb da_disable_devices=\u00bboff|off|off\u00bb global_colors_info=\u00bb{}\u00bb da_is_popup=\u00bboff\u00bb da_exit_intent=\u00bboff\u00bb da_has_close=\u00bbon\u00bb da_alt_close=\u00bboff\u00bb da_dark_close=\u00bboff\u00bb da_not_modal=\u00bbon\u00bb da_is_singular=\u00bboff\u00bb da_with_loader=\u00bboff\u00bb da_has_shadow=\u00bbon\u00bb][et_pb_row column_structure=\u00bb2_3,1_3&#8243; _builder_version=\u00bb4.16&#8243; max_width=\u00bb1440px\u00bb custom_padding=\u00bb0px|||||\u00bb use_custom_width=\u00bbon\u00bb custom_width_px=\u00bb1440px\u00bb global_colors_info=\u00bb{}\u00bb][et_pb_column type=\u00bb2_3&#8243; _builder_version=\u00bb4.16&#8243; custom_padding=\u00bb|||\u00bb global_colors_info=\u00bb{}\u00bb custom_padding__hover=\u00bb|||\u00bb][et_pb_blog fullwidth=\u00bboff\u00bb posts_number=\u00bb6&#8243; include_categories=\u00bb1362,1370,1359,1372,1369,1371&#8243; show_author=\u00bboff\u00bb _builder_version=\u00bb4.19.5&#8243; header_font=\u00bb|700|||||||\u00bb header_font_size=\u00bb22px\u00bb header_line_height=\u00bb1.4em\u00bb body_font=\u00bb||||||||\u00bb body_line_height=\u00bb2em\u00bb meta_font=\u00bbPoppins|600||on|||||\u00bb meta_text_color=\u00bb#63B9EA\u00bb meta_font_size=\u00bb12px\u00bb meta_letter_spacing=\u00bb1px\u00bb meta_line_height=\u00bb2em\u00bb pagination_font=\u00bbPoppins|600||on|||||\u00bb pagination_text_color=\u00bb#146fb3&#8243; pagination_font_size=\u00bb16px\u00bb pagination_letter_spacing=\u00bb1px\u00bb pagination_line_height=\u00bb2em\u00bb text_orientation=\u00bbcenter\u00bb custom_margin=\u00bb-200px|||\u00bb custom_padding=\u00bb|||\u00bb custom_padding_phone=\u00bb|40px||40px\u00bb custom_padding_last_edited=\u00bboff|desktop\u00bb animation_style=\u00bbslide\u00bb animation_direction=\u00bbbottom\u00bb animation_intensity_slide=\u00bb3%\u00bb animation_starting_opacity=\u00bb100%\u00bb hover_enabled=\u00bb0&#8243; border_width_all=\u00bb0px\u00bb box_shadow_style=\u00bbpreset3&#8243; box_shadow_vertical=\u00bb15px\u00bb box_shadow_blur=\u00bb80px\u00bb box_shadow_color=\u00bbrgba(0,0,0,0.2)\u00bb global_colors_info=\u00bb{}\u00bb sticky_enabled=\u00bb0&#8243;][\/et_pb_blog][\/et_pb_column][et_pb_column type=\u00bb1_3&#8243; _builder_version=\u00bb4.16&#8243; custom_padding=\u00bb|||\u00bb global_colors_info=\u00bb{}\u00bb custom_padding__hover=\u00bb|||\u00bb][et_pb_text _builder_version=\u00bb4.19.5&#8243; _module_preset=\u00bbdefault\u00bb text_font=\u00bb|600|||||||\u00bb text_font_size=\u00bb26px\u00bb custom_margin=\u00bb-50px||6px||false|false\u00bb hover_enabled=\u00bb0&#8243; global_colors_info=\u00bb{}\u00bb sticky_enabled=\u00bb0&#8243;]<\/p>\n<p>NOVEDADES<\/p>\n<div id=\"gtx-trans\" style=\"position: absolute; left: -3px; top: -1px;\">\n<div class=\"gtx-trans-icon\">\u00a0<\/div>\n<\/div>\n<p>[\/et_pb_text][et_pb_divider color=\u00bb#146fb3&#8243; divider_weight=\u00bb2px\u00bb _builder_version=\u00bb4.16&#8243; _module_preset=\u00bbdefault\u00bb width=\u00bb25%\u00bb custom_margin=\u00bb||0px||false|false\u00bb global_colors_info=\u00bb{}\u00bb][\/et_pb_divider][et_pb_post_slider posts_number=\u00bb4&#8243; include_categories=\u00bball\u00bb excerpt_length=\u00bb120&#8243; show_meta=\u00bboff\u00bb bg_overlay_color=\u00bbrgba(10,10,10,0.38)\u00bb _builder_version=\u00bb4.19.5&#8243; _module_preset=\u00bbdefault\u00bb background_enable_color=\u00bboff\u00bb custom_button=\u00bbon\u00bb button_text_color=\u00bb#444444&#8243; button_bg_color=\u00bb#ffffff\u00bb button_border_color=\u00bb#ffffff\u00bb hover_enabled=\u00bb0&#8243; global_colors_info=\u00bb{}\u00bb sticky_enabled=\u00bb0&#8243;][\/et_pb_post_slider][et_pb_search exclude_pages=\u00bbon\u00bb include_categories=\u00bb1&#8243; button_color=\u00bb#444444&#8243; _builder_version=\u00bb4.16&#8243; _module_preset=\u00bbdefault\u00bb button_text_color=\u00bb#ffffff\u00bb global_colors_info=\u00bb{}\u00bb][\/et_pb_search][et_pb_social_media_follow icon_color=\u00bb#ffffff\u00bb _builder_version=\u00bb4.19.5&#8243; _module_preset=\u00bbdefault\u00bb custom_margin=\u00bb-12px|||||\u00bb hover_enabled=\u00bb0&#8243; global_colors_info=\u00bb{}\u00bb sticky_enabled=\u00bb0&#8243;][et_pb_social_media_follow_network social_network=\u00bbfacebook\u00bb url=\u00bbhttps:\/\/www.facebook.com\/socageplatforms\/\u00bb _builder_version=\u00bb4.19.5&#8243; _module_preset=\u00bbdefault\u00bb background_color=\u00bb#FFA000&#8243; background_enable_color=\u00bbon\u00bb hover_enabled=\u00bb0&#8243; global_colors_info=\u00bb{}\u00bb follow_button=\u00bboff\u00bb url_new_window=\u00bbon\u00bb sticky_enabled=\u00bb0&#8243;]facebook[\/et_pb_social_media_follow_network][et_pb_social_media_follow_network social_network=\u00bbtwitter\u00bb url=\u00bbhttps:\/\/twitter.com\/socageplatforms\u00bb _builder_version=\u00bb4.19.5&#8243; _module_preset=\u00bbdefault\u00bb background_color=\u00bb#FFA000&#8243; background_enable_color=\u00bbon\u00bb hover_enabled=\u00bb0&#8243; global_colors_info=\u00bb{}\u00bb follow_button=\u00bboff\u00bb url_new_window=\u00bbon\u00bb sticky_enabled=\u00bb0&#8243;]twitter[\/et_pb_social_media_follow_network][et_pb_social_media_follow_network social_network=\u00bbyoutube\u00bb url=\u00bbhttps:\/\/www.youtube.com\/channel\/UCpWP-wNU87wZONiq8V_MW2g\u00bb _builder_version=\u00bb4.19.5&#8243; _module_preset=\u00bbdefault\u00bb background_color=\u00bb#FFA000&#8243; background_enable_color=\u00bbon\u00bb hover_enabled=\u00bb0&#8243; global_colors_info=\u00bb{}\u00bb follow_button=\u00bboff\u00bb url_new_window=\u00bbon\u00bb sticky_enabled=\u00bb0&#8243;]youtube[\/et_pb_social_media_follow_network][et_pb_social_media_follow_network social_network=\u00bblinkedin\u00bb url=\u00bbhttps:\/\/www.linkedin.com\/company\/socage-s-r-l-\u00bb _builder_version=\u00bb4.19.5&#8243; _module_preset=\u00bbdefault\u00bb background_color=\u00bb#FFA000&#8243; background_enable_color=\u00bbon\u00bb hover_enabled=\u00bb0&#8243; global_colors_info=\u00bb{}\u00bb follow_button=\u00bboff\u00bb url_new_window=\u00bbon\u00bb sticky_enabled=\u00bb0&#8243;]linkedin[\/et_pb_social_media_follow_network][et_pb_social_media_follow_network social_network=\u00bbinstagram\u00bb url=\u00bbhttps:\/\/www.instagram.com\/socage\/\u00bb _builder_version=\u00bb4.19.5&#8243; _module_preset=\u00bbdefault\u00bb background_color=\u00bb#FFA000&#8243; background_enable_color=\u00bbon\u00bb hover_enabled=\u00bb0&#8243; global_colors_info=\u00bb{}\u00bb follow_button=\u00bboff\u00bb url_new_window=\u00bbon\u00bb sticky_enabled=\u00bb0&#8243;]instagram[\/et_pb_social_media_follow_network][\/et_pb_social_media_follow][\/et_pb_column][\/et_pb_row][\/et_pb_section]<\/p>\n","protected":false},"excerpt":{"rendered":"<p>NOVEDADES\u00daLTIMAS NOTICIASSOCAGE NEWSNOVEDADES \u00a0<\/p>\n","protected":false},"author":3,"featured_media":0,"parent":0,"menu_order":0,"comment_status":"closed","ping_status":"closed","template":"","meta":{"_et_pb_use_builder":"on","_et_pb_old_content":"","_et_gb_content_width":"","inline_featured_image":false,"ngg_post_thumbnail":0,"footnotes":""},"class_list":["post-35284","page","type-page","status-publish","hentry"],"acf":[],"yoast_head":"<!-- This site is optimized with the Yoast SEO plugin v20.2.1 - https:\/\/yoast.com\/wordpress\/plugins\/seo\/ -->\n<title>Socage Raptor News | \u00daltimas novedades en plataformas a\u00e9reas sobre orugas.<\/title>\n<meta name=\"description\" content=\"Blog de noticias de \u00faltima hora de Socage. Eventos, ferias, entregas, patrocinios y mucho m\u00e1s. No te pierdas ninguna novedad en nuestro blog.\" \/>\n<meta name=\"robots\" content=\"index, follow, max-snippet:-1, max-image-preview:large, max-video-preview:-1\" \/>\n<link rel=\"canonical\" href=\"https:\/\/socageraptor.com\/es\/novedades\/\" \/>\n<meta property=\"og:locale\" content=\"es_ES\" \/>\n<meta property=\"og:type\" content=\"article\" \/>\n<meta property=\"og:title\" content=\"Socage Raptor News | \u00daltimas novedades en plataformas a\u00e9reas sobre orugas.\" \/>\n<meta property=\"og:description\" content=\"Blog de noticias de \u00faltima hora de Socage. Eventos, ferias, entregas, patrocinios y mucho m\u00e1s. No te pierdas ninguna novedad en nuestro blog.\" \/>\n<meta property=\"og:url\" content=\"https:\/\/socageraptor.com\/es\/novedades\/\" \/>\n<meta property=\"og:site_name\" content=\"Socage Raptor. Piattaforme aeree ragno.\" \/>\n<meta property=\"article:modified_time\" content=\"2023-02-20T16:58:11+00:00\" \/>\n<meta name=\"twitter:card\" content=\"summary_large_image\" \/>\n<meta name=\"twitter:label1\" content=\"Tiempo de lectura\" \/>\n\t<meta name=\"twitter:data1\" content=\"5 minutos\" \/>\n<script type=\"application\/ld+json\" class=\"yoast-schema-graph\">{\"@context\":\"https:\/\/schema.org\",\"@graph\":[{\"@type\":\"WebPage\",\"@id\":\"https:\/\/socageraptor.com\/es\/novedades\/\",\"url\":\"https:\/\/socageraptor.com\/es\/novedades\/\",\"name\":\"Socage Raptor News | \u00daltimas novedades en plataformas a\u00e9reas sobre orugas.\",\"isPartOf\":{\"@id\":\"https:\/\/socageraptor.com\/es\/#website\"},\"datePublished\":\"2020-12-29T14:59:15+00:00\",\"dateModified\":\"2023-02-20T16:58:11+00:00\",\"description\":\"Blog de noticias de \u00faltima hora de Socage. Eventos, ferias, entregas, patrocinios y mucho m\u00e1s. No te pierdas ninguna novedad en nuestro blog.\",\"breadcrumb\":{\"@id\":\"https:\/\/socageraptor.com\/es\/novedades\/#breadcrumb\"},\"inLanguage\":\"es\",\"potentialAction\":[{\"@type\":\"ReadAction\",\"target\":[\"https:\/\/socageraptor.com\/es\/novedades\/\"]}]},{\"@type\":\"BreadcrumbList\",\"@id\":\"https:\/\/socageraptor.com\/es\/novedades\/#breadcrumb\",\"itemListElement\":[{\"@type\":\"ListItem\",\"position\":1,\"name\":\"Portada\",\"item\":\"https:\/\/socageraptor.com\/es\/\"},{\"@type\":\"ListItem\",\"position\":2,\"name\":\"Novedades\"}]},{\"@type\":\"WebSite\",\"@id\":\"https:\/\/socageraptor.com\/es\/#website\",\"url\":\"https:\/\/socageraptor.com\/es\/\",\"name\":\"Socage Raptor. Piattaforme aeree ragno.\",\"description\":\"Socage Raptor. Piattaforme aeree ragno.\",\"publisher\":{\"@id\":\"https:\/\/socageraptor.com\/es\/#organization\"},\"potentialAction\":[{\"@type\":\"SearchAction\",\"target\":{\"@type\":\"EntryPoint\",\"urlTemplate\":\"https:\/\/socageraptor.com\/es\/?s={search_term_string}\"},\"query-input\":\"required name=search_term_string\"}],\"inLanguage\":\"es\"},{\"@type\":\"Organization\",\"@id\":\"https:\/\/socageraptor.com\/es\/#organization\",\"name\":\"Socage Raptor\",\"url\":\"https:\/\/socageraptor.com\/es\/\",\"logo\":{\"@type\":\"ImageObject\",\"inLanguage\":\"es\",\"@id\":\"https:\/\/socageraptor.com\/es\/#\/schema\/logo\/image\/\",\"url\":\"https:\/\/socageraptor.com\/wp-content\/uploads\/2019\/07\/socage-raptor.png\",\"contentUrl\":\"https:\/\/socageraptor.com\/wp-content\/uploads\/2019\/07\/socage-raptor.png\",\"width\":5000,\"height\":880,\"caption\":\"Socage Raptor\"},\"image\":{\"@id\":\"https:\/\/socageraptor.com\/es\/#\/schema\/logo\/image\/\"}}]}<\/script>\n<!-- \/ Yoast SEO plugin. -->","yoast_head_json":{"title":"Socage Raptor News | \u00daltimas novedades en plataformas a\u00e9reas sobre orugas.","description":"Blog de noticias de \u00faltima hora de Socage. Eventos, ferias, entregas, patrocinios y mucho m\u00e1s. No te pierdas ninguna novedad en nuestro blog.","robots":{"index":"index","follow":"follow","max-snippet":"max-snippet:-1","max-image-preview":"max-image-preview:large","max-video-preview":"max-video-preview:-1"},"canonical":"https:\/\/socageraptor.com\/es\/novedades\/","og_locale":"es_ES","og_type":"article","og_title":"Socage Raptor News | \u00daltimas novedades en plataformas a\u00e9reas sobre orugas.","og_description":"Blog de noticias de \u00faltima hora de Socage. Eventos, ferias, entregas, patrocinios y mucho m\u00e1s. No te pierdas ninguna novedad en nuestro blog.","og_url":"https:\/\/socageraptor.com\/es\/novedades\/","og_site_name":"Socage Raptor. Piattaforme aeree ragno.","article_modified_time":"2023-02-20T16:58:11+00:00","twitter_card":"summary_large_image","twitter_misc":{"Tiempo de lectura":"5 minutos"},"schema":{"@context":"https:\/\/schema.org","@graph":[{"@type":"WebPage","@id":"https:\/\/socageraptor.com\/es\/novedades\/","url":"https:\/\/socageraptor.com\/es\/novedades\/","name":"Socage Raptor News | \u00daltimas novedades en plataformas a\u00e9reas sobre orugas.","isPartOf":{"@id":"https:\/\/socageraptor.com\/es\/#website"},"datePublished":"2020-12-29T14:59:15+00:00","dateModified":"2023-02-20T16:58:11+00:00","description":"Blog de noticias de \u00faltima hora de Socage. Eventos, ferias, entregas, patrocinios y mucho m\u00e1s. No te pierdas ninguna novedad en nuestro blog.","breadcrumb":{"@id":"https:\/\/socageraptor.com\/es\/novedades\/#breadcrumb"},"inLanguage":"es","potentialAction":[{"@type":"ReadAction","target":["https:\/\/socageraptor.com\/es\/novedades\/"]}]},{"@type":"BreadcrumbList","@id":"https:\/\/socageraptor.com\/es\/novedades\/#breadcrumb","itemListElement":[{"@type":"ListItem","position":1,"name":"Portada","item":"https:\/\/socageraptor.com\/es\/"},{"@type":"ListItem","position":2,"name":"Novedades"}]},{"@type":"WebSite","@id":"https:\/\/socageraptor.com\/es\/#website","url":"https:\/\/socageraptor.com\/es\/","name":"Socage Raptor. Piattaforme aeree ragno.","description":"Socage Raptor. Piattaforme aeree ragno.","publisher":{"@id":"https:\/\/socageraptor.com\/es\/#organization"},"potentialAction":[{"@type":"SearchAction","target":{"@type":"EntryPoint","urlTemplate":"https:\/\/socageraptor.com\/es\/?s={search_term_string}"},"query-input":"required name=search_term_string"}],"inLanguage":"es"},{"@type":"Organization","@id":"https:\/\/socageraptor.com\/es\/#organization","name":"Socage Raptor","url":"https:\/\/socageraptor.com\/es\/","logo":{"@type":"ImageObject","inLanguage":"es","@id":"https:\/\/socageraptor.com\/es\/#\/schema\/logo\/image\/","url":"https:\/\/socageraptor.com\/wp-content\/uploads\/2019\/07\/socage-raptor.png","contentUrl":"https:\/\/socageraptor.com\/wp-content\/uploads\/2019\/07\/socage-raptor.png","width":5000,"height":880,"caption":"Socage Raptor"},"image":{"@id":"https:\/\/socageraptor.com\/es\/#\/schema\/logo\/image\/"}}]}},"_links":{"self":[{"href":"https:\/\/socageraptor.com\/es\/wp-json\/wp\/v2\/pages\/35284","targetHints":{"allow":["GET"]}}],"collection":[{"href":"https:\/\/socageraptor.com\/es\/wp-json\/wp\/v2\/pages"}],"about":[{"href":"https:\/\/socageraptor.com\/es\/wp-json\/wp\/v2\/types\/page"}],"author":[{"embeddable":true,"href":"https:\/\/socageraptor.com\/es\/wp-json\/wp\/v2\/users\/3"}],"replies":[{"embeddable":true,"href":"https:\/\/socageraptor.com\/es\/wp-json\/wp\/v2\/comments?post=35284"}],"version-history":[{"count":2,"href":"https:\/\/socageraptor.com\/es\/wp-json\/wp\/v2\/pages\/35284\/revisions"}],"predecessor-version":[{"id":35286,"href":"https:\/\/socageraptor.com\/es\/wp-json\/wp\/v2\/pages\/35284\/revisions\/35286"}],"wp:attachment":[{"href":"https:\/\/socageraptor.com\/es\/wp-json\/wp\/v2\/media?parent=35284"}],"curies":[{"name":"wp","href":"https:\/\/api.w.org\/{rel}","templated":true}]}}